{"id":20477,"date":"2025-05-19T12:20:38","date_gmt":"2025-05-19T10:20:38","guid":{"rendered":"https:\/\/keluvo.com\/no\/produkt\/overs-ortopediske-sko-med-tykke-saler\/"},"modified":"2025-07-16T17:31:51","modified_gmt":"2025-07-16T15:31:51","slug":"overs-ortopediske-sko-med-tykke-saler","status":"publish","type":"product","link":"https:\/\/keluvo.com\/no\/produkt\/overs-ortopediske-sko-med-tykke-saler\/","title":{"rendered":"OVERS\u2122 &#8211; Ortopediske sko med tykke s\u00e5ler"},"content":{"rendered":"<h2 style=\"text-align: center;\">Tr\u00f8tte f\u00f8tter fortjener st\u00f8tte &#8211; ikke bare stil!<\/h2>\n<p style=\"text-align: center;\">Overs er for deg som nekter \u00e5 velge mellom komfort og stil. Med ortopedisk s\u00e5le og fleksibel passform gir skoene deg lettere skritt og en naturlig holdning hele dagen. Uansett om du er p\u00e5 farten eller ute og spiser middag, er de din redning mot \u00f8mme f\u00f8tter.<\/p>\n<p><img decoding=\"async\" class=\"size-full wp-image-19990 aligncenter\" src=\"https:\/\/keluvo.com\/template\/wp-content\/uploads\/sites\/5\/2025\/05\/Lilian_Lindberg_Stockholm_T1.jpg\" alt=\"\" \/><\/p>\n<h2 style=\"text-align: center;\">Utviklet for langvarig komfort hver dag.<\/h2>\n<p class=\"\" data-start=\"1730\" data-end=\"1826\">\u2713 <strong>Ortopedisk tykk s\u00e5le<\/strong>: Avlaster trykket p\u00e5 leddene og demper hvert skritt for sk\u00e5nsom st\u00f8tte.<\/p>\n<p class=\"\" data-start=\"1828\" data-end=\"1925\">\u2713 <strong>Formet etter fotens naturlige kurver<\/strong>: Ikke mer klemming, kramper eller ubehag i t\u00e6rne.<\/p>\n<p class=\"\" data-start=\"1927\" data-end=\"2016\">\u2713 <strong>Pustende og lett<\/strong>: Holder f\u00f8ttene t\u00f8rre og fri for svette &#8211; selv n\u00e5r du beveger deg.<\/p>\n<p class=\"\" data-start=\"2018\" data-end=\"2110\">\u2713 <strong>Enkel \u00e5 ta p\u00e5<\/strong>: Ingen kompliserte spenner eller hardt materiale &#8211; bare hopp i og sett i gang.<\/p>\n<p data-start=\"2018\" data-end=\"2110\"><img decoding=\"async\" class=\"alignnone size-full wp-image-19989\" src=\"https:\/\/keluvo.com\/template\/wp-content\/uploads\/sites\/5\/2025\/05\/Lilian_Lindberg_Stockholm_T2.jpg\" alt=\"\" \/><\/p>\n<h2 style=\"text-align: center;\" data-start=\"2018\" data-end=\"2110\">Hvorfor du vil elske den<\/h2>\n<p><strong>\u2714 Maksimal Fleksibilitet: <\/strong>Komfortabel passform laget av h\u00f8ykvalitetsmaterialer med b\u00e6rekraft i fokus.<\/p>\n<p><strong>\u2714 Puster og t\u00f8rker raskt: <\/strong><span style=\"font-size: 16px;\">Frisk og behagelig hele dagen.<\/span><\/p>\n<div class=\"grid__item medium-up--one-half text-center aos-init aos-animate\" data-aos=\"row-of-3\">\n<div class=\"image-wrap text-spacing loaded\"><strong><strong>\u2714 Ingen ubehagelig lukt: <\/strong><\/strong><span style=\"font-size: 16px;\">N\u00f8ytraliserer bakterier som for\u00e5rsaker kroppslukt n\u00e5r du svetter.<\/span><\/div>\n<\/div>\n<p>&nbsp;<\/p>\n","protected":false},"excerpt":{"rendered":"<p>Tr\u00f8tte f\u00f8tter fortjener st\u00f8tte &#8211; ikke bare stil! Overs er for deg som nekter \u00e5 velge mellom komfort og stil. [&hellip;]<\/p>\n","protected":false},"featured_media":20473,"comment_status":"open","ping_status":"closed","template":"","meta":{"site-sidebar-layout":"default","site-content-layout":"","ast-site-content-layout":"default","site-content-style":"default","site-sidebar-style":"default","ast-global-header-display":"","ast-banner-title-visibility":"","ast-main-header-display":"","ast-hfb-above-header-display":"","ast-hfb-below-header-display":"","ast-hfb-mobile-header-display":"","site-post-title":"","ast-breadcrumbs-content":"","ast-featured-img":"","footer-sml-layout":"","theme-transparent-header-meta":"default","adv-header-id-meta":"","stick-header-meta":"","header-above-stick-meta":"","header-main-stick-meta":"","header-below-stick-meta":"","astra-migrate-meta-layouts":"set","ast-page-background-enabled":"default","ast-page-background-meta":{"desktop":{"background-color":"var(--ast-global-color-4)","background-image":"","background-repeat":"repeat","background-position":"center center","background-size":"auto","background-attachment":"scroll","background-type":"","background-media":"","overlay-type":"","overlay-color":"","overlay-opacity":"","overlay-gradient":""},"tablet":{"background-color":"","background-image":"","background-repeat":"repeat","background-position":"center center","background-size":"auto","background-attachment":"scroll","background-type":"","background-media":"","overlay-type":"","overlay-color":"","overlay-opacity":"","overlay-gradient":""},"mobile":{"background-color":"","background-image":"","background-repeat":"repeat","background-position":"center center","background-size":"auto","background-attachment":"scroll","background-type":"","background-media":"","overlay-type":"","overlay-color":"","overlay-opacity":"","overlay-gradient":""}},"ast-content-background-meta":{"desktop":{"background-color":"var(--ast-global-color-5)","background-image":"","background-repeat":"repeat","background-position":"center center","background-size":"auto","background-attachment":"scroll","background-type":"","background-media":"","overlay-type":"","overlay-color":"","overlay-opacity":"","overlay-gradient":""},"tablet":{"background-color":"var(--ast-global-color-5)","background-image":"","background-repeat":"repeat","background-position":"center center","background-size":"auto","background-attachment":"scroll","background-type":"","background-media":"","overlay-type":"","overlay-color":"","overlay-opacity":"","overlay-gradient":""},"mobile":{"background-color":"var(--ast-global-color-5)","background-image":"","background-repeat":"repeat","background-position":"center center","background-size":"auto","background-attachment":"scroll","background-type":"","background-media":"","overlay-type":"","overlay-color":"","overlay-opacity":"","overlay-gradient":""}}},"product_brand":[],"product_cat":[993],"product_tag":[],"class_list":{"0":"post-20477","1":"product","2":"type-product","3":"status-publish","4":"has-post-thumbnail","6":"product_cat-skotoy-tilbehor","7":"pa_48110_cwkr4io2-4014","8":"pa_48110_cwkr4io2-4015","9":"pa_48110_cwkr4io2-4016","10":"pa_48110_cwkr4io2-4017","11":"pa_48110_cwkr4io2-4018","12":"pa_48110_cwkr4io2-4019","13":"pa_48110_cwkr4io2-4020","14":"pa_48110_cwkr4io2-4021","15":"desktop-align-left","16":"tablet-align-left","17":"mobile-align-left","19":"first","20":"instock","21":"shipping-taxable","22":"purchasable","23":"product-type-variable"},"_links":{"self":[{"href":"https:\/\/keluvo.com\/no\/wp-json\/wp\/v2\/product\/20477","targetHints":{"allow":["GET"]}}],"collection":[{"href":"https:\/\/keluvo.com\/no\/wp-json\/wp\/v2\/product"}],"about":[{"href":"https:\/\/keluvo.com\/no\/wp-json\/wp\/v2\/types\/product"}],"replies":[{"embeddable":true,"href":"https:\/\/keluvo.com\/no\/wp-json\/wp\/v2\/comments?post=20477"}],"wp:featuredmedia":[{"embeddable":true,"href":"https:\/\/keluvo.com\/no\/wp-json\/wp\/v2\/media\/20473"}],"wp:attachment":[{"href":"https:\/\/keluvo.com\/no\/wp-json\/wp\/v2\/media?parent=20477"}],"wp:term":[{"taxonomy":"product_brand","embeddable":true,"href":"https:\/\/keluvo.com\/no\/wp-json\/wp\/v2\/product_brand?post=20477"},{"taxonomy":"product_cat","embeddable":true,"href":"https:\/\/keluvo.com\/no\/wp-json\/wp\/v2\/product_cat?post=20477"},{"taxonomy":"product_tag","embeddable":true,"href":"https:\/\/keluvo.com\/no\/wp-json\/wp\/v2\/product_tag?post=20477"}],"curies":[{"name":"wp","href":"https:\/\/api.w.org\/{rel}","templated":true}]}}