{"id":20458,"date":"2025-05-19T11:35:00","date_gmt":"2025-05-19T09:35:00","guid":{"rendered":"https:\/\/keluvo.com\/no\/produkt\/blomstret-kjole\/"},"modified":"2025-05-19T11:35:09","modified_gmt":"2025-05-19T09:35:09","slug":"blomstret-kjole","status":"publish","type":"product","link":"https:\/\/keluvo.com\/no\/produkt\/blomstret-kjole\/","title":{"rendered":"Blomstret kjole"},"content":{"rendered":"<div class=\"description\" style=\"text-align: center\">Den florale jacquardkjolen med puffermer i organza og belte med knapper er et statement-plagg som utstr\u00e5ler vintage-sjarm. Kjolen har et delikat, blomstrete jacquardstoff og puffermer som gir en finurlig, feminin f\u00f8lelse. Den knappede fronten og den selvknyttede sl\u00f8yfeknuten i midjen gir struktur, mens den generelle designen utstr\u00e5ler leken eleganse, noe som gj\u00f8r denne kjolen til et ideelt valg for spesielle anledninger eller stilige dagskl\u00e6r.<\/div>\n<div><img decoding=\"async\" class=\"size-full wp-image-19969 aligncenter\" src=\"https:\/\/keluvo.com\/template\/wp-content\/uploads\/sites\/5\/2025\/05\/250313cc.63.jpg\" alt=\"\" \/><\/div>\n<h2 style=\"text-align: center\">Produktspesifikasjoner<\/h2>\n<div><\/div>\n<ul class=\"detail\">\n<li>Preget blomsterjacquard<\/li>\n<li>Puff\u00e6rmer<\/li>\n<li>Elastikk i mansjettene<\/li>\n<li>F\u00f8lgeskjerf med beltebelter<\/li>\n<li>Beltehemper<\/li>\n<li>Knappelukking<\/li>\n<li>F\u00f4ret overdel<\/li>\n<li>100% polyester<\/li>\n<li>H\u00e5ndvaskes kaldt<\/li>\n<\/ul>\n<h2 style=\"text-align: center\">St\u00f8rrelsestabell (cm)<\/h2>\n<p><img decoding=\"async\" class=\"size-full wp-image-19968 aligncenter\" src=\"https:\/\/keluvo.com\/template\/wp-content\/uploads\/sites\/5\/2025\/05\/floral-dress-chart.jpg\" alt=\"\" \/><\/p>\n<p style=\"text-align: center\">* V\u00e5r modell er 176 cm h\u00f8y, veier 60 kg og bruker st\u00f8rrelse XS<\/p>\n<h2 style=\"text-align: center\">St\u00f8rrelseskonvertering<\/h2>\n<p><img decoding=\"async\" class=\"alignnone size-full wp-image-19976 aligncenter\" src=\"https:\/\/keluvo.com\/template\/wp-content\/uploads\/sites\/5\/2025\/05\/international-size.png\" alt=\"\" \/><\/p>\n<p><img decoding=\"async\" class=\"size-full wp-image-19971 aligncenter\" src=\"https:\/\/keluvo.com\/template\/wp-content\/uploads\/sites\/5\/2025\/05\/250313cc.62.jpg\" alt=\"\" \/><\/p>\n","protected":false},"excerpt":{"rendered":"<p>Den florale jacquardkjolen med puffermer i organza og belte med knapper er et statement-plagg som utstr\u00e5ler vintage-sjarm. Kjolen har et [&hellip;]<\/p>\n","protected":false},"featured_media":20454,"comment_status":"open","ping_status":"closed","template":"","meta":{"site-sidebar-layout":"default","site-content-layout":"","ast-site-content-layout":"default","site-content-style":"default","site-sidebar-style":"default","ast-global-header-display":"","ast-banner-title-visibility":"","ast-main-header-display":"","ast-hfb-above-header-display":"","ast-hfb-below-header-display":"","ast-hfb-mobile-header-display":"","site-post-title":"","ast-breadcrumbs-content":"","ast-featured-img":"","footer-sml-layout":"","theme-transparent-header-meta":"default","adv-header-id-meta":"","stick-header-meta":"","header-above-stick-meta":"","header-main-stick-meta":"","header-below-stick-meta":"","astra-migrate-meta-layouts":"set","ast-page-background-enabled":"default","ast-page-background-meta":{"desktop":{"background-color":"var(--ast-global-color-4)","background-image":"","background-repeat":"repeat","background-position":"center center","background-size":"auto","background-attachment":"scroll","background-type":"","background-media":"","overlay-type":"","overlay-color":"","overlay-opacity":"","overlay-gradient":""},"tablet":{"background-color":"","background-image":"","background-repeat":"repeat","background-position":"center center","background-size":"auto","background-attachment":"scroll","background-type":"","background-media":"","overlay-type":"","overlay-color":"","overlay-opacity":"","overlay-gradient":""},"mobile":{"background-color":"","background-image":"","background-repeat":"repeat","background-position":"center center","background-size":"auto","background-attachment":"scroll","background-type":"","background-media":"","overlay-type":"","overlay-color":"","overlay-opacity":"","overlay-gradient":""}},"ast-content-background-meta":{"desktop":{"background-color":"var(--ast-global-color-5)","background-image":"","background-repeat":"repeat","background-position":"center center","background-size":"auto","background-attachment":"scroll","background-type":"","background-media":"","overlay-type":"","overlay-color":"","overlay-opacity":"","overlay-gradient":""},"tablet":{"background-color":"var(--ast-global-color-5)","background-image":"","background-repeat":"repeat","background-position":"center center","background-size":"auto","background-attachment":"scroll","background-type":"","background-media":"","overlay-type":"","overlay-color":"","overlay-opacity":"","overlay-gradient":""},"mobile":{"background-color":"var(--ast-global-color-5)","background-image":"","background-repeat":"repeat","background-position":"center center","background-size":"auto","background-attachment":"scroll","background-type":"","background-media":"","overlay-type":"","overlay-color":"","overlay-opacity":"","overlay-gradient":""}}},"product_brand":[],"product_cat":[15],"product_tag":[],"class_list":{"0":"post-20458","1":"product","2":"type-product","3":"status-publish","4":"has-post-thumbnail","6":"product_cat-uncategorized","7":"pa_48109_6x3713ue-xs","8":"pa_48109_6x3713ue-s","9":"pa_48109_6x3713ue-m","10":"pa_48109_6x3713ue-l","11":"pa_48109_6x3713ue-xl","12":"desktop-align-left","13":"tablet-align-left","14":"mobile-align-left","16":"first","17":"instock","18":"shipping-taxable","19":"purchasable","20":"product-type-variable"},"_links":{"self":[{"href":"https:\/\/keluvo.com\/no\/wp-json\/wp\/v2\/product\/20458","targetHints":{"allow":["GET"]}}],"collection":[{"href":"https:\/\/keluvo.com\/no\/wp-json\/wp\/v2\/product"}],"about":[{"href":"https:\/\/keluvo.com\/no\/wp-json\/wp\/v2\/types\/product"}],"replies":[{"embeddable":true,"href":"https:\/\/keluvo.com\/no\/wp-json\/wp\/v2\/comments?post=20458"}],"wp:featuredmedia":[{"embeddable":true,"href":"https:\/\/keluvo.com\/no\/wp-json\/wp\/v2\/media\/20454"}],"wp:attachment":[{"href":"https:\/\/keluvo.com\/no\/wp-json\/wp\/v2\/media?parent=20458"}],"wp:term":[{"taxonomy":"product_brand","embeddable":true,"href":"https:\/\/keluvo.com\/no\/wp-json\/wp\/v2\/product_brand?post=20458"},{"taxonomy":"product_cat","embeddable":true,"href":"https:\/\/keluvo.com\/no\/wp-json\/wp\/v2\/product_cat?post=20458"},{"taxonomy":"product_tag","embeddable":true,"href":"https:\/\/keluvo.com\/no\/wp-json\/wp\/v2\/product_tag?post=20458"}],"curies":[{"name":"wp","href":"https:\/\/api.w.org\/{rel}","templated":true}]}}