{"id":20408,"date":"2025-05-19T10:35:10","date_gmt":"2025-05-19T08:35:10","guid":{"rendered":"https:\/\/keluvo.com\/no\/produkt\/uformell-kjole-med-rund-halsutringning\/"},"modified":"2025-07-16T17:29:49","modified_gmt":"2025-07-16T15:29:49","slug":"uformell-kjole-med-rund-halsutringning","status":"publish","type":"product","link":"https:\/\/keluvo.com\/no\/produkt\/uformell-kjole-med-rund-halsutringning\/","title":{"rendered":"Uformell kjole med rund halsutringning"},"content":{"rendered":"<p style=\"text-align: center\"><strong>\ud83d\udc57 Ensfarget og plissert kjole med rund hals! \ud83e\udd7b<\/strong><\/p>\n<p><img decoding=\"async\" class=\"alignnone size-full wp-image-19922 aligncenter\" src=\"https:\/\/keluvo.com\/template\/wp-content\/uploads\/sites\/5\/2025\/05\/5e5ab2a2afb01f2e85c1f98c3372eb8e_560x.webp\" alt=\"\" \/><\/p>\n<h2 style=\"text-align: center\"><span style=\"color: #000000\">Spesifikasjoner<\/span><\/h2>\n<ul>\n<li><strong>Stil<\/strong>: Uformell<\/li>\n<li><strong>Materiale<\/strong>: Bomullsblandinger<\/li>\n<li><strong>Kjole type<\/strong>: A-linje<\/li>\n<li><strong>Kjolelengde<\/strong>: Knelengde<\/li>\n<li><strong>Uthalsringning<\/strong>: Rund hals<\/li>\n<li><strong>M\u00f8nster type<\/strong>: Ensfarget<\/li>\n<li><strong>Ermetype<\/strong>: Vanlig erme<\/li>\n<li><strong>Ermelengde<\/strong>: Korte ermer<\/li>\n<li><strong>Passform<\/strong>: Vanlig<\/li>\n<li><strong>Sesong<\/strong>: Sommer<\/li>\n<li><strong>Occasion<\/strong>: Daglig<\/li>\n<li><strong>Pakken inkluderer<\/strong>: 1 x kjole<\/li>\n<\/ul>\n<p><img decoding=\"async\" class=\"alignnone size-full wp-image-19921 aligncenter\" src=\"https:\/\/keluvo.com\/template\/wp-content\/uploads\/sites\/5\/2025\/05\/111_7b160e63-233e-4ee4-b564-eab70e621be4_560x.webp\" alt=\"\" \/><\/p>\n<h2 style=\"text-align: center\">St\u00f8rrelsestabell (cm)<\/h2>\n<p><img fetchpriority=\"high\" decoding=\"async\" class=\"size-full wp-image-19929 aligncenter\" src=\"https:\/\/keluvo.com\/template\/wp-content\/uploads\/sites\/5\/2025\/05\/size-chart.png\" alt=\"\" width=\"622\" height=\"282\" \/><\/p>\n<h2><span style=\"color: #000000\">Merknad<\/span><\/h2>\n<ul>\n<li>Vennligst f\u00f8lg strengt st\u00f8rrelsestabellen for \u00e5 velge st\u00f8rrelse. Ikke velg direkte basert p\u00e5 dine vaner.<\/li>\n<li>St\u00f8rrelsen kan ha 1-3 cm forskjeller p\u00e5 grunn av manuell m\u00e5ling. V\u00e6r oppmerksom p\u00e5 n\u00e5r du m\u00e5ler.<\/li>\n<li>P\u00e5 grunn av forskjellige skjerm- og lyseffekter kan den faktiske fargen p\u00e5 varen v\u00e6re litt forskjellig fra fargen som vises p\u00e5 bildene.<\/li>\n<\/ul>\n","protected":false},"excerpt":{"rendered":"<p>\ud83d\udc57 Ensfarget og plissert kjole med rund hals! \ud83e\udd7b Spesifikasjoner Stil: Uformell Materiale: Bomullsblandinger Kjole type: A-linje Kjolelengde: Knelengde Uthalsringning: [&hellip;]<\/p>\n","protected":false},"featured_media":20404,"comment_status":"open","ping_status":"closed","template":"","meta":{"site-sidebar-layout":"default","site-content-layout":"","ast-site-content-layout":"default","site-content-style":"default","site-sidebar-style":"default","ast-global-header-display":"","ast-banner-title-visibility":"","ast-main-header-display":"","ast-hfb-above-header-display":"","ast-hfb-below-header-display":"","ast-hfb-mobile-header-display":"","site-post-title":"","ast-breadcrumbs-content":"","ast-featured-img":"","footer-sml-layout":"","theme-transparent-header-meta":"default","adv-header-id-meta":"","stick-header-meta":"","header-above-stick-meta":"","header-main-stick-meta":"","header-below-stick-meta":"","astra-migrate-meta-layouts":"set","ast-page-background-enabled":"default","ast-page-background-meta":{"desktop":{"background-color":"var(--ast-global-color-4)","background-image":"","background-repeat":"repeat","background-position":"center center","background-size":"auto","background-attachment":"scroll","background-type":"","background-media":"","overlay-type":"","overlay-color":"","overlay-opacity":"","overlay-gradient":""},"tablet":{"background-color":"","background-image":"","background-repeat":"repeat","background-position":"center center","background-size":"auto","background-attachment":"scroll","background-type":"","background-media":"","overlay-type":"","overlay-color":"","overlay-opacity":"","overlay-gradient":""},"mobile":{"background-color":"","background-image":"","background-repeat":"repeat","background-position":"center center","background-size":"auto","background-attachment":"scroll","background-type":"","background-media":"","overlay-type":"","overlay-color":"","overlay-opacity":"","overlay-gradient":""}},"ast-content-background-meta":{"desktop":{"background-color":"var(--ast-global-color-5)","background-image":"","background-repeat":"repeat","background-position":"center center","background-size":"auto","background-attachment":"scroll","background-type":"","background-media":"","overlay-type":"","overlay-color":"","overlay-opacity":"","overlay-gradient":""},"tablet":{"background-color":"var(--ast-global-color-5)","background-image":"","background-repeat":"repeat","background-position":"center center","background-size":"auto","background-attachment":"scroll","background-type":"","background-media":"","overlay-type":"","overlay-color":"","overlay-opacity":"","overlay-gradient":""},"mobile":{"background-color":"var(--ast-global-color-5)","background-image":"","background-repeat":"repeat","background-position":"center center","background-size":"auto","background-attachment":"scroll","background-type":"","background-media":"","overlay-type":"","overlay-color":"","overlay-opacity":"","overlay-gradient":""}}},"product_brand":[],"product_cat":[994],"product_tag":[],"class_list":{"0":"post-20408","1":"product","2":"type-product","3":"status-publish","4":"has-post-thumbnail","6":"product_cat-klaer-til-kvinner","7":"pa_48108_29k262g7-bla","8":"pa_48108_29k262g7-brun","9":"pa_48108_29k262g7-svart","10":"pa_48108_e3lhkx5w-eu36-s","11":"pa_48108_e3lhkx5w-eu38-m","12":"pa_48108_e3lhkx5w-eu40-42-l","13":"pa_48108_e3lhkx5w-eu44-xl","14":"pa_48108_e3lhkx5w-eu46-2xl","15":"pa_48108_e3lhkx5w-eu48-3xl","16":"desktop-align-left","17":"tablet-align-left","18":"mobile-align-left","20":"first","21":"instock","22":"shipping-taxable","23":"purchasable","24":"product-type-variable","25":"has-default-attributes"},"_links":{"self":[{"href":"https:\/\/keluvo.com\/no\/wp-json\/wp\/v2\/product\/20408","targetHints":{"allow":["GET"]}}],"collection":[{"href":"https:\/\/keluvo.com\/no\/wp-json\/wp\/v2\/product"}],"about":[{"href":"https:\/\/keluvo.com\/no\/wp-json\/wp\/v2\/types\/product"}],"replies":[{"embeddable":true,"href":"https:\/\/keluvo.com\/no\/wp-json\/wp\/v2\/comments?post=20408"}],"wp:featuredmedia":[{"embeddable":true,"href":"https:\/\/keluvo.com\/no\/wp-json\/wp\/v2\/media\/20404"}],"wp:attachment":[{"href":"https:\/\/keluvo.com\/no\/wp-json\/wp\/v2\/media?parent=20408"}],"wp:term":[{"taxonomy":"product_brand","embeddable":true,"href":"https:\/\/keluvo.com\/no\/wp-json\/wp\/v2\/product_brand?post=20408"},{"taxonomy":"product_cat","embeddable":true,"href":"https:\/\/keluvo.com\/no\/wp-json\/wp\/v2\/product_cat?post=20408"},{"taxonomy":"product_tag","embeddable":true,"href":"https:\/\/keluvo.com\/no\/wp-json\/wp\/v2\/product_tag?post=20408"}],"curies":[{"name":"wp","href":"https:\/\/api.w.org\/{rel}","templated":true}]}}