{"id":20050,"date":"2025-05-15T13:30:04","date_gmt":"2025-05-15T11:30:04","guid":{"rendered":"https:\/\/keluvo.com\/no\/produkt\/skjaerebrett\/"},"modified":"2025-05-15T13:30:13","modified_gmt":"2025-05-15T11:30:13","slug":"skjaerebrett","status":"publish","type":"product","link":"https:\/\/keluvo.com\/no\/produkt\/skjaerebrett\/","title":{"rendered":"Skj\u00e6rebrett"},"content":{"rendered":"<p style=\"text-align: center\"><strong>\ud83d\udd2aHakk smartere med fargekodede, fleksible skj\u00e6rebrett!\ud83c\udf45<\/strong><\/p>\n<p style=\"text-align: center\"><span style=\"font-weight: 400\">Disse BPA-frie skj\u00e6rebrettene i plast bidrar til \u00e5 holde kj\u00f8kkenet trygt og organisert ved \u00e5 bruke matikoner for \u00e5 forhindre krysskontaminering. Hvert brett er merket for biff, kylling, sj\u00f8mat eller gr\u00f8nnsaker\/frukt, slik at du alltid bruker riktig overflate. De er fleksible, enkle \u00e5 rengj\u00f8re og perfekte til \u00e5 plassere p\u00e5 skj\u00e6rebrett av tre, og de beskytter kj\u00f8kkenredskapene dine og forenkler opprydding. Ideell for daglig matlaging, tilberedning av m\u00e5ltider og rene kj\u00f8kkenvaner.<\/span><\/p>\n<p><img decoding=\"async\" class=\"size-full wp-image-19252 aligncenter\" src=\"https:\/\/keluvo.com\/template\/wp-content\/uploads\/sites\/5\/2025\/05\/8c46bbf2-1d3f-4823-9708-f7be6011f0c0.webp\" alt=\"\" \/><\/p>\n<h2 style=\"text-align: center\">\ud83c\udf1f Hovedfordeler<\/h2>\n<p><span style=\"font-weight: 400\">\ud83c\udf57 <\/span><b>Forhindrer krysskontaminering<\/b><span style=\"font-weight: 400\"> \u2013 Matvareikoner viser hvilket brett du skal bruke til kj\u00f8tt, sj\u00f8mat eller gr\u00f8nnsaker.<\/span><\/p>\n<p><span style=\"font-weight: 400\">\ud83e\uddfc <\/span><b>Enkel \u00e5 rengj\u00f8re<\/b><span style=\"font-weight: 400\"> \u2013 t\u00e5ler oppvaskmaskin og er rask \u00e5 skylle.<\/span><\/p>\n<p><span style=\"font-weight: 400\">\ud83d\udd04 <\/span><b>Fleksibel og lett<\/b><span style=\"font-weight: 400\"> \u2013 Lett \u00e5 b\u00f8ye, helle og oppbevare.<\/span><\/p>\n<p><span style=\"font-weight: 400\">\ud83c\udf3f <\/span><b>BPA-fri og trygg<\/b><span style=\"font-weight: 400\"> \u2013 Laget av matsikker plast.<\/span><\/p>\n<p><span style=\"font-weight: 400\">\ud83e\udeb5 <\/span><b>Beskytter treplater<\/b><span style=\"font-weight: 400\"> \u2013 Holder treoverflater t\u00f8rre og rene for lengre bruk.<\/span><\/p>\n<p><img decoding=\"async\" class=\"size-full wp-image-19253 aligncenter\" src=\"https:\/\/keluvo.com\/template\/wp-content\/uploads\/sites\/5\/2025\/05\/1587f21b-5509-47f7-9b2e-3cf367fa8b64.webp\" alt=\"\" \/><\/p>\n<h2 style=\"text-align: center\">\ud83d\udee0\ufe0f Slik bruker du det<\/h2>\n<ol>\n<li style=\"font-weight: 400\"><span style=\"font-weight: 400\">Velg platen med riktig matikon (f.eks, biff, kylling, sj\u00f8mat eller gr\u00f8nnsaker).<\/span><span style=\"font-weight: 400\"><br \/>\n<\/span><\/li>\n<li style=\"font-weight: 400\"><span style=\"font-weight: 400\">legg det p\u00e5 skj\u00e6rebrettet eller en flat overflate.<\/span><span style=\"font-weight: 400\"><br \/>\n<\/span><\/li>\n<li style=\"font-weight: 400\"><span style=\"font-weight: 400\">skj\u00e6r ingrediensene direkte p\u00e5 brettet.<\/span><\/li>\n<li style=\"font-weight: 400\"><span style=\"font-weight: 400\">skyll eller legg i oppvaskmaskinen for rengj\u00f8ring etter bruk.<\/span><\/li>\n<li style=\"font-weight: 400\">oppbevares flatt eller sammenrullet for enkelhets skyld.<\/li>\n<\/ol>\n<h2 style=\"text-align: center\">\ud83d\udccf Produktdetaljer<\/h2>\n<ul>\n<li style=\"font-weight: 400\"><span style=\"font-weight: 400\">Materiale: BPA-fri plast<\/span><span style=\"font-weight: 400\"><br \/>\n<\/span><\/li>\n<li style=\"font-weight: 400\"><span style=\"font-weight: 400\">Design: Illustrerte matikoner (biff, kylling, sj\u00f8mat, gr\u00f8nnsaker\/frukt)<\/span><span style=\"font-weight: 400\"><br \/>\n<\/span><\/li>\n<li style=\"font-weight: 400\"><span style=\"font-weight: 400\">Funksjoner: Fleksibel, oppvaskmaskinsikker, plassbesparende<\/span><span style=\"font-weight: 400\"><br \/>\n<\/span><\/li>\n<li style=\"font-weight: 400\"><span style=\"font-weight: 400\">Bruk: Matpreparering, kj\u00f8kkenhygiene, beskyttelse av skj\u00e6rebrett<\/span><span style=\"font-weight: 400\"><br \/>\n<\/span><\/li>\n<\/ul>\n<h2 style=\"text-align: center\">\ud83d\udce6 Pakken inkluderer<\/h2>\n<ul>\n<li style=\"font-weight: 400\"><span style=\"font-weight: 400\">1 x skj\u00e6rebrett.<\/span><\/li>\n<\/ul>\n","protected":false},"excerpt":{"rendered":"<p>\ud83d\udd2aHakk smartere med fargekodede, fleksible skj\u00e6rebrett!\ud83c\udf45 Disse BPA-frie skj\u00e6rebrettene i plast bidrar til \u00e5 holde kj\u00f8kkenet trygt og organisert ved [&hellip;]<\/p>\n","protected":false},"featured_media":20046,"comment_status":"open","ping_status":"closed","template":"","meta":{"site-sidebar-layout":"default","site-content-layout":"","ast-site-content-layout":"default","site-content-style":"default","site-sidebar-style":"default","ast-global-header-display":"","ast-banner-title-visibility":"","ast-main-header-display":"","ast-hfb-above-header-display":"","ast-hfb-below-header-display":"","ast-hfb-mobile-header-display":"","site-post-title":"","ast-breadcrumbs-content":"","ast-featured-img":"","footer-sml-layout":"","theme-transparent-header-meta":"default","adv-header-id-meta":"","stick-header-meta":"","header-above-stick-meta":"","header-main-stick-meta":"","header-below-stick-meta":"","astra-migrate-meta-layouts":"set","ast-page-background-enabled":"default","ast-page-background-meta":{"desktop":{"background-color":"var(--ast-global-color-4)","background-image":"","background-repeat":"repeat","background-position":"center center","background-size":"auto","background-attachment":"scroll","background-type":"","background-media":"","overlay-type":"","overlay-color":"","overlay-opacity":"","overlay-gradient":""},"tablet":{"background-color":"","background-image":"","background-repeat":"repeat","background-position":"center center","background-size":"auto","background-attachment":"scroll","background-type":"","background-media":"","overlay-type":"","overlay-color":"","overlay-opacity":"","overlay-gradient":""},"mobile":{"background-color":"","background-image":"","background-repeat":"repeat","background-position":"center center","background-size":"auto","background-attachment":"scroll","background-type":"","background-media":"","overlay-type":"","overlay-color":"","overlay-opacity":"","overlay-gradient":""}},"ast-content-background-meta":{"desktop":{"background-color":"var(--ast-global-color-5)","background-image":"","background-repeat":"repeat","background-position":"center center","background-size":"auto","background-attachment":"scroll","background-type":"","background-media":"","overlay-type":"","overlay-color":"","overlay-opacity":"","overlay-gradient":""},"tablet":{"background-color":"var(--ast-global-color-5)","background-image":"","background-repeat":"repeat","background-position":"center center","background-size":"auto","background-attachment":"scroll","background-type":"","background-media":"","overlay-type":"","overlay-color":"","overlay-opacity":"","overlay-gradient":""},"mobile":{"background-color":"var(--ast-global-color-5)","background-image":"","background-repeat":"repeat","background-position":"center center","background-size":"auto","background-attachment":"scroll","background-type":"","background-media":"","overlay-type":"","overlay-color":"","overlay-opacity":"","overlay-gradient":""}}},"product_brand":[],"product_cat":[1001],"product_tag":[],"class_list":{"0":"post-20050","1":"product","2":"type-product","3":"status-publish","4":"has-post-thumbnail","6":"product_cat-husholdningsartikler","7":"pa_44598_k6hwp4qh-gronn","8":"pa_44598_k6hwp4qh-gul","9":"pa_44598_k6hwp4qh-himmelbla","10":"pa_44598_k6hwp4qh-lilla","11":"pa_44598_k6hwp4qh-rod","12":"desktop-align-left","13":"tablet-align-left","14":"mobile-align-left","16":"first","17":"instock","18":"shipping-taxable","19":"purchasable","20":"product-type-variable"},"_links":{"self":[{"href":"https:\/\/keluvo.com\/no\/wp-json\/wp\/v2\/product\/20050","targetHints":{"allow":["GET"]}}],"collection":[{"href":"https:\/\/keluvo.com\/no\/wp-json\/wp\/v2\/product"}],"about":[{"href":"https:\/\/keluvo.com\/no\/wp-json\/wp\/v2\/types\/product"}],"replies":[{"embeddable":true,"href":"https:\/\/keluvo.com\/no\/wp-json\/wp\/v2\/comments?post=20050"}],"wp:featuredmedia":[{"embeddable":true,"href":"https:\/\/keluvo.com\/no\/wp-json\/wp\/v2\/media\/20046"}],"wp:attachment":[{"href":"https:\/\/keluvo.com\/no\/wp-json\/wp\/v2\/media?parent=20050"}],"wp:term":[{"taxonomy":"product_brand","embeddable":true,"href":"https:\/\/keluvo.com\/no\/wp-json\/wp\/v2\/product_brand?post=20050"},{"taxonomy":"product_cat","embeddable":true,"href":"https:\/\/keluvo.com\/no\/wp-json\/wp\/v2\/product_cat?post=20050"},{"taxonomy":"product_tag","embeddable":true,"href":"https:\/\/keluvo.com\/no\/wp-json\/wp\/v2\/product_tag?post=20050"}],"curies":[{"name":"wp","href":"https:\/\/api.w.org\/{rel}","templated":true}]}}