{"id":20045,"date":"2025-05-15T13:29:14","date_gmt":"2025-05-15T11:29:14","guid":{"rendered":"https:\/\/keluvo.com\/no\/produkt\/tannfasetter\/"},"modified":"2025-05-15T13:29:14","modified_gmt":"2025-05-15T11:29:14","slug":"tannfasetter","status":"publish","type":"product","link":"https:\/\/keluvo.com\/no\/produkt\/tannfasetter\/","title":{"rendered":"Tannfasetter"},"content":{"rendered":"<p style=\"text-align: center\"><strong>\ud83e\uddb7Forbedre smilet ditt \u00f8yeblikkelig med komfortable snap-on-finer!<span style=\"font-weight: 400\">\ud83d\ude01<\/span><\/strong><\/p>\n<p style=\"text-align: center\"><span style=\"font-weight: 400\">Disse justerbare snap-on-protesene er den raske og enkle m\u00e5ten \u00e5 f\u00e5 et selvsikkert smil p\u00e5. De er perfekte for \u00e5 dekke hull, misfarging eller manglende tenner, og de sitter sikkert og ser naturlige ut &#8211; uten dyre tannlegebes\u00f8k. De er laget av slitesterk resin av h\u00f8y kvalitet, motst\u00e5r flekker og holder seg komfortable hele dagen. Enten det er for sosiale arrangementer, arbeid eller bilder, hjelper disse fin\u00e9rene deg med \u00e5 smile mer fritt og selvsikkert.<\/span><\/p>\n<p><img decoding=\"async\" class=\"size-full wp-image-19267 aligncenter\" src=\"https:\/\/keluvo.com\/template\/wp-content\/uploads\/sites\/5\/2025\/05\/tetth-ezgif.com-video-to-webp-converter.webp\" alt=\"\" \/><\/p>\n<h2 style=\"text-align: center\">\ud83c\udf1f Hovedfordeler<\/h2>\n<p><span style=\"font-weight: 400\">\ud83d\ude01 <\/span><b>\u00d8yeblikkelig smiloppgradering<\/b><span style=\"font-weight: 400\"> \u2013 Dekker feil og forbedrer utseendet med en gang.<\/span><\/p>\n<p><span style=\"font-weight: 400\">\ud83e\udde9 <\/span><b>Justerbar passform<\/b><span style=\"font-weight: 400\"> \u2013 Fleksibel design former seg etter din unike tannform.<\/span><\/p>\n<p><span style=\"font-weight: 400\">\ud83d\udcaa <\/span><b>Slitesterk og flekkbestandig<\/b><span style=\"font-weight: 400\"> \u2013 Laget av sterk harpiks som varer.<\/span><\/p>\n<p><span style=\"font-weight: 400\">\ud83d\udcbc <\/span><b>B\u00e6rbar og hygienisk<\/b><span style=\"font-weight: 400\"> \u2013 Leveres med et etui for enkel oppbevaring og rengj\u00f8ring.<\/span><\/p>\n<p><span style=\"font-weight: 400\">\ud83c\udf89 <\/span><b>Selvtillitsbooster<\/b><span style=\"font-weight: 400\"> \u2013 Ideell for daglig bruk, arrangementer og sosiale situasjoner.<\/span><\/p>\n<p><img decoding=\"async\" class=\"size-full wp-image-19270 aligncenter\" src=\"https:\/\/keluvo.com\/template\/wp-content\/uploads\/sites\/5\/2025\/05\/6f4b21b7-a295-4c2d-a191-d816bbf77a57.webp\" alt=\"\" \/><\/p>\n<h2 style=\"text-align: center\">\ud83d\udee0\ufe0f Slik bruker du<\/h2>\n<ol>\n<li style=\"font-weight: 400\"><span style=\"font-weight: 400\">Dypp protesene i varmt (nesten kokende) vann i 1 minutt.<\/span><span style=\"font-weight: 400\"><br \/>\n<\/span><\/li>\n<li style=\"font-weight: 400\"><span style=\"font-weight: 400\">Bruk et speil for \u00e5 passe protesene over tennene dine og trykk forsiktig p\u00e5 plass.<\/span><span style=\"font-weight: 400\"><br \/>\n<\/span><\/li>\n<li style=\"font-weight: 400\"><span style=\"font-weight: 400\">Form bakmaterialet bak de ekte tennene dine med tommelen.<\/span><span style=\"font-weight: 400\"><br \/>\n<\/span><\/li>\n<li style=\"font-weight: 400\"><span style=\"font-weight: 400\">Etter 30 sekunder, fjern og avkj\u00f8l i kaldt vann til materialet stivner.<\/span><\/li>\n<\/ol>\n<h2 style=\"text-align: center\">\ud83d\udccf Produktdetaljer<\/h2>\n<ul>\n<li style=\"font-weight: 400\"><span style=\"font-weight: 400\">Materiale: Harpiks av h\u00f8y kvalitet<\/span><span style=\"font-weight: 400\"><br \/>\n<\/span><\/li>\n<li style=\"font-weight: 400\"><span style=\"font-weight: 400\">Vekt: Ca. 50g<\/span><span style=\"font-weight: 400\"><br \/>\n<\/span><\/li>\n<li style=\"font-weight: 400\"><span style=\"font-weight: 400\">Passform: Kan tilpasses til tannst\u00f8rrelse og form<\/span><\/li>\n<li style=\"font-weight: 400\"><span style=\"font-weight: 400\">Bruk: Midlertidig kosmetisk forbedring av tennene<\/span><\/li>\n<\/ul>\n<h2 style=\"text-align: center\">\ud83d\udce6 Pakken inneholder<\/h2>\n<ul>\n<li style=\"font-weight: 400\"><span style=\"font-weight: 400\">1 par tannfiner<\/span><span style=\"font-weight: 400\"><br \/>\n<\/span><\/li>\n<li style=\"font-weight: 400\"><span style=\"font-weight: 400\">1 x oppbevaringsetui.<\/span><\/li>\n<\/ul>\n","protected":false},"excerpt":{"rendered":"<p>\ud83e\uddb7Forbedre smilet ditt \u00f8yeblikkelig med komfortable snap-on-finer!\ud83d\ude01 Disse justerbare snap-on-protesene er den raske og enkle m\u00e5ten \u00e5 f\u00e5 et selvsikkert [&hellip;]<\/p>\n","protected":false},"featured_media":20041,"comment_status":"open","ping_status":"closed","template":"","meta":{"site-sidebar-layout":"default","site-content-layout":"","ast-site-content-layout":"default","site-content-style":"default","site-sidebar-style":"default","ast-global-header-display":"","ast-banner-title-visibility":"","ast-main-header-display":"","ast-hfb-above-header-display":"","ast-hfb-below-header-display":"","ast-hfb-mobile-header-display":"","site-post-title":"","ast-breadcrumbs-content":"","ast-featured-img":"","footer-sml-layout":"","theme-transparent-header-meta":"default","adv-header-id-meta":"","stick-header-meta":"","header-above-stick-meta":"","header-main-stick-meta":"","header-below-stick-meta":"","astra-migrate-meta-layouts":"set","ast-page-background-enabled":"default","ast-page-background-meta":{"desktop":{"background-color":"var(--ast-global-color-4)","background-image":"","background-repeat":"repeat","background-position":"center center","background-size":"auto","background-attachment":"scroll","background-type":"","background-media":"","overlay-type":"","overlay-color":"","overlay-opacity":"","overlay-gradient":""},"tablet":{"background-color":"","background-image":"","background-repeat":"repeat","background-position":"center center","background-size":"auto","background-attachment":"scroll","background-type":"","background-media":"","overlay-type":"","overlay-color":"","overlay-opacity":"","overlay-gradient":""},"mobile":{"background-color":"","background-image":"","background-repeat":"repeat","background-position":"center center","background-size":"auto","background-attachment":"scroll","background-type":"","background-media":"","overlay-type":"","overlay-color":"","overlay-opacity":"","overlay-gradient":""}},"ast-content-background-meta":{"desktop":{"background-color":"var(--ast-global-color-5)","background-image":"","background-repeat":"repeat","background-position":"center center","background-size":"auto","background-attachment":"scroll","background-type":"","background-media":"","overlay-type":"","overlay-color":"","overlay-opacity":"","overlay-gradient":""},"tablet":{"background-color":"var(--ast-global-color-5)","background-image":"","background-repeat":"repeat","background-position":"center center","background-size":"auto","background-attachment":"scroll","background-type":"","background-media":"","overlay-type":"","overlay-color":"","overlay-opacity":"","overlay-gradient":""},"mobile":{"background-color":"var(--ast-global-color-5)","background-image":"","background-repeat":"repeat","background-position":"center center","background-size":"auto","background-attachment":"scroll","background-type":"","background-media":"","overlay-type":"","overlay-color":"","overlay-opacity":"","overlay-gradient":""}}},"product_brand":[],"product_cat":[992],"product_tag":[],"class_list":{"0":"post-20045","1":"product","2":"type-product","3":"status-publish","4":"has-post-thumbnail","6":"product_cat-skjonnhets-og-hygieneprodukter","7":"desktop-align-left","8":"tablet-align-left","9":"mobile-align-left","11":"first","12":"instock","13":"shipping-taxable","14":"purchasable","15":"product-type-simple"},"_links":{"self":[{"href":"https:\/\/keluvo.com\/no\/wp-json\/wp\/v2\/product\/20045","targetHints":{"allow":["GET"]}}],"collection":[{"href":"https:\/\/keluvo.com\/no\/wp-json\/wp\/v2\/product"}],"about":[{"href":"https:\/\/keluvo.com\/no\/wp-json\/wp\/v2\/types\/product"}],"replies":[{"embeddable":true,"href":"https:\/\/keluvo.com\/no\/wp-json\/wp\/v2\/comments?post=20045"}],"wp:featuredmedia":[{"embeddable":true,"href":"https:\/\/keluvo.com\/no\/wp-json\/wp\/v2\/media\/20041"}],"wp:attachment":[{"href":"https:\/\/keluvo.com\/no\/wp-json\/wp\/v2\/media?parent=20045"}],"wp:term":[{"taxonomy":"product_brand","embeddable":true,"href":"https:\/\/keluvo.com\/no\/wp-json\/wp\/v2\/product_brand?post=20045"},{"taxonomy":"product_cat","embeddable":true,"href":"https:\/\/keluvo.com\/no\/wp-json\/wp\/v2\/product_cat?post=20045"},{"taxonomy":"product_tag","embeddable":true,"href":"https:\/\/keluvo.com\/no\/wp-json\/wp\/v2\/product_tag?post=20045"}],"curies":[{"name":"wp","href":"https:\/\/api.w.org\/{rel}","templated":true}]}}