{"id":20036,"date":"2025-05-15T13:28:36","date_gmt":"2025-05-15T11:28:36","guid":{"rendered":"https:\/\/keluvo.com\/no\/produkt\/leketoyspistol\/"},"modified":"2025-05-15T13:28:40","modified_gmt":"2025-05-15T11:28:40","slug":"leketoyspistol","status":"publish","type":"product","link":"https:\/\/keluvo.com\/no\/produkt\/leketoyspistol\/","title":{"rendered":"Leket\u00f8yspistol"},"content":{"rendered":"<p style=\"text-align: center\"><strong><span style=\"font-weight: 400\">\ud83d\udeeb<\/span>Fyr opp, fly og lek &#8211; ingen batterier trengs!<span style=\"font-weight: 400\">\ud83e\uddd2<\/span><\/strong><\/p>\n<p style=\"text-align: center\"><span style=\"font-weight: 400\">Denne boblekatapult-lekekanonen inneholder myke skumfly som er enkle \u00e5 skyte opp og morsomme \u00e5 fly. Det er en trygg og spennende m\u00e5te \u00e5 holde barna aktive p\u00e5, forbedre koordinasjonen og nyte tiden utend\u00f8rs med familie og venner. Denne leken er designet for praktisk moro uten batterier, og flyene kan skytes opp til 6 meter med en enkel avtrekker. Den er lett og trygg og passer perfekt til parker, bakg\u00e5rder og som gave!<\/span><\/p>\n<p><img decoding=\"async\" class=\"size-full wp-image-19274 aligncenter\" src=\"https:\/\/keluvo.com\/template\/wp-content\/uploads\/sites\/5\/2025\/05\/guns-ezgif.com-video-to-webp-converter.webp\" alt=\"\" \/><\/p>\n<h2 style=\"text-align: center\">\ud83c\udf1f Hovedfordeler<\/h2>\n<p><span style=\"font-weight: 400\">\ud83d\udeeb <\/span><b>Enkel \u00e5 bruke<\/b><span style=\"font-weight: 400\"> \u2013 rask montering og enkel avfyring med ett klikk.<\/span><\/p>\n<p><span style=\"font-weight: 400\">\u26a1 <\/span><b>Batterifri moro<\/b><span style=\"font-weight: 400\"> \u2013 flyene kan skytes opp til 6 meter uten \u00e5 m\u00e5tte lades.<\/span><\/p>\n<p><span style=\"font-weight: 400\">\ud83e\uddd2 <\/span><b>Barnesikkert materiale<\/b><span style=\"font-weight: 400\"> \u2013 skumflyene er myke, trygge og slitesterke.<\/span><\/p>\n<p><span style=\"font-weight: 400\">\ud83e\udde0 <\/span><b>Styrker ferdighetene<\/b><span style=\"font-weight: 400\"> \u2013 oppmuntrer til h\u00e5nd-\u00f8ye-koordinasjon og retningsbevissthet.<\/span><\/p>\n<p><span style=\"font-weight: 400\">\ud83c\udf81 <\/span><b>Flott gaveid\u00e9<\/b><span style=\"font-weight: 400\"> \u2013 Perfekt til bursdager, h\u00f8ytider og utelek.<\/span><span style=\"font-weight: 400\"><br \/>\n<\/span><\/p>\n<p><img decoding=\"async\" class=\"size-full wp-image-19276 aligncenter\" src=\"https:\/\/keluvo.com\/template\/wp-content\/uploads\/sites\/5\/2025\/05\/de35f333-fcef-42b0-9d5e-7bfc8aafb578.webp\" alt=\"\" \/><\/p>\n<h2 style=\"text-align: center\">\ud83d\udee0\ufe0f Slik bruker du det<\/h2>\n<ol>\n<li style=\"font-weight: 400\"><span style=\"font-weight: 400\">Sett sammen skumgliderflyet ved \u00e5 feste vingene.<\/span><span style=\"font-weight: 400\"><br \/>\n<\/span><\/li>\n<li style=\"font-weight: 400\"><span style=\"font-weight: 400\">Legg flyet i utskytningsrampen.<\/span><span style=\"font-weight: 400\"><br \/>\n<\/span><\/li>\n<li style=\"font-weight: 400\"><span style=\"font-weight: 400\">Trykk p\u00e5 avtrekkeren for \u00e5 skyte flyet opp i luften.<\/span><\/li>\n<li style=\"font-weight: 400\"><span style=\"font-weight: 400\">Lek i store, \u00e5pne omr\u00e5der som parker, hager eller strender.<\/span><\/li>\n<\/ol>\n<h2 style=\"text-align: center\">\ud83d\udccf Produktdetaljer<\/h2>\n<ul>\n<li style=\"font-weight: 400\"><span style=\"font-weight: 400\"><strong>Utskytningsavstand<\/strong>: Opptil 7 meter<\/span><span style=\"font-weight: 400\"><br \/>\n<\/span><\/li>\n<li style=\"font-weight: 400\"><span style=\"font-weight: 400\"><strong>Materiale<\/strong>: Robust, lett skum<\/span><span style=\"font-weight: 400\"><br \/>\n<\/span><\/li>\n<li style=\"font-weight: 400\"><span style=\"font-weight: 400\"><strong>Passende for<\/strong>: Barn i alderen 3\u20138 \u00e5r<\/span><\/li>\n<li style=\"font-weight: 400\"><span style=\"font-weight: 400\"><strong>Bruksomr\u00e5der<\/strong>: Uteomr\u00e5der som parker, gress, strand, bakg\u00e5rd<\/span><\/li>\n<\/ul>\n<h2 style=\"text-align: center\">\ud83d\udce6 Pakken inneholder<\/h2>\n<ul>\n<li style=\"font-weight: 400\"><span style=\"font-weight: 400\">1 x avfyringspistol<\/span><span style=\"font-weight: 400\"><br \/>\n<\/span><\/li>\n<li style=\"font-weight: 400\"><span style=\"font-weight: 400\">3 x glidefly av skumgummi.<\/span><\/li>\n<\/ul>\n","protected":false},"excerpt":{"rendered":"<p>\ud83d\udeebFyr opp, fly og lek &#8211; ingen batterier trengs!\ud83e\uddd2 Denne boblekatapult-lekekanonen inneholder myke skumfly som er enkle \u00e5 skyte opp [&hellip;]<\/p>\n","protected":false},"featured_media":20032,"comment_status":"open","ping_status":"closed","template":"","meta":{"site-sidebar-layout":"default","site-content-layout":"","ast-site-content-layout":"default","site-content-style":"default","site-sidebar-style":"default","ast-global-header-display":"","ast-banner-title-visibility":"","ast-main-header-display":"","ast-hfb-above-header-display":"","ast-hfb-below-header-display":"","ast-hfb-mobile-header-display":"","site-post-title":"","ast-breadcrumbs-content":"","ast-featured-img":"","footer-sml-layout":"","theme-transparent-header-meta":"default","adv-header-id-meta":"","stick-header-meta":"","header-above-stick-meta":"","header-main-stick-meta":"","header-below-stick-meta":"","astra-migrate-meta-layouts":"set","ast-page-background-enabled":"default","ast-page-background-meta":{"desktop":{"background-color":"var(--ast-global-color-4)","background-image":"","background-repeat":"repeat","background-position":"center center","background-size":"auto","background-attachment":"scroll","background-type":"","background-media":"","overlay-type":"","overlay-color":"","overlay-opacity":"","overlay-gradient":""},"tablet":{"background-color":"","background-image":"","background-repeat":"repeat","background-position":"center center","background-size":"auto","background-attachment":"scroll","background-type":"","background-media":"","overlay-type":"","overlay-color":"","overlay-opacity":"","overlay-gradient":""},"mobile":{"background-color":"","background-image":"","background-repeat":"repeat","background-position":"center center","background-size":"auto","background-attachment":"scroll","background-type":"","background-media":"","overlay-type":"","overlay-color":"","overlay-opacity":"","overlay-gradient":""}},"ast-content-background-meta":{"desktop":{"background-color":"var(--ast-global-color-5)","background-image":"","background-repeat":"repeat","background-position":"center center","background-size":"auto","background-attachment":"scroll","background-type":"","background-media":"","overlay-type":"","overlay-color":"","overlay-opacity":"","overlay-gradient":""},"tablet":{"background-color":"var(--ast-global-color-5)","background-image":"","background-repeat":"repeat","background-position":"center center","background-size":"auto","background-attachment":"scroll","background-type":"","background-media":"","overlay-type":"","overlay-color":"","overlay-opacity":"","overlay-gradient":""},"mobile":{"background-color":"var(--ast-global-color-5)","background-image":"","background-repeat":"repeat","background-position":"center center","background-size":"auto","background-attachment":"scroll","background-type":"","background-media":"","overlay-type":"","overlay-color":"","overlay-opacity":"","overlay-gradient":""}}},"product_brand":[],"product_cat":[990],"product_tag":[],"class_list":{"0":"post-20036","1":"product","2":"type-product","3":"status-publish","4":"has-post-thumbnail","6":"product_cat-leker-barne-og-babyprodukter","7":"pa_24194_rw9awc1f-bla","8":"pa_24194_rw9awc1f-oransje","9":"desktop-align-left","10":"tablet-align-left","11":"mobile-align-left","13":"first","14":"instock","15":"shipping-taxable","16":"purchasable","17":"product-type-variable"},"_links":{"self":[{"href":"https:\/\/keluvo.com\/no\/wp-json\/wp\/v2\/product\/20036","targetHints":{"allow":["GET"]}}],"collection":[{"href":"https:\/\/keluvo.com\/no\/wp-json\/wp\/v2\/product"}],"about":[{"href":"https:\/\/keluvo.com\/no\/wp-json\/wp\/v2\/types\/product"}],"replies":[{"embeddable":true,"href":"https:\/\/keluvo.com\/no\/wp-json\/wp\/v2\/comments?post=20036"}],"wp:featuredmedia":[{"embeddable":true,"href":"https:\/\/keluvo.com\/no\/wp-json\/wp\/v2\/media\/20032"}],"wp:attachment":[{"href":"https:\/\/keluvo.com\/no\/wp-json\/wp\/v2\/media?parent=20036"}],"wp:term":[{"taxonomy":"product_brand","embeddable":true,"href":"https:\/\/keluvo.com\/no\/wp-json\/wp\/v2\/product_brand?post=20036"},{"taxonomy":"product_cat","embeddable":true,"href":"https:\/\/keluvo.com\/no\/wp-json\/wp\/v2\/product_cat?post=20036"},{"taxonomy":"product_tag","embeddable":true,"href":"https:\/\/keluvo.com\/no\/wp-json\/wp\/v2\/product_tag?post=20036"}],"curies":[{"name":"wp","href":"https:\/\/api.w.org\/{rel}","templated":true}]}}