{"id":20003,"date":"2025-05-15T13:25:33","date_gmt":"2025-05-15T11:25:33","guid":{"rendered":"https:\/\/keluvo.com\/no\/produkt\/skulptur-figur\/"},"modified":"2025-05-16T10:28:51","modified_gmt":"2025-05-16T08:28:51","slug":"skulptur-figur","status":"publish","type":"product","link":"https:\/\/keluvo.com\/no\/produkt\/skulptur-figur\/","title":{"rendered":"Buddha skulptur"},"content":{"rendered":"<p style=\"text-align: center\"><strong><span style=\"font-weight: 400\">\ud83e\uddd8<\/span>Bring fred &#8211; og latter &#8211; til ethvert rom!<span style=\"font-weight: 400\">\ud83d\udcaa<\/span><\/strong><\/p>\n<p style=\"text-align: center\"><span style=\"font-weight: 400\">Denne mediterende buddha-figuren gir roen en leken vri med sin fredelige positur p\u00e5 den ene siden og en overraskende langfinger p\u00e5 den andre. Den er den perfekte blandingen av ro og humor &#8211; perfekt for \u00e5 skape latter og samtale. Denne humoristiske statuen er laget av slitesterk harpiks og er en oppsiktsvekkende sp\u00f8kegave eller et finurlig innredningsobjekt. Den er ideell for skrivebord, bokhyller, hager eller kontorer, og vil garantert lette stemningen og f\u00e5 komplimenter!<\/span><\/p>\n<p><img decoding=\"async\" class=\"size-full wp-image-19690 aligncenter\" src=\"https:\/\/keluvo.com\/template\/wp-content\/uploads\/sites\/5\/2025\/05\/finger-ezgif.com-video-to-webp-converter.webp\" alt=\"\" \/><\/p>\n<h2 style=\"text-align: center\">\ud83c\udf1f Hovedfordeler<\/h2>\n<p><span style=\"font-weight: 400\">\ud83e\uddd8 <\/span><b>Symbol p\u00e5 fred og humor<\/b><span style=\"font-weight: 400\"> &#8211; kombinerer meditasjon med en frekk overraskelse.<\/span><\/p>\n<p><span style=\"font-weight: 400\">\ud83c\udf81 <\/span><b>Perfekt sp\u00f8kegave<\/b><span style=\"font-weight: 400\"> &#8211; flott til bursdager, jul eller bare for moro skyld.<\/span><\/p>\n<p><span style=\"font-weight: 400\">\ud83e\udeb4 <\/span><b>Allsidig innredning<\/b><span style=\"font-weight: 400\"> &#8211; gir karakter til hjemmet, hagen eller kontoret ditt.<\/span><\/p>\n<p><span style=\"font-weight: 400\">\ud83d\udcaa <\/span><b>Slitesterk harpiks<\/b><span style=\"font-weight: 400\"> &#8211; Laget av solide, milj\u00f8vennlige materialer.<\/span><\/p>\n<p><span style=\"font-weight: 400\">\ud83d\ude04 <\/span><b>Samtalestarter<\/b><span style=\"font-weight: 400\"> &#8211; Garantert \u00e5 f\u00e5 smil og komplimenter.<\/span><span style=\"font-weight: 400\"><br \/>\n<\/span><\/p>\n<p><img decoding=\"async\" class=\"size-full wp-image-19692 aligncenter\" src=\"https:\/\/keluvo.com\/template\/wp-content\/uploads\/sites\/5\/2025\/05\/25f2d4bc-c360-41dc-bb01-9f169518b1da.webp\" alt=\"\" \/><\/p>\n<h2 style=\"text-align: center\">\ud83d\udee0\ufe0f Slik bruker du den<\/h2>\n<ol>\n<li style=\"font-weight: 400\"><span style=\"font-weight: 400\">Pakk ut skulpturen og plasser den der den kan sees fra begge sider.<\/span><span style=\"font-weight: 400\"><br \/>\n<\/span><\/li>\n<li style=\"font-weight: 400\"><span style=\"font-weight: 400\">vis den p\u00e5 et skrivebord, en hylle eller et bord &#8211; overalt der gjestene kan glede seg over overraskelsen.<\/span><\/li>\n<li style=\"font-weight: 400\"><span style=\"font-weight: 400\">gi den i gave til en venn eller et familiemedlem for en garantert latter!<\/span><\/li>\n<\/ol>\n<h2 style=\"text-align: center\">\ud83d\udccf Produktdetaljer<\/h2>\n<ul>\n<li style=\"font-weight: 400\"><span style=\"font-weight: 400\">Materiale: Premium harpiks<\/span><span style=\"font-weight: 400\"><br \/>\n<\/span><\/li>\n<li style=\"font-weight: 400\"><span style=\"font-weight: 400\">St\u00f8rrelse: Standard dekorativ figurst\u00f8rrelse (se oppf\u00f8ringsbilde eller emballasje for dimensjoner)<\/span><\/li>\n<li style=\"font-weight: 400\"><span style=\"font-weight: 400\">Bruk: Hjemmeinnredning, kontormoro, gag-gave, innend\u00f8rs \/ utend\u00f8rs skjerm<\/span><\/li>\n<\/ul>\n<h2 style=\"text-align: center\">\ud83d\udce6 Pakken inkluderer<\/h2>\n<ul>\n<li style=\"font-weight: 400\"><span style=\"font-weight: 400\">1 x buddha skulptur figur.<\/span><\/li>\n<\/ul>\n","protected":false},"excerpt":{"rendered":"<p>\ud83e\uddd8Bring fred &#8211; og latter &#8211; til ethvert rom!\ud83d\udcaa Denne mediterende buddha-figuren gir roen en leken vri med sin fredelige [&hellip;]<\/p>\n","protected":false},"featured_media":19999,"comment_status":"open","ping_status":"closed","template":"","meta":{"site-sidebar-layout":"default","site-content-layout":"","ast-site-content-layout":"default","site-content-style":"default","site-sidebar-style":"default","ast-global-header-display":"","ast-banner-title-visibility":"","ast-main-header-display":"","ast-hfb-above-header-display":"","ast-hfb-below-header-display":"","ast-hfb-mobile-header-display":"","site-post-title":"","ast-breadcrumbs-content":"","ast-featured-img":"","footer-sml-layout":"","theme-transparent-header-meta":"default","adv-header-id-meta":"","stick-header-meta":"","header-above-stick-meta":"","header-main-stick-meta":"","header-below-stick-meta":"","astra-migrate-meta-layouts":"set","ast-page-background-enabled":"default","ast-page-background-meta":{"desktop":{"background-color":"var(--ast-global-color-4)","background-image":"","background-repeat":"repeat","background-position":"center center","background-size":"auto","background-attachment":"scroll","background-type":"","background-media":"","overlay-type":"","overlay-color":"","overlay-opacity":"","overlay-gradient":""},"tablet":{"background-color":"","background-image":"","background-repeat":"repeat","background-position":"center center","background-size":"auto","background-attachment":"scroll","background-type":"","background-media":"","overlay-type":"","overlay-color":"","overlay-opacity":"","overlay-gradient":""},"mobile":{"background-color":"","background-image":"","background-repeat":"repeat","background-position":"center center","background-size":"auto","background-attachment":"scroll","background-type":"","background-media":"","overlay-type":"","overlay-color":"","overlay-opacity":"","overlay-gradient":""}},"ast-content-background-meta":{"desktop":{"background-color":"var(--ast-global-color-5)","background-image":"","background-repeat":"repeat","background-position":"center center","background-size":"auto","background-attachment":"scroll","background-type":"","background-media":"","overlay-type":"","overlay-color":"","overlay-opacity":"","overlay-gradient":""},"tablet":{"background-color":"var(--ast-global-color-5)","background-image":"","background-repeat":"repeat","background-position":"center center","background-size":"auto","background-attachment":"scroll","background-type":"","background-media":"","overlay-type":"","overlay-color":"","overlay-opacity":"","overlay-gradient":""},"mobile":{"background-color":"var(--ast-global-color-5)","background-image":"","background-repeat":"repeat","background-position":"center center","background-size":"auto","background-attachment":"scroll","background-type":"","background-media":"","overlay-type":"","overlay-color":"","overlay-opacity":"","overlay-gradient":""}}},"product_brand":[],"product_cat":[1001],"product_tag":[],"class_list":{"0":"post-20003","1":"product","2":"type-product","3":"status-publish","4":"has-post-thumbnail","6":"product_cat-husholdningsartikler","7":"desktop-align-left","8":"tablet-align-left","9":"mobile-align-left","11":"first","12":"instock","13":"shipping-taxable","14":"purchasable","15":"product-type-simple"},"_links":{"self":[{"href":"https:\/\/keluvo.com\/no\/wp-json\/wp\/v2\/product\/20003","targetHints":{"allow":["GET"]}}],"collection":[{"href":"https:\/\/keluvo.com\/no\/wp-json\/wp\/v2\/product"}],"about":[{"href":"https:\/\/keluvo.com\/no\/wp-json\/wp\/v2\/types\/product"}],"replies":[{"embeddable":true,"href":"https:\/\/keluvo.com\/no\/wp-json\/wp\/v2\/comments?post=20003"}],"wp:featuredmedia":[{"embeddable":true,"href":"https:\/\/keluvo.com\/no\/wp-json\/wp\/v2\/media\/19999"}],"wp:attachment":[{"href":"https:\/\/keluvo.com\/no\/wp-json\/wp\/v2\/media?parent=20003"}],"wp:term":[{"taxonomy":"product_brand","embeddable":true,"href":"https:\/\/keluvo.com\/no\/wp-json\/wp\/v2\/product_brand?post=20003"},{"taxonomy":"product_cat","embeddable":true,"href":"https:\/\/keluvo.com\/no\/wp-json\/wp\/v2\/product_cat?post=20003"},{"taxonomy":"product_tag","embeddable":true,"href":"https:\/\/keluvo.com\/no\/wp-json\/wp\/v2\/product_tag?post=20003"}],"curies":[{"name":"wp","href":"https:\/\/api.w.org\/{rel}","templated":true}]}}