{"id":19885,"date":"2025-05-15T12:58:35","date_gmt":"2025-05-15T10:58:35","guid":{"rendered":"https:\/\/keluvo.com\/no\/produkt\/stabling-av-blokker\/"},"modified":"2025-05-15T12:58:40","modified_gmt":"2025-05-15T10:58:40","slug":"stabling-av-blokker","status":"publish","type":"product","link":"https:\/\/keluvo.com\/no\/produkt\/stabling-av-blokker\/","title":{"rendered":"Stabling av blokker"},"content":{"rendered":"<p style=\"text-align: center\"><strong>Bygg, L\u00e6r, Og Lek Med Disse Kreative Stableklossene!<\/strong><\/p>\n<p style=\"text-align: center\"><span style=\"font-weight: 400\">Disse fargerike stableklossene er designet for \u00e5 sette i gang fantasien og oppmuntre til praktisk l\u00e6ring. De er perfekte for bygging, probleml\u00f8sning og kreativ moro, og passer perfekt for sm\u00e5 barn. Med store, letth\u00e5ndterlige brikker og unike funksjoner som det magiske t\u00e5rnet og diamantinnsettingsdesignet kan barna bygge trygt samtidig som de utvikler viktige ferdigheter. Ideell for solo- eller gruppelek hjemme, i barnehagen eller i f\u00f8rskolen.<\/span><\/p>\n<p><img decoding=\"async\" class=\"alignnone size-full wp-image-19707 aligncenter\" src=\"https:\/\/keluvo.com\/template\/wp-content\/uploads\/sites\/5\/2025\/05\/StackingBlocks-ezgif.com-video-to-webp-converter.webp\" alt=\"\" \/><\/p>\n<h2 style=\"text-align: center\"><b>\ud83c\udf1f Hovedfordeler<\/b><\/h2>\n<p><span style=\"font-weight: 400\">\ud83e\uddf1 <\/span><b>Endel\u00f8s Byggemoro<\/b><span style=\"font-weight: 400\"> \u2013 Bland pyramideformer for kreativ lek.<\/span><\/p>\n<p><span style=\"font-weight: 400\">\ud83d\uddfc <\/span><b>Magisk T\u00e5rnfunksjon<\/b><span style=\"font-weight: 400\"> \u2013 gir en morsom vri p\u00e5 hver eneste bygging.<\/span><\/p>\n<p><span style=\"font-weight: 400\">\ud83d\udc8e <\/span><b>Unik Diamantdesign<\/b><span style=\"font-weight: 400\"> \u2013 gj\u00f8r hver eneste konstruksjon visuelt spennende.<\/span><\/p>\n<p><span style=\"font-weight: 400\">\ud83d\udc76 <\/span><b>Sikker Og Enkel \u00c5 Bruke<\/b><span style=\"font-weight: 400\"> \u2013 Store klosser er perfekte for sm\u00e5 hender.<\/span><\/p>\n<p><span style=\"font-weight: 400\">\ud83e\udde0 <\/span><b>Pedagogisk Lek<\/b><span style=\"font-weight: 400\"> \u2013 fremmer probleml\u00f8sning og fantasi.<\/span><\/p>\n<p><img decoding=\"async\" class=\"alignnone size-full wp-image-19699 aligncenter\" src=\"https:\/\/keluvo.com\/template\/wp-content\/uploads\/sites\/5\/2025\/05\/07fe1eaf-28f7-4490-acf0-8c751cca04d4.webp.webp\" alt=\"\" \/><\/p>\n<h2 style=\"text-align: center\">\ud83d\udee0\ufe0f Slik Bruker Du Det<\/h2>\n<ol>\n<li style=\"font-weight: 400\"><span style=\"font-weight: 400\">\u00c5pne pakken og spre ut klossene.<\/span><span style=\"font-weight: 400\"><br \/>\n<\/span><\/li>\n<li style=\"font-weight: 400\"><span style=\"font-weight: 400\">Stable og koble sammen klossene i et hvilket som helst m\u00f8nster eller design.<\/span><span style=\"font-weight: 400\"><br \/>\n<\/span><\/li>\n<li style=\"font-weight: 400\"><span style=\"font-weight: 400\">Bruk Magic Tower- og diamantklossene til \u00e5 bygge spesielle strukturer.<\/span><span style=\"font-weight: 400\"><br \/>\n<\/span><\/li>\n<li style=\"font-weight: 400\"><span style=\"font-weight: 400\">Bygg om og utforsk forskjellige design igjen og igjen!<\/span><\/li>\n<\/ol>\n<h2 style=\"text-align: center\">\ud83d\udccf Produktdetaljer<\/h2>\n<ul>\n<li style=\"font-weight: 400\"><span style=\"font-weight: 400\">Spesielle funksjoner: Magisk t\u00e5rnelement, diamantinnsettingsdesign<\/span><span style=\"font-weight: 400\"><br \/>\n<\/span><\/li>\n<li style=\"font-weight: 400\"><span style=\"font-weight: 400\">Blokkst\u00f8rrelse: Store partikler for sikkerhet og brukervennlighet<\/span><span style=\"font-weight: 400\"><br \/>\n<\/span><\/li>\n<li style=\"font-weight: 400\"><span style=\"font-weight: 400\">Funksjon: Pedagogisk stabling av puslespillleket\u00f8y<\/span><span style=\"font-weight: 400\"><br \/>\n<\/span><\/li>\n<li style=\"font-weight: 400\"><span style=\"font-weight: 400\">Egnet for: Sm\u00e5barn, f\u00f8rskolebarn, tidlige elever<\/span><\/li>\n<\/ul>\n<h2 style=\"text-align: center\">\ud83d\udce6 Pakken Inneholder<\/h2>\n<ul>\n<li><span style=\"font-weight: 400\">15, 30 eller 60 stableklosser.<\/span><\/li>\n<\/ul>\n","protected":false},"excerpt":{"rendered":"<p>Bygg, L\u00e6r, Og Lek Med Disse Kreative Stableklossene! Disse fargerike stableklossene er designet for \u00e5 sette i gang fantasien og [&hellip;]<\/p>\n","protected":false},"featured_media":19881,"comment_status":"open","ping_status":"closed","template":"","meta":{"site-sidebar-layout":"default","site-content-layout":"","ast-site-content-layout":"default","site-content-style":"default","site-sidebar-style":"default","ast-global-header-display":"","ast-banner-title-visibility":"","ast-main-header-display":"","ast-hfb-above-header-display":"","ast-hfb-below-header-display":"","ast-hfb-mobile-header-display":"","site-post-title":"","ast-breadcrumbs-content":"","ast-featured-img":"","footer-sml-layout":"","theme-transparent-header-meta":"default","adv-header-id-meta":"","stick-header-meta":"","header-above-stick-meta":"","header-main-stick-meta":"","header-below-stick-meta":"","astra-migrate-meta-layouts":"set","ast-page-background-enabled":"default","ast-page-background-meta":{"desktop":{"background-color":"var(--ast-global-color-4)","background-image":"","background-repeat":"repeat","background-position":"center center","background-size":"auto","background-attachment":"scroll","background-type":"","background-media":"","overlay-type":"","overlay-color":"","overlay-opacity":"","overlay-gradient":""},"tablet":{"background-color":"","background-image":"","background-repeat":"repeat","background-position":"center center","background-size":"auto","background-attachment":"scroll","background-type":"","background-media":"","overlay-type":"","overlay-color":"","overlay-opacity":"","overlay-gradient":""},"mobile":{"background-color":"","background-image":"","background-repeat":"repeat","background-position":"center center","background-size":"auto","background-attachment":"scroll","background-type":"","background-media":"","overlay-type":"","overlay-color":"","overlay-opacity":"","overlay-gradient":""}},"ast-content-background-meta":{"desktop":{"background-color":"var(--ast-global-color-5)","background-image":"","background-repeat":"repeat","background-position":"center center","background-size":"auto","background-attachment":"scroll","background-type":"","background-media":"","overlay-type":"","overlay-color":"","overlay-opacity":"","overlay-gradient":""},"tablet":{"background-color":"var(--ast-global-color-5)","background-image":"","background-repeat":"repeat","background-position":"center center","background-size":"auto","background-attachment":"scroll","background-type":"","background-media":"","overlay-type":"","overlay-color":"","overlay-opacity":"","overlay-gradient":""},"mobile":{"background-color":"var(--ast-global-color-5)","background-image":"","background-repeat":"repeat","background-position":"center center","background-size":"auto","background-attachment":"scroll","background-type":"","background-media":"","overlay-type":"","overlay-color":"","overlay-opacity":"","overlay-gradient":""}}},"product_brand":[],"product_cat":[990],"product_tag":[],"class_list":{"0":"post-19885","1":"product","2":"type-product","3":"status-publish","4":"has-post-thumbnail","6":"product_cat-leker-barne-og-babyprodukter","7":"pa_32093_wxyq33xl-15-stk","8":"pa_32093_wxyq33xl-30-stk","9":"pa_32093_wxyq33xl-60-stk","10":"desktop-align-left","11":"tablet-align-left","12":"mobile-align-left","14":"first","15":"instock","16":"shipping-taxable","17":"purchasable","18":"product-type-variable"},"_links":{"self":[{"href":"https:\/\/keluvo.com\/no\/wp-json\/wp\/v2\/product\/19885","targetHints":{"allow":["GET"]}}],"collection":[{"href":"https:\/\/keluvo.com\/no\/wp-json\/wp\/v2\/product"}],"about":[{"href":"https:\/\/keluvo.com\/no\/wp-json\/wp\/v2\/types\/product"}],"replies":[{"embeddable":true,"href":"https:\/\/keluvo.com\/no\/wp-json\/wp\/v2\/comments?post=19885"}],"wp:featuredmedia":[{"embeddable":true,"href":"https:\/\/keluvo.com\/no\/wp-json\/wp\/v2\/media\/19881"}],"wp:attachment":[{"href":"https:\/\/keluvo.com\/no\/wp-json\/wp\/v2\/media?parent=19885"}],"wp:term":[{"taxonomy":"product_brand","embeddable":true,"href":"https:\/\/keluvo.com\/no\/wp-json\/wp\/v2\/product_brand?post=19885"},{"taxonomy":"product_cat","embeddable":true,"href":"https:\/\/keluvo.com\/no\/wp-json\/wp\/v2\/product_cat?post=19885"},{"taxonomy":"product_tag","embeddable":true,"href":"https:\/\/keluvo.com\/no\/wp-json\/wp\/v2\/product_tag?post=19885"}],"curies":[{"name":"wp","href":"https:\/\/api.w.org\/{rel}","templated":true}]}}