{"id":19862,"date":"2025-05-15T11:20:40","date_gmt":"2025-05-15T09:20:40","guid":{"rendered":"https:\/\/keluvo.com\/no\/produkt\/monokulaer\/"},"modified":"2025-05-16T10:27:30","modified_gmt":"2025-05-16T08:27:30","slug":"monokulaer","status":"publish","type":"product","link":"https:\/\/keluvo.com\/no\/produkt\/monokulaer\/","title":{"rendered":"Monokular"},"content":{"rendered":"<p style=\"text-align: center\"><strong>Se Lengre Og Klarere Med Denne Praktiske Monokularen!<\/strong><\/p>\n<p style=\"text-align: center\"><span style=\"font-weight: 400\">F\u00e5 n\u00e6rbilder av fjerne scener med denne kompakte, kraftige monokularen &#8211; perfekt for eventyr og hverdagsutforskning. Denne lette monokularen har 16X forst\u00f8rrelse og er enkel \u00e5 fokusere, noe som gj\u00f8r den perfekt for reiser, fuglekikking, camping, fotturer og mye mer. Gummihuset gir et sikkert grep, mens den optiske linsen gir skarpe, lyse bilder. Lett \u00e5 b\u00e6re, rengj\u00f8re og bruke!<\/span><\/p>\n<p><img decoding=\"async\" class=\"alignnone size-full wp-image-19664 aligncenter\" src=\"https:\/\/keluvo.com\/template\/wp-content\/uploads\/sites\/5\/2025\/05\/Monocular-ezgif.com-video-to-webp-converter.webp\" alt=\"\" \/><\/p>\n<h2 style=\"text-align: center\">\ud83c\udf1f Hovedfordeler<\/h2>\n<p><span style=\"font-weight: 400\">\ud83d\udd0d <\/span><b>16X forst\u00f8rrelse<\/b><span style=\"font-weight: 400\"> \u2013 Se fjerne objekter i klare detaljer.<\/span><\/p>\n<p><span style=\"font-weight: 400\">\ud83c\udfaf <\/span><b>Justerbart fokus<\/b><span style=\"font-weight: 400\"> \u2013 Enkel rotasjon gj\u00f8r at du kan finjustere utsikten.<\/span><\/p>\n<p><span style=\"font-weight: 400\">\ud83d\udc5c <\/span><b>B\u00e6rbar og lett<\/b><span style=\"font-weight: 400\"> \u2013 Lett \u00e5 b\u00e6re med den medf\u00f8lgende stroppen.<\/span><\/p>\n<p><span style=\"font-weight: 400\">\ud83e\uddfc <\/span><b>Enkelt vedlikehold<\/b><span style=\"font-weight: 400\"> \u2013 Leveres med en rengj\u00f8ringsklut for \u00e5 holde linsene plettfrie.<\/span><\/p>\n<p><span style=\"font-weight: 400\">\ud83c\udf32 <\/span><b>Perfekt for utend\u00f8rsbruk<\/b><span style=\"font-weight: 400\"> \u2013 Ideell for reiser, fuglekikking og fotturer.<\/span><\/p>\n<p><img decoding=\"async\" class=\"alignnone size-full wp-image-19658 aligncenter\" src=\"https:\/\/keluvo.com\/template\/wp-content\/uploads\/sites\/5\/2025\/05\/5d084f4a-3195-45cd-9853-9c6fa4717efe.webp.webp\" alt=\"\" \/><\/p>\n<h2 style=\"text-align: center\">\ud83d\udee0\ufe0f Slik Bruker Du Den<\/h2>\n<ol>\n<li style=\"font-weight: 400\"><span style=\"font-weight: 400\">Hold monokularen sikkert med \u00e9n h\u00e5nd.<\/span><span style=\"font-weight: 400\"><br \/>\n<\/span><\/li>\n<li style=\"font-weight: 400\"><span style=\"font-weight: 400\">Se gjennom okularet.<\/span><span style=\"font-weight: 400\"><br \/>\n<\/span><\/li>\n<li style=\"font-weight: 400\"><span style=\"font-weight: 400\">Roter objektivlinsen til bildet blir klart.<\/span><span style=\"font-weight: 400\"><br \/>\n<\/span><\/li>\n<li style=\"font-weight: 400\"><span style=\"font-weight: 400\">Juster fokus for \u00f8yet ditt etter behov.<\/span><\/li>\n<\/ol>\n<h2 style=\"text-align: center\">\ud83d\udccf Produktdetaljer<\/h2>\n<ul>\n<li style=\"font-weight: 400\"><span style=\"font-weight: 400\">Materiale: Optisk linse og gummihus<\/span><span style=\"font-weight: 400\"><br \/>\n<\/span><\/li>\n<li style=\"font-weight: 400\"><span style=\"font-weight: 400\">Forst\u00f8rrelse: 16X<\/span><span style=\"font-weight: 400\"><br \/>\n<\/span><\/li>\n<li style=\"font-weight: 400\"><span style=\"font-weight: 400\">Objektivdiameter: 40mm<\/span><span style=\"font-weight: 400\"><br \/>\n<\/span><\/li>\n<li style=\"font-weight: 400\"><span style=\"font-weight: 400\">Okulardiameter: 17mm<\/span><span style=\"font-weight: 400\"><br \/>\n<\/span><\/li>\n<li style=\"font-weight: 400\"><span style=\"font-weight: 400\">Synsfelt: 66m\/8000m<\/span><span style=\"font-weight: 400\"><br \/>\n<\/span><\/li>\n<li style=\"font-weight: 400\"><span style=\"font-weight: 400\">Utgangspupill: 2mm | Utgangsavstand: 20mm<\/span><span style=\"font-weight: 400\"><br \/>\n<\/span><\/li>\n<li style=\"font-weight: 400\"><span style=\"font-weight: 400\">Vekt: 270g<\/span><\/li>\n<\/ul>\n<h2 style=\"text-align: center\">\ud83d\udce6 Pakken Inkluderer<\/h2>\n<ul>\n<li style=\"font-weight: 400\"><span style=\"font-weight: 400\">1 x<\/span> <span style=\"font-weight: 400\">monokular.<\/span><span style=\"font-weight: 400\"><br \/>\n<\/span><\/li>\n<li style=\"font-weight: 400\"><span style=\"font-weight: 400\">1 x b\u00e6restropp<\/span><span style=\"font-weight: 400\"><br \/>\n<\/span><\/li>\n<li style=\"font-weight: 400\"><span style=\"font-weight: 400\">1 x rengj\u00f8ringsklut.<\/span><\/li>\n<\/ul>\n","protected":false},"excerpt":{"rendered":"<p>Se Lengre Og Klarere Med Denne Praktiske Monokularen! F\u00e5 n\u00e6rbilder av fjerne scener med denne kompakte, kraftige monokularen &#8211; perfekt [&hellip;]<\/p>\n","protected":false},"featured_media":19858,"comment_status":"open","ping_status":"closed","template":"","meta":{"site-sidebar-layout":"default","site-content-layout":"","ast-site-content-layout":"default","site-content-style":"default","site-sidebar-style":"default","ast-global-header-display":"","ast-banner-title-visibility":"","ast-main-header-display":"","ast-hfb-above-header-display":"","ast-hfb-below-header-display":"","ast-hfb-mobile-header-display":"","site-post-title":"","ast-breadcrumbs-content":"","ast-featured-img":"","footer-sml-layout":"","theme-transparent-header-meta":"default","adv-header-id-meta":"","stick-header-meta":"","header-above-stick-meta":"","header-main-stick-meta":"","header-below-stick-meta":"","astra-migrate-meta-layouts":"set","ast-page-background-enabled":"default","ast-page-background-meta":{"desktop":{"background-color":"var(--ast-global-color-4)","background-image":"","background-repeat":"repeat","background-position":"center center","background-size":"auto","background-attachment":"scroll","background-type":"","background-media":"","overlay-type":"","overlay-color":"","overlay-opacity":"","overlay-gradient":""},"tablet":{"background-color":"","background-image":"","background-repeat":"repeat","background-position":"center center","background-size":"auto","background-attachment":"scroll","background-type":"","background-media":"","overlay-type":"","overlay-color":"","overlay-opacity":"","overlay-gradient":""},"mobile":{"background-color":"","background-image":"","background-repeat":"repeat","background-position":"center center","background-size":"auto","background-attachment":"scroll","background-type":"","background-media":"","overlay-type":"","overlay-color":"","overlay-opacity":"","overlay-gradient":""}},"ast-content-background-meta":{"desktop":{"background-color":"var(--ast-global-color-5)","background-image":"","background-repeat":"repeat","background-position":"center center","background-size":"auto","background-attachment":"scroll","background-type":"","background-media":"","overlay-type":"","overlay-color":"","overlay-opacity":"","overlay-gradient":""},"tablet":{"background-color":"var(--ast-global-color-5)","background-image":"","background-repeat":"repeat","background-position":"center center","background-size":"auto","background-attachment":"scroll","background-type":"","background-media":"","overlay-type":"","overlay-color":"","overlay-opacity":"","overlay-gradient":""},"mobile":{"background-color":"var(--ast-global-color-5)","background-image":"","background-repeat":"repeat","background-position":"center center","background-size":"auto","background-attachment":"scroll","background-type":"","background-media":"","overlay-type":"","overlay-color":"","overlay-opacity":"","overlay-gradient":""}}},"product_brand":[],"product_cat":[993,1000],"product_tag":[],"class_list":{"0":"post-19862","1":"product","2":"type-product","3":"status-publish","4":"has-post-thumbnail","6":"product_cat-skotoy-tilbehor","7":"product_cat-tur-camping-og-fritidsutstyr","8":"desktop-align-left","9":"tablet-align-left","10":"mobile-align-left","12":"first","13":"instock","14":"shipping-taxable","15":"purchasable","16":"product-type-simple"},"_links":{"self":[{"href":"https:\/\/keluvo.com\/no\/wp-json\/wp\/v2\/product\/19862","targetHints":{"allow":["GET"]}}],"collection":[{"href":"https:\/\/keluvo.com\/no\/wp-json\/wp\/v2\/product"}],"about":[{"href":"https:\/\/keluvo.com\/no\/wp-json\/wp\/v2\/types\/product"}],"replies":[{"embeddable":true,"href":"https:\/\/keluvo.com\/no\/wp-json\/wp\/v2\/comments?post=19862"}],"wp:featuredmedia":[{"embeddable":true,"href":"https:\/\/keluvo.com\/no\/wp-json\/wp\/v2\/media\/19858"}],"wp:attachment":[{"href":"https:\/\/keluvo.com\/no\/wp-json\/wp\/v2\/media?parent=19862"}],"wp:term":[{"taxonomy":"product_brand","embeddable":true,"href":"https:\/\/keluvo.com\/no\/wp-json\/wp\/v2\/product_brand?post=19862"},{"taxonomy":"product_cat","embeddable":true,"href":"https:\/\/keluvo.com\/no\/wp-json\/wp\/v2\/product_cat?post=19862"},{"taxonomy":"product_tag","embeddable":true,"href":"https:\/\/keluvo.com\/no\/wp-json\/wp\/v2\/product_tag?post=19862"}],"curies":[{"name":"wp","href":"https:\/\/api.w.org\/{rel}","templated":true}]}}