{"id":19826,"date":"2025-05-15T11:19:07","date_gmt":"2025-05-15T09:19:07","guid":{"rendered":"https:\/\/keluvo.com\/no\/produkt\/fuglepigger\/"},"modified":"2025-05-15T11:19:49","modified_gmt":"2025-05-15T09:19:49","slug":"fuglepigger","status":"publish","type":"product","link":"https:\/\/keluvo.com\/no\/produkt\/fuglepigger\/","title":{"rendered":"Fuglepigger"},"content":{"rendered":"<p style=\"text-align: center\"><strong>Hold fugler unna\u2014trygt og effektivt!<\/strong><\/p>\n<p style=\"text-align: center\"><span style=\"font-weight: 400\">Si farvel til u\u00f8nskede fugler og klatrende skadedyr med denne enkle, trygge og humane l\u00f8sningen. Disse fuglepiggene er en effektiv m\u00e5te \u00e5 beskytte eiendommen din mot fugler og skadedyr uten \u00e5 for\u00e5rsake skade. De er laget av sterke, v\u00e6rbestandige materialer, er enkle \u00e5 montere og bygget for \u00e5 vare &#8211; uten behov for verkt\u00f8y eller montering!<\/span><\/p>\n<p><img decoding=\"async\" class=\"alignnone size-full wp-image-19788 aligncenter\" src=\"https:\/\/keluvo.com\/template\/wp-content\/uploads\/sites\/5\/2025\/05\/S094b66db72104d39879e0de9d99d1976A.jpg_960x960q75.jpg_.jpeg\" alt=\"\" \/><\/p>\n<h2 style=\"text-align: center\">\ud83c\udf1f Hovedfordeler<\/h2>\n<p><span style=\"font-weight: 400\">\ud83d\udc26 <\/span><b>Humant avskrekkende<\/b><span style=\"font-weight: 400\"> \u2013 holder fugler og skadedyr unna uten \u00e5 skade dem.<\/span><\/p>\n<p><span style=\"font-weight: 400\">\ud83c\udf27\ufe0f <\/span><b>V\u00e6rbestandig<\/b><span style=\"font-weight: 400\"> \u2013 fungerer under alle v\u00e6rforhold, inkludert ekstrem varme og kulde.<\/span><\/p>\n<p><span style=\"font-weight: 400\">\ud83d\udd27 <\/span><b>Enkel \u00e5 montere<\/b><span style=\"font-weight: 400\"> \u2013 monteres med skruer, strips eller lim &#8211; ditt valg!<\/span><\/p>\n<p><span style=\"font-weight: 400\">\ud83e\uddf1 <\/span><b>Allsidig plassering<\/b><span style=\"font-weight: 400\"> \u2013 Perfekt for tak, vinduskarmer, gjerder, skilt og mye mer.<\/span><\/p>\n<p><span style=\"font-weight: 400\">\ud83d\udcaa <\/span><b>Slitesterk konstruksjon<\/b><span style=\"font-weight: 400\"> \u2013 Laget av korrosjonsbestandig, spr\u00f8ytest\u00f8pt plast.<\/span><\/p>\n<p><img decoding=\"async\" class=\"alignnone size-full wp-image-19793 aligncenter\" src=\"https:\/\/keluvo.com\/template\/wp-content\/uploads\/sites\/5\/2025\/05\/be45e6c0-8c4a-4159-9b57-d45e0f09b4c7.webp.webp\" alt=\"\" \/><\/p>\n<h2 style=\"text-align: center\">\ud83d\udee0\ufe0f Slik bruker du det<\/h2>\n<ol>\n<li style=\"font-weight: 400\"><span style=\"font-weight: 400\">Velg overflate: avsats, gjerde, vinduskarm osv.<\/span><span style=\"font-weight: 400\"><br \/>\n<\/span><\/li>\n<li style=\"font-weight: 400\"><span style=\"font-weight: 400\">Rengj\u00f8r omr\u00e5det for \u00e5 sikre godt feste.<\/span><span style=\"font-weight: 400\"><br \/>\n<\/span><\/li>\n<li style=\"font-weight: 400\"><span style=\"font-weight: 400\">fest fuglepiggene med skruer, strips eller teip.<\/span><span style=\"font-weight: 400\"><br \/>\n<\/span><\/li>\n<li style=\"font-weight: 400\"><span style=\"font-weight: 400\">s\u00f8rg for at hele omr\u00e5det er dekket for best mulig beskyttelse.<\/span><\/li>\n<\/ol>\n<h2 style=\"text-align: center\">\ud83d\udccf Produktdetaljer<\/h2>\n<ul>\n<li><strong>St\u00f8rrelse<\/strong>: 45*4.5*3.7cm<\/li>\n<li style=\"font-weight: 400\"><span style=\"font-weight: 400\"><strong>Materiale<\/strong>: Spr\u00f8ytest\u00f8pt, v\u00e6rbestandig plast<\/span><span style=\"font-weight: 400\"><br \/>\n<\/span><\/li>\n<li style=\"font-weight: 400\"><span style=\"font-weight: 400\"><strong>Egnet for<\/strong>: Fugler (duer, kr\u00e5ker, m\u00e5ker, spurver osv.) Og klatring av skadedyr<\/span><span style=\"font-weight: 400\"><br \/>\n<\/span><\/li>\n<li style=\"font-weight: 400\"><span style=\"font-weight: 400\"><strong>Anvendelsesomr\u00e5der<\/strong>: Tak, takskjegg, skilt, avsatser, gjerder, vinduskarmer, I-bjelker<\/span><\/li>\n<\/ul>\n<h2 style=\"text-align: center\">\ud83d\udce6 Pakken inneholder<\/h2>\n<ul>\n<li><span style=\"font-weight: 400\">1, 2 eller 4 fuglelister.<\/span><\/li>\n<\/ul>\n","protected":false},"excerpt":{"rendered":"<p>Hold fugler unna\u2014trygt og effektivt! Si farvel til u\u00f8nskede fugler og klatrende skadedyr med denne enkle, trygge og humane l\u00f8sningen. [&hellip;]<\/p>\n","protected":false},"featured_media":19822,"comment_status":"open","ping_status":"closed","template":"","meta":{"site-sidebar-layout":"default","site-content-layout":"","ast-site-content-layout":"default","site-content-style":"default","site-sidebar-style":"default","ast-global-header-display":"","ast-banner-title-visibility":"","ast-main-header-display":"","ast-hfb-above-header-display":"","ast-hfb-below-header-display":"","ast-hfb-mobile-header-display":"","site-post-title":"","ast-breadcrumbs-content":"","ast-featured-img":"","footer-sml-layout":"","theme-transparent-header-meta":"default","adv-header-id-meta":"","stick-header-meta":"","header-above-stick-meta":"","header-main-stick-meta":"","header-below-stick-meta":"","astra-migrate-meta-layouts":"set","ast-page-background-enabled":"default","ast-page-background-meta":{"desktop":{"background-color":"var(--ast-global-color-4)","background-image":"","background-repeat":"repeat","background-position":"center center","background-size":"auto","background-attachment":"scroll","background-type":"","background-media":"","overlay-type":"","overlay-color":"","overlay-opacity":"","overlay-gradient":""},"tablet":{"background-color":"","background-image":"","background-repeat":"repeat","background-position":"center center","background-size":"auto","background-attachment":"scroll","background-type":"","background-media":"","overlay-type":"","overlay-color":"","overlay-opacity":"","overlay-gradient":""},"mobile":{"background-color":"","background-image":"","background-repeat":"repeat","background-position":"center center","background-size":"auto","background-attachment":"scroll","background-type":"","background-media":"","overlay-type":"","overlay-color":"","overlay-opacity":"","overlay-gradient":""}},"ast-content-background-meta":{"desktop":{"background-color":"var(--ast-global-color-5)","background-image":"","background-repeat":"repeat","background-position":"center center","background-size":"auto","background-attachment":"scroll","background-type":"","background-media":"","overlay-type":"","overlay-color":"","overlay-opacity":"","overlay-gradient":""},"tablet":{"background-color":"var(--ast-global-color-5)","background-image":"","background-repeat":"repeat","background-position":"center center","background-size":"auto","background-attachment":"scroll","background-type":"","background-media":"","overlay-type":"","overlay-color":"","overlay-opacity":"","overlay-gradient":""},"mobile":{"background-color":"var(--ast-global-color-5)","background-image":"","background-repeat":"repeat","background-position":"center center","background-size":"auto","background-attachment":"scroll","background-type":"","background-media":"","overlay-type":"","overlay-color":"","overlay-opacity":"","overlay-gradient":""}}},"product_brand":[],"product_cat":[1001],"product_tag":[],"class_list":{"0":"post-19826","1":"product","2":"type-product","3":"status-publish","4":"has-post-thumbnail","6":"product_cat-husholdningsartikler","7":"pa_44510_1z1ccjvo-brun","8":"pa_44510_1z1ccjvo-gra","9":"pa_44510_1z1ccjvo-gronn","10":"pa_44510_1z1ccjvo-hvit","11":"pa_44510_1z1ccjvo-svart","12":"pa_44510_n9vdphmf-1-stk","13":"pa_44510_n9vdphmf-2-stk","14":"pa_44510_n9vdphmf-4-stk","15":"desktop-align-left","16":"tablet-align-left","17":"mobile-align-left","19":"first","20":"instock","21":"shipping-taxable","22":"purchasable","23":"product-type-variable"},"_links":{"self":[{"href":"https:\/\/keluvo.com\/no\/wp-json\/wp\/v2\/product\/19826","targetHints":{"allow":["GET"]}}],"collection":[{"href":"https:\/\/keluvo.com\/no\/wp-json\/wp\/v2\/product"}],"about":[{"href":"https:\/\/keluvo.com\/no\/wp-json\/wp\/v2\/types\/product"}],"replies":[{"embeddable":true,"href":"https:\/\/keluvo.com\/no\/wp-json\/wp\/v2\/comments?post=19826"}],"wp:featuredmedia":[{"embeddable":true,"href":"https:\/\/keluvo.com\/no\/wp-json\/wp\/v2\/media\/19822"}],"wp:attachment":[{"href":"https:\/\/keluvo.com\/no\/wp-json\/wp\/v2\/media?parent=19826"}],"wp:term":[{"taxonomy":"product_brand","embeddable":true,"href":"https:\/\/keluvo.com\/no\/wp-json\/wp\/v2\/product_brand?post=19826"},{"taxonomy":"product_cat","embeddable":true,"href":"https:\/\/keluvo.com\/no\/wp-json\/wp\/v2\/product_cat?post=19826"},{"taxonomy":"product_tag","embeddable":true,"href":"https:\/\/keluvo.com\/no\/wp-json\/wp\/v2\/product_tag?post=19826"}],"curies":[{"name":"wp","href":"https:\/\/api.w.org\/{rel}","templated":true}]}}