{"id":19813,"date":"2025-05-15T11:17:01","date_gmt":"2025-05-15T09:17:01","guid":{"rendered":"https:\/\/keluvo.com\/no\/produkt\/serviettholder\/"},"modified":"2025-05-15T11:17:12","modified_gmt":"2025-05-15T09:17:12","slug":"serviettholder","status":"publish","type":"product","link":"https:\/\/keluvo.com\/no\/produkt\/serviettholder\/","title":{"rendered":"Serviettholder"},"content":{"rendered":"<p style=\"text-align: center\"><strong>\ud83c\udf38Forvandle bordet ditt med bloom-serviettholdere<\/strong><\/p>\n<p style=\"text-align: center\"><span style=\"font-weight: 400\">H\u00f8yne matopplevelsen ved \u00e5 forvandle vanlige papirservietter til fantastiske blomsterdekorasjoner. Serviettholderne bloom er designet for \u00e5 tilf\u00f8re et snev av eleganse og kreativitet til enhver borddekking. Enten du skal ha middagsselskap, feire en spesiell anledning eller bare nyte et m\u00e5ltid med familien, kan du med disse serviettholderne lage vakre blomsterformer av papirservietter. Imponer gjestene dine med unike og fargerike borddekorasjoner som er b\u00e5de morsomme og funksjonelle.<\/span><\/p>\n<p><img decoding=\"async\" class=\"alignnone size-full wp-image-19643 aligncenter\" src=\"https:\/\/keluvo.com\/template\/wp-content\/uploads\/sites\/5\/2025\/05\/Napkinholder-ezgif.com-video-to-webp-converter.webp\" alt=\"\" \/><\/p>\n<h2 style=\"text-align: center\">Hovedfordeler:<\/h2>\n<p><span style=\"font-weight: 400\">\ud83c\udf3c <\/span><b>Elegant design<\/b><span style=\"font-weight: 400\">: Lag rose-, tulipan-, lilje- og amaryllisformer uten problemer.<\/span><\/p>\n<p><span style=\"font-weight: 400\">\ud83c\udf89 <\/span><b>Perfekt til enhver anledning<\/b><span style=\"font-weight: 400\">: Ideell til fest, bryllup, h\u00f8ytider og hverdagsbruk.<\/span><\/p>\n<p><span style=\"font-weight: 400\">\ud83e\udde0 <\/span><b>Enkel \u00e5 bruke<\/b><span style=\"font-weight: 400\">: Enkel brett- og vrimekanisme forvandler servietter til blomster.<\/span><\/p>\n<p><span style=\"font-weight: 400\">\ud83e\uddfd <\/span><b>Slitesterkt materiale<\/b><span style=\"font-weight: 400\">: Laget av robust ABS-plast for langvarig bruk.<\/span><\/p>\n<p><span style=\"font-weight: 400\">\ud83c\udf81 <\/span><b>Flott gaveid\u00e9<\/b><span style=\"font-weight: 400\">: En gjennomtenkt og kreativ gave til verter og vertinner.<\/span><\/p>\n<p><img decoding=\"async\" class=\"alignnone size-full wp-image-19641 aligncenter\" src=\"https:\/\/keluvo.com\/template\/wp-content\/uploads\/sites\/5\/2025\/05\/Sdcb15725d0cb4699b85c8d78fca0f5dcY.jpg_960x960q75.jpg_.jpeg\" alt=\"\" \/><\/p>\n<h2 style=\"text-align: center\">Hvordan du bruker:<\/h2>\n<ol>\n<li style=\"font-weight: 400\"><b>Brett<\/b><span style=\"font-weight: 400\">: Ta en firkantet papirserviett og brett den i to.<\/span><span style=\"font-weight: 400\"><br \/>\n<\/span><\/li>\n<li style=\"font-weight: 400\"><b>Sett inn<\/b><span style=\"font-weight: 400\">: Plasser den brettede servietten i sporet p\u00e5 blomsterserviettholderen.<\/span><\/li>\n<li style=\"font-weight: 400\"><b style=\"font-style: inherit\">Vri<\/b><span style=\"font-weight: 400\">: Vri forsiktig p\u00e5 holderen for \u00e5 forme servietten til en blomst.<\/span><\/li>\n<\/ol>\n<h2 style=\"text-align: center\">Produktdetaljer:<\/h2>\n<ul>\n<li style=\"font-weight: 400\"><b>Materiale<\/b><span style=\"font-weight: 400\">: Gr\u00f8nn ABS-plast<\/span><span style=\"font-weight: 400\"><br \/>\n<\/span><\/li>\n<li style=\"font-weight: 400\"><b>Dimensjoner<\/b><span style=\"font-weight: 400\">: Hver holder m\u00e5ler ca. 20 x 5,5 cm<\/span><\/li>\n<li style=\"font-weight: 400\"><span style=\"font-weight: 400\"><b style=\"font-style: inherit\">Kompatibilitet<\/b><span style=\"font-weight: 400\">: Designet for bruk med standard firkantede papirservietter<\/span><\/span><\/li>\n<\/ul>\n<h2 style=\"text-align: center\">Pakken inkluderer:<\/h2>\n<ul>\n<li><span style=\"font-weight: 400\">Sett med 4 \/ 8 \/ 12 \/ 24 x serviettholdere.<\/span><\/li>\n<\/ul>\n","protected":false},"excerpt":{"rendered":"<p>\ud83c\udf38Forvandle bordet ditt med bloom-serviettholdere H\u00f8yne matopplevelsen ved \u00e5 forvandle vanlige papirservietter til fantastiske blomsterdekorasjoner. Serviettholderne bloom er designet for [&hellip;]<\/p>\n","protected":false},"featured_media":19809,"comment_status":"open","ping_status":"closed","template":"","meta":{"site-sidebar-layout":"default","site-content-layout":"","ast-site-content-layout":"default","site-content-style":"default","site-sidebar-style":"default","ast-global-header-display":"","ast-banner-title-visibility":"","ast-main-header-display":"","ast-hfb-above-header-display":"","ast-hfb-below-header-display":"","ast-hfb-mobile-header-display":"","site-post-title":"","ast-breadcrumbs-content":"","ast-featured-img":"","footer-sml-layout":"","theme-transparent-header-meta":"default","adv-header-id-meta":"","stick-header-meta":"","header-above-stick-meta":"","header-main-stick-meta":"","header-below-stick-meta":"","astra-migrate-meta-layouts":"set","ast-page-background-enabled":"default","ast-page-background-meta":{"desktop":{"background-color":"var(--ast-global-color-4)","background-image":"","background-repeat":"repeat","background-position":"center center","background-size":"auto","background-attachment":"scroll","background-type":"","background-media":"","overlay-type":"","overlay-color":"","overlay-opacity":"","overlay-gradient":""},"tablet":{"background-color":"","background-image":"","background-repeat":"repeat","background-position":"center center","background-size":"auto","background-attachment":"scroll","background-type":"","background-media":"","overlay-type":"","overlay-color":"","overlay-opacity":"","overlay-gradient":""},"mobile":{"background-color":"","background-image":"","background-repeat":"repeat","background-position":"center center","background-size":"auto","background-attachment":"scroll","background-type":"","background-media":"","overlay-type":"","overlay-color":"","overlay-opacity":"","overlay-gradient":""}},"ast-content-background-meta":{"desktop":{"background-color":"var(--ast-global-color-5)","background-image":"","background-repeat":"repeat","background-position":"center center","background-size":"auto","background-attachment":"scroll","background-type":"","background-media":"","overlay-type":"","overlay-color":"","overlay-opacity":"","overlay-gradient":""},"tablet":{"background-color":"var(--ast-global-color-5)","background-image":"","background-repeat":"repeat","background-position":"center center","background-size":"auto","background-attachment":"scroll","background-type":"","background-media":"","overlay-type":"","overlay-color":"","overlay-opacity":"","overlay-gradient":""},"mobile":{"background-color":"var(--ast-global-color-5)","background-image":"","background-repeat":"repeat","background-position":"center center","background-size":"auto","background-attachment":"scroll","background-type":"","background-media":"","overlay-type":"","overlay-color":"","overlay-opacity":"","overlay-gradient":""}}},"product_brand":[],"product_cat":[993],"product_tag":[],"class_list":{"0":"post-19813","1":"product","2":"type-product","3":"status-publish","4":"has-post-thumbnail","6":"product_cat-skotoy-tilbehor","7":"pa_41277_w3yst68p-12-stk","8":"pa_41277_w3yst68p-24-stk","9":"pa_41277_w3yst68p-4-stk","10":"pa_41277_w3yst68p-8-stk","11":"desktop-align-left","12":"tablet-align-left","13":"mobile-align-left","15":"first","16":"instock","17":"shipping-taxable","18":"purchasable","19":"product-type-variable"},"_links":{"self":[{"href":"https:\/\/keluvo.com\/no\/wp-json\/wp\/v2\/product\/19813","targetHints":{"allow":["GET"]}}],"collection":[{"href":"https:\/\/keluvo.com\/no\/wp-json\/wp\/v2\/product"}],"about":[{"href":"https:\/\/keluvo.com\/no\/wp-json\/wp\/v2\/types\/product"}],"replies":[{"embeddable":true,"href":"https:\/\/keluvo.com\/no\/wp-json\/wp\/v2\/comments?post=19813"}],"wp:featuredmedia":[{"embeddable":true,"href":"https:\/\/keluvo.com\/no\/wp-json\/wp\/v2\/media\/19809"}],"wp:attachment":[{"href":"https:\/\/keluvo.com\/no\/wp-json\/wp\/v2\/media?parent=19813"}],"wp:term":[{"taxonomy":"product_brand","embeddable":true,"href":"https:\/\/keluvo.com\/no\/wp-json\/wp\/v2\/product_brand?post=19813"},{"taxonomy":"product_cat","embeddable":true,"href":"https:\/\/keluvo.com\/no\/wp-json\/wp\/v2\/product_cat?post=19813"},{"taxonomy":"product_tag","embeddable":true,"href":"https:\/\/keluvo.com\/no\/wp-json\/wp\/v2\/product_tag?post=19813"}],"curies":[{"name":"wp","href":"https:\/\/api.w.org\/{rel}","templated":true}]}}