{"id":19756,"date":"2025-05-15T11:12:08","date_gmt":"2025-05-15T09:12:08","guid":{"rendered":"https:\/\/keluvo.com\/no\/produkt\/smykkeskrin\/"},"modified":"2025-05-15T11:12:16","modified_gmt":"2025-05-15T09:12:16","slug":"smykkeskrin","status":"publish","type":"product","link":"https:\/\/keluvo.com\/no\/produkt\/smykkeskrin\/","title":{"rendered":"Smykkeskrin"},"content":{"rendered":"<p style=\"text-align: center\"><strong>\ud83d\udc8d Hold smykkene dine trygge og stilige med dette elegante smykkeskrinet!<\/strong><\/p>\n<p style=\"text-align: center\"><span style=\"font-weight: 400\">Organiser favoritttilbeh\u00f8ret ditt enkelt ved hjelp av dette vakkert utformede smykkeskrinet. Det er laget av f\u00f8rsteklasses syntetisk skinn og foret med myk perlefl\u00f8yel, og beskytter ringer, \u00f8reringer, halskjeder og mer mot riper, st\u00f8v og skader. Enten du er hjemme eller p\u00e5 farten, holder dette kompakte etuiet alt p\u00e5 plass. Perfekt som en personlig gave eller en omtenksom gave, det er et must for alle som elsker \u00e5 holde smykkene sine ryddige og fri for floker.<\/span><\/p>\n<p><img decoding=\"async\" class=\"alignnone size-full wp-image-19477 aligncenter\" src=\"https:\/\/keluvo.com\/template\/wp-content\/uploads\/sites\/5\/2025\/05\/H92ba9a55540142f7b168104af0a7312az.jpg_960x960q75.jpg_.jpeg\" alt=\"\" \/><\/p>\n<h2 style=\"text-align: center\">\ud83c\udf1f Hovedfordeler<\/h2>\n<p><span style=\"font-weight: 400\">\u2728 <\/span><b>Elegant og kompakt design<\/b><span style=\"font-weight: 400\"> &#8211; Elegant, minimal stil perfekt for alle omgivelser.<\/span><\/p>\n<p><span style=\"font-weight: 400\">\ud83d\udd10 <\/span><b>Sikker lukking<\/b><span style=\"font-weight: 400\"> &#8211; Spennedesign holder innholdet trygt lagret.<\/span><\/p>\n<p><span style=\"font-weight: 400\">\ud83e\uddf3 <\/span><b>Reisevennlig<\/b><span style=\"font-weight: 400\"> &#8211; Lett og b\u00e6rbar, ideell for h\u00e5ndvesker og turer.<\/span><\/p>\n<p><span style=\"font-weight: 400\">\ud83d\udee1\ufe0f <\/span><b>Smykkebeskyttelse<\/b><span style=\"font-weight: 400\"> &#8211; Mykt flanellf\u00f4r beskytter mot riper og st\u00f8v.<\/span><\/p>\n<p><span style=\"font-weight: 400\">\ud83c\udf81 <\/span><b>Flott gaveid\u00e9<\/b><span style=\"font-weight: 400\"> &#8211; En sjarmerende gave til bursdager, bryllup eller h\u00f8ytider.<\/span><\/p>\n<p><img decoding=\"async\" class=\"alignnone size-full wp-image-19478 aligncenter\" src=\"https:\/\/keluvo.com\/template\/wp-content\/uploads\/sites\/5\/2025\/05\/H99a6560f3fc148fb8ebde339c2f617028.jpg_960x960q75.jpg_.jpeg\" alt=\"\" \/><\/p>\n<h2 style=\"text-align: center\">\ud83d\udee0\ufe0f Slik bruker du den<\/h2>\n<ol>\n<li style=\"font-weight: 400\"><span style=\"font-weight: 400\">\u00c5pne spennelukkingen for \u00e5 f\u00e5 tilgang til rommene.<\/span><span style=\"font-weight: 400\"><br \/>\n<\/span><\/li>\n<li style=\"font-weight: 400\"><span style=\"font-weight: 400\">Plasser ringer, \u00f8redobber, halskjeder eller annet tilbeh\u00f8r i de angitte rommene.<\/span><span style=\"font-weight: 400\"><br \/>\n<\/span><\/li>\n<li style=\"font-weight: 400\"><span style=\"font-weight: 400\">Lukk sikkert for \u00e5 holde smykkene trygge hjemme eller p\u00e5 reise.<\/span><\/li>\n<\/ol>\n<h2 style=\"text-align: center\">\ud83d\udccf Produktdetaljer<\/h2>\n<ul>\n<li style=\"font-weight: 400\"><span style=\"font-weight: 400\">Eksteri\u00f8rmateriale: F\u00f8rsteklasses PU-syntetisk skinn<\/span><span style=\"font-weight: 400\"><br \/>\n<\/span><\/li>\n<li style=\"font-weight: 400\"><span style=\"font-weight: 400\">Innvendig: F\u00f4r av perleflanell<\/span><span style=\"font-weight: 400\"><br \/>\n<\/span><\/li>\n<li style=\"font-weight: 400\"><span style=\"font-weight: 400\">Funksjoner: Anti-riper, vanntett, luktfri, fuktsikker<\/span><span style=\"font-weight: 400\"><br \/>\n<\/span><\/li>\n<li style=\"font-weight: 400\"><span style=\"font-weight: 400\">St\u00f8rrelse: Kompakt og lett \u00e5 f\u00e5 plass i vesker eller ryggsekker<\/span><\/li>\n<\/ul>\n<h2 style=\"text-align: center\">\ud83d\udce6 Pakken inkluderer<\/h2>\n<ul>\n<li style=\"font-weight: 400\"><span style=\"font-weight: 400\">1 \u00d7 smykkeskrin.<\/span><\/li>\n<\/ul>\n","protected":false},"excerpt":{"rendered":"<p>\ud83d\udc8d Hold smykkene dine trygge og stilige med dette elegante smykkeskrinet! Organiser favoritttilbeh\u00f8ret ditt enkelt ved hjelp av dette vakkert [&hellip;]<\/p>\n","protected":false},"featured_media":19752,"comment_status":"open","ping_status":"closed","template":"","meta":{"site-sidebar-layout":"default","site-content-layout":"","ast-site-content-layout":"default","site-content-style":"default","site-sidebar-style":"default","ast-global-header-display":"","ast-banner-title-visibility":"","ast-main-header-display":"","ast-hfb-above-header-display":"","ast-hfb-below-header-display":"","ast-hfb-mobile-header-display":"","site-post-title":"","ast-breadcrumbs-content":"","ast-featured-img":"","footer-sml-layout":"","theme-transparent-header-meta":"default","adv-header-id-meta":"","stick-header-meta":"","header-above-stick-meta":"","header-main-stick-meta":"","header-below-stick-meta":"","astra-migrate-meta-layouts":"set","ast-page-background-enabled":"default","ast-page-background-meta":{"desktop":{"background-color":"var(--ast-global-color-4)","background-image":"","background-repeat":"repeat","background-position":"center center","background-size":"auto","background-attachment":"scroll","background-type":"","background-media":"","overlay-type":"","overlay-color":"","overlay-opacity":"","overlay-gradient":""},"tablet":{"background-color":"","background-image":"","background-repeat":"repeat","background-position":"center center","background-size":"auto","background-attachment":"scroll","background-type":"","background-media":"","overlay-type":"","overlay-color":"","overlay-opacity":"","overlay-gradient":""},"mobile":{"background-color":"","background-image":"","background-repeat":"repeat","background-position":"center center","background-size":"auto","background-attachment":"scroll","background-type":"","background-media":"","overlay-type":"","overlay-color":"","overlay-opacity":"","overlay-gradient":""}},"ast-content-background-meta":{"desktop":{"background-color":"var(--ast-global-color-5)","background-image":"","background-repeat":"repeat","background-position":"center center","background-size":"auto","background-attachment":"scroll","background-type":"","background-media":"","overlay-type":"","overlay-color":"","overlay-opacity":"","overlay-gradient":""},"tablet":{"background-color":"var(--ast-global-color-5)","background-image":"","background-repeat":"repeat","background-position":"center center","background-size":"auto","background-attachment":"scroll","background-type":"","background-media":"","overlay-type":"","overlay-color":"","overlay-opacity":"","overlay-gradient":""},"mobile":{"background-color":"var(--ast-global-color-5)","background-image":"","background-repeat":"repeat","background-position":"center center","background-size":"auto","background-attachment":"scroll","background-type":"","background-media":"","overlay-type":"","overlay-color":"","overlay-opacity":"","overlay-gradient":""}}},"product_brand":[],"product_cat":[993],"product_tag":[],"class_list":{"0":"post-19756","1":"product","2":"type-product","3":"status-publish","4":"has-post-thumbnail","6":"product_cat-skotoy-tilbehor","7":"pa_42280_s9zrsufs-bla","8":"pa_42280_s9zrsufs-gra","9":"pa_42280_s9zrsufs-rosa","10":"pa_42280_s9zrsufs-svart","11":"desktop-align-left","12":"tablet-align-left","13":"mobile-align-left","15":"first","16":"instock","17":"shipping-taxable","18":"purchasable","19":"product-type-variable"},"_links":{"self":[{"href":"https:\/\/keluvo.com\/no\/wp-json\/wp\/v2\/product\/19756","targetHints":{"allow":["GET"]}}],"collection":[{"href":"https:\/\/keluvo.com\/no\/wp-json\/wp\/v2\/product"}],"about":[{"href":"https:\/\/keluvo.com\/no\/wp-json\/wp\/v2\/types\/product"}],"replies":[{"embeddable":true,"href":"https:\/\/keluvo.com\/no\/wp-json\/wp\/v2\/comments?post=19756"}],"wp:featuredmedia":[{"embeddable":true,"href":"https:\/\/keluvo.com\/no\/wp-json\/wp\/v2\/media\/19752"}],"wp:attachment":[{"href":"https:\/\/keluvo.com\/no\/wp-json\/wp\/v2\/media?parent=19756"}],"wp:term":[{"taxonomy":"product_brand","embeddable":true,"href":"https:\/\/keluvo.com\/no\/wp-json\/wp\/v2\/product_brand?post=19756"},{"taxonomy":"product_cat","embeddable":true,"href":"https:\/\/keluvo.com\/no\/wp-json\/wp\/v2\/product_cat?post=19756"},{"taxonomy":"product_tag","embeddable":true,"href":"https:\/\/keluvo.com\/no\/wp-json\/wp\/v2\/product_tag?post=19756"}],"curies":[{"name":"wp","href":"https:\/\/api.w.org\/{rel}","templated":true}]}}