{"id":19542,"date":"2025-05-14T14:21:11","date_gmt":"2025-05-14T12:21:11","guid":{"rendered":"https:\/\/keluvo.com\/no\/produkt\/sveisestenger\/"},"modified":"2025-05-14T14:21:28","modified_gmt":"2025-05-14T12:21:28","slug":"sveisestenger","status":"publish","type":"product","link":"https:\/\/keluvo.com\/no\/produkt\/sveisestenger\/","title":{"rendered":"Sveisestenger"},"content":{"rendered":"<p style=\"text-align: center\"><strong>\ud83d\udd25 Raske, enkle reparasjoner &#8211; alt-i-ett-sveisestaver for hjemmebruk og profesjonell bruk!<\/strong><\/p>\n<p style=\"text-align: center\"><span style=\"font-weight: 400\">Disse multifunksjonelle sveisestavene gj\u00f8r metallreparasjoner enkle og effektive &#8211; perfekt for gj\u00f8r-det-selv-folk, h\u00e5ndverkere og profesjonelle som jobber med aluminium, rustfritt st\u00e5l, kobber og mer. Disse stavene er utformet med en aluminiumskjerne og selvforsynt flussmiddel, og krever ikke ekstra pulver eller verkt\u00f8y &#8211; bare varm opp, smelt og fiks. Ideell for r\u00f8rleggerarbeid, elektronikk, bilreparasjoner og sveiseoppgaver i husholdningen.<\/span><\/p>\n<p><img decoding=\"async\" class=\"alignnone size-full wp-image-19170 aligncenter\" src=\"https:\/\/keluvo.com\/template\/wp-content\/uploads\/sites\/5\/2025\/05\/e975390c-c9d1-4614-8f16-1b3d39465bcc.gif-ezgif.com-gif-to-webp-converter.webp\" alt=\"\" \/><\/p>\n<h2 style=\"text-align: center\">\ud83c\udf1f Hovedinnhold<\/h2>\n<ul>\n<li style=\"font-weight: 400\"><span style=\"font-weight: 400\">\ud83d\udee0\ufe0f <\/span><b>Bruk i flere materialer<\/b><span style=\"font-weight: 400\"> \u2013 Sveis aluminium, rustfritt st\u00e5l, kobber og mer.<\/span><span style=\"font-weight: 400\"><br \/>\n<\/span><\/li>\n<li style=\"font-weight: 400\"><span style=\"font-weight: 400\">\u26a1 <\/span><b>Ingen ekstra flussmiddel n\u00f8dvendig<\/b><span style=\"font-weight: 400\"> \u2013 Selvflytende stenger for raske og rene reparasjoner.<\/span><span style=\"font-weight: 400\"><br \/>\n<\/span><\/li>\n<li style=\"font-weight: 400\"><span style=\"font-weight: 400\">\ud83d\udd25 <\/span><b>Enkel \u00e5 bruke<\/b><span style=\"font-weight: 400\"> \u2013 Bruk med en lighter eller lommelykt; ingen spesialutstyr kreves.<\/span><span style=\"font-weight: 400\"><br \/>\n<\/span><\/li>\n<li style=\"font-weight: 400\"><span style=\"font-weight: 400\">\ud83e\uddf0 <\/span><b>Allsidige bruksomr\u00e5der<\/b><span style=\"font-weight: 400\"> \u2013 Perfekt for r\u00f8r, tanker, ledninger, kretser og beslag.<\/span><\/li>\n<li style=\"font-weight: 400\"><span style=\"font-weight: 400\">\ud83e\uddfd <b style=\"font-style: inherit\">Rask liming<\/b><span style=\"font-weight: 400\"> \u2013 Rask t\u00f8rking og solid liming med riktig overflatebehandling.<\/span><\/span><\/li>\n<\/ul>\n<p style=\"text-align: center\"><img decoding=\"async\" class=\"alignnone size-full wp-image-19167\" src=\"https:\/\/keluvo.com\/template\/wp-content\/uploads\/sites\/5\/2025\/05\/Scdc40436c49842fe937743227440ef4dh.jpg_960x960q75.jpg_.jpeg\" alt=\"\" \/><\/p>\n<h2 style=\"text-align: center\">\ud83d\udee0\ufe0f Slik bruker du det<\/h2>\n<ol>\n<li style=\"font-weight: 400\"><span style=\"font-weight: 400\">Rengj\u00f8r og poler overflaten for \u00e5 fjerne rust og rusk.<\/span><span style=\"font-weight: 400\"><br \/>\n<\/span><\/li>\n<li style=\"font-weight: 400\"><span style=\"font-weight: 400\">Fest delene p\u00e5 plass og begynn \u00e5 varme opp sveisestangen.<\/span><span style=\"font-weight: 400\"><br \/>\n<\/span><\/li>\n<li style=\"font-weight: 400\"><span style=\"font-weight: 400\">La stangen smelte og dryppe p\u00e5 skj\u00f8ten.<\/span><span style=\"font-weight: 400\"><br \/>\n<\/span><\/li>\n<li style=\"font-weight: 400\"><span style=\"font-weight: 400\">Hold i 5 minutter, og la den deretter hvile i 30 minutter for \u00e5 kj\u00f8le seg helt ned og stivne.<\/span><\/li>\n<\/ol>\n<h2 style=\"text-align: center\">\ud83d\udccf Produktdetaljer<\/h2>\n<ul>\n<li style=\"font-weight: 400\"><span style=\"font-weight: 400\">Materiale: Kobber og aluminiumslegering<\/span><span style=\"font-weight: 400\"><br \/>\n<\/span><\/li>\n<li style=\"font-weight: 400\"><span style=\"font-weight: 400\">St\u00f8rrelse: 9 \u00d7 70 mm<\/span><span style=\"font-weight: 400\"><br \/>\n<\/span><\/li>\n<li style=\"font-weight: 400\"><span style=\"font-weight: 400\">Bruk: Sveising av rustfritt st\u00e5l, aluminium, kobber, elektroniske komponenter, r\u00f8r og mer<\/span><span style=\"font-weight: 400\"><br \/>\n<\/span><\/li>\n<li style=\"font-weight: 400\"><span style=\"font-weight: 400\">Funksjoner: Selvflytende, ingen ekstern fluss n\u00f8dvendig, rask og holdbar liming<\/span><\/li>\n<\/ul>\n<h2 style=\"text-align: center\">\ud83d\udce6 Pakken inneholder<\/h2>\n<ul>\n<li><span style=\"font-weight: 400\">3 \/ 6 \/ 9 \/ 15 \/ 30 \u00d7 sveisestenger.<\/span><\/li>\n<\/ul>\n","protected":false},"excerpt":{"rendered":"<p>\ud83d\udd25 Raske, enkle reparasjoner &#8211; alt-i-ett-sveisestaver for hjemmebruk og profesjonell bruk! Disse multifunksjonelle sveisestavene gj\u00f8r metallreparasjoner enkle og effektive &#8211; [&hellip;]<\/p>\n","protected":false},"featured_media":19538,"comment_status":"open","ping_status":"closed","template":"","meta":{"site-sidebar-layout":"default","site-content-layout":"","ast-site-content-layout":"default","site-content-style":"default","site-sidebar-style":"default","ast-global-header-display":"","ast-banner-title-visibility":"","ast-main-header-display":"","ast-hfb-above-header-display":"","ast-hfb-below-header-display":"","ast-hfb-mobile-header-display":"","site-post-title":"","ast-breadcrumbs-content":"","ast-featured-img":"","footer-sml-layout":"","theme-transparent-header-meta":"default","adv-header-id-meta":"","stick-header-meta":"","header-above-stick-meta":"","header-main-stick-meta":"","header-below-stick-meta":"","astra-migrate-meta-layouts":"set","ast-page-background-enabled":"default","ast-page-background-meta":{"desktop":{"background-color":"var(--ast-global-color-4)","background-image":"","background-repeat":"repeat","background-position":"center center","background-size":"auto","background-attachment":"scroll","background-type":"","background-media":"","overlay-type":"","overlay-color":"","overlay-opacity":"","overlay-gradient":""},"tablet":{"background-color":"","background-image":"","background-repeat":"repeat","background-position":"center center","background-size":"auto","background-attachment":"scroll","background-type":"","background-media":"","overlay-type":"","overlay-color":"","overlay-opacity":"","overlay-gradient":""},"mobile":{"background-color":"","background-image":"","background-repeat":"repeat","background-position":"center center","background-size":"auto","background-attachment":"scroll","background-type":"","background-media":"","overlay-type":"","overlay-color":"","overlay-opacity":"","overlay-gradient":""}},"ast-content-background-meta":{"desktop":{"background-color":"var(--ast-global-color-5)","background-image":"","background-repeat":"repeat","background-position":"center center","background-size":"auto","background-attachment":"scroll","background-type":"","background-media":"","overlay-type":"","overlay-color":"","overlay-opacity":"","overlay-gradient":""},"tablet":{"background-color":"var(--ast-global-color-5)","background-image":"","background-repeat":"repeat","background-position":"center center","background-size":"auto","background-attachment":"scroll","background-type":"","background-media":"","overlay-type":"","overlay-color":"","overlay-opacity":"","overlay-gradient":""},"mobile":{"background-color":"var(--ast-global-color-5)","background-image":"","background-repeat":"repeat","background-position":"center center","background-size":"auto","background-attachment":"scroll","background-type":"","background-media":"","overlay-type":"","overlay-color":"","overlay-opacity":"","overlay-gradient":""}}},"product_brand":[],"product_cat":[993],"product_tag":[],"class_list":{"0":"post-19542","1":"product","2":"type-product","3":"status-publish","4":"has-post-thumbnail","6":"product_cat-skotoy-tilbehor","7":"pa_29302_6stsfs1h-15-stk","8":"pa_29302_6stsfs1h-3-stk","9":"pa_29302_6stsfs1h-30-stk","10":"pa_29302_6stsfs1h-6-stk","11":"pa_29302_6stsfs1h-9-stk","12":"desktop-align-left","13":"tablet-align-left","14":"mobile-align-left","16":"first","17":"instock","18":"shipping-taxable","19":"purchasable","20":"product-type-variable"},"_links":{"self":[{"href":"https:\/\/keluvo.com\/no\/wp-json\/wp\/v2\/product\/19542","targetHints":{"allow":["GET"]}}],"collection":[{"href":"https:\/\/keluvo.com\/no\/wp-json\/wp\/v2\/product"}],"about":[{"href":"https:\/\/keluvo.com\/no\/wp-json\/wp\/v2\/types\/product"}],"replies":[{"embeddable":true,"href":"https:\/\/keluvo.com\/no\/wp-json\/wp\/v2\/comments?post=19542"}],"wp:featuredmedia":[{"embeddable":true,"href":"https:\/\/keluvo.com\/no\/wp-json\/wp\/v2\/media\/19538"}],"wp:attachment":[{"href":"https:\/\/keluvo.com\/no\/wp-json\/wp\/v2\/media?parent=19542"}],"wp:term":[{"taxonomy":"product_brand","embeddable":true,"href":"https:\/\/keluvo.com\/no\/wp-json\/wp\/v2\/product_brand?post=19542"},{"taxonomy":"product_cat","embeddable":true,"href":"https:\/\/keluvo.com\/no\/wp-json\/wp\/v2\/product_cat?post=19542"},{"taxonomy":"product_tag","embeddable":true,"href":"https:\/\/keluvo.com\/no\/wp-json\/wp\/v2\/product_tag?post=19542"}],"curies":[{"name":"wp","href":"https:\/\/api.w.org\/{rel}","templated":true}]}}