{"id":19445,"date":"2025-05-14T14:12:02","date_gmt":"2025-05-14T12:12:02","guid":{"rendered":"https:\/\/keluvo.com\/no\/produkt\/sett-med-gronnsakskuttere\/"},"modified":"2025-05-14T14:12:07","modified_gmt":"2025-05-14T12:12:07","slug":"sett-med-gronnsakskuttere","status":"publish","type":"product","link":"https:\/\/keluvo.com\/no\/produkt\/sett-med-gronnsakskuttere\/","title":{"rendered":"Sett med gr\u00f8nnsakskuttere"},"content":{"rendered":"<p style=\"text-align: center\"><strong>\ud83e\udd55 Skj\u00e6r, strimle og tilbered med letthet \u2013 alt-i-ett-gr\u00f8nnsakskuttersett!<\/strong><\/p>\n<p style=\"text-align: center\"><span style=\"font-weight: 400\">Gj\u00f8r matlagingen raskere, tryggere og mer effektiv med dette multifunksjonelle gr\u00f8nnsakskuttersettet\u2014perfekt for \u00e5 skj\u00e6re, terningkaste og strimle alle favorittfruktene og -gr\u00f8nnsakene dine. Denne milj\u00f8vennlige skj\u00e6remaskinen er utstyrt med slitesterke kniver i rustfritt st\u00e5l og et manuelt trykkplatesystem, slik at du kan skj\u00e6re med kontroll og selvtillit. Den er enkel \u00e5 rengj\u00f8re, enkel \u00e5 bruke og ideell til alt fra gulr\u00f8tter til salater.<\/span><\/p>\n<p><img decoding=\"async\" class=\"alignnone size-full wp-image-19081 aligncenter\" src=\"https:\/\/keluvo.com\/template\/wp-content\/uploads\/sites\/5\/2025\/05\/Vegetablecutterset-ezgif.com-video-to-webp-converter.webp\" alt=\"\" \/><\/p>\n<h2 style=\"text-align: center\"><strong>\ud83c\udf1f Hovedfordeler<\/strong><\/h2>\n<ul>\n<li style=\"font-weight: 400\"><span style=\"font-weight: 400\">\ud83d\udd2a <\/span><b>Skarpe kniver i rustfritt st\u00e5l<\/b><span style=\"font-weight: 400\"> \u2013 Langvarig og effektiv skj\u00e6rekraft.<\/span><span style=\"font-weight: 400\"><br \/>\n<\/span><\/li>\n<li style=\"font-weight: 400\"><span style=\"font-weight: 400\">\ud83e\udd57 <\/span><b>Manuell presisjonskontroll<\/b><span style=\"font-weight: 400\"> \u2013 Skj\u00e6r og strimler enkelt, uten behov for str\u00f8m.<\/span><span style=\"font-weight: 400\"><br \/>\n<\/span><\/li>\n<li style=\"font-weight: 400\"><span style=\"font-weight: 400\">\ud83c\udf31 <\/span><b>Milj\u00f8vennlige materialer<\/b><span style=\"font-weight: 400\"> \u2013 Laget av b\u00e6rekraftig hvetestr\u00e5 og PP-plast.<\/span><span style=\"font-weight: 400\"><br \/>\n<\/span><\/li>\n<li style=\"font-weight: 400\"><span style=\"font-weight: 400\">\ud83e\uddfd <\/span><b>Enkel \u00e5 rengj\u00f8re<\/b><span style=\"font-weight: 400\"> \u2013 Rask skylling og trykk-for-\u00e5-rengj\u00f8re-design sparer tid.<\/span><\/li>\n<li style=\"font-weight: 400\"><span style=\"font-weight: 400\">\ud83c\udf60 <b style=\"font-style: inherit\">Allsidig bruk<\/b><span style=\"font-weight: 400\"> \u2013 Perfekt til poteter, gulr\u00f8tter, agurker og mer.<\/span><\/span><\/li>\n<\/ul>\n<p style=\"text-align: center\"><img decoding=\"async\" class=\"alignnone size-full wp-image-19071\" src=\"https:\/\/keluvo.com\/template\/wp-content\/uploads\/sites\/5\/2025\/05\/4d09a851-baad-4941-8e5b-d2199c617c12.webp.webp\" alt=\"\" \/><\/p>\n<h2 style=\"text-align: center\"><strong>\ud83d\udee0\ufe0f Slik Bruker Du Det<\/strong><\/h2>\n<ol>\n<li style=\"font-weight: 400\"><span style=\"font-weight: 400\">Sett inn bladet ved \u00e5 vippe det inn i sporet og trykk forsiktig ned.<\/span><span style=\"font-weight: 400\"><br \/>\n<\/span><\/li>\n<li style=\"font-weight: 400\"><span style=\"font-weight: 400\">Plasser gr\u00f8nnsaken i trykkplaten.<\/span><span style=\"font-weight: 400\"><br \/>\n<\/span><\/li>\n<li style=\"font-weight: 400\"><span style=\"font-weight: 400\">Juster lengden etter behov, trykk ned p\u00e5 den hvite blokken for \u00e5 skj\u00e6re.<\/span><span style=\"font-weight: 400\"><br \/>\n<\/span><\/li>\n<li style=\"font-weight: 400\"><span style=\"font-weight: 400\">Etter bruk, trykk p\u00e5 den hvite sirkelen p\u00e5 hovedkortet, skyll med vann og avslutt rengj\u00f8ringen.<\/span><\/li>\n<\/ol>\n<h2 style=\"text-align: center\"><strong>\ud83d\udccf Produktdetaljer<\/strong><\/h2>\n<ul>\n<li style=\"font-weight: 400\"><span style=\"font-weight: 400\">Materialer: Hvetestr\u00e5 + PP (milj\u00f8vennlig), kniver i rustfritt st\u00e5l<\/span><span style=\"font-weight: 400\"><br \/>\n<\/span><\/li>\n<li style=\"font-weight: 400\"><span style=\"font-weight: 400\">Vekt: 450 g (inkludert eske)<\/span><span style=\"font-weight: 400\"><br \/>\n<\/span><\/li>\n<li style=\"font-weight: 400\"><span style=\"font-weight: 400\">Bruk: For kutting og strimling av forskjellige gr\u00f8nnsaker og frukt<\/span><\/li>\n<\/ul>\n<h2 style=\"text-align: center\"><strong>\ud83d\udce6 Pakken Inkluderer<\/strong><\/h2>\n<ul>\n<li style=\"font-weight: 400\"><span style=\"font-weight: 400\">1 \u00d7 gr\u00f8nnsakskutterbase<\/span><span style=\"font-weight: 400\"><br \/>\n<\/span><\/li>\n<li style=\"font-weight: 400\"><span style=\"font-weight: 400\">Flere utskiftbare kniver<\/span><span style=\"font-weight: 400\"><br \/>\n<\/span><\/li>\n<li style=\"font-weight: 400\"><span style=\"font-weight: 400\">1 \u00d7 trykkplate<\/span><span style=\"font-weight: 400\"><br \/>\n<\/span><\/li>\n<li style=\"font-weight: 400\"><span style=\"font-weight: 400\">1 \u00d7 rengj\u00f8ringsverkt\u00f8y (festet mekanisme).<\/span><\/li>\n<\/ul>\n","protected":false},"excerpt":{"rendered":"<p>\ud83e\udd55 Skj\u00e6r, strimle og tilbered med letthet \u2013 alt-i-ett-gr\u00f8nnsakskuttersett! Gj\u00f8r matlagingen raskere, tryggere og mer effektiv med dette multifunksjonelle gr\u00f8nnsakskuttersettet\u2014perfekt [&hellip;]<\/p>\n","protected":false},"featured_media":19441,"comment_status":"open","ping_status":"closed","template":"","meta":{"site-sidebar-layout":"default","site-content-layout":"","ast-site-content-layout":"default","site-content-style":"default","site-sidebar-style":"default","ast-global-header-display":"","ast-banner-title-visibility":"","ast-main-header-display":"","ast-hfb-above-header-display":"","ast-hfb-below-header-display":"","ast-hfb-mobile-header-display":"","site-post-title":"","ast-breadcrumbs-content":"","ast-featured-img":"","footer-sml-layout":"","theme-transparent-header-meta":"default","adv-header-id-meta":"","stick-header-meta":"","header-above-stick-meta":"","header-main-stick-meta":"","header-below-stick-meta":"","astra-migrate-meta-layouts":"set","ast-page-background-enabled":"default","ast-page-background-meta":{"desktop":{"background-color":"var(--ast-global-color-4)","background-image":"","background-repeat":"repeat","background-position":"center center","background-size":"auto","background-attachment":"scroll","background-type":"","background-media":"","overlay-type":"","overlay-color":"","overlay-opacity":"","overlay-gradient":""},"tablet":{"background-color":"","background-image":"","background-repeat":"repeat","background-position":"center center","background-size":"auto","background-attachment":"scroll","background-type":"","background-media":"","overlay-type":"","overlay-color":"","overlay-opacity":"","overlay-gradient":""},"mobile":{"background-color":"","background-image":"","background-repeat":"repeat","background-position":"center center","background-size":"auto","background-attachment":"scroll","background-type":"","background-media":"","overlay-type":"","overlay-color":"","overlay-opacity":"","overlay-gradient":""}},"ast-content-background-meta":{"desktop":{"background-color":"var(--ast-global-color-5)","background-image":"","background-repeat":"repeat","background-position":"center center","background-size":"auto","background-attachment":"scroll","background-type":"","background-media":"","overlay-type":"","overlay-color":"","overlay-opacity":"","overlay-gradient":""},"tablet":{"background-color":"var(--ast-global-color-5)","background-image":"","background-repeat":"repeat","background-position":"center center","background-size":"auto","background-attachment":"scroll","background-type":"","background-media":"","overlay-type":"","overlay-color":"","overlay-opacity":"","overlay-gradient":""},"mobile":{"background-color":"var(--ast-global-color-5)","background-image":"","background-repeat":"repeat","background-position":"center center","background-size":"auto","background-attachment":"scroll","background-type":"","background-media":"","overlay-type":"","overlay-color":"","overlay-opacity":"","overlay-gradient":""}}},"product_brand":[],"product_cat":[1001],"product_tag":[],"class_list":{"0":"post-19445","1":"product","2":"type-product","3":"status-publish","4":"has-post-thumbnail","6":"product_cat-husholdningsartikler","7":"pa_16257_ftfuzcwv-bla","8":"pa_16257_ftfuzcwv-gronn","9":"pa_16257_ftfuzcwv-rosa","10":"desktop-align-left","11":"tablet-align-left","12":"mobile-align-left","14":"first","15":"instock","16":"shipping-taxable","17":"purchasable","18":"product-type-variable"},"_links":{"self":[{"href":"https:\/\/keluvo.com\/no\/wp-json\/wp\/v2\/product\/19445","targetHints":{"allow":["GET"]}}],"collection":[{"href":"https:\/\/keluvo.com\/no\/wp-json\/wp\/v2\/product"}],"about":[{"href":"https:\/\/keluvo.com\/no\/wp-json\/wp\/v2\/types\/product"}],"replies":[{"embeddable":true,"href":"https:\/\/keluvo.com\/no\/wp-json\/wp\/v2\/comments?post=19445"}],"wp:featuredmedia":[{"embeddable":true,"href":"https:\/\/keluvo.com\/no\/wp-json\/wp\/v2\/media\/19441"}],"wp:attachment":[{"href":"https:\/\/keluvo.com\/no\/wp-json\/wp\/v2\/media?parent=19445"}],"wp:term":[{"taxonomy":"product_brand","embeddable":true,"href":"https:\/\/keluvo.com\/no\/wp-json\/wp\/v2\/product_brand?post=19445"},{"taxonomy":"product_cat","embeddable":true,"href":"https:\/\/keluvo.com\/no\/wp-json\/wp\/v2\/product_cat?post=19445"},{"taxonomy":"product_tag","embeddable":true,"href":"https:\/\/keluvo.com\/no\/wp-json\/wp\/v2\/product_tag?post=19445"}],"curies":[{"name":"wp","href":"https:\/\/api.w.org\/{rel}","templated":true}]}}