{"id":19165,"date":"2025-05-14T13:39:22","date_gmt":"2025-05-14T11:39:22","guid":{"rendered":"https:\/\/keluvo.com\/no\/produkt\/puslespill\/"},"modified":"2025-05-14T13:39:28","modified_gmt":"2025-05-14T11:39:28","slug":"puslespill","status":"publish","type":"product","link":"https:\/\/keluvo.com\/no\/produkt\/puslespill\/","title":{"rendered":"Puslespill"},"content":{"rendered":"<p style=\"text-align: center\"><strong>\ud83e\udde9 Skyv, snurr og l\u00f8s \u2013 et puslespill som skjerper tankene og beroliger hum\u00f8ret!<\/strong><\/p>\n<p style=\"text-align: center\"><span style=\"font-weight: 400\">Dette skyvepuslespillet er en morsom og hjernestyrkende utfordring som er perfekt for barn, voksne eller alle som elsker \u00e5 l\u00f8se g\u00e5ter og holde fokus. Dette kompakte puslespillet kombinerer det beste fra en magisk kube og et skyvepuslespill, og lar deg rotere og skyve brikkene jevnt for \u00e5 gjenopprette orden eller skape nye m\u00f8nstre. Det er en stressavlastende, logisk og morsom lek &#8211; alt i lommen.<\/span><\/p>\n<p><img decoding=\"async\" class=\"alignnone size-full wp-image-18748 aligncenter\" src=\"https:\/\/keluvo.com\/template\/wp-content\/uploads\/sites\/5\/2025\/05\/Puzzle-ezgif.com-video-to-webp-converter.webp\" alt=\"\" \/><\/p>\n<h2 style=\"text-align: center\">\ud83c\udf1f Hovedfordeler<\/h2>\n<ul>\n<li style=\"font-weight: 400\"><span style=\"font-weight: 400\">\ud83e\udde0 <\/span><b>\u00d8ker hjernens kraft<\/b><span style=\"font-weight: 400\"> \u2013 Hjelper med \u00e5 forbedre fokus, logikk og t\u00e5lmodighet.<\/span><span style=\"font-weight: 400\"><br \/>\n<\/span><\/li>\n<li style=\"font-weight: 400\"><span style=\"font-weight: 400\">\ud83e\uddd8 <\/span><b>Stressavlastende moro<\/b><span style=\"font-weight: 400\"> \u2013 De jevne klikkene og bevegelsene bidrar til \u00e5 roe ned sinnet.<\/span><span style=\"font-weight: 400\"><br \/>\n<\/span><\/li>\n<li style=\"font-weight: 400\"><span style=\"font-weight: 400\">\u270b <\/span><b>Flott for fingrene<\/b><span style=\"font-weight: 400\"> \u2013 En morsom m\u00e5te \u00e5 trene finmotorikken p\u00e5.<\/span><span style=\"font-weight: 400\"><br \/>\n<\/span><\/li>\n<li style=\"font-weight: 400\"><span style=\"font-weight: 400\">\ud83c\udf81 <\/span><b>Perfekt gave<\/b><span style=\"font-weight: 400\"> \u2013 Perfekt for barn, voksne eller eldre som elsker puslespill.<\/span><span style=\"font-weight: 400\"><br \/>\n<\/span><\/li>\n<li style=\"font-weight: 400\"><span style=\"font-weight: 400\">\ud83c\udf92 <\/span><b>Lek i lommest\u00f8rrelse<\/b><span style=\"font-weight: 400\"> \u2013 Lett og b\u00e6rbar for lek n\u00e5r som helst og hvor som helst.<\/span><\/li>\n<li style=\"font-weight: 400\">\ud83d\udca1 <b style=\"font-style: inherit\">Kreativ utfordring<\/b><span style=\"font-weight: 400\"> \u2013 Gjenopprett m\u00f8nstre eller finn opp dine egne kombinasjoner.<\/span><\/li>\n<\/ul>\n<p><img decoding=\"async\" class=\"alignnone size-full wp-image-18747 aligncenter\" src=\"https:\/\/keluvo.com\/template\/wp-content\/uploads\/sites\/5\/2025\/05\/48aed3a3-20fe-4f48-82ce-6d8f84617a60.webp.webp\" alt=\"\" \/><\/p>\n<h2 style=\"text-align: center\">\ud83d\udee0\ufe0f Slik bruker du det<\/h2>\n<ol>\n<li style=\"font-weight: 400\"><span style=\"font-weight: 400\">Hold puslespillet i den ene h\u00e5nden med en liten vipp.<\/span><span style=\"font-weight: 400\"><br \/>\n<\/span><\/li>\n<li style=\"font-weight: 400\"><span style=\"font-weight: 400\">bruk fingrene til \u00e5 skyve puslespillbitene opp\/ned eller rotere til venstre\/h\u00f8yre.<\/span><span style=\"font-weight: 400\"><br \/>\n<\/span><\/li>\n<li style=\"font-weight: 400\"><span style=\"font-weight: 400\">bland sammen fargene og pr\u00f8v \u00e5 gjenopprette dem.<\/span><span style=\"font-weight: 400\"><br \/>\n<\/span><\/li>\n<li style=\"font-weight: 400\"><span style=\"font-weight: 400\">lag nye m\u00f8nstre hvis du vil leke fritt.<\/span><span style=\"font-weight: 400\"><br \/>\n<\/span><\/li>\n<li style=\"font-weight: 400\"><span style=\"font-weight: 400\">nyt klikkelyden og fortsett \u00e5 utfordre deg selv.<\/span><\/li>\n<\/ol>\n<h2 style=\"text-align: center\">\ud83d\udccf Produktdetaljer<\/h2>\n<ul>\n<li style=\"font-weight: 400\"><span style=\"font-weight: 400\">Design: Skyve- og roterende puslespill<\/span><span style=\"font-weight: 400\"><br \/>\n<\/span><\/li>\n<li style=\"font-weight: 400\"><span style=\"font-weight: 400\">Funksjon: Kombinerer en magisk kube med et skyvepuslespill<\/span><span style=\"font-weight: 400\"><br \/>\n<\/span><\/li>\n<li style=\"font-weight: 400\"><span style=\"font-weight: 400\">Materiale: Giftfri plast av h\u00f8y kvalitet<\/span><span style=\"font-weight: 400\"><br \/>\n<\/span><\/li>\n<li style=\"font-weight: 400\"><span style=\"font-weight: 400\">St\u00f8rrelse: Kompakt og b\u00e6rbar<\/span><span style=\"font-weight: 400\"><br \/>\n<\/span><\/li>\n<li style=\"font-weight: 400\"><span style=\"font-weight: 400\">Sikkerhet: Internasjonalt sertifisert for leket\u00f8ysikkerhet<\/span><\/li>\n<\/ul>\n<h2 style=\"text-align: center\">\ud83d\udce6 Pakken inneholder<\/h2>\n<ul>\n<li><span style=\"font-weight: 400\">1 \u00d7 skyvepuslespill.<\/span><\/li>\n<\/ul>\n","protected":false},"excerpt":{"rendered":"<p>\ud83e\udde9 Skyv, snurr og l\u00f8s \u2013 et puslespill som skjerper tankene og beroliger hum\u00f8ret! Dette skyvepuslespillet er en morsom og [&hellip;]<\/p>\n","protected":false},"featured_media":19161,"comment_status":"open","ping_status":"closed","template":"","meta":{"site-sidebar-layout":"default","site-content-layout":"","ast-site-content-layout":"default","site-content-style":"default","site-sidebar-style":"default","ast-global-header-display":"","ast-banner-title-visibility":"","ast-main-header-display":"","ast-hfb-above-header-display":"","ast-hfb-below-header-display":"","ast-hfb-mobile-header-display":"","site-post-title":"","ast-breadcrumbs-content":"","ast-featured-img":"","footer-sml-layout":"","theme-transparent-header-meta":"default","adv-header-id-meta":"","stick-header-meta":"","header-above-stick-meta":"","header-main-stick-meta":"","header-below-stick-meta":"","astra-migrate-meta-layouts":"set","ast-page-background-enabled":"default","ast-page-background-meta":{"desktop":{"background-color":"var(--ast-global-color-4)","background-image":"","background-repeat":"repeat","background-position":"center center","background-size":"auto","background-attachment":"scroll","background-type":"","background-media":"","overlay-type":"","overlay-color":"","overlay-opacity":"","overlay-gradient":""},"tablet":{"background-color":"","background-image":"","background-repeat":"repeat","background-position":"center center","background-size":"auto","background-attachment":"scroll","background-type":"","background-media":"","overlay-type":"","overlay-color":"","overlay-opacity":"","overlay-gradient":""},"mobile":{"background-color":"","background-image":"","background-repeat":"repeat","background-position":"center center","background-size":"auto","background-attachment":"scroll","background-type":"","background-media":"","overlay-type":"","overlay-color":"","overlay-opacity":"","overlay-gradient":""}},"ast-content-background-meta":{"desktop":{"background-color":"var(--ast-global-color-5)","background-image":"","background-repeat":"repeat","background-position":"center center","background-size":"auto","background-attachment":"scroll","background-type":"","background-media":"","overlay-type":"","overlay-color":"","overlay-opacity":"","overlay-gradient":""},"tablet":{"background-color":"var(--ast-global-color-5)","background-image":"","background-repeat":"repeat","background-position":"center center","background-size":"auto","background-attachment":"scroll","background-type":"","background-media":"","overlay-type":"","overlay-color":"","overlay-opacity":"","overlay-gradient":""},"mobile":{"background-color":"var(--ast-global-color-5)","background-image":"","background-repeat":"repeat","background-position":"center center","background-size":"auto","background-attachment":"scroll","background-type":"","background-media":"","overlay-type":"","overlay-color":"","overlay-opacity":"","overlay-gradient":""}}},"product_brand":[],"product_cat":[990],"product_tag":[],"class_list":{"0":"post-19165","1":"product","2":"type-product","3":"status-publish","4":"has-post-thumbnail","6":"product_cat-leker-barne-og-babyprodukter","7":"pa_44326_d6mot5i7-3-lag","8":"pa_44326_d6mot5i7-5-lag","9":"pa_44326_d6mot5i7-7-lag","10":"desktop-align-left","11":"tablet-align-left","12":"mobile-align-left","14":"first","15":"instock","16":"shipping-taxable","17":"purchasable","18":"product-type-variable"},"_links":{"self":[{"href":"https:\/\/keluvo.com\/no\/wp-json\/wp\/v2\/product\/19165","targetHints":{"allow":["GET"]}}],"collection":[{"href":"https:\/\/keluvo.com\/no\/wp-json\/wp\/v2\/product"}],"about":[{"href":"https:\/\/keluvo.com\/no\/wp-json\/wp\/v2\/types\/product"}],"replies":[{"embeddable":true,"href":"https:\/\/keluvo.com\/no\/wp-json\/wp\/v2\/comments?post=19165"}],"wp:featuredmedia":[{"embeddable":true,"href":"https:\/\/keluvo.com\/no\/wp-json\/wp\/v2\/media\/19161"}],"wp:attachment":[{"href":"https:\/\/keluvo.com\/no\/wp-json\/wp\/v2\/media?parent=19165"}],"wp:term":[{"taxonomy":"product_brand","embeddable":true,"href":"https:\/\/keluvo.com\/no\/wp-json\/wp\/v2\/product_brand?post=19165"},{"taxonomy":"product_cat","embeddable":true,"href":"https:\/\/keluvo.com\/no\/wp-json\/wp\/v2\/product_cat?post=19165"},{"taxonomy":"product_tag","embeddable":true,"href":"https:\/\/keluvo.com\/no\/wp-json\/wp\/v2\/product_tag?post=19165"}],"curies":[{"name":"wp","href":"https:\/\/api.w.org\/{rel}","templated":true}]}}