{"id":19117,"date":"2025-05-14T13:36:50","date_gmt":"2025-05-14T11:36:50","guid":{"rendered":"https:\/\/keluvo.com\/no\/produkt\/magnetiske-blokker\/"},"modified":"2025-05-14T13:37:18","modified_gmt":"2025-05-14T11:37:18","slug":"magnetiske-blokker","status":"publish","type":"product","link":"https:\/\/keluvo.com\/no\/produkt\/magnetiske-blokker\/","title":{"rendered":"Magnetiske blokker"},"content":{"rendered":"<p style=\"text-align: center\"><strong>Disse Magnetiske Klossene Er Mer Enn Bare En Leke<\/strong><\/p>\n<p style=\"text-align: center\"><span style=\"font-weight: 400\">Disse magnetiske klossene er mer enn bare en leke &#8211; de er en b\u00e6rbar, morsom og effektiv m\u00e5te \u00e5 lindre angst p\u00e5, holde fokus og bekjempe kjedsomhet p\u00e5. Disse mini-fidgetpinnene er perfekte for personer med stress, ADHD eller vaner som neglebiting eller r\u00f8yking, og de hjelper deg med \u00e5 roe ned tankene og holde hendene opptatt. De er sm\u00e5 nok til \u00e5 f\u00e5 plass i lommen, noe som gj\u00f8r dem perfekte for jobb, skole, reise eller bare for \u00e5 slappe av hjemme.<\/span><\/p>\n<p><img decoding=\"async\" class=\"alignnone size-full wp-image-18723 aligncenter\" src=\"https:\/\/keluvo.com\/template\/wp-content\/uploads\/sites\/5\/2025\/05\/Magneticblocks-ezgif.com-video-to-webp-converter.webp\" alt=\"\" \/><\/p>\n<h2 style=\"text-align: center\">\ud83c\udf1f Hovedfordeler<\/h2>\n<ul>\n<li style=\"font-weight: 400\"><span style=\"font-weight: 400\">\ud83d\ude0c <\/span><b>Reduserer stress<\/b><span style=\"font-weight: 400\"> \u2013 Beroliger nervene og fremmer avslapning.<\/span><span style=\"font-weight: 400\"><br \/>\n<\/span><\/li>\n<li style=\"font-weight: 400\"><span style=\"font-weight: 400\">\ud83e\udde0 <\/span><b>Forbedrer fokus<\/b><span style=\"font-weight: 400\"> \u2013 Hjelper med konsentrasjon under arbeid eller studier.<\/span><span style=\"font-weight: 400\"><br \/>\n<\/span><\/li>\n<li style=\"font-weight: 400\"><span style=\"font-weight: 400\">\ud83d\udc50 <\/span><b>Bryter d\u00e5rlige vaner<\/b><span style=\"font-weight: 400\"> \u2013 Holder hendene opptatt for \u00e5 dempe neglebiting, r\u00f8yking og mer.<\/span><span style=\"font-weight: 400\"><br \/>\n<\/span><\/li>\n<li style=\"font-weight: 400\"><span style=\"font-weight: 400\">\u2708\ufe0f <\/span><b>B\u00e6rbar moro<\/b><span style=\"font-weight: 400\"> \u2013 Lommest\u00f8rrelse og lav vekt, perfekt for reiser.<\/span><\/li>\n<li style=\"font-weight: 400\">\ud83d\udd01 <b style=\"font-style: inherit\">Gjenbrukbar og holdbar<\/b><span style=\"font-weight: 400\"> \u2013 Bygget for \u00e5 vare og brukes igjen og igjen.<\/span><\/li>\n<\/ul>\n<p><img decoding=\"async\" class=\"alignnone size-full wp-image-18686 aligncenter\" src=\"https:\/\/keluvo.com\/template\/wp-content\/uploads\/sites\/5\/2025\/05\/933d8a90-556c-4caf-ba5a-ddebb7a50cf3.webp.webp\" alt=\"\" \/><\/p>\n<h2 style=\"text-align: center\">\ud83d\udee0\ufe0f Hvordan Bruke<\/h2>\n<ol>\n<li style=\"font-weight: 400\"><span style=\"font-weight: 400\">Ta en fidget stick i h\u00e5nden.<\/span><span style=\"font-weight: 400\"><br \/>\n<\/span><\/li>\n<li style=\"font-weight: 400\"><span style=\"font-weight: 400\">Vri, snu eller stable de magnetiske blokkene som du vil.<\/span><span style=\"font-weight: 400\"><br \/>\n<\/span><\/li>\n<li style=\"font-weight: 400\"><span style=\"font-weight: 400\">Bruk i stressende \u00f8yeblikk eller n\u00e5r du trenger fokus.<\/span><span style=\"font-weight: 400\"><br \/>\n<\/span><\/li>\n<li style=\"font-weight: 400\"><span style=\"font-weight: 400\">B\u00e6r den med deg for \u00e5 bruke den n\u00e5r du trenger det.<\/span><\/li>\n<\/ol>\n<h2 style=\"text-align: center\">\ud83d\udccf Produktdetaljer<\/h2>\n<ul>\n<li style=\"font-weight: 400\"><span style=\"font-weight: 400\">Materiale: Sterke, holdbare magneter<\/span><span style=\"font-weight: 400\"><br \/>\n<\/span><\/li>\n<li style=\"font-weight: 400\"><span style=\"font-weight: 400\">Bruk: Stressavlastning, vanebrytende, fokusforbedring<\/span><span style=\"font-weight: 400\"><br \/>\n<\/span><\/li>\n<li style=\"font-weight: 400\"><span style=\"font-weight: 400\">St\u00f8rrelse: Lommeformat &#8211; passer lett i h\u00e5nden eller vesken<\/span><span style=\"font-weight: 400\"><br \/>\n<\/span><\/li>\n<li style=\"font-weight: 400\"><span style=\"font-weight: 400\">Legnet for: Barn, ten\u00e5ringer og voksne<\/span><\/li>\n<\/ul>\n<h2 style=\"text-align: center\">\ud83d\udce6 Pakken Inneholder<\/h2>\n<ul>\n<li><span style=\"font-weight: 400\">1 \/ 2 \/ 4 \/ 6 \u00d7 magnetiske blokker.<\/span><\/li>\n<\/ul>\n","protected":false},"excerpt":{"rendered":"<p>Disse Magnetiske Klossene Er Mer Enn Bare En Leke Disse magnetiske klossene er mer enn bare en leke &#8211; de [&hellip;]<\/p>\n","protected":false},"featured_media":19113,"comment_status":"open","ping_status":"closed","template":"","meta":{"site-sidebar-layout":"default","site-content-layout":"","ast-site-content-layout":"default","site-content-style":"default","site-sidebar-style":"default","ast-global-header-display":"","ast-banner-title-visibility":"","ast-main-header-display":"","ast-hfb-above-header-display":"","ast-hfb-below-header-display":"","ast-hfb-mobile-header-display":"","site-post-title":"","ast-breadcrumbs-content":"","ast-featured-img":"","footer-sml-layout":"","theme-transparent-header-meta":"default","adv-header-id-meta":"","stick-header-meta":"","header-above-stick-meta":"","header-main-stick-meta":"","header-below-stick-meta":"","astra-migrate-meta-layouts":"set","ast-page-background-enabled":"default","ast-page-background-meta":{"desktop":{"background-color":"var(--ast-global-color-4)","background-image":"","background-repeat":"repeat","background-position":"center center","background-size":"auto","background-attachment":"scroll","background-type":"","background-media":"","overlay-type":"","overlay-color":"","overlay-opacity":"","overlay-gradient":""},"tablet":{"background-color":"","background-image":"","background-repeat":"repeat","background-position":"center center","background-size":"auto","background-attachment":"scroll","background-type":"","background-media":"","overlay-type":"","overlay-color":"","overlay-opacity":"","overlay-gradient":""},"mobile":{"background-color":"","background-image":"","background-repeat":"repeat","background-position":"center center","background-size":"auto","background-attachment":"scroll","background-type":"","background-media":"","overlay-type":"","overlay-color":"","overlay-opacity":"","overlay-gradient":""}},"ast-content-background-meta":{"desktop":{"background-color":"var(--ast-global-color-5)","background-image":"","background-repeat":"repeat","background-position":"center center","background-size":"auto","background-attachment":"scroll","background-type":"","background-media":"","overlay-type":"","overlay-color":"","overlay-opacity":"","overlay-gradient":""},"tablet":{"background-color":"var(--ast-global-color-5)","background-image":"","background-repeat":"repeat","background-position":"center center","background-size":"auto","background-attachment":"scroll","background-type":"","background-media":"","overlay-type":"","overlay-color":"","overlay-opacity":"","overlay-gradient":""},"mobile":{"background-color":"var(--ast-global-color-5)","background-image":"","background-repeat":"repeat","background-position":"center center","background-size":"auto","background-attachment":"scroll","background-type":"","background-media":"","overlay-type":"","overlay-color":"","overlay-opacity":"","overlay-gradient":""}}},"product_brand":[],"product_cat":[990,993],"product_tag":[],"class_list":{"0":"post-19117","1":"product","2":"type-product","3":"status-publish","4":"has-post-thumbnail","6":"product_cat-leker-barne-og-babyprodukter","7":"product_cat-skotoy-tilbehor","8":"pa_21316_9nhm7vta-1-stk","9":"pa_21316_9nhm7vta-2-stk","10":"pa_21316_9nhm7vta-4-stk","11":"pa_21316_9nhm7vta-6-stk","12":"pa_21316_tsuhwpkq-gronn","13":"pa_21316_tsuhwpkq-hvit","14":"pa_21316_tsuhwpkq-oransje","15":"pa_21316_tsuhwpkq-svart","16":"desktop-align-left","17":"tablet-align-left","18":"mobile-align-left","20":"first","21":"instock","22":"shipping-taxable","23":"purchasable","24":"product-type-variable"},"_links":{"self":[{"href":"https:\/\/keluvo.com\/no\/wp-json\/wp\/v2\/product\/19117","targetHints":{"allow":["GET"]}}],"collection":[{"href":"https:\/\/keluvo.com\/no\/wp-json\/wp\/v2\/product"}],"about":[{"href":"https:\/\/keluvo.com\/no\/wp-json\/wp\/v2\/types\/product"}],"replies":[{"embeddable":true,"href":"https:\/\/keluvo.com\/no\/wp-json\/wp\/v2\/comments?post=19117"}],"wp:featuredmedia":[{"embeddable":true,"href":"https:\/\/keluvo.com\/no\/wp-json\/wp\/v2\/media\/19113"}],"wp:attachment":[{"href":"https:\/\/keluvo.com\/no\/wp-json\/wp\/v2\/media?parent=19117"}],"wp:term":[{"taxonomy":"product_brand","embeddable":true,"href":"https:\/\/keluvo.com\/no\/wp-json\/wp\/v2\/product_brand?post=19117"},{"taxonomy":"product_cat","embeddable":true,"href":"https:\/\/keluvo.com\/no\/wp-json\/wp\/v2\/product_cat?post=19117"},{"taxonomy":"product_tag","embeddable":true,"href":"https:\/\/keluvo.com\/no\/wp-json\/wp\/v2\/product_tag?post=19117"}],"curies":[{"name":"wp","href":"https:\/\/api.w.org\/{rel}","templated":true}]}}