{"id":19101,"date":"2025-05-14T13:34:37","date_gmt":"2025-05-14T11:34:37","guid":{"rendered":"https:\/\/keluvo.com\/no\/produkt\/led-skriveplate\/"},"modified":"2025-05-14T19:32:57","modified_gmt":"2025-05-14T17:32:57","slug":"led-skriveplate","status":"publish","type":"product","link":"https:\/\/keluvo.com\/no\/produkt\/led-skriveplate\/","title":{"rendered":"LED-skriveplate"},"content":{"rendered":"<p style=\"text-align: center;\"><strong>Skriv, Lys Og Inspirer \u2013 Alt I \u00c9n Lysende Tavle!<\/strong><\/p>\n<p style=\"text-align: center;\"><span style=\"font-weight: 400;\">Skriv notater, del beskjeder eller skriblerier med en lysende vri ved hjelp av denne LED-skrivetavlen &#8211; perfekt for barn, planleggere, kreative og stilfulle innredningselskere. Med en gl\u00f8dende akryloverflate og 7 fargerike tusjer \u00f8ker denne gjenbrukbare, opplyste oppslagstavlen fokus, kreativitet og produktivitet. Enten du skriver ned p\u00e5minnelser, oppmuntrer barna dine eller forbedrer innredningen din, gj\u00f8r denne tavlen det hele dagen eller natten.<\/span><\/p>\n<p><img decoding=\"async\" class=\"alignnone size-full wp-image-18669 aligncenter\" src=\"https:\/\/keluvo.com\/template\/wp-content\/uploads\/sites\/5\/2025\/05\/LEDwritingboard-ezgif.com-video-to-webp-converter.webp\" alt=\"\" \/><\/p>\n<h2 style=\"text-align: center;\">\ud83c\udf1f Hovedfordeler<\/h2>\n<ul>\n<li style=\"font-weight: 400;\"><span style=\"font-weight: 400;\">\u270f\ufe0f <\/span><b>Flerbruksfunksjon<\/b><span style=\"font-weight: 400;\"> &#8211; Flott for notater, kruseduller, planer eller daglige p\u00e5minnelser.<\/span><span style=\"font-weight: 400;\"><br \/>\n<\/span><\/li>\n<li style=\"font-weight: 400;\"><span style=\"font-weight: 400;\">\ud83c\udf08 <\/span><b>7 Fluorescerende Tusjer<\/b><span style=\"font-weight: 400;\"> &#8211; Tilf\u00f8r farge og kreativitet med hver melding.<\/span><span style=\"font-weight: 400;\"><br \/>\n<\/span><\/li>\n<li style=\"font-weight: 400;\"><span style=\"font-weight: 400;\">\ud83d\udca1 <\/span><b>LED-Lysgl\u00f8d<\/b><span style=\"font-weight: 400;\"> &#8211; Holder notatene dine synlige og i\u00f8ynefallende.<\/span><span style=\"font-weight: 400;\"><br \/>\n<\/span><\/li>\n<li style=\"font-weight: 400;\"><span style=\"font-weight: 400;\">\ud83c\udfaf <\/span><b>Forbedrer Fokus<\/b><span style=\"font-weight: 400;\"> &#8211; Hjelper barn og voksne med \u00e5 holde seg organisert og engasjert.<\/span><span style=\"font-weight: 400;\"><br \/>\n<\/span><\/li>\n<li style=\"font-weight: 400;\"><span style=\"font-weight: 400;\">\ud83e\uddfd <\/span><b>Enkel \u00c5 Rengj\u00f8re<\/b><span style=\"font-weight: 400;\"> &#8211; T\u00f8rk av med en klut og begynn p\u00e5 nytt n\u00e5r som helst.<\/span><\/li>\n<li style=\"font-weight: 400;\">\ud83d\uddbc\ufe0f <b style=\"font-style: inherit;\">Stilig Innredning<\/b><span style=\"font-weight: 400;\"> &#8211; Gir sjarm til rom, kafeer, butikker eller kontorer.<\/span><\/li>\n<\/ul>\n<p><img decoding=\"async\" class=\"alignnone size-full wp-image-18661 aligncenter\" src=\"https:\/\/keluvo.com\/template\/wp-content\/uploads\/sites\/5\/2025\/05\/8e7ac347-8af8-4a60-9406-b7edeb90c42a.webp.webp\" alt=\"\" \/><\/p>\n<h2 style=\"text-align: center;\">\ud83d\udee0\ufe0f Slik Bruker Du<\/h2>\n<ol>\n<li style=\"font-weight: 400;\"><span style=\"font-weight: 400;\">Plugg inn tavlen ved hjelp av USB-kabelen.<\/span><span style=\"font-weight: 400;\"><br \/>\n<\/span><\/li>\n<li style=\"font-weight: 400;\"><span style=\"font-weight: 400;\">Bruk de medf\u00f8lgende tusjene til \u00e5 skrive, tegne eller planlegge.<\/span><span style=\"font-weight: 400;\"><br \/>\n<\/span><\/li>\n<li style=\"font-weight: 400;\"><span style=\"font-weight: 400;\">Sl\u00e5 p\u00e5 LED-lysene for \u00e5 f\u00e5 notatene til \u00e5 lyse.<\/span><span style=\"font-weight: 400;\"><br \/>\n<\/span><\/li>\n<li style=\"font-weight: 400;\"><span style=\"font-weight: 400;\">T\u00f8rk av med en mikrofiberklut eller fuktig klut n\u00e5r du er ferdig.<\/span><\/li>\n<\/ol>\n<h2 style=\"text-align: center;\">\ud83d\udccf Produktdetaljer<\/h2>\n<ul>\n<li style=\"font-weight: 400;\"><span style=\"font-weight: 400;\"><strong>Materiale<\/strong>: Akryltavle med LED-belysning<\/span><span style=\"font-weight: 400;\"><br \/>\n<\/span><\/li>\n<li style=\"font-weight: 400;\"><span style=\"font-weight: 400;\"><strong>Tilgjengelige<\/strong> <strong>st\u00f8rrelser<\/strong>:<\/span><span style=\"font-weight: 400;\"><br \/>\n<\/span><\/p>\n<ul>\n<li style=\"font-weight: 400;\"><span style=\"font-weight: 400;\">Liten: 15 x 15 cm<\/span><span style=\"font-weight: 400;\"><br \/>\n<\/span><\/li>\n<li style=\"font-weight: 400;\"><span style=\"font-weight: 400;\">Medium: 20 x 20 cm<\/span><span style=\"font-weight: 400;\"><br \/>\n<\/span><\/li>\n<li style=\"font-weight: 400;\"><span style=\"font-weight: 400;\">Stor: 30 x 20 cm<\/span><span style=\"font-weight: 400;\"><br \/>\n<\/span><\/li>\n<\/ul>\n<\/li>\n<li style=\"font-weight: 400;\"><span style=\"font-weight: 400;\"><strong>Energi<\/strong>: USB plug-in<\/span><span style=\"font-weight: 400;\"><br \/>\n<\/span><\/li>\n<li style=\"font-weight: 400;\"><span style=\"font-weight: 400;\"><strong>Overflate<\/strong>: Glatt, gjenbrukbar og enkel \u00e5 rengj\u00f8re<\/span><\/li>\n<\/ul>\n<h2 style=\"text-align: center;\">\ud83d\udce6 Pakken Inkluderer<\/h2>\n<ul>\n<li style=\"font-weight: 400;\"><span style=\"font-weight: 400;\">1 x LED-skrivebrett<\/span><span style=\"font-weight: 400;\"><br \/>\n<\/span><\/li>\n<li style=\"font-weight: 400;\"><span style=\"font-weight: 400;\">7 x fluorescerende tusjer<\/span><span style=\"font-weight: 400;\"><br \/>\n<\/span><\/li>\n<li style=\"font-weight: 400;\"><span style=\"font-weight: 400;\">1 x USB-kabel.<\/span><\/li>\n<\/ul>\n","protected":false},"excerpt":{"rendered":"<p>Skriv, Lys Og Inspirer \u2013 Alt I \u00c9n Lysende Tavle! Skriv notater, del beskjeder eller skriblerier med en lysende vri [&hellip;]<\/p>\n","protected":false},"featured_media":19097,"comment_status":"open","ping_status":"closed","template":"","meta":{"site-sidebar-layout":"default","site-content-layout":"","ast-site-content-layout":"default","site-content-style":"default","site-sidebar-style":"default","ast-global-header-display":"","ast-banner-title-visibility":"","ast-main-header-display":"","ast-hfb-above-header-display":"","ast-hfb-below-header-display":"","ast-hfb-mobile-header-display":"","site-post-title":"","ast-breadcrumbs-content":"","ast-featured-img":"","footer-sml-layout":"","theme-transparent-header-meta":"default","adv-header-id-meta":"","stick-header-meta":"","header-above-stick-meta":"","header-main-stick-meta":"","header-below-stick-meta":"","astra-migrate-meta-layouts":"set","ast-page-background-enabled":"default","ast-page-background-meta":{"desktop":{"background-color":"var(--ast-global-color-4)","background-image":"","background-repeat":"repeat","background-position":"center center","background-size":"auto","background-attachment":"scroll","background-type":"","background-media":"","overlay-type":"","overlay-color":"","overlay-opacity":"","overlay-gradient":""},"tablet":{"background-color":"","background-image":"","background-repeat":"repeat","background-position":"center center","background-size":"auto","background-attachment":"scroll","background-type":"","background-media":"","overlay-type":"","overlay-color":"","overlay-opacity":"","overlay-gradient":""},"mobile":{"background-color":"","background-image":"","background-repeat":"repeat","background-position":"center center","background-size":"auto","background-attachment":"scroll","background-type":"","background-media":"","overlay-type":"","overlay-color":"","overlay-opacity":"","overlay-gradient":""}},"ast-content-background-meta":{"desktop":{"background-color":"var(--ast-global-color-5)","background-image":"","background-repeat":"repeat","background-position":"center center","background-size":"auto","background-attachment":"scroll","background-type":"","background-media":"","overlay-type":"","overlay-color":"","overlay-opacity":"","overlay-gradient":""},"tablet":{"background-color":"var(--ast-global-color-5)","background-image":"","background-repeat":"repeat","background-position":"center center","background-size":"auto","background-attachment":"scroll","background-type":"","background-media":"","overlay-type":"","overlay-color":"","overlay-opacity":"","overlay-gradient":""},"mobile":{"background-color":"var(--ast-global-color-5)","background-image":"","background-repeat":"repeat","background-position":"center center","background-size":"auto","background-attachment":"scroll","background-type":"","background-media":"","overlay-type":"","overlay-color":"","overlay-opacity":"","overlay-gradient":""}}},"product_brand":[],"product_cat":[990],"product_tag":[],"class_list":{"0":"post-19101","1":"product","2":"type-product","3":"status-publish","4":"has-post-thumbnail","6":"product_cat-leker-barne-og-babyprodukter","7":"pa_42029_kyxtqocw-15x15-cm","8":"pa_42029_kyxtqocw-20x20-cm","9":"pa_42029_kyxtqocw-30x20-cm","10":"desktop-align-left","11":"tablet-align-left","12":"mobile-align-left","14":"first","15":"instock","16":"shipping-taxable","17":"purchasable","18":"product-type-variable"},"_links":{"self":[{"href":"https:\/\/keluvo.com\/no\/wp-json\/wp\/v2\/product\/19101","targetHints":{"allow":["GET"]}}],"collection":[{"href":"https:\/\/keluvo.com\/no\/wp-json\/wp\/v2\/product"}],"about":[{"href":"https:\/\/keluvo.com\/no\/wp-json\/wp\/v2\/types\/product"}],"replies":[{"embeddable":true,"href":"https:\/\/keluvo.com\/no\/wp-json\/wp\/v2\/comments?post=19101"}],"wp:featuredmedia":[{"embeddable":true,"href":"https:\/\/keluvo.com\/no\/wp-json\/wp\/v2\/media\/19097"}],"wp:attachment":[{"href":"https:\/\/keluvo.com\/no\/wp-json\/wp\/v2\/media?parent=19101"}],"wp:term":[{"taxonomy":"product_brand","embeddable":true,"href":"https:\/\/keluvo.com\/no\/wp-json\/wp\/v2\/product_brand?post=19101"},{"taxonomy":"product_cat","embeddable":true,"href":"https:\/\/keluvo.com\/no\/wp-json\/wp\/v2\/product_cat?post=19101"},{"taxonomy":"product_tag","embeddable":true,"href":"https:\/\/keluvo.com\/no\/wp-json\/wp\/v2\/product_tag?post=19101"}],"curies":[{"name":"wp","href":"https:\/\/api.w.org\/{rel}","templated":true}]}}