{"id":19047,"date":"2025-05-14T13:28:57","date_gmt":"2025-05-14T11:28:57","guid":{"rendered":"https:\/\/keluvo.com\/no\/produkt\/arrangor-2\/"},"modified":"2025-05-16T10:22:00","modified_gmt":"2025-05-16T08:22:00","slug":"arrangor-2","status":"publish","type":"product","link":"https:\/\/keluvo.com\/no\/produkt\/arrangor-2\/","title":{"rendered":"Organisator"},"content":{"rendered":"<p style=\"text-align: center;\"><strong><span style=\"font-weight: 400;\">\ud83d\udd10<\/span>Hold bilen ryddig og det viktigste innen rekkevidde<span style=\"font-weight: 400;\">\ud83d\udcbc<\/span><\/strong><\/p>\n<p style=\"text-align: center;\"><span style=\"font-weight: 400;\">Bilskjermorganisatoren er den perfekte l\u00f8sningen for \u00e5 holde det du m\u00e5 ha lett tilgjengelig og bilen fri for rot. Den monteres p\u00e5 sekunder p\u00e5 solskjermen og gir deg rask tilgang til kort, kvitteringer, solbriller og mye mer &#8211; uten at du trenger \u00e5 ta \u00f8ynene fra veien.<\/span><\/p>\n<p><img decoding=\"async\" class=\"size-full wp-image-18595 aligncenter\" src=\"https:\/\/keluvo.com\/template\/wp-content\/uploads\/sites\/5\/2025\/05\/organizer-ezgif.com-video-to-webp-converter-1.webp\" alt=\"\" \/><\/p>\n<h2 style=\"text-align: center;\">\ud83d\ude97 Hovedfordeler<\/h2>\n<ul>\n<li style=\"font-weight: 400;\"><span style=\"font-weight: 400;\">\ud83e\uddfc <\/span><b>Holder orden i bilen<\/b><span style=\"font-weight: 400;\"> \u2013 Slutt \u00e5 lete i hanskerommet eller konsollen<\/span><span style=\"font-weight: 400;\"><br \/>\n<\/span><\/li>\n<li style=\"font-weight: 400;\"><span style=\"font-weight: 400;\">\ud83d\udc40 <\/span><b>Ingen blokkert utsikt<\/b><span style=\"font-weight: 400;\"> \u2013 Slank design som passer perfekt uten \u00e5 forstyrre siktlinjen<\/span><span style=\"font-weight: 400;\"><br \/>\n<\/span><\/li>\n<li style=\"font-weight: 400;\"><span style=\"font-weight: 400;\">\ud83d\udd10 <\/span><b>Glidel\u00e5s &amp; lommeoppbevaring<\/b><span style=\"font-weight: 400;\"> \u2013 Plass til kort, solbriller, penger, billetter og mer<\/span><span style=\"font-weight: 400;\"><br \/>\n<\/span><\/li>\n<li style=\"font-weight: 400;\"><span style=\"font-weight: 400;\">\ud83d\udcbc <\/span><b>F\u00f8rsteklasses PU-l\u00e6r<\/b><span style=\"font-weight: 400;\"> \u2013 Slitesterkt, luktfritt og passer stilfullt inn i bilinteri\u00f8ret<\/span><span style=\"font-weight: 400;\"><br \/>\n<\/span><\/li>\n<li style=\"font-weight: 400;\"><span style=\"font-weight: 400;\">\u26a1 <\/span><b>Rask montering<\/b><span style=\"font-weight: 400;\"> \u2013 Justerbare elastiske stropper festes p\u00e5 under 30 sekunder<\/span><span style=\"font-weight: 400;\"><br \/>\n<\/span><\/li>\n<\/ul>\n<p><img decoding=\"async\" class=\"size-full wp-image-18598 aligncenter\" src=\"https:\/\/keluvo.com\/template\/wp-content\/uploads\/sites\/5\/2025\/05\/89615e40-be29-42b3-996f-d1affc96134f.webp\" alt=\"\" \/><\/p>\n<h2 style=\"text-align: center;\">\u2705 Slik bruker du dem<\/h2>\n<ol>\n<li style=\"font-weight: 400;\"><span style=\"font-weight: 400;\">F\u00f8r de elastiske b\u00e5ndene over solskjermen p\u00e5 bilen din.<\/span><span style=\"font-weight: 400;\"><br \/>\n<\/span><\/li>\n<li style=\"font-weight: 400;\"><span style=\"font-weight: 400;\">Juster stroppene for \u00e5 f\u00e5 en god passform.<\/span><span style=\"font-weight: 400;\"><br \/>\n<\/span><\/li>\n<li style=\"font-weight: 400;\"><span style=\"font-weight: 400;\">legg tingene dine i glidel\u00e5slommen, kortsporene og oppbevaringshylsene.<\/span><\/li>\n<li style=\"font-weight: 400;\"><span style=\"font-weight: 400;\">nyt enkel tilgang mens du holder \u00f8ynene p\u00e5 veien.<\/span><\/li>\n<\/ol>\n<h2 style=\"text-align: center;\">\ud83d\udcd0 Produktdetaljer<\/h2>\n<ul>\n<li style=\"font-weight: 400;\"><span style=\"font-weight: 400;\"><strong>Materiale<\/strong>: PU-skinn av h\u00f8y kvalitet<\/span><span style=\"font-weight: 400;\"><br \/>\n<\/span><\/li>\n<li style=\"font-weight: 400;\"><span style=\"font-weight: 400;\"><strong>Passform<\/strong>: Universell passform for de fleste bil-, SUV- og lastebilvisirer<\/span><span style=\"font-weight: 400;\"><br \/>\n<\/span><\/li>\n<li style=\"font-weight: 400;\"><span style=\"font-weight: 400;\"><strong>Funksjoner<\/strong>: Stor glidel\u00e5slomme, flere spor og montering av elastisk stropp<\/span><b style=\"font-size: 1.5em; font-style: inherit;\"><\/b><\/li>\n<\/ul>\n<h2 style=\"text-align: center;\">\ud83d\udce6 Pakken inkluderer<\/h2>\n<ul>\n<li style=\"font-weight: 400;\"><span style=\"font-weight: 400;\">1 \u00d7 bilvisirarrang\u00f8r.<\/span><\/li>\n<\/ul>\n","protected":false},"excerpt":{"rendered":"<p>\ud83d\udd10Hold bilen ryddig og det viktigste innen rekkevidde\ud83d\udcbc Bilskjermorganisatoren er den perfekte l\u00f8sningen for \u00e5 holde det du m\u00e5 ha [&hellip;]<\/p>\n","protected":false},"featured_media":19043,"comment_status":"open","ping_status":"closed","template":"","meta":{"site-sidebar-layout":"default","site-content-layout":"","ast-site-content-layout":"default","site-content-style":"default","site-sidebar-style":"default","ast-global-header-display":"","ast-banner-title-visibility":"","ast-main-header-display":"","ast-hfb-above-header-display":"","ast-hfb-below-header-display":"","ast-hfb-mobile-header-display":"","site-post-title":"","ast-breadcrumbs-content":"","ast-featured-img":"","footer-sml-layout":"","theme-transparent-header-meta":"default","adv-header-id-meta":"","stick-header-meta":"","header-above-stick-meta":"","header-main-stick-meta":"","header-below-stick-meta":"","astra-migrate-meta-layouts":"set","ast-page-background-enabled":"default","ast-page-background-meta":{"desktop":{"background-color":"var(--ast-global-color-4)","background-image":"","background-repeat":"repeat","background-position":"center center","background-size":"auto","background-attachment":"scroll","background-type":"","background-media":"","overlay-type":"","overlay-color":"","overlay-opacity":"","overlay-gradient":""},"tablet":{"background-color":"","background-image":"","background-repeat":"repeat","background-position":"center center","background-size":"auto","background-attachment":"scroll","background-type":"","background-media":"","overlay-type":"","overlay-color":"","overlay-opacity":"","overlay-gradient":""},"mobile":{"background-color":"","background-image":"","background-repeat":"repeat","background-position":"center center","background-size":"auto","background-attachment":"scroll","background-type":"","background-media":"","overlay-type":"","overlay-color":"","overlay-opacity":"","overlay-gradient":""}},"ast-content-background-meta":{"desktop":{"background-color":"var(--ast-global-color-5)","background-image":"","background-repeat":"repeat","background-position":"center center","background-size":"auto","background-attachment":"scroll","background-type":"","background-media":"","overlay-type":"","overlay-color":"","overlay-opacity":"","overlay-gradient":""},"tablet":{"background-color":"var(--ast-global-color-5)","background-image":"","background-repeat":"repeat","background-position":"center center","background-size":"auto","background-attachment":"scroll","background-type":"","background-media":"","overlay-type":"","overlay-color":"","overlay-opacity":"","overlay-gradient":""},"mobile":{"background-color":"var(--ast-global-color-5)","background-image":"","background-repeat":"repeat","background-position":"center center","background-size":"auto","background-attachment":"scroll","background-type":"","background-media":"","overlay-type":"","overlay-color":"","overlay-opacity":"","overlay-gradient":""}}},"product_brand":[],"product_cat":[998],"product_tag":[],"class_list":{"0":"post-19047","1":"product","2":"type-product","3":"status-publish","4":"has-post-thumbnail","6":"product_cat-bilprodukter","7":"pa_18818_d72g5v9p-beige","8":"pa_18818_d72g5v9p-bla","9":"pa_18818_d72g5v9p-gra","10":"pa_18818_d72g5v9p-rod","11":"pa_18818_d72g5v9p-rosa","12":"pa_18818_d72g5v9p-svart","13":"desktop-align-left","14":"tablet-align-left","15":"mobile-align-left","17":"first","18":"instock","19":"shipping-taxable","20":"purchasable","21":"product-type-variable"},"_links":{"self":[{"href":"https:\/\/keluvo.com\/no\/wp-json\/wp\/v2\/product\/19047","targetHints":{"allow":["GET"]}}],"collection":[{"href":"https:\/\/keluvo.com\/no\/wp-json\/wp\/v2\/product"}],"about":[{"href":"https:\/\/keluvo.com\/no\/wp-json\/wp\/v2\/types\/product"}],"replies":[{"embeddable":true,"href":"https:\/\/keluvo.com\/no\/wp-json\/wp\/v2\/comments?post=19047"}],"wp:featuredmedia":[{"embeddable":true,"href":"https:\/\/keluvo.com\/no\/wp-json\/wp\/v2\/media\/19043"}],"wp:attachment":[{"href":"https:\/\/keluvo.com\/no\/wp-json\/wp\/v2\/media?parent=19047"}],"wp:term":[{"taxonomy":"product_brand","embeddable":true,"href":"https:\/\/keluvo.com\/no\/wp-json\/wp\/v2\/product_brand?post=19047"},{"taxonomy":"product_cat","embeddable":true,"href":"https:\/\/keluvo.com\/no\/wp-json\/wp\/v2\/product_cat?post=19047"},{"taxonomy":"product_tag","embeddable":true,"href":"https:\/\/keluvo.com\/no\/wp-json\/wp\/v2\/product_tag?post=19047"}],"curies":[{"name":"wp","href":"https:\/\/api.w.org\/{rel}","templated":true}]}}