{"id":19038,"date":"2025-05-14T13:28:05","date_gmt":"2025-05-14T11:28:05","guid":{"rendered":"https:\/\/keluvo.com\/no\/produkt\/vannsproytepistol\/"},"modified":"2025-05-14T19:26:58","modified_gmt":"2025-05-14T17:26:58","slug":"vannsproytepistol","status":"publish","type":"product","link":"https:\/\/keluvo.com\/no\/produkt\/vannsproytepistol\/","title":{"rendered":"Vannspr\u00f8ytepistol"},"content":{"rendered":"<p style=\"text-align: center;\"><strong><span style=\"font-weight: 400;\">\ud83d\udca7<\/span>Uanstrengt vanning for alle planter &#8211; med et tastetrykk!<span style=\"font-weight: 400;\">\ud83c\udf31<\/span><\/strong><\/p>\n<p style=\"text-align: center;\"><span style=\"font-weight: 400;\">Vannspr\u00f8ytepistolen er en smart, h\u00e5ndholdt spreder som er designet for \u00e5 gj\u00f8re plantepleie enkelt, problemfritt og effektivt. Med en forlenget spr\u00f8ytestav, USB-lading og et komfortabelt grep n\u00e5r denne spr\u00f8yten skjulte blader og gir presis hydrering &#8211; inne eller ute. Si farvel til overvanning og god dag til lykkeligere og sunnere planter.<\/span><\/p>\n<p><img decoding=\"async\" class=\"size-full wp-image-19178 aligncenter\" src=\"https:\/\/keluvo.com\/template\/wp-content\/uploads\/sites\/5\/2025\/05\/gun-ezgif.com-video-to-webp-converter.webp\" alt=\"\" \/><\/p>\n<h2 style=\"text-align: center;\">\ud83c\udf3f Hovedfordeler<\/h2>\n<p><span style=\"font-weight: 400;\">\ud83d\udca7 <\/span><b>Reduserer vannsvinn<\/b><span style=\"font-weight: 400;\"> \u2013 Passer de fleste 28 mm flaskemunninger for gjenbruk<\/span><\/p>\n<p><span style=\"font-weight: 400;\">\ud83c\udf31 <\/span><b>Forlenget stav<\/b><span style=\"font-weight: 400;\"> \u2013 Spr\u00f8yter enkelt blader som er vanskelige \u00e5 n\u00e5<\/span><\/p>\n<p><span style=\"font-weight: 400;\">\ud83d\udd0b <\/span><b>USB-oppladbart<\/b><span style=\"font-weight: 400;\"> \u2013 Innebygd batteri for tr\u00e5dl\u00f8s bruk<\/span><\/p>\n<p><span style=\"font-weight: 400;\">\ud83c\udfaf <\/span><b>Presisjonsspr\u00f8yte med \u00e9n knapp<\/b><span style=\"font-weight: 400;\"> \u2013 Ingen pumping eller lekkasje<\/span><\/p>\n<p><span style=\"font-weight: 400;\">\ud83e\udeb4 <\/span><b>Flerbruk<\/b><span style=\"font-weight: 400;\"> \u2013 Perfekt til planter, rengj\u00f8ring, bilvask og mye mer<\/span><\/p>\n<p><span style=\"font-weight: 400;\">\ud83d\udc5c <\/span><b>Lett og b\u00e6rbar<\/b><span style=\"font-weight: 400;\"> \u2013 enkel \u00e5 ta med seg rundt i hjemmet eller hagen<\/span><span style=\"font-weight: 400;\"><br \/>\n<\/span><\/p>\n<p><img decoding=\"async\" class=\"size-full wp-image-19179 aligncenter\" src=\"https:\/\/keluvo.com\/template\/wp-content\/uploads\/sites\/5\/2025\/05\/35122735-85ab-45a3-925c-99f768e437ae.webp\" alt=\"\" \/><\/p>\n<h2 style=\"text-align: center;\">\ud83e\uddfc Slik bruker du den<\/h2>\n<ol>\n<li style=\"font-weight: 400;\"><span style=\"font-weight: 400;\">Fest spr\u00f8ytehodet p\u00e5 en flaske med 28 mm \u00e5pning.<\/span><\/li>\n<li style=\"font-weight: 400;\"><span style=\"font-weight: 400;\">Lad opp med USB-kabelen.<\/span><span style=\"font-weight: 400;\"><br \/>\n<\/span><\/li>\n<li style=\"font-weight: 400;\"><span style=\"font-weight: 400;\">trykk p\u00e5 av\/p\u00e5-knappen \u00e9n gang for \u00e5 starte spr\u00f8ytingen, og en gang til for \u00e5 stoppe.<\/span><\/li>\n<li style=\"font-weight: 400;\"><span style=\"font-weight: 400;\">bruk den forlengede staven for \u00e5 n\u00e5 dypt inn i l\u00f8vverk eller trange omr\u00e5der.<\/span><\/li>\n<\/ol>\n<h2 style=\"text-align: center;\">\ud83d\udcd0 Produktdetaljer<\/h2>\n<ul>\n<li style=\"font-weight: 400;\"><span style=\"font-weight: 400;\"><strong>Materiale<\/strong>: Slitesterkt ABS<\/span><span style=\"font-weight: 400;\"><br \/>\n<\/span><\/li>\n<li style=\"font-weight: 400;\"><span style=\"font-weight: 400;\"><strong>Lading<\/strong>: USB hurtiglading<\/span><span style=\"font-weight: 400;\"><br \/>\n<\/span><\/li>\n<li style=\"font-weight: 400;\"><b>Spray Fit<\/b><span style=\"font-weight: 400;\">: Passer til flaskehalser med en diameter p\u00e5 28 mm<\/span><span style=\"font-weight: 400;\"><br \/>\n<\/span><\/li>\n<li style=\"font-weight: 400;\"><span style=\"font-weight: 400;\"><strong>Str\u00f8m<\/strong>: Innebygd oppladbart batteri<\/span><\/li>\n<li style=\"font-weight: 400;\"><span style=\"font-weight: 400;\"><span style=\"font-weight: 400;\"><strong>Bruk<\/strong>: Plantevanning, kj\u00f8kkenrengj\u00f8ring, bilvask<\/span><\/span><\/li>\n<\/ul>\n<h2 style=\"text-align: center;\">\ud83d\udce6 Pakken inkluderer<\/h2>\n<ul>\n<li style=\"font-weight: 400;\"><span style=\"font-weight: 400;\">1 \u00d7 vannspr\u00f8ytepistolhode<\/span><span style=\"font-weight: 400;\"><br \/>\n<\/span><\/li>\n<li style=\"font-weight: 400;\"><span style=\"font-weight: 400;\">1 \u00d7 USB-ladekabel.<\/span><\/li>\n<\/ul>\n","protected":false},"excerpt":{"rendered":"<p>\ud83d\udca7Uanstrengt vanning for alle planter &#8211; med et tastetrykk!\ud83c\udf31 Vannspr\u00f8ytepistolen er en smart, h\u00e5ndholdt spreder som er designet for \u00e5 [&hellip;]<\/p>\n","protected":false},"featured_media":19034,"comment_status":"open","ping_status":"closed","template":"","meta":{"site-sidebar-layout":"default","site-content-layout":"","ast-site-content-layout":"default","site-content-style":"default","site-sidebar-style":"default","ast-global-header-display":"","ast-banner-title-visibility":"","ast-main-header-display":"","ast-hfb-above-header-display":"","ast-hfb-below-header-display":"","ast-hfb-mobile-header-display":"","site-post-title":"","ast-breadcrumbs-content":"","ast-featured-img":"","footer-sml-layout":"","theme-transparent-header-meta":"default","adv-header-id-meta":"","stick-header-meta":"","header-above-stick-meta":"","header-main-stick-meta":"","header-below-stick-meta":"","astra-migrate-meta-layouts":"set","ast-page-background-enabled":"default","ast-page-background-meta":{"desktop":{"background-color":"var(--ast-global-color-4)","background-image":"","background-repeat":"repeat","background-position":"center center","background-size":"auto","background-attachment":"scroll","background-type":"","background-media":"","overlay-type":"","overlay-color":"","overlay-opacity":"","overlay-gradient":""},"tablet":{"background-color":"","background-image":"","background-repeat":"repeat","background-position":"center center","background-size":"auto","background-attachment":"scroll","background-type":"","background-media":"","overlay-type":"","overlay-color":"","overlay-opacity":"","overlay-gradient":""},"mobile":{"background-color":"","background-image":"","background-repeat":"repeat","background-position":"center center","background-size":"auto","background-attachment":"scroll","background-type":"","background-media":"","overlay-type":"","overlay-color":"","overlay-opacity":"","overlay-gradient":""}},"ast-content-background-meta":{"desktop":{"background-color":"var(--ast-global-color-5)","background-image":"","background-repeat":"repeat","background-position":"center center","background-size":"auto","background-attachment":"scroll","background-type":"","background-media":"","overlay-type":"","overlay-color":"","overlay-opacity":"","overlay-gradient":""},"tablet":{"background-color":"var(--ast-global-color-5)","background-image":"","background-repeat":"repeat","background-position":"center center","background-size":"auto","background-attachment":"scroll","background-type":"","background-media":"","overlay-type":"","overlay-color":"","overlay-opacity":"","overlay-gradient":""},"mobile":{"background-color":"var(--ast-global-color-5)","background-image":"","background-repeat":"repeat","background-position":"center center","background-size":"auto","background-attachment":"scroll","background-type":"","background-media":"","overlay-type":"","overlay-color":"","overlay-opacity":"","overlay-gradient":""}}},"product_brand":[],"product_cat":[1001],"product_tag":[],"class_list":{"0":"post-19038","1":"product","2":"type-product","3":"status-publish","4":"has-post-thumbnail","6":"product_cat-husholdningsartikler","7":"pa_21984_xayyyets-kort-dyse","8":"pa_21984_xayyyets-lang-dyse","9":"desktop-align-left","10":"tablet-align-left","11":"mobile-align-left","13":"first","14":"instock","15":"shipping-taxable","16":"purchasable","17":"product-type-variable"},"_links":{"self":[{"href":"https:\/\/keluvo.com\/no\/wp-json\/wp\/v2\/product\/19038","targetHints":{"allow":["GET"]}}],"collection":[{"href":"https:\/\/keluvo.com\/no\/wp-json\/wp\/v2\/product"}],"about":[{"href":"https:\/\/keluvo.com\/no\/wp-json\/wp\/v2\/types\/product"}],"replies":[{"embeddable":true,"href":"https:\/\/keluvo.com\/no\/wp-json\/wp\/v2\/comments?post=19038"}],"wp:featuredmedia":[{"embeddable":true,"href":"https:\/\/keluvo.com\/no\/wp-json\/wp\/v2\/media\/19034"}],"wp:attachment":[{"href":"https:\/\/keluvo.com\/no\/wp-json\/wp\/v2\/media?parent=19038"}],"wp:term":[{"taxonomy":"product_brand","embeddable":true,"href":"https:\/\/keluvo.com\/no\/wp-json\/wp\/v2\/product_brand?post=19038"},{"taxonomy":"product_cat","embeddable":true,"href":"https:\/\/keluvo.com\/no\/wp-json\/wp\/v2\/product_cat?post=19038"},{"taxonomy":"product_tag","embeddable":true,"href":"https:\/\/keluvo.com\/no\/wp-json\/wp\/v2\/product_tag?post=19038"}],"curies":[{"name":"wp","href":"https:\/\/api.w.org\/{rel}","templated":true}]}}