{"id":18731,"date":"2025-05-11T23:23:35","date_gmt":"2025-05-11T21:23:35","guid":{"rendered":"https:\/\/keluvo.com\/no\/produkt\/ortopediske-sandaler-i-skinn\/"},"modified":"2025-05-11T23:40:05","modified_gmt":"2025-05-11T21:40:05","slug":"ortopediske-sandaler-i-skinn","status":"publish","type":"product","link":"https:\/\/keluvo.com\/no\/produkt\/ortopediske-sandaler-i-skinn\/","title":{"rendered":"Ortopediske sandaler i skinn"},"content":{"rendered":"<h2 style=\"text-align: center;\">FORBEDRE DIN STIL OG FORBEDRE DEN UTROLIGE FOTKOMFORTEN<\/h2>\n<p style=\"text-align: center;\">st\u00f8tter f\u00f8ttene dine, gir komfort og gj\u00f8r det lettere \u00e5 g\u00e5. Gir en lett f\u00f8lelse, st\u00f8tdemping, holdbarhet og langvarig demping.<\/p>\n<p><img fetchpriority=\"high\" decoding=\"async\" class=\"size-full wp-image-18518 aligncenter\" src=\"https:\/\/keluvo.com\/template\/wp-content\/uploads\/sites\/5\/2025\/05\/ezgif.com-video-to-gif_3.webp\" alt=\"\" width=\"600\" height=\"511\" \/><\/p>\n<h2><\/h2>\n<h2 style=\"text-align: center;\">EASY TO WALK &#8211; EASY ERGONOMIC<\/h2>\n<p style=\"text-align: center;\">Enkel borrel\u00e5sfeste for rask av- og p\u00e5kledning og perfekt passform. Bidrar til \u00e5 kontrollere, stabilisere og balansere ankelleddet. Termoformbar for en tilpasset passform. Absorberer st\u00f8t og reduserer friksjon for \u00e5 forbedre den generelle fotkomforten.<\/p>\n<p><img decoding=\"async\" class=\"size-full wp-image-18519 aligncenter\" src=\"https:\/\/keluvo.com\/template\/wp-content\/uploads\/sites\/5\/2025\/05\/ezgif.com-video-to-gif_1.webp\" alt=\"\" width=\"600\" height=\"522\" \/><\/p>\n<p style=\"text-align: center;\"><strong>Perfekt F\u00fcr Ganztagige Aktivit\u00e4ten<\/strong><\/p>\n<p><img decoding=\"async\" class=\"size-full wp-image-18581 aligncenter\" src=\"https:\/\/keluvo.com\/template\/wp-content\/uploads\/sites\/5\/2025\/05\/Screenshot-2025-05-11-205910.png\" alt=\"\" width=\"329\" height=\"383\" \/><\/p>\n","protected":false},"excerpt":{"rendered":"<p>FORBEDRE DIN STIL OG FORBEDRE DEN UTROLIGE FOTKOMFORTEN st\u00f8tter f\u00f8ttene dine, gir komfort og gj\u00f8r det lettere \u00e5 g\u00e5. Gir [&hellip;]<\/p>\n","protected":false},"featured_media":18727,"comment_status":"open","ping_status":"closed","template":"","meta":{"site-sidebar-layout":"default","site-content-layout":"","ast-site-content-layout":"default","site-content-style":"default","site-sidebar-style":"default","ast-global-header-display":"","ast-banner-title-visibility":"","ast-main-header-display":"","ast-hfb-above-header-display":"","ast-hfb-below-header-display":"","ast-hfb-mobile-header-display":"","site-post-title":"","ast-breadcrumbs-content":"","ast-featured-img":"","footer-sml-layout":"","theme-transparent-header-meta":"default","adv-header-id-meta":"","stick-header-meta":"","header-above-stick-meta":"","header-main-stick-meta":"","header-below-stick-meta":"","astra-migrate-meta-layouts":"set","ast-page-background-enabled":"default","ast-page-background-meta":{"desktop":{"background-color":"var(--ast-global-color-4)","background-image":"","background-repeat":"repeat","background-position":"center center","background-size":"auto","background-attachment":"scroll","background-type":"","background-media":"","overlay-type":"","overlay-color":"","overlay-opacity":"","overlay-gradient":""},"tablet":{"background-color":"","background-image":"","background-repeat":"repeat","background-position":"center center","background-size":"auto","background-attachment":"scroll","background-type":"","background-media":"","overlay-type":"","overlay-color":"","overlay-opacity":"","overlay-gradient":""},"mobile":{"background-color":"","background-image":"","background-repeat":"repeat","background-position":"center center","background-size":"auto","background-attachment":"scroll","background-type":"","background-media":"","overlay-type":"","overlay-color":"","overlay-opacity":"","overlay-gradient":""}},"ast-content-background-meta":{"desktop":{"background-color":"var(--ast-global-color-5)","background-image":"","background-repeat":"repeat","background-position":"center center","background-size":"auto","background-attachment":"scroll","background-type":"","background-media":"","overlay-type":"","overlay-color":"","overlay-opacity":"","overlay-gradient":""},"tablet":{"background-color":"var(--ast-global-color-5)","background-image":"","background-repeat":"repeat","background-position":"center center","background-size":"auto","background-attachment":"scroll","background-type":"","background-media":"","overlay-type":"","overlay-color":"","overlay-opacity":"","overlay-gradient":""},"mobile":{"background-color":"var(--ast-global-color-5)","background-image":"","background-repeat":"repeat","background-position":"center center","background-size":"auto","background-attachment":"scroll","background-type":"","background-media":"","overlay-type":"","overlay-color":"","overlay-opacity":"","overlay-gradient":""}}},"product_brand":[],"product_cat":[994],"product_tag":[],"class_list":{"0":"post-18731","1":"product","2":"type-product","3":"status-publish","4":"has-post-thumbnail","6":"product_cat-klaer-til-kvinner","7":"pa_48107_1ctkph19-bla","8":"pa_48107_1ctkph19-brun","9":"pa_48107_1ctkph19-morkerod","10":"pa_48107_1ctkph19-rod","11":"pa_48107_1ctkph19-rosa","12":"pa_48107_1ctkph19-svart","13":"pa_48107_5brgm1f6-3735","14":"pa_48107_5brgm1f6-3736","15":"pa_48107_5brgm1f6-3737","16":"pa_48107_5brgm1f6-3738","17":"pa_48107_5brgm1f6-3739","18":"pa_48107_5brgm1f6-3740","19":"pa_48107_5brgm1f6-3741","20":"pa_48107_5brgm1f6-3742","21":"pa_48107_5brgm1f6-3743","22":"desktop-align-left","23":"tablet-align-left","24":"mobile-align-left","26":"first","27":"instock","28":"shipping-taxable","29":"purchasable","30":"product-type-variable","31":"has-default-attributes"},"_links":{"self":[{"href":"https:\/\/keluvo.com\/no\/wp-json\/wp\/v2\/product\/18731","targetHints":{"allow":["GET"]}}],"collection":[{"href":"https:\/\/keluvo.com\/no\/wp-json\/wp\/v2\/product"}],"about":[{"href":"https:\/\/keluvo.com\/no\/wp-json\/wp\/v2\/types\/product"}],"replies":[{"embeddable":true,"href":"https:\/\/keluvo.com\/no\/wp-json\/wp\/v2\/comments?post=18731"}],"wp:featuredmedia":[{"embeddable":true,"href":"https:\/\/keluvo.com\/no\/wp-json\/wp\/v2\/media\/18727"}],"wp:attachment":[{"href":"https:\/\/keluvo.com\/no\/wp-json\/wp\/v2\/media?parent=18731"}],"wp:term":[{"taxonomy":"product_brand","embeddable":true,"href":"https:\/\/keluvo.com\/no\/wp-json\/wp\/v2\/product_brand?post=18731"},{"taxonomy":"product_cat","embeddable":true,"href":"https:\/\/keluvo.com\/no\/wp-json\/wp\/v2\/product_cat?post=18731"},{"taxonomy":"product_tag","embeddable":true,"href":"https:\/\/keluvo.com\/no\/wp-json\/wp\/v2\/product_tag?post=18731"}],"curies":[{"name":"wp","href":"https:\/\/api.w.org\/{rel}","templated":true}]}}