{"id":18573,"date":"2025-05-11T22:24:26","date_gmt":"2025-05-11T20:24:26","guid":{"rendered":"https:\/\/keluvo.com\/no\/produkt\/ortopediske-sko\/"},"modified":"2025-05-11T23:40:26","modified_gmt":"2025-05-11T21:40:26","slug":"ortopediske-sko","status":"publish","type":"product","link":"https:\/\/keluvo.com\/no\/produkt\/ortopediske-sko\/","title":{"rendered":"Ortopediske sko"},"content":{"rendered":"<h2 style=\"text-align: center;\">Leter du etter den beste st\u00f8tten for lange turer?<\/h2>\n<p style=\"text-align: center;\">V\u00e5re ortopediske sko er perfekte for \u00e5 st\u00f8tte deg p\u00e5 dine daglige turer. Disse tynne ortopediske skoene er spesialdesignet for mennesker som \u00f8nsker \u00e5 leve et smertefritt liv og v\u00e6re i stand til \u00e5 g\u00e5 igjen. Ingen \u00f8nsker at h\u00e6lspore, fotsmerter eller knesmerter skal \u00f8delegge livet.<\/p>\n<h2 style=\"text-align: center;\"><img decoding=\"async\" class=\"size-full wp-image-18418 aligncenter\" src=\"https:\/\/keluvo.com\/template\/wp-content\/uploads\/sites\/5\/2025\/05\/04f59b77af5a97fb77c010196ae50ad4-ezgif.com-gif-to-webp-converter.webp\" alt=\"\" \/><br \/>\nTrykket Er Jevnt Fordelt.<\/h2>\n<p style=\"text-align: center;\">Den tredoble fotbuest\u00f8tten s\u00f8rger for at vekten din fordeles jevnt mellom t\u00e6rne, fotbuen og pelotten.<\/p>\n<p><img fetchpriority=\"high\" decoding=\"async\" class=\"size-full wp-image-18419 aligncenter\" src=\"https:\/\/keluvo.com\/template\/wp-content\/uploads\/sites\/5\/2025\/05\/7da5669dcbc8d86f432c4e8dfc74a8b9-ezgif.com-gif-to-webp-converter.webp\" alt=\"\" width=\"300\" height=\"300\" \/><\/p>\n<h2><\/h2>\n<h2 style=\"text-align: center;\">Hvorfor Er Disse Skoene S\u00e5 Gode?<\/h2>\n<ul>\n<li>Demping &#8211; Ortopediske sko har demping over hele foten for optimal komfort. S\u00e5len inneholder en spesiell gel som absorberer st\u00f8t bedre enn noen annen s\u00e5le.<\/li>\n<li>Mer stabilitet &#8211; Den overdimensjonerte 4 cm tykke s\u00e5len under h\u00e6len gir stabilitet, og den n\u00f8ye plasserte fotsengen sikrer perfekt passform, komfort og bedre ytelse.<\/li>\n<li>For brede og smale f\u00f8tter &#8211; Denne sandalen passer for personer med brede og smale f\u00f8tter.<\/li>\n<li>Den er lett, men har en kileformet design som gj\u00f8r at du kan g\u00e5 st\u00f8digere og st\u00e5 i timevis uten anstrengelse eller ubalanse.<\/li>\n<\/ul>\n<p><img decoding=\"async\" class=\"size-full wp-image-18581 aligncenter\" src=\"https:\/\/keluvo.com\/template\/wp-content\/uploads\/sites\/5\/2025\/05\/Screenshot-2025-05-11-205910.png\" alt=\"\" width=\"329\" height=\"383\" \/><\/p>\n<p>&nbsp;<\/p>\n","protected":false},"excerpt":{"rendered":"<p>Leter du etter den beste st\u00f8tten for lange turer? V\u00e5re ortopediske sko er perfekte for \u00e5 st\u00f8tte deg p\u00e5 dine [&hellip;]<\/p>\n","protected":false},"featured_media":18569,"comment_status":"open","ping_status":"closed","template":"","meta":{"site-sidebar-layout":"default","site-content-layout":"","ast-site-content-layout":"default","site-content-style":"default","site-sidebar-style":"default","ast-global-header-display":"","ast-banner-title-visibility":"","ast-main-header-display":"","ast-hfb-above-header-display":"","ast-hfb-below-header-display":"","ast-hfb-mobile-header-display":"","site-post-title":"","ast-breadcrumbs-content":"","ast-featured-img":"","footer-sml-layout":"","theme-transparent-header-meta":"default","adv-header-id-meta":"","stick-header-meta":"","header-above-stick-meta":"","header-main-stick-meta":"","header-below-stick-meta":"","astra-migrate-meta-layouts":"set","ast-page-background-enabled":"default","ast-page-background-meta":{"desktop":{"background-color":"var(--ast-global-color-4)","background-image":"","background-repeat":"repeat","background-position":"center center","background-size":"auto","background-attachment":"scroll","background-type":"","background-media":"","overlay-type":"","overlay-color":"","overlay-opacity":"","overlay-gradient":""},"tablet":{"background-color":"","background-image":"","background-repeat":"repeat","background-position":"center center","background-size":"auto","background-attachment":"scroll","background-type":"","background-media":"","overlay-type":"","overlay-color":"","overlay-opacity":"","overlay-gradient":""},"mobile":{"background-color":"","background-image":"","background-repeat":"repeat","background-position":"center center","background-size":"auto","background-attachment":"scroll","background-type":"","background-media":"","overlay-type":"","overlay-color":"","overlay-opacity":"","overlay-gradient":""}},"ast-content-background-meta":{"desktop":{"background-color":"var(--ast-global-color-5)","background-image":"","background-repeat":"repeat","background-position":"center center","background-size":"auto","background-attachment":"scroll","background-type":"","background-media":"","overlay-type":"","overlay-color":"","overlay-opacity":"","overlay-gradient":""},"tablet":{"background-color":"var(--ast-global-color-5)","background-image":"","background-repeat":"repeat","background-position":"center center","background-size":"auto","background-attachment":"scroll","background-type":"","background-media":"","overlay-type":"","overlay-color":"","overlay-opacity":"","overlay-gradient":""},"mobile":{"background-color":"var(--ast-global-color-5)","background-image":"","background-repeat":"repeat","background-position":"center center","background-size":"auto","background-attachment":"scroll","background-type":"","background-media":"","overlay-type":"","overlay-color":"","overlay-opacity":"","overlay-gradient":""}}},"product_brand":[],"product_cat":[994],"product_tag":[],"class_list":{"0":"post-18573","1":"product","2":"type-product","3":"status-publish","4":"has-post-thumbnail","6":"product_cat-klaer-til-kvinner","7":"pa_48105_riuzeuus-3718","8":"pa_48105_riuzeuus-3719","9":"pa_48105_riuzeuus-3720","10":"pa_48105_riuzeuus-3721","11":"pa_48105_riuzeuus-3722","12":"pa_48105_riuzeuus-3723","13":"pa_48105_riuzeuus-3724","14":"pa_48105_riuzeuus-3725","15":"pa_48105_riuzeuus-3726","16":"pa_48105_xjvzkcnk-bla","17":"pa_48105_xjvzkcnk-brun","18":"pa_48105_xjvzkcnk-lys-gra","19":"pa_48105_xjvzkcnk-mork-gra","20":"pa_48105_xjvzkcnk-morkebla","21":"pa_48105_xjvzkcnk-rod","22":"pa_48105_xjvzkcnk-rosa","23":"pa_48105_xjvzkcnk-svart","24":"desktop-align-left","25":"tablet-align-left","26":"mobile-align-left","28":"first","29":"instock","30":"shipping-taxable","31":"purchasable","32":"product-type-variable","33":"has-default-attributes"},"_links":{"self":[{"href":"https:\/\/keluvo.com\/no\/wp-json\/wp\/v2\/product\/18573","targetHints":{"allow":["GET"]}}],"collection":[{"href":"https:\/\/keluvo.com\/no\/wp-json\/wp\/v2\/product"}],"about":[{"href":"https:\/\/keluvo.com\/no\/wp-json\/wp\/v2\/types\/product"}],"replies":[{"embeddable":true,"href":"https:\/\/keluvo.com\/no\/wp-json\/wp\/v2\/comments?post=18573"}],"wp:featuredmedia":[{"embeddable":true,"href":"https:\/\/keluvo.com\/no\/wp-json\/wp\/v2\/media\/18569"}],"wp:attachment":[{"href":"https:\/\/keluvo.com\/no\/wp-json\/wp\/v2\/media?parent=18573"}],"wp:term":[{"taxonomy":"product_brand","embeddable":true,"href":"https:\/\/keluvo.com\/no\/wp-json\/wp\/v2\/product_brand?post=18573"},{"taxonomy":"product_cat","embeddable":true,"href":"https:\/\/keluvo.com\/no\/wp-json\/wp\/v2\/product_cat?post=18573"},{"taxonomy":"product_tag","embeddable":true,"href":"https:\/\/keluvo.com\/no\/wp-json\/wp\/v2\/product_tag?post=18573"}],"curies":[{"name":"wp","href":"https:\/\/api.w.org\/{rel}","templated":true}]}}