{"id":18486,"date":"2025-05-11T16:09:59","date_gmt":"2025-05-11T14:09:59","guid":{"rendered":"https:\/\/keluvo.com\/no\/produkt\/solaris-ortopediske-sandaler\/"},"modified":"2025-05-11T16:55:47","modified_gmt":"2025-05-11T14:55:47","slug":"solaris-ortopediske-sandaler","status":"publish","type":"product","link":"https:\/\/keluvo.com\/no\/produkt\/solaris-ortopediske-sandaler\/","title":{"rendered":"Solaris\u2122 ortopediske sandaler"},"content":{"rendered":"<h2 style=\"text-align: center;\">Gj\u00f8r ditt aktive liv komfortabelt med Solaris\u2122 ortopediske sandaler<\/h2>\n<p style=\"text-align: center;\">Sandalene v\u00e5re er designet med optimal st\u00f8tte slik at f\u00f8ttene dine ikke lider n\u00e5r du g\u00e5r tur, trener, spiller tennis eller sykler.<\/p>\n<p><img decoding=\"async\" class=\"size-full wp-image-18371 aligncenter\" src=\"https:\/\/keluvo.com\/template\/wp-content\/uploads\/sites\/5\/2025\/05\/Pantalon_produit1_600x600.webp\" alt=\"\" \/><\/p>\n<h2><\/h2>\n<h2 style=\"text-align: center;\">Designet av ortopedisk ekspert<\/h2>\n<p style=\"text-align: center;\">De er spesielt utviklet for mennesker som \u00f8nsker \u00e5 leve et smertefritt liv og g\u00e5 igjen. Ingen \u00f8nsker at h\u00e6lspore, fotsmerter eller knesmerter skal \u00f8delegge livet.<\/p>\n<p><img decoding=\"async\" class=\"size-full wp-image-18372 aligncenter\" src=\"https:\/\/keluvo.com\/template\/wp-content\/uploads\/sites\/5\/2025\/05\/1.avif\" alt=\"\" \/><\/p>\n<h2><\/h2>\n<h2 style=\"text-align: center;\">Beveg deg smertefritt!<\/h2>\n<p style=\"text-align: center;\">Med disse sandalene er det ikke behov for kostbare legebes\u00f8k eller dyre innleggss\u00e5ler. Hvert skritt du tar med sandalene, blir dempet av den robuste, myke s\u00e5len. Den tykke, st\u00f8tdempende s\u00e5len st\u00f8tter hele foten, ikke bare h\u00e6len.<\/p>\n<p><img decoding=\"async\" class=\"size-full wp-image-18368 aligncenter\" src=\"https:\/\/keluvo.com\/template\/wp-content\/uploads\/sites\/5\/2025\/05\/5.avif\" alt=\"\" \/><\/p>\n<p><img fetchpriority=\"high\" decoding=\"async\" class=\"size-full wp-image-18417 aligncenter\" src=\"https:\/\/keluvo.com\/template\/wp-content\/uploads\/sites\/5\/2025\/05\/Screenshot-2025-05-11-170038.png\" alt=\"\" width=\"329\" height=\"383\" \/><\/p>\n<p>&nbsp;<\/p>\n","protected":false},"excerpt":{"rendered":"<p>Gj\u00f8r ditt aktive liv komfortabelt med Solaris\u2122 ortopediske sandaler Sandalene v\u00e5re er designet med optimal st\u00f8tte slik at f\u00f8ttene dine [&hellip;]<\/p>\n","protected":false},"featured_media":18482,"comment_status":"open","ping_status":"closed","template":"","meta":{"site-sidebar-layout":"default","site-content-layout":"","ast-site-content-layout":"default","site-content-style":"default","site-sidebar-style":"default","ast-global-header-display":"","ast-banner-title-visibility":"","ast-main-header-display":"","ast-hfb-above-header-display":"","ast-hfb-below-header-display":"","ast-hfb-mobile-header-display":"","site-post-title":"","ast-breadcrumbs-content":"","ast-featured-img":"","footer-sml-layout":"","theme-transparent-header-meta":"default","adv-header-id-meta":"","stick-header-meta":"","header-above-stick-meta":"","header-main-stick-meta":"","header-below-stick-meta":"","astra-migrate-meta-layouts":"set","ast-page-background-enabled":"default","ast-page-background-meta":{"desktop":{"background-color":"var(--ast-global-color-4)","background-image":"","background-repeat":"repeat","background-position":"center center","background-size":"auto","background-attachment":"scroll","background-type":"","background-media":"","overlay-type":"","overlay-color":"","overlay-opacity":"","overlay-gradient":""},"tablet":{"background-color":"","background-image":"","background-repeat":"repeat","background-position":"center center","background-size":"auto","background-attachment":"scroll","background-type":"","background-media":"","overlay-type":"","overlay-color":"","overlay-opacity":"","overlay-gradient":""},"mobile":{"background-color":"","background-image":"","background-repeat":"repeat","background-position":"center center","background-size":"auto","background-attachment":"scroll","background-type":"","background-media":"","overlay-type":"","overlay-color":"","overlay-opacity":"","overlay-gradient":""}},"ast-content-background-meta":{"desktop":{"background-color":"var(--ast-global-color-5)","background-image":"","background-repeat":"repeat","background-position":"center center","background-size":"auto","background-attachment":"scroll","background-type":"","background-media":"","overlay-type":"","overlay-color":"","overlay-opacity":"","overlay-gradient":""},"tablet":{"background-color":"var(--ast-global-color-5)","background-image":"","background-repeat":"repeat","background-position":"center center","background-size":"auto","background-attachment":"scroll","background-type":"","background-media":"","overlay-type":"","overlay-color":"","overlay-opacity":"","overlay-gradient":""},"mobile":{"background-color":"var(--ast-global-color-5)","background-image":"","background-repeat":"repeat","background-position":"center center","background-size":"auto","background-attachment":"scroll","background-type":"","background-media":"","overlay-type":"","overlay-color":"","overlay-opacity":"","overlay-gradient":""}}},"product_brand":[],"product_cat":[994],"product_tag":[],"class_list":{"0":"post-18486","1":"product","2":"type-product","3":"status-publish","4":"has-post-thumbnail","6":"product_cat-klaer-til-kvinner","7":"pa_48104_1acak98e-beige","8":"pa_48104_1acak98e-bla","9":"pa_48104_1acak98e-brun","10":"pa_48104_1acak98e-svart","11":"pa_48104_g74ja4no-3698","12":"pa_48104_g74ja4no-3699","13":"pa_48104_g74ja4no-3700","14":"pa_48104_g74ja4no-3701","15":"pa_48104_g74ja4no-3702","16":"pa_48104_g74ja4no-3703","17":"pa_48104_g74ja4no-3704","18":"pa_48104_g74ja4no-3705","19":"desktop-align-left","20":"tablet-align-left","21":"mobile-align-left","23":"first","24":"instock","25":"shipping-taxable","26":"purchasable","27":"product-type-variable","28":"has-default-attributes"},"_links":{"self":[{"href":"https:\/\/keluvo.com\/no\/wp-json\/wp\/v2\/product\/18486","targetHints":{"allow":["GET"]}}],"collection":[{"href":"https:\/\/keluvo.com\/no\/wp-json\/wp\/v2\/product"}],"about":[{"href":"https:\/\/keluvo.com\/no\/wp-json\/wp\/v2\/types\/product"}],"replies":[{"embeddable":true,"href":"https:\/\/keluvo.com\/no\/wp-json\/wp\/v2\/comments?post=18486"}],"wp:featuredmedia":[{"embeddable":true,"href":"https:\/\/keluvo.com\/no\/wp-json\/wp\/v2\/media\/18482"}],"wp:attachment":[{"href":"https:\/\/keluvo.com\/no\/wp-json\/wp\/v2\/media?parent=18486"}],"wp:term":[{"taxonomy":"product_brand","embeddable":true,"href":"https:\/\/keluvo.com\/no\/wp-json\/wp\/v2\/product_brand?post=18486"},{"taxonomy":"product_cat","embeddable":true,"href":"https:\/\/keluvo.com\/no\/wp-json\/wp\/v2\/product_cat?post=18486"},{"taxonomy":"product_tag","embeddable":true,"href":"https:\/\/keluvo.com\/no\/wp-json\/wp\/v2\/product_tag?post=18486"}],"curies":[{"name":"wp","href":"https:\/\/api.w.org\/{rel}","templated":true}]}}