{"id":18228,"date":"2025-05-08T11:35:54","date_gmt":"2025-05-08T09:35:54","guid":{"rendered":"https:\/\/keluvo.com\/no\/produkt\/kors-av-tre\/"},"modified":"2025-05-17T21:50:51","modified_gmt":"2025-05-17T19:50:51","slug":"kors-av-tre","status":"publish","type":"product","link":"https:\/\/keluvo.com\/no\/produkt\/kors-av-tre\/","title":{"rendered":"Kors av tre"},"content":{"rendered":"<p style=\"text-align: center;\"><strong>\u271d\ufe0fEt tidl\u00f8st symbol p\u00e5 tro og kj\u00e6rlighet til hjemmet eller som gave\ud83d\ude4f<\/strong><\/p>\n<p style=\"text-align: center;\"><span style=\"font-weight: 400;\">Trekorset med sammenflettede hjerter er et vakkert h\u00e5ndverk som gir varme, inspirasjon og \u00e5ndelig mening til ethvert rom. Enten det brukes til b\u00f8nn, dekorasjon eller som en gjennomtenkt gave, er dette korset en varig p\u00e5minnelse om kj\u00e6rlighet og hengivenhet.<\/span><\/p>\n<p><img decoding=\"async\" class=\"size-full wp-image-18176 aligncenter\" src=\"https:\/\/keluvo.com\/template\/wp-content\/uploads\/sites\/5\/2025\/05\/3c5c5c81-cfeb-487f-b2ea-ec2b6d752f35.webp\" alt=\"\" \/><\/p>\n<h2 style=\"text-align: center;\">Hovedfordeler<\/h2>\n<ul>\n<li style=\"font-weight: 400;\"><span style=\"font-weight: 400;\">\u271d\ufe0f Elegant design med sammenflettede hjerter for ekstra mening<\/span><span style=\"font-weight: 400;\"><br \/>\n<\/span><\/li>\n<li style=\"font-weight: 400;\"><span style=\"font-weight: 400;\">\ud83c\udfe0 Perfekt for vegger, hyller eller bord &#8211; tilf\u00f8rer skj\u00f8nnhet til ethvert rom<\/span><span style=\"font-weight: 400;\"><br \/>\n<\/span><\/li>\n<li style=\"font-weight: 400;\"><span style=\"font-weight: 400;\">\ud83c\udf81 Flott gave til d\u00e5p, husvelsignelser eller spesielle anledninger<\/span><span style=\"font-weight: 400;\"><br \/>\n<\/span><\/li>\n<li style=\"font-weight: 400;\"><span style=\"font-weight: 400;\">\ud83d\ude4f Symbol p\u00e5 tro &#8211; ideelt for b\u00f8nnerom eller steder for refleksjon<\/span><span style=\"font-weight: 400;\"><br \/>\n<\/span><\/li>\n<li style=\"font-weight: 400;\"><span style=\"font-weight: 400;\">\ud83d\udcaa Slitesterkt materiale &#8211; laget for \u00e5 vare og holde seg vakkert over tid<\/span><span style=\"font-weight: 400;\"><br \/>\n<\/span><\/li>\n<\/ul>\n<p><img decoding=\"async\" class=\"size-full wp-image-18179 aligncenter\" src=\"https:\/\/keluvo.com\/template\/wp-content\/uploads\/sites\/5\/2025\/05\/0e544ab9-793b-445c-9cb6-75365f2fa564.webp\" alt=\"\" \/><\/p>\n<h2 style=\"text-align: center;\"><strong>Produktdetaljer<\/strong><\/h2>\n<ul>\n<li style=\"font-weight: 400;\"><span style=\"font-weight: 400;\">Materiale: slitesterkt tre<\/span><\/li>\n<li style=\"font-weight: 400;\"><span style=\"font-weight: 400;\">St\u00f8rrelse: 23 x 16 cm<\/span><\/li>\n<\/ul>\n<h2 style=\"text-align: center;\"><strong>Pakken Inneholder<\/strong><\/h2>\n<ul>\n<li style=\"font-weight: 400;\"><span style=\"font-weight: 400;\">1 x trekors<\/span><\/li>\n<\/ul>\n","protected":false},"excerpt":{"rendered":"<p>\u271d\ufe0fEt tidl\u00f8st symbol p\u00e5 tro og kj\u00e6rlighet til hjemmet eller som gave\ud83d\ude4f Trekorset med sammenflettede hjerter er et vakkert h\u00e5ndverk [&hellip;]<\/p>\n","protected":false},"featured_media":18224,"comment_status":"open","ping_status":"closed","template":"","meta":{"site-sidebar-layout":"default","site-content-layout":"","ast-site-content-layout":"default","site-content-style":"default","site-sidebar-style":"default","ast-global-header-display":"","ast-banner-title-visibility":"","ast-main-header-display":"","ast-hfb-above-header-display":"","ast-hfb-below-header-display":"","ast-hfb-mobile-header-display":"","site-post-title":"","ast-breadcrumbs-content":"","ast-featured-img":"","footer-sml-layout":"","theme-transparent-header-meta":"default","adv-header-id-meta":"","stick-header-meta":"","header-above-stick-meta":"","header-main-stick-meta":"","header-below-stick-meta":"","astra-migrate-meta-layouts":"set","ast-page-background-enabled":"default","ast-page-background-meta":{"desktop":{"background-color":"var(--ast-global-color-4)","background-image":"","background-repeat":"repeat","background-position":"center center","background-size":"auto","background-attachment":"scroll","background-type":"","background-media":"","overlay-type":"","overlay-color":"","overlay-opacity":"","overlay-gradient":""},"tablet":{"background-color":"","background-image":"","background-repeat":"repeat","background-position":"center center","background-size":"auto","background-attachment":"scroll","background-type":"","background-media":"","overlay-type":"","overlay-color":"","overlay-opacity":"","overlay-gradient":""},"mobile":{"background-color":"","background-image":"","background-repeat":"repeat","background-position":"center center","background-size":"auto","background-attachment":"scroll","background-type":"","background-media":"","overlay-type":"","overlay-color":"","overlay-opacity":"","overlay-gradient":""}},"ast-content-background-meta":{"desktop":{"background-color":"var(--ast-global-color-5)","background-image":"","background-repeat":"repeat","background-position":"center center","background-size":"auto","background-attachment":"scroll","background-type":"","background-media":"","overlay-type":"","overlay-color":"","overlay-opacity":"","overlay-gradient":""},"tablet":{"background-color":"var(--ast-global-color-5)","background-image":"","background-repeat":"repeat","background-position":"center center","background-size":"auto","background-attachment":"scroll","background-type":"","background-media":"","overlay-type":"","overlay-color":"","overlay-opacity":"","overlay-gradient":""},"mobile":{"background-color":"var(--ast-global-color-5)","background-image":"","background-repeat":"repeat","background-position":"center center","background-size":"auto","background-attachment":"scroll","background-type":"","background-media":"","overlay-type":"","overlay-color":"","overlay-opacity":"","overlay-gradient":""}}},"product_brand":[],"product_cat":[1001],"product_tag":[],"class_list":{"0":"post-18228","1":"product","2":"type-product","3":"status-publish","4":"has-post-thumbnail","6":"product_cat-husholdningsartikler","7":"desktop-align-left","8":"tablet-align-left","9":"mobile-align-left","11":"first","12":"instock","13":"shipping-taxable","14":"purchasable","15":"product-type-simple"},"_links":{"self":[{"href":"https:\/\/keluvo.com\/no\/wp-json\/wp\/v2\/product\/18228","targetHints":{"allow":["GET"]}}],"collection":[{"href":"https:\/\/keluvo.com\/no\/wp-json\/wp\/v2\/product"}],"about":[{"href":"https:\/\/keluvo.com\/no\/wp-json\/wp\/v2\/types\/product"}],"replies":[{"embeddable":true,"href":"https:\/\/keluvo.com\/no\/wp-json\/wp\/v2\/comments?post=18228"}],"wp:featuredmedia":[{"embeddable":true,"href":"https:\/\/keluvo.com\/no\/wp-json\/wp\/v2\/media\/18224"}],"wp:attachment":[{"href":"https:\/\/keluvo.com\/no\/wp-json\/wp\/v2\/media?parent=18228"}],"wp:term":[{"taxonomy":"product_brand","embeddable":true,"href":"https:\/\/keluvo.com\/no\/wp-json\/wp\/v2\/product_brand?post=18228"},{"taxonomy":"product_cat","embeddable":true,"href":"https:\/\/keluvo.com\/no\/wp-json\/wp\/v2\/product_cat?post=18228"},{"taxonomy":"product_tag","embeddable":true,"href":"https:\/\/keluvo.com\/no\/wp-json\/wp\/v2\/product_tag?post=18228"}],"curies":[{"name":"wp","href":"https:\/\/api.w.org\/{rel}","templated":true}]}}