{"id":18199,"date":"2025-05-08T11:33:37","date_gmt":"2025-05-08T09:33:37","guid":{"rendered":"https:\/\/keluvo.com\/no\/produkt\/rengjoringspinner\/"},"modified":"2025-05-08T11:33:44","modified_gmt":"2025-05-08T09:33:44","slug":"rengjoringspinner","status":"publish","type":"product","link":"https:\/\/keluvo.com\/no\/produkt\/rengjoringspinner\/","title":{"rendered":"Rengj\u00f8ringspinner"},"content":{"rendered":"<p style=\"text-align: center\"><strong><span style=\"font-weight: 400\">\ud83d\udca7<\/span>Forebygg tette avl\u00f8p og d\u00e5rlig lukt med bare \u00e9n pinne i m\u00e5neden<span style=\"font-weight: 400\">\ud83e\uddfc <\/span><\/strong><\/p>\n<p style=\"text-align: center\"><span style=\"font-weight: 400\">Disse rengj\u00f8ringspinnene er en enkel og effektiv m\u00e5te \u00e5 holde avl\u00f8pene dine flytende. Bare slipp en pinne i vasken, badekaret eller dusjavl\u00f8pet, s\u00e5 vil den bryte ned fett, mat og smuss og stoppe lukt f\u00f8r den oppst\u00e5r. Disse enzymdrevne pinnene er trygge for alle typer r\u00f8rlegger- og septiksystemer, og sparer deg for tid, penger og rotete opprydding.<\/span><\/p>\n<p><img decoding=\"async\" class=\"size-full wp-image-18214 aligncenter\" src=\"https:\/\/keluvo.com\/template\/wp-content\/uploads\/sites\/5\/2025\/05\/pJgON11Pje9fKcGqdQkN-ezgif.com-video-to-webp-converter-1.webp\" alt=\"\" \/><\/p>\n<h2 style=\"text-align: center\">\u2705 Hovedfordeler<\/h2>\n<ul>\n<li style=\"font-weight: 400\"><span style=\"font-weight: 400\">\ud83d\udca7 Tetter opp og renser avl\u00f8p ved \u00e5 bryte ned fett, mat og smuss<\/span><span style=\"font-weight: 400\"><br \/>\n<\/span><\/li>\n<li style=\"font-weight: 400\"><span style=\"font-weight: 400\">\ud83c\udf31 Milj\u00f8vennlige enzymer som er trygge for alle r\u00f8r og septiktanker<\/span><span style=\"font-weight: 400\"><br \/>\n<\/span><\/li>\n<li style=\"font-weight: 400\"><span style=\"font-weight: 400\">\ud83e\uddfc Fjerner lukt for \u00e5 holde kj\u00f8kkenet og badet ditt fresh<\/span><span style=\"font-weight: 400\"><br \/>\n<\/span><\/li>\n<li style=\"font-weight: 400\"><span style=\"font-weight: 400\">\ud83d\uddd3\ufe0f Lang levetid &#8211; bare \u00e9n pinne per avl\u00f8p per m\u00e5ned<\/span><\/li>\n<li style=\"font-weight: 400\"><span style=\"font-weight: 400\">\ud83d\udd12 Kompakt og enkel \u00e5 bruke &#8211; ingen verkt\u00f8y eller kjemikalier trengs<\/span><\/li>\n<\/ul>\n<p><img decoding=\"async\" class=\"size-full wp-image-18215 aligncenter\" src=\"https:\/\/keluvo.com\/template\/wp-content\/uploads\/sites\/5\/2025\/05\/0826545f-17e5-456e-bb62-90839c7eb7a4.webp\" alt=\"\" \/><\/p>\n<h2 style=\"text-align: center\">\ud83e\udded Slik bruker du den<\/h2>\n<ol>\n<li style=\"font-weight: 400\"><span style=\"font-weight: 400\">Ta \u00e9n pinne ut av pakken.<\/span><span style=\"font-weight: 400\"><br \/>\n<\/span><\/li>\n<li style=\"font-weight: 400\"><span style=\"font-weight: 400\">La den sitte og virke &#8211; ingen grunn til \u00e5 ber\u00f8re eller fjerne den<\/span><span style=\"font-weight: 400\"><br \/>\n<\/span><\/li>\n<li style=\"font-weight: 400\"><span style=\"font-weight: 400\">Gjenta m\u00e5nedlig for best resultat.<\/span><\/li>\n<\/ol>\n<h2 style=\"text-align: center\">\ud83d\udcd0 Produktdetaljer<\/h2>\n<ul>\n<li style=\"font-weight: 400\"><span style=\"font-weight: 400\">Form: tynn og sylindrisk for enkel passform<\/span><span style=\"font-weight: 400\"><br \/>\n<\/span><\/li>\n<li style=\"font-weight: 400\"><span style=\"font-weight: 400\">Ingredienser: naturlig enzymblanding<\/span><\/li>\n<li style=\"font-weight: 400\"><span style=\"font-weight: 400\">Trygg for: alle r\u00f8r, vasker, badekar og septiksystemer<\/span><\/li>\n<\/ul>\n<h2 style=\"text-align: center\">\ud83d\udce6 Pakken inneholder<\/h2>\n<ul>\n<li style=\"font-weight: 400\"><span style=\"font-weight: 400\">12 stk rengj\u00f8ringspinner.<\/span><\/li>\n<\/ul>\n<p>&nbsp;<\/p>\n","protected":false},"excerpt":{"rendered":"<p>\ud83d\udca7Forebygg tette avl\u00f8p og d\u00e5rlig lukt med bare \u00e9n pinne i m\u00e5neden\ud83e\uddfc Disse rengj\u00f8ringspinnene er en enkel og effektiv m\u00e5te [&hellip;]<\/p>\n","protected":false},"featured_media":18195,"comment_status":"open","ping_status":"closed","template":"","meta":{"site-sidebar-layout":"default","site-content-layout":"","ast-site-content-layout":"default","site-content-style":"default","site-sidebar-style":"default","ast-global-header-display":"","ast-banner-title-visibility":"","ast-main-header-display":"","ast-hfb-above-header-display":"","ast-hfb-below-header-display":"","ast-hfb-mobile-header-display":"","site-post-title":"","ast-breadcrumbs-content":"","ast-featured-img":"","footer-sml-layout":"","theme-transparent-header-meta":"default","adv-header-id-meta":"","stick-header-meta":"","header-above-stick-meta":"","header-main-stick-meta":"","header-below-stick-meta":"","astra-migrate-meta-layouts":"set","ast-page-background-enabled":"default","ast-page-background-meta":{"desktop":{"background-color":"var(--ast-global-color-4)","background-image":"","background-repeat":"repeat","background-position":"center center","background-size":"auto","background-attachment":"scroll","background-type":"","background-media":"","overlay-type":"","overlay-color":"","overlay-opacity":"","overlay-gradient":""},"tablet":{"background-color":"","background-image":"","background-repeat":"repeat","background-position":"center center","background-size":"auto","background-attachment":"scroll","background-type":"","background-media":"","overlay-type":"","overlay-color":"","overlay-opacity":"","overlay-gradient":""},"mobile":{"background-color":"","background-image":"","background-repeat":"repeat","background-position":"center center","background-size":"auto","background-attachment":"scroll","background-type":"","background-media":"","overlay-type":"","overlay-color":"","overlay-opacity":"","overlay-gradient":""}},"ast-content-background-meta":{"desktop":{"background-color":"var(--ast-global-color-5)","background-image":"","background-repeat":"repeat","background-position":"center center","background-size":"auto","background-attachment":"scroll","background-type":"","background-media":"","overlay-type":"","overlay-color":"","overlay-opacity":"","overlay-gradient":""},"tablet":{"background-color":"var(--ast-global-color-5)","background-image":"","background-repeat":"repeat","background-position":"center center","background-size":"auto","background-attachment":"scroll","background-type":"","background-media":"","overlay-type":"","overlay-color":"","overlay-opacity":"","overlay-gradient":""},"mobile":{"background-color":"var(--ast-global-color-5)","background-image":"","background-repeat":"repeat","background-position":"center center","background-size":"auto","background-attachment":"scroll","background-type":"","background-media":"","overlay-type":"","overlay-color":"","overlay-opacity":"","overlay-gradient":""}}},"product_brand":[],"product_cat":[1001],"product_tag":[],"class_list":{"0":"post-18199","1":"product","2":"type-product","3":"status-publish","4":"has-post-thumbnail","6":"product_cat-husholdningsartikler","7":"pa_21644_nkqy78tm-havet","8":"pa_21644_nkqy78tm-lavendel","9":"pa_21644_nkqy78tm-sitron","10":"pa_21644_nkqy78tm-sjasmin","11":"desktop-align-left","12":"tablet-align-left","13":"mobile-align-left","15":"first","16":"instock","17":"shipping-taxable","18":"purchasable","19":"product-type-variable"},"_links":{"self":[{"href":"https:\/\/keluvo.com\/no\/wp-json\/wp\/v2\/product\/18199","targetHints":{"allow":["GET"]}}],"collection":[{"href":"https:\/\/keluvo.com\/no\/wp-json\/wp\/v2\/product"}],"about":[{"href":"https:\/\/keluvo.com\/no\/wp-json\/wp\/v2\/types\/product"}],"replies":[{"embeddable":true,"href":"https:\/\/keluvo.com\/no\/wp-json\/wp\/v2\/comments?post=18199"}],"wp:featuredmedia":[{"embeddable":true,"href":"https:\/\/keluvo.com\/no\/wp-json\/wp\/v2\/media\/18195"}],"wp:attachment":[{"href":"https:\/\/keluvo.com\/no\/wp-json\/wp\/v2\/media?parent=18199"}],"wp:term":[{"taxonomy":"product_brand","embeddable":true,"href":"https:\/\/keluvo.com\/no\/wp-json\/wp\/v2\/product_brand?post=18199"},{"taxonomy":"product_cat","embeddable":true,"href":"https:\/\/keluvo.com\/no\/wp-json\/wp\/v2\/product_cat?post=18199"},{"taxonomy":"product_tag","embeddable":true,"href":"https:\/\/keluvo.com\/no\/wp-json\/wp\/v2\/product_tag?post=18199"}],"curies":[{"name":"wp","href":"https:\/\/api.w.org\/{rel}","templated":true}]}}