{"id":18183,"date":"2025-05-08T11:32:10","date_gmt":"2025-05-08T09:32:10","guid":{"rendered":"https:\/\/keluvo.com\/no\/produkt\/knivsett\/"},"modified":"2025-05-08T11:32:10","modified_gmt":"2025-05-08T09:32:10","slug":"knivsett","status":"publish","type":"product","link":"https:\/\/keluvo.com\/no\/produkt\/knivsett\/","title":{"rendered":"Knivsett"},"content":{"rendered":"<p style=\"text-align: center\"><strong>Skarp, sterk og klar for alt &#8211; din alt-i-ett-kniv for kj\u00f8kken- og utend\u00f8rsbruk<\/strong><\/p>\n<p style=\"text-align: center\"><span style=\"font-weight: 400\">Dette knivsettet i rustfritt st\u00e5l av h\u00f8y kvalitet er konstruert for jevn og uanstrengt skj\u00e6ring, enten du skal skj\u00e6re frukt, gr\u00f8nnsaker eller kj\u00f8tt. Med et vakkert h\u00e5ndtaksdesign og en b\u00e6rbar konstruksjon er det perfekt for b\u00e5de hjemmekokker og friluftsentusiaster.<\/span><\/p>\n<p><img decoding=\"async\" class=\"alignnone size-full wp-image-18147 aligncenter\" src=\"https:\/\/keluvo.com\/template\/wp-content\/uploads\/sites\/5\/2025\/05\/Sef4dac014301465598481403ffe143dbB.jpg_960x960q75.jpg_.jpeg\" alt=\"\" \/><\/p>\n<h2 style=\"text-align: center\">\u2705 Hovedfordeler<\/h2>\n<ul>\n<li style=\"font-weight: 400\"><span style=\"font-weight: 400\">\ud83d\udd2a Ultraskarpt blad &#8211; skj\u00e6rer rent og jevnt gjennom alle ingredienser<\/span><span style=\"font-weight: 400\"><br \/>\n<\/span><\/li>\n<li style=\"font-weight: 400\"><span style=\"font-weight: 400\">\ud83d\udcaa Slitesterkt st\u00e5l &#8211; motst\u00e5r korrosjon og slitasje for langvarig ytelse<\/span><span style=\"font-weight: 400\"><br \/>\n<\/span><\/li>\n<li style=\"font-weight: 400\"><span style=\"font-weight: 400\">\ud83d\udc09 Elegant h\u00e5ndtaksdesign &#8211; drage- og f\u00f8niksm\u00f8nster for skj\u00f8nnhet og komfort<\/span><span style=\"font-weight: 400\"><br \/>\n<\/span><\/li>\n<li style=\"font-weight: 400\"><span style=\"font-weight: 400\">\u2728 Dobbeltkantet design &#8211; \u00f8ker skj\u00e6rekraften og allsidigheten<\/span><span style=\"font-weight: 400\"><br \/>\n<\/span><\/li>\n<li style=\"font-weight: 400\"><span style=\"font-weight: 400\">\ud83c\udf92 B\u00e6rbar &#8211; kompakt og enkel \u00e5 ta med seg for utend\u00f8rs bruk eller p\u00e5 reise<\/span><\/li>\n<\/ul>\n<p><img decoding=\"async\" class=\"alignnone size-full wp-image-18143 aligncenter\" src=\"https:\/\/keluvo.com\/template\/wp-content\/uploads\/sites\/5\/2025\/05\/S6be9d606a1e6408fb2d709d01cad46a63.jpg_960x960q75.jpg_.jpeg\" alt=\"\" \/><\/p>\n<h2 style=\"text-align: center\">\ud83d\udd27 Slik bruker du kniven<\/h2>\n<ol>\n<li style=\"font-weight: 400\"><span style=\"font-weight: 400\">Bruk kniven til \u00e5 skj\u00e6re i skiver, terninger eller skj\u00e6rer ingredienser etter behov.<\/span><span style=\"font-weight: 400\"><br \/>\n<\/span><\/li>\n<li style=\"font-weight: 400\"><span style=\"font-weight: 400\">Etter bruk, skyll med vann og t\u00f8rk med en klut<\/span><span style=\"font-weight: 400\"><br \/>\n<\/span><\/li>\n<li style=\"font-weight: 400\"><span style=\"font-weight: 400\">Oppbevares trygt i en slire eller etui hvis du er p\u00e5 reise.<\/span><\/li>\n<\/ol>\n<h2 style=\"text-align: center\">\ud83d\udcd0 Produktdetaljer<\/h2>\n<ul>\n<li style=\"font-weight: 400\"><span style=\"font-weight: 400\">Produktnavn: M390 dobbeltkniv i rustfritt st\u00e5l<\/span><span style=\"font-weight: 400\"><br \/>\n<\/span><\/li>\n<li style=\"font-weight: 400\"><span style=\"font-weight: 400\">Materiale: rustfritt st\u00e5l<\/span><span style=\"font-weight: 400\"><br \/>\n<\/span><\/li>\n<li style=\"font-weight: 400\"><span style=\"font-weight: 400\">Vekt: ca. 170 g<\/span><span style=\"font-weight: 400\"><br \/>\n<\/span><\/li>\n<li style=\"font-weight: 400\"><span style=\"font-weight: 400\">St\u00f8rrelse: 24,5 \u00d7 11,5 cm<\/span><span style=\"font-weight: 400\"><br \/>\n<\/span><\/li>\n<li style=\"font-weight: 400\"><span style=\"font-weight: 400\">Design: drage og h\u00e5ndtak med f\u00f8niksm\u00f8nster<\/span><\/li>\n<\/ul>\n<h2 style=\"text-align: center\">\ud83d\udce6 Pakken inneholder<\/h2>\n<ul>\n<li><span style=\"font-weight: 400\">1 \u00d7 dobbelkantet kniv i rustfritt st\u00e5l.<\/span><\/li>\n<\/ul>\n","protected":false},"excerpt":{"rendered":"<p>Skarp, sterk og klar for alt &#8211; din alt-i-ett-kniv for kj\u00f8kken- og utend\u00f8rsbruk Dette knivsettet i rustfritt st\u00e5l av h\u00f8y [&hellip;]<\/p>\n","protected":false},"featured_media":18179,"comment_status":"open","ping_status":"closed","template":"","meta":{"site-sidebar-layout":"default","site-content-layout":"","ast-site-content-layout":"default","site-content-style":"default","site-sidebar-style":"default","ast-global-header-display":"","ast-banner-title-visibility":"","ast-main-header-display":"","ast-hfb-above-header-display":"","ast-hfb-below-header-display":"","ast-hfb-mobile-header-display":"","site-post-title":"","ast-breadcrumbs-content":"","ast-featured-img":"","footer-sml-layout":"","theme-transparent-header-meta":"default","adv-header-id-meta":"","stick-header-meta":"","header-above-stick-meta":"","header-main-stick-meta":"","header-below-stick-meta":"","astra-migrate-meta-layouts":"set","ast-page-background-enabled":"default","ast-page-background-meta":{"desktop":{"background-color":"var(--ast-global-color-4)","background-image":"","background-repeat":"repeat","background-position":"center center","background-size":"auto","background-attachment":"scroll","background-type":"","background-media":"","overlay-type":"","overlay-color":"","overlay-opacity":"","overlay-gradient":""},"tablet":{"background-color":"","background-image":"","background-repeat":"repeat","background-position":"center center","background-size":"auto","background-attachment":"scroll","background-type":"","background-media":"","overlay-type":"","overlay-color":"","overlay-opacity":"","overlay-gradient":""},"mobile":{"background-color":"","background-image":"","background-repeat":"repeat","background-position":"center center","background-size":"auto","background-attachment":"scroll","background-type":"","background-media":"","overlay-type":"","overlay-color":"","overlay-opacity":"","overlay-gradient":""}},"ast-content-background-meta":{"desktop":{"background-color":"var(--ast-global-color-5)","background-image":"","background-repeat":"repeat","background-position":"center center","background-size":"auto","background-attachment":"scroll","background-type":"","background-media":"","overlay-type":"","overlay-color":"","overlay-opacity":"","overlay-gradient":""},"tablet":{"background-color":"var(--ast-global-color-5)","background-image":"","background-repeat":"repeat","background-position":"center center","background-size":"auto","background-attachment":"scroll","background-type":"","background-media":"","overlay-type":"","overlay-color":"","overlay-opacity":"","overlay-gradient":""},"mobile":{"background-color":"var(--ast-global-color-5)","background-image":"","background-repeat":"repeat","background-position":"center center","background-size":"auto","background-attachment":"scroll","background-type":"","background-media":"","overlay-type":"","overlay-color":"","overlay-opacity":"","overlay-gradient":""}}},"product_brand":[],"product_cat":[1001],"product_tag":[],"class_list":{"0":"post-18183","1":"product","2":"type-product","3":"status-publish","4":"has-post-thumbnail","6":"product_cat-husholdningsartikler","7":"desktop-align-left","8":"tablet-align-left","9":"mobile-align-left","11":"first","12":"instock","13":"shipping-taxable","14":"purchasable","15":"product-type-simple"},"_links":{"self":[{"href":"https:\/\/keluvo.com\/no\/wp-json\/wp\/v2\/product\/18183","targetHints":{"allow":["GET"]}}],"collection":[{"href":"https:\/\/keluvo.com\/no\/wp-json\/wp\/v2\/product"}],"about":[{"href":"https:\/\/keluvo.com\/no\/wp-json\/wp\/v2\/types\/product"}],"replies":[{"embeddable":true,"href":"https:\/\/keluvo.com\/no\/wp-json\/wp\/v2\/comments?post=18183"}],"wp:featuredmedia":[{"embeddable":true,"href":"https:\/\/keluvo.com\/no\/wp-json\/wp\/v2\/media\/18179"}],"wp:attachment":[{"href":"https:\/\/keluvo.com\/no\/wp-json\/wp\/v2\/media?parent=18183"}],"wp:term":[{"taxonomy":"product_brand","embeddable":true,"href":"https:\/\/keluvo.com\/no\/wp-json\/wp\/v2\/product_brand?post=18183"},{"taxonomy":"product_cat","embeddable":true,"href":"https:\/\/keluvo.com\/no\/wp-json\/wp\/v2\/product_cat?post=18183"},{"taxonomy":"product_tag","embeddable":true,"href":"https:\/\/keluvo.com\/no\/wp-json\/wp\/v2\/product_tag?post=18183"}],"curies":[{"name":"wp","href":"https:\/\/api.w.org\/{rel}","templated":true}]}}