{"id":18133,"date":"2025-05-08T11:29:00","date_gmt":"2025-05-08T09:29:00","guid":{"rendered":"https:\/\/keluvo.com\/no\/produkt\/book-safe\/"},"modified":"2025-05-09T11:47:53","modified_gmt":"2025-05-09T09:47:53","slug":"book-safe","status":"publish","type":"product","link":"https:\/\/keluvo.com\/no\/produkt\/book-safe\/","title":{"rendered":"Boksafe"},"content":{"rendered":"<p style=\"text-align: center;\"><strong>Denne smarte boksafen ser ut som en vanlig ordbok, men beskytter kontanter, n\u00f8kler, smykker og annet i all hemmelighet.<\/strong><\/p>\n<p style=\"text-align: center;\"><span style=\"font-weight: 400;\">Boksafen er en perfekt blanding av sikkerhet og stil. Den er designet for \u00e5 se ut som en innbundet engelsk ordbok og passer naturlig sammen med andre b\u00f8ker i hyllen, noe som gj\u00f8r den til det perfekte gjemmestedet for penger, dokumenter og verdisaker hjemme eller p\u00e5 kontoret.<\/span><\/p>\n<h2 style=\"text-align: center;\">\ud83d\udcda En Smart M\u00e5te \u00c5 Oppbevare Det Som Betyr Noe P\u00e5<\/h2>\n<p style=\"text-align: center;\"><span style=\"font-weight: 400;\">Boksafen er en perfekt blanding av sikkerhet og stil. Designet for \u00e5 se ut akkurat som en engelsk ordbok, blender den naturlig inn med andre b\u00f8ker i hyllen, noe som gj\u00f8r den til det perfekte gjemmestedet for penger, dokumenter og andre verdisaker, hjemme eller p\u00e5 kontoret.<\/span><\/p>\n<p><img decoding=\"async\" class=\"alignnone size-full wp-image-18070 aligncenter\" src=\"https:\/\/keluvo.com\/template\/wp-content\/uploads\/sites\/5\/2025\/05\/Booksafe-ezgif.com-video-to-webp-converter.webp\" alt=\"\" \/><\/p>\n<h2 style=\"text-align: center;\">\u2705 Hovedfordeler<\/h2>\n<ul>\n<li style=\"font-weight: 400;\"><span style=\"font-weight: 400;\">\ud83d\udd12 Skjult beskyttelse &#8211; ser ut som en ekte bok for \u00e5 skjule gjenstandene dine i det \u00e5pne sight<\/span><span style=\"font-weight: 400;\"><br \/>\n<\/span><\/li>\n<li style=\"font-weight: 400;\"><span style=\"font-weight: 400;\">\ud83d\udee1\ufe0f Sterkt st\u00e5linteri\u00f8r &#8211; beskytter mot manipulering og skade<\/span> <span style=\"font-weight: 400;\">\u2013 protects against tampering and damage<\/span><span style=\"font-weight: 400;\"><br \/>\n<\/span><\/li>\n<li style=\"font-weight: 400;\"><span style=\"font-weight: 400;\">\ud83d\udd11 Leveres med l\u00e5s &amp; n\u00f8kler &#8211; holder gjenstandene dine trygge for andre<\/span><span style=\"font-weight: 400;\"><br \/>\n<\/span><\/li>\n<li style=\"font-weight: 400;\"><span style=\"font-weight: 400;\">\ud83c\udf81 Perfekt gaveid\u00e9 &#8211; praktisk, smart og stilig<\/span><span style=\"font-weight: 400;\"><br \/>\n<\/span><\/li>\n<li style=\"font-weight: 400;\"><span style=\"font-weight: 400;\">\ud83c\udfe0 Passer perfekt hjemme eller p\u00e5 kontoret &#8211; passer lett sammen med b\u00f8ker p\u00e5 enhver hylle<\/span><\/li>\n<\/ul>\n<p><img decoding=\"async\" class=\"alignnone size-full wp-image-18062 aligncenter\" src=\"https:\/\/keluvo.com\/template\/wp-content\/uploads\/sites\/5\/2025\/05\/S262db9552f0e4d5a967dad9368ced848W.jpg_960x960q75.jpg_.jpeg\" alt=\"\" \/><\/p>\n<h2 style=\"text-align: center;\">\ud83d\udcd8 Slik Bruker Du Den<\/h2>\n<ol>\n<li style=\"font-weight: 400;\"><span style=\"font-weight: 400;\">Plasser verdisakene dine inni st\u00e5lrommet.<\/span><span style=\"font-weight: 400;\"><br \/>\n<\/span><\/li>\n<li style=\"font-weight: 400;\"><span style=\"font-weight: 400;\">Lukk omslaget og l\u00e5s den med en av de medf\u00f8lgende n\u00f8klene.<\/span><\/li>\n<li style=\"font-weight: 400;\"><span style=\"font-weight: 400;\">Oppbevar den blant b\u00f8kene dine eller p\u00e5 en hylle for diskret oppbevaring.<\/span><\/li>\n<\/ol>\n<h2 style=\"text-align: center;\">\ud83d\udcd0 Produktdetaljer<\/h2>\n<ul>\n<li style=\"font-weight: 400;\"><span style=\"font-weight: 400;\">Utseende: omslag i engelsk ordbokstil<\/span><span style=\"font-weight: 400;\"><br \/>\n<\/span><\/li>\n<li style=\"font-weight: 400;\"><span style=\"font-weight: 400;\">Materiale: metallinnredning, ABS + teksturert papir av h\u00f8y kvalitet<\/span><span style=\"font-weight: 400;\"><br \/>\n<\/span><\/li>\n<li style=\"font-weight: 400;\"><span style=\"font-weight: 400;\">St\u00f8rrelse: 240 \u00d7 155 \u00d7 55 mm<\/span><span style=\"font-weight: 400;\"><br \/>\n<\/span><\/li>\n<li style=\"font-weight: 400;\"><span style=\"font-weight: 400;\">Vekt: 710 g<\/span><span style=\"font-weight: 400;\"><br \/>\n<\/span><\/li>\n<li style=\"font-weight: 400;\"><span style=\"font-weight: 400;\">Farge: matt finish for et realistisk bokutseende<\/span><\/li>\n<\/ul>\n<h2 style=\"text-align: center;\">\ud83d\udce6 Pakken Inkluderer<\/h2>\n<ul>\n<li style=\"font-weight: 400;\"><span style=\"font-weight: 400;\">1 \u00d7 boksafe<\/span><span style=\"font-weight: 400;\"><br \/>\n<\/span><\/li>\n<li style=\"font-weight: 400;\"><span style=\"font-weight: 400;\">2 \u00d7 n\u00f8kler.<\/span><\/li>\n<\/ul>\n","protected":false},"excerpt":{"rendered":"<p>Denne smarte boksafen ser ut som en vanlig ordbok, men beskytter kontanter, n\u00f8kler, smykker og annet i all hemmelighet. Boksafen [&hellip;]<\/p>\n","protected":false},"featured_media":18129,"comment_status":"open","ping_status":"closed","template":"","meta":{"site-sidebar-layout":"default","site-content-layout":"","ast-site-content-layout":"default","site-content-style":"default","site-sidebar-style":"default","ast-global-header-display":"","ast-banner-title-visibility":"","ast-main-header-display":"","ast-hfb-above-header-display":"","ast-hfb-below-header-display":"","ast-hfb-mobile-header-display":"","site-post-title":"","ast-breadcrumbs-content":"","ast-featured-img":"","footer-sml-layout":"","theme-transparent-header-meta":"default","adv-header-id-meta":"","stick-header-meta":"","header-above-stick-meta":"","header-main-stick-meta":"","header-below-stick-meta":"","astra-migrate-meta-layouts":"set","ast-page-background-enabled":"default","ast-page-background-meta":{"desktop":{"background-color":"var(--ast-global-color-4)","background-image":"","background-repeat":"repeat","background-position":"center center","background-size":"auto","background-attachment":"scroll","background-type":"","background-media":"","overlay-type":"","overlay-color":"","overlay-opacity":"","overlay-gradient":""},"tablet":{"background-color":"","background-image":"","background-repeat":"repeat","background-position":"center center","background-size":"auto","background-attachment":"scroll","background-type":"","background-media":"","overlay-type":"","overlay-color":"","overlay-opacity":"","overlay-gradient":""},"mobile":{"background-color":"","background-image":"","background-repeat":"repeat","background-position":"center center","background-size":"auto","background-attachment":"scroll","background-type":"","background-media":"","overlay-type":"","overlay-color":"","overlay-opacity":"","overlay-gradient":""}},"ast-content-background-meta":{"desktop":{"background-color":"var(--ast-global-color-5)","background-image":"","background-repeat":"repeat","background-position":"center center","background-size":"auto","background-attachment":"scroll","background-type":"","background-media":"","overlay-type":"","overlay-color":"","overlay-opacity":"","overlay-gradient":""},"tablet":{"background-color":"var(--ast-global-color-5)","background-image":"","background-repeat":"repeat","background-position":"center center","background-size":"auto","background-attachment":"scroll","background-type":"","background-media":"","overlay-type":"","overlay-color":"","overlay-opacity":"","overlay-gradient":""},"mobile":{"background-color":"var(--ast-global-color-5)","background-image":"","background-repeat":"repeat","background-position":"center center","background-size":"auto","background-attachment":"scroll","background-type":"","background-media":"","overlay-type":"","overlay-color":"","overlay-opacity":"","overlay-gradient":""}}},"product_brand":[],"product_cat":[1001],"product_tag":[],"class_list":{"0":"post-18133","1":"product","2":"type-product","3":"status-publish","4":"has-post-thumbnail","6":"product_cat-husholdningsartikler","7":"pa_41553_uiivrcg5-bla","8":"pa_41553_uiivrcg5-brun","9":"pa_41553_uiivrcg5-rod","10":"pa_41553_uiivrcg5-svart","11":"desktop-align-left","12":"tablet-align-left","13":"mobile-align-left","15":"first","16":"instock","17":"shipping-taxable","18":"purchasable","19":"product-type-variable"},"_links":{"self":[{"href":"https:\/\/keluvo.com\/no\/wp-json\/wp\/v2\/product\/18133","targetHints":{"allow":["GET"]}}],"collection":[{"href":"https:\/\/keluvo.com\/no\/wp-json\/wp\/v2\/product"}],"about":[{"href":"https:\/\/keluvo.com\/no\/wp-json\/wp\/v2\/types\/product"}],"replies":[{"embeddable":true,"href":"https:\/\/keluvo.com\/no\/wp-json\/wp\/v2\/comments?post=18133"}],"wp:featuredmedia":[{"embeddable":true,"href":"https:\/\/keluvo.com\/no\/wp-json\/wp\/v2\/media\/18129"}],"wp:attachment":[{"href":"https:\/\/keluvo.com\/no\/wp-json\/wp\/v2\/media?parent=18133"}],"wp:term":[{"taxonomy":"product_brand","embeddable":true,"href":"https:\/\/keluvo.com\/no\/wp-json\/wp\/v2\/product_brand?post=18133"},{"taxonomy":"product_cat","embeddable":true,"href":"https:\/\/keluvo.com\/no\/wp-json\/wp\/v2\/product_cat?post=18133"},{"taxonomy":"product_tag","embeddable":true,"href":"https:\/\/keluvo.com\/no\/wp-json\/wp\/v2\/product_tag?post=18133"}],"curies":[{"name":"wp","href":"https:\/\/api.w.org\/{rel}","templated":true}]}}