{"id":18094,"date":"2025-05-08T11:26:34","date_gmt":"2025-05-08T09:26:34","guid":{"rendered":"https:\/\/keluvo.com\/no\/produkt\/paforingssett-i-silikon\/"},"modified":"2025-05-09T11:51:24","modified_gmt":"2025-05-09T09:51:24","slug":"paforingssett-i-silikon","status":"publish","type":"product","link":"https:\/\/keluvo.com\/no\/produkt\/paforingssett-i-silikon\/","title":{"rendered":"P\u00e5f\u00f8ringssett i silikon"},"content":{"rendered":"<p style=\"text-align: center;\"><strong>Gj\u00f8r hver eneste tetting ren og perfekt &#8211; uten rot og sl\u00f8sing.<\/strong><\/p>\n<p style=\"text-align: center;\"><span style=\"font-weight: 400;\">16 presisjonsdyser og 6 baser gir deg 16 presisjonsdyser og 6 baser for jevn, profesjonell fuging p\u00e5 hver eneste jobb.<\/span><\/p>\n<h2 style=\"text-align: center;\">\ud83d\udca1 Hva Det Gj\u00f8r<\/h2>\n<p style=\"text-align: center;\"><span style=\"font-weight: 400;\">Uansett om du skal tette vinduer, d\u00f8rer, vasker eller hj\u00f8rner, hjelper dette verkt\u00f8ysettet deg med \u00e5 p\u00e5f\u00f8re fugemasse jevnt, uten hull eller flekker. Med 16 st\u00f8rrelser inkludert fungerer det for alle typer tetningsprosjekter &#8211; store som sm\u00e5.<\/span><\/p>\n<p><img decoding=\"async\" class=\"alignnone size-full wp-image-18024 aligncenter\" src=\"https:\/\/keluvo.com\/template\/wp-content\/uploads\/sites\/5\/2025\/05\/Siliconeapplicationset-ezgif.com-video-to-webp-converter.webp\" alt=\"\" \/><\/p>\n<h2 style=\"text-align: center;\">\u2705 Hovedfordeler<\/h2>\n<ul>\n<li style=\"font-weight: 400;\"><span style=\"font-weight: 400;\">\ud83d\udee0\ufe0f 16 munnstykkest\u00f8rrelser &#8211; fra 6 mm til 30 mm for \u00e5 passe til alle fugejobber<\/span><span style=\"font-weight: 400;\"><br \/>\n<\/span><\/li>\n<li style=\"font-weight: 400;\"><span style=\"font-weight: 400;\">\ud83e\uddfc Pene og rene resultater &#8211; ikke mer rot og ujevnheter lines<\/span><span style=\"font-weight: 400;\"><br \/>\n<\/span><\/li>\n<li style=\"font-weight: 400;\"><span style=\"font-weight: 400;\">\u267b\ufe0f Gjenbrukbar og rustfri &#8211; laget av rustfritt st\u00e5l; rustfri &#8211; laget av rustfritt st\u00e5l og plast<\/span><span style=\"font-weight: 400;\"><br \/>\n<\/span><\/li>\n<li style=\"font-weight: 400;\"><span style=\"font-weight: 400;\">\ud83e\ude9b Rask montering &#8211; festes enkelt p\u00e5 standard fugepistoler<\/span><span style=\"font-weight: 400;\"><br \/>\n<\/span><\/li>\n<li style=\"font-weight: 400;\">\ud83c\udfe0 Perfekt for alle omr\u00e5der &#8211; perfekt for kj\u00f8kken, bad, vinduer og gulv<\/li>\n<\/ul>\n<p><img decoding=\"async\" class=\"alignnone size-full wp-image-18021 aligncenter\" src=\"https:\/\/keluvo.com\/template\/wp-content\/uploads\/sites\/5\/2025\/05\/b00a68dc-bc08-4892-abbd-f0cb094e7952.webp.webp\" alt=\"\" \/><\/p>\n<h2 style=\"text-align: center;\">\ud83e\uddd1\u200d\ud83d\udd27 Slik Bruker Du Den<\/h2>\n<ol>\n<li style=\"font-weight: 400;\"><span style=\"font-weight: 400;\">Velg munnstykkest\u00f8rrelse som passer til tetningsomr\u00e5det ditt.<\/span><span style=\"font-weight: 400;\"><br \/>\n<\/span><\/li>\n<li style=\"font-weight: 400;\"><span style=\"font-weight: 400;\">Fest munnstykket p\u00e5 en gul base.<\/span><span style=\"font-weight: 400;\"><br \/>\n<\/span><\/li>\n<li style=\"font-weight: 400;\"><span style=\"font-weight: 400;\">fest basen p\u00e5 fugepistolen.<\/span><span style=\"font-weight: 400;\"><br \/>\n<\/span><\/li>\n<li style=\"font-weight: 400;\"><span style=\"font-weight: 400;\">p\u00e5f\u00f8r tetningsmassen jevnt langs det \u00f8nskede omr\u00e5det.<\/span><span style=\"font-weight: 400;\"><br \/>\n<\/span><\/li>\n<li style=\"font-weight: 400;\"><span style=\"font-weight: 400;\">rengj\u00f8r munnstykket etter bruk for gjenbruk.<\/span><\/li>\n<\/ol>\n<h2 style=\"text-align: center;\">\ud83d\udcd0 Produktdetaljer<\/h2>\n<ul>\n<li style=\"font-weight: 400;\"><span style=\"font-weight: 400;\">Materialer: rustfritt st\u00e5l + plast<\/span><span style=\"font-weight: 400;\"><br \/>\n<\/span><\/li>\n<li style=\"font-weight: 400;\"><span style=\"font-weight: 400;\">St\u00f8rrelser: 16 dysespisser (6 mm til 30 mm)<\/span><span style=\"font-weight: 400;\"><br \/>\n<\/span><\/li>\n<li style=\"font-weight: 400;\"><span style=\"font-weight: 400;\">H\u00f8yde: hver dyse ca. 100 mm<\/span><span style=\"font-weight: 400;\"><br \/>\n<\/span><\/li>\n<li style=\"font-weight: 400;\"><span style=\"font-weight: 400;\">Kompatibel med de fleste standard fugepistoler<\/span><\/li>\n<\/ul>\n<h2 style=\"text-align: center;\">\ud83d\udce6 Pakken Inkluderer<\/h2>\n<ul>\n<li style=\"font-weight: 400;\"><span style=\"font-weight: 400;\">16 \u00d7 dyser i rustfritt st\u00e5l<\/span><span style=\"font-weight: 400;\"><br \/>\n<\/span><\/li>\n<li style=\"font-weight: 400;\"><span style=\"font-weight: 400;\">6 \u00d7 gule baser.<\/span><\/li>\n<\/ul>\n","protected":false},"excerpt":{"rendered":"<p>Gj\u00f8r hver eneste tetting ren og perfekt &#8211; uten rot og sl\u00f8sing. 16 presisjonsdyser og 6 baser gir deg 16 [&hellip;]<\/p>\n","protected":false},"featured_media":18090,"comment_status":"open","ping_status":"closed","template":"","meta":{"site-sidebar-layout":"default","site-content-layout":"","ast-site-content-layout":"default","site-content-style":"default","site-sidebar-style":"default","ast-global-header-display":"","ast-banner-title-visibility":"","ast-main-header-display":"","ast-hfb-above-header-display":"","ast-hfb-below-header-display":"","ast-hfb-mobile-header-display":"","site-post-title":"","ast-breadcrumbs-content":"","ast-featured-img":"","footer-sml-layout":"","theme-transparent-header-meta":"default","adv-header-id-meta":"","stick-header-meta":"","header-above-stick-meta":"","header-main-stick-meta":"","header-below-stick-meta":"","astra-migrate-meta-layouts":"set","ast-page-background-enabled":"default","ast-page-background-meta":{"desktop":{"background-color":"var(--ast-global-color-4)","background-image":"","background-repeat":"repeat","background-position":"center center","background-size":"auto","background-attachment":"scroll","background-type":"","background-media":"","overlay-type":"","overlay-color":"","overlay-opacity":"","overlay-gradient":""},"tablet":{"background-color":"","background-image":"","background-repeat":"repeat","background-position":"center center","background-size":"auto","background-attachment":"scroll","background-type":"","background-media":"","overlay-type":"","overlay-color":"","overlay-opacity":"","overlay-gradient":""},"mobile":{"background-color":"","background-image":"","background-repeat":"repeat","background-position":"center center","background-size":"auto","background-attachment":"scroll","background-type":"","background-media":"","overlay-type":"","overlay-color":"","overlay-opacity":"","overlay-gradient":""}},"ast-content-background-meta":{"desktop":{"background-color":"var(--ast-global-color-5)","background-image":"","background-repeat":"repeat","background-position":"center center","background-size":"auto","background-attachment":"scroll","background-type":"","background-media":"","overlay-type":"","overlay-color":"","overlay-opacity":"","overlay-gradient":""},"tablet":{"background-color":"var(--ast-global-color-5)","background-image":"","background-repeat":"repeat","background-position":"center center","background-size":"auto","background-attachment":"scroll","background-type":"","background-media":"","overlay-type":"","overlay-color":"","overlay-opacity":"","overlay-gradient":""},"mobile":{"background-color":"var(--ast-global-color-5)","background-image":"","background-repeat":"repeat","background-position":"center center","background-size":"auto","background-attachment":"scroll","background-type":"","background-media":"","overlay-type":"","overlay-color":"","overlay-opacity":"","overlay-gradient":""}}},"product_brand":[],"product_cat":[996],"product_tag":[],"class_list":{"0":"post-18094","1":"product","2":"type-product","3":"status-publish","4":"has-post-thumbnail","6":"product_cat-verktoy","7":"desktop-align-left","8":"tablet-align-left","9":"mobile-align-left","11":"first","12":"instock","13":"shipping-taxable","14":"purchasable","15":"product-type-simple"},"_links":{"self":[{"href":"https:\/\/keluvo.com\/no\/wp-json\/wp\/v2\/product\/18094","targetHints":{"allow":["GET"]}}],"collection":[{"href":"https:\/\/keluvo.com\/no\/wp-json\/wp\/v2\/product"}],"about":[{"href":"https:\/\/keluvo.com\/no\/wp-json\/wp\/v2\/types\/product"}],"replies":[{"embeddable":true,"href":"https:\/\/keluvo.com\/no\/wp-json\/wp\/v2\/comments?post=18094"}],"wp:featuredmedia":[{"embeddable":true,"href":"https:\/\/keluvo.com\/no\/wp-json\/wp\/v2\/media\/18090"}],"wp:attachment":[{"href":"https:\/\/keluvo.com\/no\/wp-json\/wp\/v2\/media?parent=18094"}],"wp:term":[{"taxonomy":"product_brand","embeddable":true,"href":"https:\/\/keluvo.com\/no\/wp-json\/wp\/v2\/product_brand?post=18094"},{"taxonomy":"product_cat","embeddable":true,"href":"https:\/\/keluvo.com\/no\/wp-json\/wp\/v2\/product_cat?post=18094"},{"taxonomy":"product_tag","embeddable":true,"href":"https:\/\/keluvo.com\/no\/wp-json\/wp\/v2\/product_tag?post=18094"}],"curies":[{"name":"wp","href":"https:\/\/api.w.org\/{rel}","templated":true}]}}