{"id":18076,"date":"2025-05-08T11:24:51","date_gmt":"2025-05-08T09:24:51","guid":{"rendered":"https:\/\/keluvo.com\/no\/produkt\/magnetisk-knapp\/"},"modified":"2025-05-13T17:13:00","modified_gmt":"2025-05-13T15:13:00","slug":"magnetisk-knapp","status":"publish","type":"product","link":"https:\/\/keluvo.com\/no\/produkt\/magnetisk-knapp\/","title":{"rendered":"Magnetisk knapp"},"content":{"rendered":"<p style=\"text-align: center;\"><strong>Sikre Stilen Din Med En Magnetisk Trykknapp\u2014Ingen N\u00e5ler, Ingen Hull, Bare Mote.<\/strong><\/p>\n<p style=\"text-align: center;\"><span style=\"font-weight: 400;\">Disse multifunksjonelle magnetknappene holder kl\u00e6rne dine p\u00e5 plass og fungerer ogs\u00e5 som stilig tilbeh\u00f8r.<\/span><\/p>\n<p><img decoding=\"async\" class=\"alignnone size-full wp-image-17988 aligncenter\" src=\"https:\/\/keluvo.com\/template\/wp-content\/uploads\/sites\/5\/2025\/05\/MagneticButton-ezgif.com-video-to-webp-converter.webp\" alt=\"\" \/><\/p>\n<h2 style=\"text-align: center;\">\ud83d\udc57 Hovedfordeler<\/h2>\n<ul>\n<li style=\"font-weight: 400;\"><span style=\"font-weight: 400;\">\ud83e\uddf2 Sterk magnet holder kl\u00e6r, skjerf eller luer p\u00e5 plass<\/span><span style=\"font-weight: 400;\"><br \/>\n<\/span><\/li>\n<li style=\"font-weight: 400;\"><span style=\"font-weight: 400;\">\ud83e\udde5 Erstatter tapte knapper uten at du trenger \u00e5 sy<\/span><span style=\"font-weight: 400;\"><br \/>\n<\/span><\/li>\n<li style=\"font-weight: 400;\"><span style=\"font-weight: 400;\">\ud83c\udfa8 Moteklar med fargerike, stilige design<\/span><span style=\"font-weight: 400;\"><br \/>\n<\/span><\/li>\n<li style=\"font-weight: 400;\"><span style=\"font-weight: 400;\">\ud83e\uddd5 Perfekt til hijaber, panneb\u00e5nd, krager eller jakker<\/span><b><br \/>\n<\/b><\/li>\n<li style=\"font-weight: 400;\">\ud83d\udc5c Ingen skader &#8211; design uten n\u00e5ler beskytter stoffet<\/li>\n<\/ul>\n<p><img decoding=\"async\" class=\"alignnone size-full wp-image-17980 aligncenter\" src=\"https:\/\/keluvo.com\/template\/wp-content\/uploads\/sites\/5\/2025\/05\/S8c98c28718de427bad1962921c149906n.jpeg\" alt=\"\" \/><\/p>\n<h2 style=\"text-align: center;\">\ud83d\udee0\ufe0f Slik Bruker Du Dem<\/h2>\n<ol>\n<li style=\"font-weight: 400;\"><span style=\"font-weight: 400;\">Plasser en magnet inni kl\u00e6rne eller tilbeh\u00f8ret ditt.<\/span><span style=\"font-weight: 400;\"><br \/>\n<\/span><\/li>\n<li style=\"font-weight: 400;\"><span style=\"font-weight: 400;\">Plasser den andre magneten p\u00e5 utsiden for \u00e5 feste dem sammen.<\/span><span style=\"font-weight: 400;\"><br \/>\n<\/span><\/li>\n<li style=\"font-weight: 400;\"><span style=\"font-weight: 400;\">Juster til stoffet sitter komfortabelt og sikkert.<\/span><\/li>\n<\/ol>\n<h2 style=\"text-align: center;\">\ud83d\udcd0 Produktdetaljer<\/h2>\n<ul>\n<li style=\"font-weight: 400;\"><span style=\"font-weight: 400;\">Materiale: legering<\/span><span style=\"font-weight: 400;\"><br \/>\n<\/span><\/li>\n<li style=\"font-weight: 400;\"><span style=\"font-weight: 400;\">Vekt: 8,5 g<\/span><span style=\"font-weight: 400;\"><br \/>\n<\/span><\/li>\n<li style=\"font-weight: 400;\"><span style=\"font-weight: 400;\">St\u00f8rrelse: 7 \u00d7 6 \u00d7 1,2 cm<\/span><\/li>\n<\/ul>\n<h2 style=\"text-align: center;\">\ud83d\udce6 Pakken Inneholder<\/h2>\n<ul>\n<li><span style=\"font-weight: 400;\">1 \u00d7 magnetisk knapp.<\/span><\/li>\n<\/ul>\n","protected":false},"excerpt":{"rendered":"<p>Sikre Stilen Din Med En Magnetisk Trykknapp\u2014Ingen N\u00e5ler, Ingen Hull, Bare Mote. Disse multifunksjonelle magnetknappene holder kl\u00e6rne dine p\u00e5 plass [&hellip;]<\/p>\n","protected":false},"featured_media":18072,"comment_status":"open","ping_status":"closed","template":"","meta":{"site-sidebar-layout":"default","site-content-layout":"","ast-site-content-layout":"default","site-content-style":"default","site-sidebar-style":"default","ast-global-header-display":"","ast-banner-title-visibility":"","ast-main-header-display":"","ast-hfb-above-header-display":"","ast-hfb-below-header-display":"","ast-hfb-mobile-header-display":"","site-post-title":"","ast-breadcrumbs-content":"","ast-featured-img":"","footer-sml-layout":"","theme-transparent-header-meta":"default","adv-header-id-meta":"","stick-header-meta":"","header-above-stick-meta":"","header-main-stick-meta":"","header-below-stick-meta":"","astra-migrate-meta-layouts":"set","ast-page-background-enabled":"default","ast-page-background-meta":{"desktop":{"background-color":"var(--ast-global-color-4)","background-image":"","background-repeat":"repeat","background-position":"center center","background-size":"auto","background-attachment":"scroll","background-type":"","background-media":"","overlay-type":"","overlay-color":"","overlay-opacity":"","overlay-gradient":""},"tablet":{"background-color":"","background-image":"","background-repeat":"repeat","background-position":"center center","background-size":"auto","background-attachment":"scroll","background-type":"","background-media":"","overlay-type":"","overlay-color":"","overlay-opacity":"","overlay-gradient":""},"mobile":{"background-color":"","background-image":"","background-repeat":"repeat","background-position":"center center","background-size":"auto","background-attachment":"scroll","background-type":"","background-media":"","overlay-type":"","overlay-color":"","overlay-opacity":"","overlay-gradient":""}},"ast-content-background-meta":{"desktop":{"background-color":"var(--ast-global-color-5)","background-image":"","background-repeat":"repeat","background-position":"center center","background-size":"auto","background-attachment":"scroll","background-type":"","background-media":"","overlay-type":"","overlay-color":"","overlay-opacity":"","overlay-gradient":""},"tablet":{"background-color":"var(--ast-global-color-5)","background-image":"","background-repeat":"repeat","background-position":"center center","background-size":"auto","background-attachment":"scroll","background-type":"","background-media":"","overlay-type":"","overlay-color":"","overlay-opacity":"","overlay-gradient":""},"mobile":{"background-color":"var(--ast-global-color-5)","background-image":"","background-repeat":"repeat","background-position":"center center","background-size":"auto","background-attachment":"scroll","background-type":"","background-media":"","overlay-type":"","overlay-color":"","overlay-opacity":"","overlay-gradient":""}}},"product_brand":[],"product_cat":[993],"product_tag":[],"class_list":{"0":"post-18076","1":"product","2":"type-product","3":"status-publish","4":"has-post-thumbnail","6":"product_cat-skotoy-tilbehor","7":"pa_18252_ga6a08bu-gull","8":"pa_18252_ga6a08bu-rosa","9":"pa_18252_ga6a08bu-solv","10":"pa_18252_ga6a08bu-svart","11":"desktop-align-left","12":"tablet-align-left","13":"mobile-align-left","15":"first","16":"instock","17":"shipping-taxable","18":"purchasable","19":"product-type-variable","20":"has-default-attributes"},"_links":{"self":[{"href":"https:\/\/keluvo.com\/no\/wp-json\/wp\/v2\/product\/18076","targetHints":{"allow":["GET"]}}],"collection":[{"href":"https:\/\/keluvo.com\/no\/wp-json\/wp\/v2\/product"}],"about":[{"href":"https:\/\/keluvo.com\/no\/wp-json\/wp\/v2\/types\/product"}],"replies":[{"embeddable":true,"href":"https:\/\/keluvo.com\/no\/wp-json\/wp\/v2\/comments?post=18076"}],"wp:featuredmedia":[{"embeddable":true,"href":"https:\/\/keluvo.com\/no\/wp-json\/wp\/v2\/media\/18072"}],"wp:attachment":[{"href":"https:\/\/keluvo.com\/no\/wp-json\/wp\/v2\/media?parent=18076"}],"wp:term":[{"taxonomy":"product_brand","embeddable":true,"href":"https:\/\/keluvo.com\/no\/wp-json\/wp\/v2\/product_brand?post=18076"},{"taxonomy":"product_cat","embeddable":true,"href":"https:\/\/keluvo.com\/no\/wp-json\/wp\/v2\/product_cat?post=18076"},{"taxonomy":"product_tag","embeddable":true,"href":"https:\/\/keluvo.com\/no\/wp-json\/wp\/v2\/product_tag?post=18076"}],"curies":[{"name":"wp","href":"https:\/\/api.w.org\/{rel}","templated":true}]}}