{"id":18032,"date":"2025-05-08T11:21:42","date_gmt":"2025-05-08T09:21:42","guid":{"rendered":"https:\/\/keluvo.com\/no\/produkt\/gps-sporingsenhet\/"},"modified":"2025-10-07T15:31:54","modified_gmt":"2025-10-07T12:31:54","slug":"gps-sporingsenhet","status":"publish","type":"product","link":"https:\/\/keluvo.com\/no\/produkt\/gps-sporingsenhet\/","title":{"rendered":"GPS-sporingsenhet"},"content":{"rendered":"<p style=\"text-align: center\"><strong>Med denne smarte GPS-trackeren mister du aldri n\u00f8kler, lommebok eller vesker igjen.<\/strong><\/p>\n<p style=\"text-align: center\"><span style=\"font-weight: 400\">Denne kompakte GPS-trackeren kobles til telefonen din via Bluetooth og varsler deg s\u00e5 snart du glemmer noe. Enten det er n\u00f8kler, vesker eller kj\u00e6ledyret ditt &#8211; ligg ett skritt foran tapet.<\/span><\/p>\n<p><img decoding=\"async\" class=\"alignnone size-full wp-image-17924 aligncenter\" src=\"https:\/\/keluvo.com\/template\/wp-content\/uploads\/sites\/5\/2025\/05\/GPSTracker-ezgif.com-video-to-webp-converter.webp\" alt=\"\" \/><\/p>\n<h2 style=\"text-align: center\"><strong>Hovedfordeler<\/strong><\/h2>\n<ul>\n<li style=\"font-weight: 400\"><span style=\"font-weight: 400\">\ud83d\udcf1 Varsler i sanntid n\u00e5r gjenstander blir glemt igjen<\/span><span style=\"font-weight: 400\"><br \/>\n<\/span><\/li>\n<li style=\"font-weight: 400\"><span style=\"font-weight: 400\">\ud83d\udd0a H\u00f8y pipelyd hjelper deg med \u00e5 raskt finne eiendelene dine<\/span><span style=\"font-weight: 400\"><br \/>\n<\/span><\/li>\n<li style=\"font-weight: 400\"><span style=\"font-weight: 400\">\ud83d\udc5c Liten og lett &#8211; festes enkelt p\u00e5 n\u00f8kler, lommeb\u00f8ker, vesker eller kj\u00e6ledyr<\/span><span style=\"font-weight: 400\"><br \/>\n<\/span><\/li>\n<li style=\"font-weight: 400\"><span style=\"font-weight: 400\">\ud83d\udd0b Lang og enkel \u00e5 feste p\u00e5 telefonen, eller kj\u00e6ledyr<\/span><\/li>\n<li style=\"font-weight: 400\">\ud83d\uddfa\ufe0f Sist kjente posisjon<span style=\"font-weight: 400\"> vises p\u00e5 kartet i appen<\/span><\/li>\n<\/ul>\n<p><img decoding=\"async\" class=\"alignnone size-full wp-image-17929 aligncenter\" src=\"https:\/\/keluvo.com\/template\/wp-content\/uploads\/sites\/5\/2025\/05\/S340de38148c44e9b81fcef9c8fb1d293l.jpg_960x960q75.jpg_.jpeg\" alt=\"\" \/><\/p>\n<h2 style=\"text-align: center\"><strong>Slik Bruker Du Den<\/strong><\/h2>\n<ol>\n<li style=\"font-weight: 400\"><span style=\"font-weight: 400\">Last ned &laquo;iSearching&raquo;-appen p\u00e5 iOS- eller Android-enheten din.<\/span><span style=\"font-weight: 400\"><br \/>\n<\/span><\/li>\n<li style=\"font-weight: 400\"><span style=\"font-weight: 400\">Koble GPS-trackeren til telefonen via Bluetooth.<\/span><span style=\"font-weight: 400\"><br \/>\n<\/span><\/li>\n<li style=\"font-weight: 400\"><span style=\"font-weight: 400\">fest den til alt du vil holde styr p\u00e5 &#8211; n\u00f8kler, lommebok, bagasje osv.<\/span><span style=\"font-weight: 400\"><br \/>\n<\/span><\/li>\n<li style=\"font-weight: 400\"><span style=\"font-weight: 400\">hvis den kobles fra, vil b\u00e5de telefonen og trackeren gi fra seg et varsel.<\/span><span style=\"font-weight: 400\"><br \/>\n<\/span><\/li>\n<li style=\"font-weight: 400\"><span style=\"font-weight: 400\">\u00e5pne appen n\u00e5r som helst for \u00e5 f\u00e5 et pip fra trackeren eller se den siste posisjonen p\u00e5 kartet.<\/span><\/li>\n<\/ol>\n<h2 style=\"text-align: center\"><strong>Produktdetaljer<\/strong><\/h2>\n<ul>\n<li style=\"font-weight: 400\"><span style=\"font-weight: 400\">St\u00f8rrelse: 38 \u00d7 38 \u00d7 7 mm<\/span><span style=\"font-weight: 400\"><br \/>\n<\/span><\/li>\n<li style=\"font-weight: 400\"><span style=\"font-weight: 400\">Materiale: ABS<\/span><span style=\"font-weight: 400\"><br \/>\n<\/span><\/li>\n<li style=\"font-weight: 400\"><span style=\"font-weight: 400\">Batteri: CR2032 (utskiftbart), 10+ m\u00e5neders standby<\/span><span style=\"font-weight: 400\"><br \/>\n<\/span><\/li>\n<li style=\"font-weight: 400\"><span style=\"font-weight: 400\">App: &laquo;iSearching&raquo; (iOS &amp; Android st\u00f8ttes)<\/span><span style=\"font-weight: 400\"><br \/>\n<\/span><\/li>\n<li style=\"font-weight: 400\"><span style=\"font-weight: 400\">Bluetooth: krever Bluetooth 4.0 eller nyere<\/span><\/li>\n<\/ul>\n<h2 style=\"text-align: center\"><strong>Pakken Inkluderer<\/strong><\/h2>\n<ul>\n<li style=\"font-weight: 400\"><span style=\"font-weight: 400\">1\u00d7 GPS-tracker<\/span><span style=\"font-weight: 400\"><br \/>\n<\/span><\/li>\n<li style=\"font-weight: 400\"><span style=\"font-weight: 400\">1\u00d7 brukerh\u00e5ndbok (med QR-kode for app).<\/span><\/li>\n<\/ul>\n","protected":false},"excerpt":{"rendered":"<p>Med denne smarte GPS-trackeren mister du aldri n\u00f8kler, lommebok eller vesker igjen. Denne kompakte GPS-trackeren kobles til telefonen din via [&hellip;]<\/p>\n","protected":false},"featured_media":18028,"comment_status":"open","ping_status":"closed","template":"","meta":{"site-sidebar-layout":"default","site-content-layout":"","ast-site-content-layout":"default","site-content-style":"default","site-sidebar-style":"default","ast-global-header-display":"","ast-banner-title-visibility":"","ast-main-header-display":"","ast-hfb-above-header-display":"","ast-hfb-below-header-display":"","ast-hfb-mobile-header-display":"","site-post-title":"","ast-breadcrumbs-content":"","ast-featured-img":"","footer-sml-layout":"","theme-transparent-header-meta":"default","adv-header-id-meta":"","stick-header-meta":"","header-above-stick-meta":"","header-main-stick-meta":"","header-below-stick-meta":"","astra-migrate-meta-layouts":"set","ast-page-background-enabled":"default","ast-page-background-meta":{"desktop":{"background-color":"var(--ast-global-color-4)","background-image":"","background-repeat":"repeat","background-position":"center center","background-size":"auto","background-attachment":"scroll","background-type":"","background-media":"","overlay-type":"","overlay-color":"","overlay-opacity":"","overlay-gradient":""},"tablet":{"background-color":"","background-image":"","background-repeat":"repeat","background-position":"center center","background-size":"auto","background-attachment":"scroll","background-type":"","background-media":"","overlay-type":"","overlay-color":"","overlay-opacity":"","overlay-gradient":""},"mobile":{"background-color":"","background-image":"","background-repeat":"repeat","background-position":"center center","background-size":"auto","background-attachment":"scroll","background-type":"","background-media":"","overlay-type":"","overlay-color":"","overlay-opacity":"","overlay-gradient":""}},"ast-content-background-meta":{"desktop":{"background-color":"var(--ast-global-color-5)","background-image":"","background-repeat":"repeat","background-position":"center center","background-size":"auto","background-attachment":"scroll","background-type":"","background-media":"","overlay-type":"","overlay-color":"","overlay-opacity":"","overlay-gradient":""},"tablet":{"background-color":"var(--ast-global-color-5)","background-image":"","background-repeat":"repeat","background-position":"center center","background-size":"auto","background-attachment":"scroll","background-type":"","background-media":"","overlay-type":"","overlay-color":"","overlay-opacity":"","overlay-gradient":""},"mobile":{"background-color":"var(--ast-global-color-5)","background-image":"","background-repeat":"repeat","background-position":"center center","background-size":"auto","background-attachment":"scroll","background-type":"","background-media":"","overlay-type":"","overlay-color":"","overlay-opacity":"","overlay-gradient":""}}},"product_brand":[],"product_cat":[15],"product_tag":[],"class_list":{"0":"post-18032","1":"product","2":"type-product","3":"status-publish","4":"has-post-thumbnail","6":"product_cat-uncategorized","7":"pa_40481_duj07t40-bla","8":"pa_40481_duj07t40-hvit","9":"pa_40481_duj07t40-oransje","10":"pa_40481_duj07t40-rosa","11":"pa_40481_duj07t40-svart","12":"desktop-align-left","13":"tablet-align-left","14":"mobile-align-left","16":"first","17":"instock","18":"shipping-taxable","19":"purchasable","20":"product-type-variable"},"_links":{"self":[{"href":"https:\/\/keluvo.com\/no\/wp-json\/wp\/v2\/product\/18032","targetHints":{"allow":["GET"]}}],"collection":[{"href":"https:\/\/keluvo.com\/no\/wp-json\/wp\/v2\/product"}],"about":[{"href":"https:\/\/keluvo.com\/no\/wp-json\/wp\/v2\/types\/product"}],"replies":[{"embeddable":true,"href":"https:\/\/keluvo.com\/no\/wp-json\/wp\/v2\/comments?post=18032"}],"wp:featuredmedia":[{"embeddable":true,"href":"https:\/\/keluvo.com\/no\/wp-json\/wp\/v2\/media\/18028"}],"wp:attachment":[{"href":"https:\/\/keluvo.com\/no\/wp-json\/wp\/v2\/media?parent=18032"}],"wp:term":[{"taxonomy":"product_brand","embeddable":true,"href":"https:\/\/keluvo.com\/no\/wp-json\/wp\/v2\/product_brand?post=18032"},{"taxonomy":"product_cat","embeddable":true,"href":"https:\/\/keluvo.com\/no\/wp-json\/wp\/v2\/product_cat?post=18032"},{"taxonomy":"product_tag","embeddable":true,"href":"https:\/\/keluvo.com\/no\/wp-json\/wp\/v2\/product_tag?post=18032"}],"curies":[{"name":"wp","href":"https:\/\/api.w.org\/{rel}","templated":true}]}}