{"id":18027,"date":"2025-05-08T11:20:45","date_gmt":"2025-05-08T09:20:45","guid":{"rendered":"https:\/\/keluvo.com\/no\/produkt\/stativ-for-skjaerestotte\/"},"modified":"2025-05-08T12:24:13","modified_gmt":"2025-05-08T10:24:13","slug":"stativ-for-skjaerestotte","status":"publish","type":"product","link":"https:\/\/keluvo.com\/no\/produkt\/stativ-for-skjaerestotte\/","title":{"rendered":"Stativ for skj\u00e6rest\u00f8tte"},"content":{"rendered":"<p style=\"text-align: center;\"><strong>Gj\u00f8r Vinkelsliperen Din Om Til En Kraftig Kappemaskin P\u00e5 F\u00e5 Sekunder.<\/strong><\/p>\n<p style=\"text-align: center;\"><span style=\"font-weight: 400;\">Med kappestativet kan du trygt og presist kappe metall, fliser og annet ved hjelp av den eksisterende vinkelsliperen. Bygget av sterkt metall og designet for allsidighet, er det den perfekte oppgraderingen for b\u00e5de gj\u00f8r-det-selv-folk og profesjonelle.<\/span><\/p>\n<p><img decoding=\"async\" class=\"alignnone size-full wp-image-17923 aligncenter\" src=\"https:\/\/keluvo.com\/template\/wp-content\/uploads\/sites\/5\/2025\/05\/e79d2132-8995-46df-bf1a-11168b151953.gif-ezgif.com-video-to-webp-converter.webp\" alt=\"\" \/><\/p>\n<h2 style=\"text-align: center;\">Hovedfordeler<\/h2>\n<ul>\n<li style=\"font-weight: 400;\"><span style=\"font-weight: 400;\">\u2699\ufe0f Gj\u00f8r vinkelsliperen om til et skj\u00e6reverkt\u00f8y<\/span><span style=\"font-weight: 400;\"><br \/>\n<\/span><\/li>\n<li style=\"font-weight: 400;\"><span style=\"font-weight: 400;\">\ud83e\uddf1 Kutter metall, keramiske fliser og annet materials<\/span><span style=\"font-weight: 400;\"><br \/>\n<\/span><\/li>\n<li style=\"font-weight: 400;\"><span style=\"font-weight: 400;\">\ud83d\udee0\ufe0f Justerbar vinkel og h\u00f8yde for tilpassede kutt<\/span><span style=\"font-weight: 400;\"><br \/>\n<\/span><\/li>\n<li style=\"font-weight: 400;\"><span style=\"font-weight: 400;\">\ud83e\uddf2 Sterk metallbase for bedre stabilitet<\/span><span style=\"font-weight: 400;\"><br \/>\n<\/span><\/li>\n<li style=\"font-weight: 400;\"><span style=\"font-weight: 400;\">\ud83e\udde4 Tryggere drift med redusert vibrasjon og sikker grip<\/span><\/li>\n<\/ul>\n<p><img decoding=\"async\" class=\"alignnone size-full wp-image-17920 aligncenter\" src=\"https:\/\/keluvo.com\/template\/wp-content\/uploads\/sites\/5\/2025\/05\/0987784b-7010-46f0-bede-ef16f4bf0251.webp.webp\" alt=\"\" \/><\/p>\n<h2 style=\"text-align: center;\"><strong>Slik Bruker Du Den<\/strong><\/h2>\n<ol>\n<li style=\"font-weight: 400;\"><span style=\"font-weight: 400;\">Fest vinkelsliperen p\u00e5 brakettbasen.<\/span><span style=\"font-weight: 400;\"><br \/>\n<\/span><\/li>\n<li style=\"font-weight: 400;\"><span style=\"font-weight: 400;\">Fest den godt ved hjelp av de medf\u00f8lgende klemmene eller festene.<\/span><span style=\"font-weight: 400;\"><br \/>\n<\/span><\/li>\n<li style=\"font-weight: 400;\"><span style=\"font-weight: 400;\">Juster skj\u00e6revinkelen og h\u00f8yden slik at den passer til dine behov.<\/span><span style=\"font-weight: 400;\"><br \/>\n<\/span><\/li>\n<li style=\"font-weight: 400;\"><span style=\"font-weight: 400;\">Sett inn riktig kappeskive for materialet.<\/span><span style=\"font-weight: 400;\"><br \/>\n<\/span><\/li>\n<li style=\"font-weight: 400;\"><span style=\"font-weight: 400;\">Begynn \u00e5 skj\u00e6re med bedre kontroll og presisjon.<\/span><\/li>\n<\/ol>\n<h2 style=\"text-align: center;\"><strong>Produktdetaljer<\/strong><\/h2>\n<ul>\n<li style=\"font-weight: 400;\"><span style=\"font-weight: 400;\">Materiale: Metall<\/span><span style=\"font-weight: 400;\"><br \/>\n<\/span><\/li>\n<li style=\"font-weight: 400;\"><span style=\"font-weight: 400;\">St\u00f8rrelse: 138 \u00d7 90 mm<\/span><span style=\"font-weight: 400;\"><br \/>\n<\/span><\/li>\n<li style=\"font-weight: 400;\"><span style=\"font-weight: 400;\">Kompatibilitet: passer til de fleste vinkelslipermodeller<\/span><span style=\"font-weight: 400;\"><br \/>\n<\/span><\/li>\n<li style=\"font-weight: 400;\"><span style=\"font-weight: 400;\">Bruk: ideell for kapping av metall, fliser og DIY-materialer<\/span><\/li>\n<\/ul>\n<h2 style=\"text-align: center;\"><strong>Pakken Inneholder<\/strong><\/h2>\n<ul>\n<li><span style=\"font-weight: 400;\">1x kappestativ.<\/span><\/li>\n<\/ul>\n","protected":false},"excerpt":{"rendered":"<p>Gj\u00f8r Vinkelsliperen Din Om Til En Kraftig Kappemaskin P\u00e5 F\u00e5 Sekunder. Med kappestativet kan du trygt og presist kappe metall, [&hellip;]<\/p>\n","protected":false},"featured_media":18023,"comment_status":"open","ping_status":"closed","template":"","meta":{"site-sidebar-layout":"default","site-content-layout":"","ast-site-content-layout":"default","site-content-style":"default","site-sidebar-style":"default","ast-global-header-display":"","ast-banner-title-visibility":"","ast-main-header-display":"","ast-hfb-above-header-display":"","ast-hfb-below-header-display":"","ast-hfb-mobile-header-display":"","site-post-title":"","ast-breadcrumbs-content":"","ast-featured-img":"","footer-sml-layout":"","theme-transparent-header-meta":"default","adv-header-id-meta":"","stick-header-meta":"","header-above-stick-meta":"","header-main-stick-meta":"","header-below-stick-meta":"","astra-migrate-meta-layouts":"set","ast-page-background-enabled":"default","ast-page-background-meta":{"desktop":{"background-color":"var(--ast-global-color-4)","background-image":"","background-repeat":"repeat","background-position":"center center","background-size":"auto","background-attachment":"scroll","background-type":"","background-media":"","overlay-type":"","overlay-color":"","overlay-opacity":"","overlay-gradient":""},"tablet":{"background-color":"","background-image":"","background-repeat":"repeat","background-position":"center center","background-size":"auto","background-attachment":"scroll","background-type":"","background-media":"","overlay-type":"","overlay-color":"","overlay-opacity":"","overlay-gradient":""},"mobile":{"background-color":"","background-image":"","background-repeat":"repeat","background-position":"center center","background-size":"auto","background-attachment":"scroll","background-type":"","background-media":"","overlay-type":"","overlay-color":"","overlay-opacity":"","overlay-gradient":""}},"ast-content-background-meta":{"desktop":{"background-color":"var(--ast-global-color-5)","background-image":"","background-repeat":"repeat","background-position":"center center","background-size":"auto","background-attachment":"scroll","background-type":"","background-media":"","overlay-type":"","overlay-color":"","overlay-opacity":"","overlay-gradient":""},"tablet":{"background-color":"var(--ast-global-color-5)","background-image":"","background-repeat":"repeat","background-position":"center center","background-size":"auto","background-attachment":"scroll","background-type":"","background-media":"","overlay-type":"","overlay-color":"","overlay-opacity":"","overlay-gradient":""},"mobile":{"background-color":"var(--ast-global-color-5)","background-image":"","background-repeat":"repeat","background-position":"center center","background-size":"auto","background-attachment":"scroll","background-type":"","background-media":"","overlay-type":"","overlay-color":"","overlay-opacity":"","overlay-gradient":""}}},"product_brand":[],"product_cat":[996],"product_tag":[],"class_list":{"0":"post-18027","1":"product","2":"type-product","3":"status-publish","4":"has-post-thumbnail","6":"product_cat-verktoy","7":"desktop-align-left","8":"tablet-align-left","9":"mobile-align-left","11":"first","12":"instock","13":"shipping-taxable","14":"purchasable","15":"product-type-simple"},"_links":{"self":[{"href":"https:\/\/keluvo.com\/no\/wp-json\/wp\/v2\/product\/18027","targetHints":{"allow":["GET"]}}],"collection":[{"href":"https:\/\/keluvo.com\/no\/wp-json\/wp\/v2\/product"}],"about":[{"href":"https:\/\/keluvo.com\/no\/wp-json\/wp\/v2\/types\/product"}],"replies":[{"embeddable":true,"href":"https:\/\/keluvo.com\/no\/wp-json\/wp\/v2\/comments?post=18027"}],"wp:featuredmedia":[{"embeddable":true,"href":"https:\/\/keluvo.com\/no\/wp-json\/wp\/v2\/media\/18023"}],"wp:attachment":[{"href":"https:\/\/keluvo.com\/no\/wp-json\/wp\/v2\/media?parent=18027"}],"wp:term":[{"taxonomy":"product_brand","embeddable":true,"href":"https:\/\/keluvo.com\/no\/wp-json\/wp\/v2\/product_brand?post=18027"},{"taxonomy":"product_cat","embeddable":true,"href":"https:\/\/keluvo.com\/no\/wp-json\/wp\/v2\/product_cat?post=18027"},{"taxonomy":"product_tag","embeddable":true,"href":"https:\/\/keluvo.com\/no\/wp-json\/wp\/v2\/product_tag?post=18027"}],"curies":[{"name":"wp","href":"https:\/\/api.w.org\/{rel}","templated":true}]}}