{"id":17764,"date":"2025-05-07T15:54:12","date_gmt":"2025-05-07T13:54:12","guid":{"rendered":"https:\/\/keluvo.com\/no\/produkt\/skulptur-av-dyrekunst\/"},"modified":"2025-05-07T15:54:27","modified_gmt":"2025-05-07T13:54:27","slug":"skulptur-av-dyrekunst","status":"publish","type":"product","link":"https:\/\/keluvo.com\/no\/produkt\/skulptur-av-dyrekunst\/","title":{"rendered":"Skulptur av dyrekunst"},"content":{"rendered":"<p style=\"text-align: center\"><strong>\ud83d\udc08F\u00f8y f\u00f8lelser og eleganse til rommet ditt med denne minimalistiske dyreskulpturen.<span style=\"font-weight: 400\">\ud83c\udf81<\/span><\/strong><\/p>\n<p style=\"text-align: center\"><span style=\"font-weight: 400\">Denne h\u00e5ndlagde dyreskulpturen blander moderne design med et emosjonelt uttrykk, noe som gj\u00f8r den til et unikt m\u00f8bel for hjemmet eller kontoret ditt. Den minimalistiske jernformen ser fantastisk ut p\u00e5 et bord, en hylle eller en vegg &#8211; og vil garantert fange oppmerksomheten uansett hvor den plasseres.<\/span><\/p>\n<p><img decoding=\"async\" class=\"size-full wp-image-17511 aligncenter\" src=\"https:\/\/keluvo.com\/template\/wp-content\/uploads\/sites\/5\/2025\/05\/420bb812-fc64-486a-9fec-05b6ded3ccde.webp\" alt=\"\" \/><\/p>\n<h2 style=\"text-align: center\">\ud83c\udf1f Hovedfordeler<\/h2>\n<ul>\n<li style=\"font-weight: 400\"><span style=\"font-weight: 400\">\ud83c\udfa8 I\u00f8ynefallende minimalistisk kunst style<\/span><span style=\"font-weight: 400\"><br \/>\n<\/span><\/li>\n<li style=\"font-weight: 400\"><span style=\"font-weight: 400\">\ud83d\uddbc\ufe0f Kan plasseres p\u00e5 et bord eller henges p\u00e5 en vegg<\/span><span style=\"font-weight: 400\"><br \/>\n<\/span><\/li>\n<li style=\"font-weight: 400\"><span style=\"font-weight: 400\">\ud83c\udfe0 Perfekt til innredning hjemme, p\u00e5 kontoret eller i atelieret<\/span><span style=\"font-weight: 400\"><br \/>\n<\/span><\/li>\n<li style=\"font-weight: 400\"><span style=\"font-weight: 400\">\ud83d\udcac Vekker f\u00f8lelser og samtaler<\/span><span style=\"font-weight: 400\"><br \/>\n<\/span><\/li>\n<li style=\"font-weight: 400\"><span style=\"font-weight: 400\">\ud83d\udcaa Laget av slitesterkt, rustbestandig jern<\/span><\/li>\n<li style=\"font-weight: 400\"><span style=\"font-weight: 400\">\ud83c\udf81 Flott gave til kunstelskere eller husoppvarming<\/span><\/li>\n<\/ul>\n<p><img decoding=\"async\" class=\"size-full wp-image-17509 aligncenter\" src=\"https:\/\/keluvo.com\/template\/wp-content\/uploads\/sites\/5\/2025\/05\/99c83f9e-4342-48cc-9c94-eac0104950d1.webp\" alt=\"\" \/><\/p>\n<h2 style=\"text-align: center\">\ud83d\udccf Produktdetaljer<\/h2>\n<ul>\n<li style=\"font-weight: 400\"><span style=\"font-weight: 400\">Materiale: jern av h\u00f8y kvalitet<\/span><span style=\"font-weight: 400\"><br \/>\n<\/span><\/li>\n<li style=\"font-weight: 400\"><span style=\"font-weight: 400\">St\u00f8rrelse: som vist p\u00e5 produktbildene<\/span><span style=\"font-weight: 400\"><br \/>\n<\/span><\/li>\n<li style=\"font-weight: 400\"><span style=\"font-weight: 400\">Vekt: 45 g<\/span><span style=\"font-weight: 400\"><br \/>\n<\/span><\/li>\n<li style=\"font-weight: 400\"><span style=\"font-weight: 400\">Stil: minimalistisk kunstdekor<\/span><\/li>\n<li style=\"font-weight: 400\"><span style=\"font-weight: 400\">Bruk: innend\u00f8rs skulptur for dekor og utstilling<\/span><\/li>\n<\/ul>\n<h2 style=\"text-align: center\">\ud83d\udce6 Pakken inneholder<\/h2>\n<ul>\n<li style=\"font-weight: 400\"><span style=\"font-weight: 400\">1x dyreskulptur.<\/span><\/li>\n<\/ul>\n","protected":false},"excerpt":{"rendered":"<p>\ud83d\udc08F\u00f8y f\u00f8lelser og eleganse til rommet ditt med denne minimalistiske dyreskulpturen.\ud83c\udf81 Denne h\u00e5ndlagde dyreskulpturen blander moderne design med et emosjonelt [&hellip;]<\/p>\n","protected":false},"featured_media":17760,"comment_status":"open","ping_status":"closed","template":"","meta":{"site-sidebar-layout":"default","site-content-layout":"","ast-site-content-layout":"default","site-content-style":"default","site-sidebar-style":"default","ast-global-header-display":"","ast-banner-title-visibility":"","ast-main-header-display":"","ast-hfb-above-header-display":"","ast-hfb-below-header-display":"","ast-hfb-mobile-header-display":"","site-post-title":"","ast-breadcrumbs-content":"","ast-featured-img":"","footer-sml-layout":"","theme-transparent-header-meta":"default","adv-header-id-meta":"","stick-header-meta":"","header-above-stick-meta":"","header-main-stick-meta":"","header-below-stick-meta":"","astra-migrate-meta-layouts":"set","ast-page-background-enabled":"default","ast-page-background-meta":{"desktop":{"background-color":"var(--ast-global-color-4)","background-image":"","background-repeat":"repeat","background-position":"center center","background-size":"auto","background-attachment":"scroll","background-type":"","background-media":"","overlay-type":"","overlay-color":"","overlay-opacity":"","overlay-gradient":""},"tablet":{"background-color":"","background-image":"","background-repeat":"repeat","background-position":"center center","background-size":"auto","background-attachment":"scroll","background-type":"","background-media":"","overlay-type":"","overlay-color":"","overlay-opacity":"","overlay-gradient":""},"mobile":{"background-color":"","background-image":"","background-repeat":"repeat","background-position":"center center","background-size":"auto","background-attachment":"scroll","background-type":"","background-media":"","overlay-type":"","overlay-color":"","overlay-opacity":"","overlay-gradient":""}},"ast-content-background-meta":{"desktop":{"background-color":"var(--ast-global-color-5)","background-image":"","background-repeat":"repeat","background-position":"center center","background-size":"auto","background-attachment":"scroll","background-type":"","background-media":"","overlay-type":"","overlay-color":"","overlay-opacity":"","overlay-gradient":""},"tablet":{"background-color":"var(--ast-global-color-5)","background-image":"","background-repeat":"repeat","background-position":"center center","background-size":"auto","background-attachment":"scroll","background-type":"","background-media":"","overlay-type":"","overlay-color":"","overlay-opacity":"","overlay-gradient":""},"mobile":{"background-color":"var(--ast-global-color-5)","background-image":"","background-repeat":"repeat","background-position":"center center","background-size":"auto","background-attachment":"scroll","background-type":"","background-media":"","overlay-type":"","overlay-color":"","overlay-opacity":"","overlay-gradient":""}}},"product_brand":[],"product_cat":[1001],"product_tag":[],"class_list":{"0":"post-17764","1":"product","2":"type-product","3":"status-publish","4":"has-post-thumbnail","6":"product_cat-husholdningsartikler","7":"pa_32250_ux70no54-a","8":"pa_32250_ux70no54-b","9":"pa_32250_ux70no54-c","10":"pa_32250_ux70no54-d","11":"pa_32250_ux70no54-e","12":"pa_32250_ux70no54-f","13":"pa_32250_ux70no54-g","14":"pa_32250_ux70no54-h","15":"pa_32250_ux70no54-i","16":"desktop-align-left","17":"tablet-align-left","18":"mobile-align-left","20":"first","21":"instock","22":"shipping-taxable","23":"purchasable","24":"product-type-variable"},"_links":{"self":[{"href":"https:\/\/keluvo.com\/no\/wp-json\/wp\/v2\/product\/17764","targetHints":{"allow":["GET"]}}],"collection":[{"href":"https:\/\/keluvo.com\/no\/wp-json\/wp\/v2\/product"}],"about":[{"href":"https:\/\/keluvo.com\/no\/wp-json\/wp\/v2\/types\/product"}],"replies":[{"embeddable":true,"href":"https:\/\/keluvo.com\/no\/wp-json\/wp\/v2\/comments?post=17764"}],"wp:featuredmedia":[{"embeddable":true,"href":"https:\/\/keluvo.com\/no\/wp-json\/wp\/v2\/media\/17760"}],"wp:attachment":[{"href":"https:\/\/keluvo.com\/no\/wp-json\/wp\/v2\/media?parent=17764"}],"wp:term":[{"taxonomy":"product_brand","embeddable":true,"href":"https:\/\/keluvo.com\/no\/wp-json\/wp\/v2\/product_brand?post=17764"},{"taxonomy":"product_cat","embeddable":true,"href":"https:\/\/keluvo.com\/no\/wp-json\/wp\/v2\/product_cat?post=17764"},{"taxonomy":"product_tag","embeddable":true,"href":"https:\/\/keluvo.com\/no\/wp-json\/wp\/v2\/product_tag?post=17764"}],"curies":[{"name":"wp","href":"https:\/\/api.w.org\/{rel}","templated":true}]}}