{"id":17644,"date":"2025-05-07T15:46:26","date_gmt":"2025-05-07T13:46:26","guid":{"rendered":"https:\/\/keluvo.com\/no\/produkt\/kortleser\/"},"modified":"2025-05-08T15:44:03","modified_gmt":"2025-05-08T13:44:03","slug":"kortleser","status":"publish","type":"product","link":"https:\/\/keluvo.com\/no\/produkt\/kortleser\/","title":{"rendered":"Kortleser"},"content":{"rendered":"<p style=\"text-align: center;\"><strong>Med denne 4-i-1-kortleseren kan du raskt flytte bilder, videoer, musikk og dokumenter mellom telefonen, nettbrettet og datamaskinen.<\/strong><\/p>\n<p style=\"text-align: center;\"><span style=\"font-weight: 400;\">Med flere porter og en kompakt design er den det ultimate alt-i-ett-verkt\u00f8yet for \u00e5 h\u00e5ndtere dataene dine n\u00e5r du er p\u00e5 farten.<\/span><\/p>\n<p><img decoding=\"async\" class=\"alignnone size-full wp-image-17682 aligncenter\" src=\"https:\/\/keluvo.com\/template\/wp-content\/uploads\/sites\/5\/2025\/05\/Sa4186464eec144e38967fa42d6f80787u.jpg_960x960q75.jpg_.jpeg\" alt=\"\" \/><\/p>\n<h2 style=\"text-align: center;\">\ud83c\udf1f Hovedfordeler<\/h2>\n<ul>\n<li style=\"font-weight: 400;\"><span style=\"font-weight: 400;\">\ud83d\udd0c 4-i-1-st\u00f8tte: USB, type-C, micro USB &amp; lys<\/span><\/li>\n<li style=\"font-weight: 400;\"><span style=\"font-weight: 400;\">\ud83d\udcbe Leser SD-, Micro SD- og TF-kort p\u00e5 opptil 400 GB<\/span><span style=\"font-weight: 400;\"><br \/>\n<\/span><\/li>\n<li style=\"font-weight: 400;\"><span style=\"font-weight: 400;\">\u26a1 Rask filoverf\u00f8ring med USB 3.0 (opptil 5 Gbps)<\/span><span style=\"font-weight: 400;\"><br \/>\n<\/span><\/li>\n<li style=\"font-weight: 400;\"><span style=\"font-weight: 400;\">\ud83d\udcf1 Fungerer med iPhone, Android, iPad og datamaskiner<\/span><span style=\"font-weight: 400;\"><br \/>\n<\/span><\/li>\n<li style=\"font-weight: 400;\"><span style=\"font-weight: 400;\">\ud83d\udd0b Lader iPhone mens du leser et kort<\/span><span style=\"font-weight: 400;\"><br \/>\n<\/span><\/li>\n<li style=\"font-weight: 400;\"><span style=\"font-weight: 400;\">\ud83e\uddf3 Liten, lett og inkluderer en n\u00f8kkelring design<\/span><\/li>\n<\/ul>\n<p style=\"text-align: center;\"><img decoding=\"async\" class=\"alignnone size-full wp-image-17681\" src=\"https:\/\/keluvo.com\/template\/wp-content\/uploads\/sites\/5\/2025\/05\/S478380cccc34422b8ae53f86f1cdf56bi.jpg_960x960q75.jpg_.jpeg\" alt=\"\" \/><\/p>\n<h2 style=\"text-align: center;\">\ud83d\udee0\ufe0f Slik bruker du<\/h2>\n<ol>\n<li style=\"font-weight: 400;\"><span style=\"font-weight: 400;\">Koble kortleseren til enheten din ved \u00e5 bruke riktig port.<\/span><span style=\"font-weight: 400;\"><br \/>\n<\/span><\/li>\n<li style=\"font-weight: 400;\"><span style=\"font-weight: 400;\">Sett inn SD- eller Micro SD-kortet i leseren.<\/span><span style=\"font-weight: 400;\"><br \/>\n<\/span><\/li>\n<li style=\"font-weight: 400;\"><span style=\"font-weight: 400;\">\u00e5pne filbehandleren eller fotoappen for \u00e5 f\u00e5 tilgang til filene dine.<\/span><span style=\"font-weight: 400;\"><br \/>\n<\/span><\/li>\n<li style=\"font-weight: 400;\"><span style=\"font-weight: 400;\">overf\u00f8r, vis eller sikkerhetskopier dataene dine enkelt.<\/span><\/li>\n<\/ol>\n<h2 style=\"text-align: center;\">\ud83d\udccf Produktdetaljer<\/h2>\n<ul>\n<li style=\"font-weight: 400;\"><span style=\"font-weight: 400;\">Materiale: PC + matt overflate<\/span><span style=\"font-weight: 400;\"><br \/>\n<\/span><\/li>\n<li style=\"font-weight: 400;\"><span style=\"font-weight: 400;\">St\u00f8rrelse: 47,8 \u00d7 59,6 mm<\/span><span style=\"font-weight: 400;\"><br \/>\n<\/span><\/li>\n<li style=\"font-weight: 400;\"><span style=\"font-weight: 400;\">Grensesnitt: USB A, USB-C (type C), micro USB, lys<\/span><\/li>\n<li style=\"font-weight: 400;\"><span style=\"font-weight: 400;\">Korttyper: SD, Micro SD, TF<\/span><span style=\"font-weight: 400;\"><br \/>\n<\/span><\/li>\n<li style=\"font-weight: 400;\"><span style=\"font-weight: 400;\">Max kapasitet som st\u00f8ttes: 400 GB<\/span><span style=\"font-weight: 400;\"><br \/>\n<\/span><\/li>\n<li style=\"font-weight: 400;\"><span style=\"font-weight: 400;\">OS-kompatibilitet: iOS 8.0+, Android OTG, Windows, Mac<\/span><\/li>\n<\/ul>\n<h2 style=\"text-align: center;\">\ud83d\udce6 Pakken inneholder<\/h2>\n<ul>\n<li><span style=\"font-weight: 400;\">1x 4-i-1-kortleser.<\/span><\/li>\n<\/ul>\n","protected":false},"excerpt":{"rendered":"<p>Med denne 4-i-1-kortleseren kan du raskt flytte bilder, videoer, musikk og dokumenter mellom telefonen, nettbrettet og datamaskinen. Med flere porter [&hellip;]<\/p>\n","protected":false},"featured_media":17640,"comment_status":"open","ping_status":"closed","template":"","meta":{"site-sidebar-layout":"default","site-content-layout":"","ast-site-content-layout":"default","site-content-style":"default","site-sidebar-style":"default","ast-global-header-display":"","ast-banner-title-visibility":"","ast-main-header-display":"","ast-hfb-above-header-display":"","ast-hfb-below-header-display":"","ast-hfb-mobile-header-display":"","site-post-title":"","ast-breadcrumbs-content":"","ast-featured-img":"","footer-sml-layout":"","theme-transparent-header-meta":"default","adv-header-id-meta":"","stick-header-meta":"","header-above-stick-meta":"","header-main-stick-meta":"","header-below-stick-meta":"","astra-migrate-meta-layouts":"set","ast-page-background-enabled":"default","ast-page-background-meta":{"desktop":{"background-color":"var(--ast-global-color-4)","background-image":"","background-repeat":"repeat","background-position":"center center","background-size":"auto","background-attachment":"scroll","background-type":"","background-media":"","overlay-type":"","overlay-color":"","overlay-opacity":"","overlay-gradient":""},"tablet":{"background-color":"","background-image":"","background-repeat":"repeat","background-position":"center center","background-size":"auto","background-attachment":"scroll","background-type":"","background-media":"","overlay-type":"","overlay-color":"","overlay-opacity":"","overlay-gradient":""},"mobile":{"background-color":"","background-image":"","background-repeat":"repeat","background-position":"center center","background-size":"auto","background-attachment":"scroll","background-type":"","background-media":"","overlay-type":"","overlay-color":"","overlay-opacity":"","overlay-gradient":""}},"ast-content-background-meta":{"desktop":{"background-color":"var(--ast-global-color-5)","background-image":"","background-repeat":"repeat","background-position":"center center","background-size":"auto","background-attachment":"scroll","background-type":"","background-media":"","overlay-type":"","overlay-color":"","overlay-opacity":"","overlay-gradient":""},"tablet":{"background-color":"var(--ast-global-color-5)","background-image":"","background-repeat":"repeat","background-position":"center center","background-size":"auto","background-attachment":"scroll","background-type":"","background-media":"","overlay-type":"","overlay-color":"","overlay-opacity":"","overlay-gradient":""},"mobile":{"background-color":"var(--ast-global-color-5)","background-image":"","background-repeat":"repeat","background-position":"center center","background-size":"auto","background-attachment":"scroll","background-type":"","background-media":"","overlay-type":"","overlay-color":"","overlay-opacity":"","overlay-gradient":""}}},"product_brand":[],"product_cat":[15],"product_tag":[],"class_list":{"0":"post-17644","1":"product","2":"type-product","3":"status-publish","4":"has-post-thumbnail","6":"product_cat-uncategorized","7":"pa_30268_cam5ew9g-rosa","8":"pa_30268_cam5ew9g-svart","9":"desktop-align-left","10":"tablet-align-left","11":"mobile-align-left","13":"first","14":"instock","15":"shipping-taxable","16":"purchasable","17":"product-type-variable"},"_links":{"self":[{"href":"https:\/\/keluvo.com\/no\/wp-json\/wp\/v2\/product\/17644","targetHints":{"allow":["GET"]}}],"collection":[{"href":"https:\/\/keluvo.com\/no\/wp-json\/wp\/v2\/product"}],"about":[{"href":"https:\/\/keluvo.com\/no\/wp-json\/wp\/v2\/types\/product"}],"replies":[{"embeddable":true,"href":"https:\/\/keluvo.com\/no\/wp-json\/wp\/v2\/comments?post=17644"}],"wp:featuredmedia":[{"embeddable":true,"href":"https:\/\/keluvo.com\/no\/wp-json\/wp\/v2\/media\/17640"}],"wp:attachment":[{"href":"https:\/\/keluvo.com\/no\/wp-json\/wp\/v2\/media?parent=17644"}],"wp:term":[{"taxonomy":"product_brand","embeddable":true,"href":"https:\/\/keluvo.com\/no\/wp-json\/wp\/v2\/product_brand?post=17644"},{"taxonomy":"product_cat","embeddable":true,"href":"https:\/\/keluvo.com\/no\/wp-json\/wp\/v2\/product_cat?post=17644"},{"taxonomy":"product_tag","embeddable":true,"href":"https:\/\/keluvo.com\/no\/wp-json\/wp\/v2\/product_tag?post=17644"}],"curies":[{"name":"wp","href":"https:\/\/api.w.org\/{rel}","templated":true}]}}