{"id":17639,"date":"2025-05-07T15:45:23","date_gmt":"2025-05-07T13:45:23","guid":{"rendered":"https:\/\/keluvo.com\/no\/produkt\/sylteagurkglass\/"},"modified":"2025-05-08T15:58:09","modified_gmt":"2025-05-08T13:58:09","slug":"sylteagurkglass","status":"publish","type":"product","link":"https:\/\/keluvo.com\/no\/produkt\/sylteagurkglass\/","title":{"rendered":"Sylteagurkglass"},"content":{"rendered":"<p style=\"text-align: center;\"><strong>Server enkelt sylteagurk uten s\u00f8l av ekstra v\u00e6ske.<\/strong><\/p>\n<p style=\"text-align: center;\"><span style=\"font-weight: 400;\">Dette smarte sylteagurkglasset har et timeglassdesign som gj\u00f8r det enkelt \u00e5 skille v\u00e5tt og t\u00f8rt innhold med en gang. Du slipper \u00e5 fiske i saltlake eller s\u00f8le saft &#8211; bare vipp, hell og nyt rene, enkle porsjoner med sylteagurk, oliven, frukt og mye mer.<\/span><\/p>\n<p style=\"text-align: center;\"><img decoding=\"async\" class=\"alignnone size-full wp-image-17675\" src=\"https:\/\/keluvo.com\/template\/wp-content\/uploads\/sites\/5\/2025\/05\/Picklejar-ezgif.com-video-to-webp-converter.webp\" alt=\"\" \/><\/p>\n<h2 style=\"text-align: center;\">\ud83c\udf1f Hovedfordeler<\/h2>\n<ul>\n<li style=\"font-weight: 400;\"><span style=\"font-weight: 400;\">\ud83e\uded9 Skiller v\u00e6ske fra mat med et enkelt vipp<\/span><span style=\"font-weight: 400;\"><br \/>\n<\/span><\/li>\n<li style=\"font-weight: 400;\"><span style=\"font-weight: 400;\">\ud83e\uddfc Ingen flere fuktige porsjoner eller dryppende krukker<\/span><span style=\"font-weight: 400;\"><br \/>\n<\/span><\/li>\n<li style=\"font-weight: 400;\"><span style=\"font-weight: 400;\">\ud83e\udd52 Perfekt til sylteagurk, oliven, kirseb\u00e6r, eller frukt<\/span><span style=\"font-weight: 400;\"><br \/>\n<\/span><\/li>\n<li style=\"font-weight: 400;\"><span style=\"font-weight: 400;\">\ud83e\uddf4 Lufttett lokk holder maten frisk og forhindrer s\u00f8l<\/span><span style=\"font-weight: 400;\"><br \/>\n<\/span><\/li>\n<li style=\"font-weight: 400;\"><span style=\"font-weight: 400;\">\ud83d\udd04 Gjenbrukbart og enkelt \u00e5 rengj\u00f8re<\/span><span style=\"font-weight: 400;\"><br \/>\n<\/span><\/li>\n<li style=\"font-weight: 400;\">\u2705 Laget av matsikker, BPA-fri materialer<\/li>\n<\/ul>\n<p style=\"text-align: center;\"><img decoding=\"async\" class=\"alignnone size-full wp-image-17674\" src=\"https:\/\/keluvo.com\/template\/wp-content\/uploads\/sites\/5\/2025\/05\/c2ea99d3-459c-4a10-9ae5-d5a1b88e9758.webp.webp\" alt=\"\" \/><\/p>\n<h2 style=\"text-align: center;\">\ud83d\udee0\ufe0f Slik bruker du det<\/h2>\n<ol>\n<li style=\"font-weight: 400;\"><span style=\"font-weight: 400;\">Fyll den ene siden med sylteagurk og den andre med juice.<\/span><span style=\"font-weight: 400;\"><br \/>\n<\/span><\/li>\n<li style=\"font-weight: 400;\"><span style=\"font-weight: 400;\">N\u00e5r du er klar til \u00e5 servere, snur du glasset opp ned.<\/span><span style=\"font-weight: 400;\"><br \/>\n<\/span><\/li>\n<li style=\"font-weight: 400;\"><span style=\"font-weight: 400;\">sylteagurkene holder seg t\u00f8rre p\u00e5 toppen, mens v\u00e6sken holder seg under.<\/span><span style=\"font-weight: 400;\"><br \/>\n<\/span><\/li>\n<li style=\"font-weight: 400;\"><span style=\"font-weight: 400;\">snu tilbake for \u00e5 oppbevare i kj\u00f8leskapet.<\/span><\/li>\n<\/ol>\n<h2 style=\"text-align: center;\">\ud83d\udccf Produktdetaljer<\/h2>\n<ul>\n<li style=\"font-weight: 400;\"><span style=\"font-weight: 400;\">Materiale: BPA-fri polypropylen + silikonlokk<\/span><span style=\"font-weight: 400;\"><br \/>\n<\/span><\/li>\n<li style=\"font-weight: 400;\"><span style=\"font-weight: 400;\">Funksjoner: varmebestandig, slitesterk, lekkasjesikker<\/span><span style=\"font-weight: 400;\"><br \/>\n<\/span><\/li>\n<li style=\"font-weight: 400;\"><span style=\"font-weight: 400;\">Design: timeglassform med smal skillevegg<\/span><span style=\"font-weight: 400;\"><br \/>\n<\/span><\/li>\n<li style=\"font-weight: 400;\"><span style=\"font-weight: 400;\">Farge: gjennomsiktig krukke med sikkert silikonlokk<\/span><span style=\"font-weight: 400;\"><br \/>\n<\/span><\/li>\n<li style=\"font-weight: 400;\"><span style=\"font-weight: 400;\">Bruk: sylteagurk, oliven, frukt, salatp\u00e5legg med mer<\/span><\/li>\n<\/ul>\n<h2 style=\"text-align: center;\">\ud83d\udce6 Pakken inkluderer<\/h2>\n<ul>\n<li><span style=\"font-weight: 400;\">1x sylteagurk.<\/span><\/li>\n<\/ul>\n","protected":false},"excerpt":{"rendered":"<p>Server enkelt sylteagurk uten s\u00f8l av ekstra v\u00e6ske. Dette smarte sylteagurkglasset har et timeglassdesign som gj\u00f8r det enkelt \u00e5 skille [&hellip;]<\/p>\n","protected":false},"featured_media":17635,"comment_status":"open","ping_status":"closed","template":"","meta":{"site-sidebar-layout":"default","site-content-layout":"","ast-site-content-layout":"default","site-content-style":"default","site-sidebar-style":"default","ast-global-header-display":"","ast-banner-title-visibility":"","ast-main-header-display":"","ast-hfb-above-header-display":"","ast-hfb-below-header-display":"","ast-hfb-mobile-header-display":"","site-post-title":"","ast-breadcrumbs-content":"","ast-featured-img":"","footer-sml-layout":"","theme-transparent-header-meta":"default","adv-header-id-meta":"","stick-header-meta":"","header-above-stick-meta":"","header-main-stick-meta":"","header-below-stick-meta":"","astra-migrate-meta-layouts":"set","ast-page-background-enabled":"default","ast-page-background-meta":{"desktop":{"background-color":"var(--ast-global-color-4)","background-image":"","background-repeat":"repeat","background-position":"center center","background-size":"auto","background-attachment":"scroll","background-type":"","background-media":"","overlay-type":"","overlay-color":"","overlay-opacity":"","overlay-gradient":""},"tablet":{"background-color":"","background-image":"","background-repeat":"repeat","background-position":"center center","background-size":"auto","background-attachment":"scroll","background-type":"","background-media":"","overlay-type":"","overlay-color":"","overlay-opacity":"","overlay-gradient":""},"mobile":{"background-color":"","background-image":"","background-repeat":"repeat","background-position":"center center","background-size":"auto","background-attachment":"scroll","background-type":"","background-media":"","overlay-type":"","overlay-color":"","overlay-opacity":"","overlay-gradient":""}},"ast-content-background-meta":{"desktop":{"background-color":"var(--ast-global-color-5)","background-image":"","background-repeat":"repeat","background-position":"center center","background-size":"auto","background-attachment":"scroll","background-type":"","background-media":"","overlay-type":"","overlay-color":"","overlay-opacity":"","overlay-gradient":""},"tablet":{"background-color":"var(--ast-global-color-5)","background-image":"","background-repeat":"repeat","background-position":"center center","background-size":"auto","background-attachment":"scroll","background-type":"","background-media":"","overlay-type":"","overlay-color":"","overlay-opacity":"","overlay-gradient":""},"mobile":{"background-color":"var(--ast-global-color-5)","background-image":"","background-repeat":"repeat","background-position":"center center","background-size":"auto","background-attachment":"scroll","background-type":"","background-media":"","overlay-type":"","overlay-color":"","overlay-opacity":"","overlay-gradient":""}}},"product_brand":[],"product_cat":[1001],"product_tag":[],"class_list":{"0":"post-17639","1":"product","2":"type-product","3":"status-publish","4":"has-post-thumbnail","6":"product_cat-husholdningsartikler","7":"desktop-align-left","8":"tablet-align-left","9":"mobile-align-left","11":"first","12":"instock","13":"shipping-taxable","14":"purchasable","15":"product-type-simple"},"_links":{"self":[{"href":"https:\/\/keluvo.com\/no\/wp-json\/wp\/v2\/product\/17639","targetHints":{"allow":["GET"]}}],"collection":[{"href":"https:\/\/keluvo.com\/no\/wp-json\/wp\/v2\/product"}],"about":[{"href":"https:\/\/keluvo.com\/no\/wp-json\/wp\/v2\/types\/product"}],"replies":[{"embeddable":true,"href":"https:\/\/keluvo.com\/no\/wp-json\/wp\/v2\/comments?post=17639"}],"wp:featuredmedia":[{"embeddable":true,"href":"https:\/\/keluvo.com\/no\/wp-json\/wp\/v2\/media\/17635"}],"wp:attachment":[{"href":"https:\/\/keluvo.com\/no\/wp-json\/wp\/v2\/media?parent=17639"}],"wp:term":[{"taxonomy":"product_brand","embeddable":true,"href":"https:\/\/keluvo.com\/no\/wp-json\/wp\/v2\/product_brand?post=17639"},{"taxonomy":"product_cat","embeddable":true,"href":"https:\/\/keluvo.com\/no\/wp-json\/wp\/v2\/product_cat?post=17639"},{"taxonomy":"product_tag","embeddable":true,"href":"https:\/\/keluvo.com\/no\/wp-json\/wp\/v2\/product_tag?post=17639"}],"curies":[{"name":"wp","href":"https:\/\/api.w.org\/{rel}","templated":true}]}}