{"id":17531,"date":"2025-05-07T15:35:20","date_gmt":"2025-05-07T13:35:20","guid":{"rendered":"https:\/\/keluvo.com\/no\/produkt\/eksfolierende-hanske\/"},"modified":"2025-05-07T15:35:28","modified_gmt":"2025-05-07T13:35:28","slug":"eksfolierende-hanske","status":"publish","type":"product","link":"https:\/\/keluvo.com\/no\/produkt\/eksfolierende-hanske\/","title":{"rendered":"Eksfolierende hanske"},"content":{"rendered":"<p style=\"text-align: center\"><b>Vi presenterer eksfolieringshansken &#8211; din myke og kraftige hjelper for glatt, ren hud<\/b><\/p>\n<p style=\"text-align: center\"><span style=\"font-weight: 400\">Renser dypt og f\u00f8les myk. Denne magiske hansken fjerner d\u00f8d hud og gir deg gl\u00f8d &#8211; helt uten s\u00e5pe!<\/span><\/p>\n<p><img decoding=\"async\" class=\"alignnone size-full wp-image-17348 aligncenter\" src=\"https:\/\/keluvo.com\/template\/wp-content\/uploads\/sites\/5\/2025\/05\/8cf66e78-1a0e-4b0b-8f48-9a5ab86f9587.gif.gif\" alt=\"\" \/><\/p>\n<h2 style=\"text-align: center\"><strong>Hovedfordeler<\/strong><\/h2>\n<ul>\n<li style=\"font-weight: 400\"><span style=\"font-weight: 400\">Skrubber bort d\u00f8d hud, smuss og olje raskt<\/span><\/li>\n<li style=\"font-weight: 400\"><span style=\"font-weight: 400\">Lett \u00e5 bruke og sitter tett for bedre rengj\u00f8ring<\/span><\/li>\n<li style=\"font-weight: 400\"><span style=\"font-weight: 400\">Ingen s\u00e5pe n\u00f8dvendig &#8211; bare vann og forsiktig gniing<\/span><\/li>\n<li style=\"font-weight: 400\"><span style=\"font-weight: 400\">Huden f\u00f8les glatt, frisk og myk<\/span><\/li>\n<li style=\"font-weight: 400\"><span style=\"font-weight: 400\">Fremmer blodsirkulasjonen og reduserer ujevnheter og inngrodde h\u00e5r<\/span><\/li>\n<\/ul>\n<p><img decoding=\"async\" class=\"alignnone size-full wp-image-17350 aligncenter\" src=\"https:\/\/keluvo.com\/template\/wp-content\/uploads\/sites\/5\/2025\/05\/S6d202a99c1a04c4c89834402800be027U.jpg_960x960q75.jpg_.jpeg\" alt=\"\" \/><\/p>\n<h2 style=\"text-align: center\"><strong>Hovedtilbud<\/strong><\/h2>\n<p style=\"text-align: center\"><span style=\"font-weight: 400\">Denne eksfolierende hansken er perfekt for alle som vil ha myk, gl\u00f8dende hud. Bare bl\u00f8tlegg i varmt vann, vri ut hansken og skrubb &#8211; det er alt! Ingen s\u00e5per eller skrubbemidler er n\u00f8dvendig. Den er sterk, men sk\u00e5nsom og perfekt for kroppspleie. Bruk den 2-4 ganger i m\u00e5neden for best resultat.<\/span><\/p>\n<h2 style=\"text-align: center\"><strong>Hvordan Du Bruker<\/strong><\/h2>\n<ol>\n<li style=\"font-weight: 400\"><span style=\"font-weight: 400\">Dusj kroppen og hansken med varmt vann.<\/span><span style=\"font-weight: 400\"><br \/>\n<\/span><\/li>\n<li style=\"font-weight: 400\"><span style=\"font-weight: 400\">bruk IKKE s\u00e5pe eller kroppsvask.<\/span><span style=\"font-weight: 400\"><br \/>\n<\/span><\/li>\n<li style=\"font-weight: 400\"><span style=\"font-weight: 400\">vri ut hansken.<\/span><span style=\"font-weight: 400\"><br \/>\n<\/span><\/li>\n<li style=\"font-weight: 400\"><span style=\"font-weight: 400\">gni huden opp, ned og fra side til side med trykk.<\/span><span style=\"font-weight: 400\"><br \/>\n<\/span><\/li>\n<li style=\"font-weight: 400\"><span style=\"font-weight: 400\">skyll av &#8211; nyt glatt, ren hud!<\/span><\/li>\n<li style=\"font-weight: 400\"><span style=\"font-weight: 400\">ikke bruk i ansiktet.<\/span><\/li>\n<\/ol>\n<h2 style=\"text-align: center\"><strong>Pakken Inneholder<\/strong><\/h2>\n<ul>\n<li><span style=\"font-weight: 400\">1 eksfolierende hanske.<\/span><\/li>\n<\/ul>\n","protected":false},"excerpt":{"rendered":"<p>Vi presenterer eksfolieringshansken &#8211; din myke og kraftige hjelper for glatt, ren hud Renser dypt og f\u00f8les myk. Denne magiske [&hellip;]<\/p>\n","protected":false},"featured_media":17527,"comment_status":"open","ping_status":"closed","template":"","meta":{"site-sidebar-layout":"default","site-content-layout":"","ast-site-content-layout":"default","site-content-style":"default","site-sidebar-style":"default","ast-global-header-display":"","ast-banner-title-visibility":"","ast-main-header-display":"","ast-hfb-above-header-display":"","ast-hfb-below-header-display":"","ast-hfb-mobile-header-display":"","site-post-title":"","ast-breadcrumbs-content":"","ast-featured-img":"","footer-sml-layout":"","theme-transparent-header-meta":"default","adv-header-id-meta":"","stick-header-meta":"","header-above-stick-meta":"","header-main-stick-meta":"","header-below-stick-meta":"","astra-migrate-meta-layouts":"set","ast-page-background-enabled":"default","ast-page-background-meta":{"desktop":{"background-color":"var(--ast-global-color-4)","background-image":"","background-repeat":"repeat","background-position":"center center","background-size":"auto","background-attachment":"scroll","background-type":"","background-media":"","overlay-type":"","overlay-color":"","overlay-opacity":"","overlay-gradient":""},"tablet":{"background-color":"","background-image":"","background-repeat":"repeat","background-position":"center center","background-size":"auto","background-attachment":"scroll","background-type":"","background-media":"","overlay-type":"","overlay-color":"","overlay-opacity":"","overlay-gradient":""},"mobile":{"background-color":"","background-image":"","background-repeat":"repeat","background-position":"center center","background-size":"auto","background-attachment":"scroll","background-type":"","background-media":"","overlay-type":"","overlay-color":"","overlay-opacity":"","overlay-gradient":""}},"ast-content-background-meta":{"desktop":{"background-color":"var(--ast-global-color-5)","background-image":"","background-repeat":"repeat","background-position":"center center","background-size":"auto","background-attachment":"scroll","background-type":"","background-media":"","overlay-type":"","overlay-color":"","overlay-opacity":"","overlay-gradient":""},"tablet":{"background-color":"var(--ast-global-color-5)","background-image":"","background-repeat":"repeat","background-position":"center center","background-size":"auto","background-attachment":"scroll","background-type":"","background-media":"","overlay-type":"","overlay-color":"","overlay-opacity":"","overlay-gradient":""},"mobile":{"background-color":"var(--ast-global-color-5)","background-image":"","background-repeat":"repeat","background-position":"center center","background-size":"auto","background-attachment":"scroll","background-type":"","background-media":"","overlay-type":"","overlay-color":"","overlay-opacity":"","overlay-gradient":""}}},"product_brand":[],"product_cat":[992],"product_tag":[],"class_list":{"0":"post-17531","1":"product","2":"type-product","3":"status-publish","4":"has-post-thumbnail","6":"product_cat-skjonnhets-og-hygieneprodukter","7":"pa_21233_8xl9qikv-bla","8":"pa_21233_8xl9qikv-gronn","9":"pa_21233_8xl9qikv-gul","10":"pa_21233_8xl9qikv-rosa","11":"desktop-align-left","12":"tablet-align-left","13":"mobile-align-left","15":"first","16":"instock","17":"shipping-taxable","18":"purchasable","19":"product-type-variable"},"_links":{"self":[{"href":"https:\/\/keluvo.com\/no\/wp-json\/wp\/v2\/product\/17531","targetHints":{"allow":["GET"]}}],"collection":[{"href":"https:\/\/keluvo.com\/no\/wp-json\/wp\/v2\/product"}],"about":[{"href":"https:\/\/keluvo.com\/no\/wp-json\/wp\/v2\/types\/product"}],"replies":[{"embeddable":true,"href":"https:\/\/keluvo.com\/no\/wp-json\/wp\/v2\/comments?post=17531"}],"wp:featuredmedia":[{"embeddable":true,"href":"https:\/\/keluvo.com\/no\/wp-json\/wp\/v2\/media\/17527"}],"wp:attachment":[{"href":"https:\/\/keluvo.com\/no\/wp-json\/wp\/v2\/media?parent=17531"}],"wp:term":[{"taxonomy":"product_brand","embeddable":true,"href":"https:\/\/keluvo.com\/no\/wp-json\/wp\/v2\/product_brand?post=17531"},{"taxonomy":"product_cat","embeddable":true,"href":"https:\/\/keluvo.com\/no\/wp-json\/wp\/v2\/product_cat?post=17531"},{"taxonomy":"product_tag","embeddable":true,"href":"https:\/\/keluvo.com\/no\/wp-json\/wp\/v2\/product_tag?post=17531"}],"curies":[{"name":"wp","href":"https:\/\/api.w.org\/{rel}","templated":true}]}}