{"id":17488,"date":"2025-05-07T15:32:48","date_gmt":"2025-05-07T13:32:48","guid":{"rendered":"https:\/\/keluvo.com\/no\/produkt\/krolleverktoy-for-har\/"},"modified":"2025-05-07T15:32:54","modified_gmt":"2025-05-07T13:32:54","slug":"krolleverktoy-for-har","status":"publish","type":"product","link":"https:\/\/keluvo.com\/no\/produkt\/krolleverktoy-for-har\/","title":{"rendered":"Kr\u00f8lleverkt\u00f8y for h\u00e5r"},"content":{"rendered":"<p style=\"text-align: center\"><strong>Vi Introduserer Kr\u00f8lltangen Uten Varme \u2013 Din Sk\u00e5nsomme M\u00e5te \u00c5 F\u00e5 Myke, Sprettende Kr\u00f8ller Uten Skader.<\/strong><\/p>\n<p style=\"text-align: center\"><span style=\"font-weight: 400\">Kr\u00f8ll h\u00e5ret uten varme, enkelt, komfortabelt og trygt for alle h\u00e5rtyper.<\/span><\/p>\n<p><img decoding=\"async\" class=\"alignnone size-full wp-image-17342 aligncenter\" src=\"https:\/\/keluvo.com\/template\/wp-content\/uploads\/sites\/5\/2025\/05\/CurlingIron-ezgif.com-video-to-webp-converter.webp\" alt=\"\" \/><\/p>\n<h2 style=\"text-align: center\">Hovedfordeler<\/h2>\n<ul>\n<li style=\"font-weight: 400\"><span style=\"font-weight: 400\">Kr\u00f8ller h\u00e5ret uten varme \u2013 ingen skader eller t\u00f8rrhet<\/span><\/li>\n<li style=\"font-weight: 400\"><span style=\"font-weight: 400\">Smykt og komfortabelt \u00e5 ha p\u00e5 mens du sover<\/span><\/li>\n<li style=\"font-weight: 400\"><span style=\"font-weight: 400\">Enkelt \u00e5 bruke \u2013 bare pakk og fest f\u00f8r du legger deg<\/span><\/li>\n<li style=\"font-weight: 400\"><span style=\"font-weight: 400\">Spar tid \u2013 v\u00e5kn opp med ferdige kr\u00f8ller<\/span><\/li>\n<li style=\"font-weight: 400\"><span style=\"font-weight: 400\">Great for hjemmet, p\u00e5 reise eller til daglig bruk<\/span><\/li>\n<\/ul>\n<p><img decoding=\"async\" class=\"alignnone size-full wp-image-17336 aligncenter\" src=\"https:\/\/keluvo.com\/template\/wp-content\/uploads\/sites\/5\/2025\/05\/S303d837f111a413280dffe494723fcefX.jpg_960x960q75.jpg_.jpeg\" alt=\"\" \/><\/p>\n<h2 style=\"text-align: center\">Hovedtilbud<\/h2>\n<p style=\"text-align: center\"><span style=\"font-weight: 400\">Dette kr\u00f8llesettet er perfekt for alle som vil ha vakre kr\u00f8ller uten varme. Bare vikle h\u00e5ret rundt den myke pinnen om natten, og om morgenen har du vakre kr\u00f8ller. Det er trygt, gjenbrukbart og s\u00e5 enkelt &#8211; ingen plugger, ingen varme, ikke noe styr. Perfekt til daglig styling eller spesielle anledninger. Ogs\u00e5 en flott gave til venner eller familie!<\/span><\/p>\n<h2 style=\"text-align: center\">Slik Bruker Du<\/h2>\n<ol>\n<li style=\"font-weight: 400\"><span style=\"font-weight: 400\">Bruk en kam til \u00e5 dele det litt fuktige h\u00e5ret.<\/span><span style=\"font-weight: 400\"><br \/>\n<\/span><\/li>\n<li style=\"font-weight: 400\"><span style=\"font-weight: 400\">Vikle sm\u00e5 seksjoner rundt den myke pinnen.<\/span><span style=\"font-weight: 400\"><br \/>\n<\/span><\/li>\n<li style=\"font-weight: 400\"><span style=\"font-weight: 400\">Fest hver side med de medf\u00f8lgende h\u00e5rb\u00e5ndene.<\/span><span style=\"font-weight: 400\"><br \/>\n<\/span><\/li>\n<li style=\"font-weight: 400\"><span style=\"font-weight: 400\">Bruk klipset til \u00e5 holde det p\u00e5 plass over natten.<\/span><span style=\"font-weight: 400\"><br \/>\n<\/span><\/li>\n<li style=\"font-weight: 400\"><span style=\"font-weight: 400\">Om morgenen kan du ta det av og nyte kr\u00f8llene dine!<\/span><\/li>\n<\/ol>\n<h2 style=\"text-align: center\">Pakken Inneholder<\/h2>\n<ul>\n<li style=\"font-weight: 400\"><span style=\"font-weight: 400\">1 kr\u00f8lltang<\/span><\/li>\n<li style=\"font-weight: 400\"><span style=\"font-weight: 400\">2 h\u00e5rringer<\/span><\/li>\n<li style=\"font-weight: 400\"><span style=\"font-weight: 400\">1 h\u00e5rklips.<\/span><\/li>\n<\/ul>\n","protected":false},"excerpt":{"rendered":"<p>Vi Introduserer Kr\u00f8lltangen Uten Varme \u2013 Din Sk\u00e5nsomme M\u00e5te \u00c5 F\u00e5 Myke, Sprettende Kr\u00f8ller Uten Skader. Kr\u00f8ll h\u00e5ret uten varme, [&hellip;]<\/p>\n","protected":false},"featured_media":17484,"comment_status":"open","ping_status":"closed","template":"","meta":{"site-sidebar-layout":"default","site-content-layout":"","ast-site-content-layout":"default","site-content-style":"default","site-sidebar-style":"default","ast-global-header-display":"","ast-banner-title-visibility":"","ast-main-header-display":"","ast-hfb-above-header-display":"","ast-hfb-below-header-display":"","ast-hfb-mobile-header-display":"","site-post-title":"","ast-breadcrumbs-content":"","ast-featured-img":"","footer-sml-layout":"","theme-transparent-header-meta":"default","adv-header-id-meta":"","stick-header-meta":"","header-above-stick-meta":"","header-main-stick-meta":"","header-below-stick-meta":"","astra-migrate-meta-layouts":"set","ast-page-background-enabled":"default","ast-page-background-meta":{"desktop":{"background-color":"var(--ast-global-color-4)","background-image":"","background-repeat":"repeat","background-position":"center center","background-size":"auto","background-attachment":"scroll","background-type":"","background-media":"","overlay-type":"","overlay-color":"","overlay-opacity":"","overlay-gradient":""},"tablet":{"background-color":"","background-image":"","background-repeat":"repeat","background-position":"center center","background-size":"auto","background-attachment":"scroll","background-type":"","background-media":"","overlay-type":"","overlay-color":"","overlay-opacity":"","overlay-gradient":""},"mobile":{"background-color":"","background-image":"","background-repeat":"repeat","background-position":"center center","background-size":"auto","background-attachment":"scroll","background-type":"","background-media":"","overlay-type":"","overlay-color":"","overlay-opacity":"","overlay-gradient":""}},"ast-content-background-meta":{"desktop":{"background-color":"var(--ast-global-color-5)","background-image":"","background-repeat":"repeat","background-position":"center center","background-size":"auto","background-attachment":"scroll","background-type":"","background-media":"","overlay-type":"","overlay-color":"","overlay-opacity":"","overlay-gradient":""},"tablet":{"background-color":"var(--ast-global-color-5)","background-image":"","background-repeat":"repeat","background-position":"center center","background-size":"auto","background-attachment":"scroll","background-type":"","background-media":"","overlay-type":"","overlay-color":"","overlay-opacity":"","overlay-gradient":""},"mobile":{"background-color":"var(--ast-global-color-5)","background-image":"","background-repeat":"repeat","background-position":"center center","background-size":"auto","background-attachment":"scroll","background-type":"","background-media":"","overlay-type":"","overlay-color":"","overlay-opacity":"","overlay-gradient":""}}},"product_brand":[],"product_cat":[992],"product_tag":[],"class_list":{"0":"post-17488","1":"product","2":"type-product","3":"status-publish","4":"has-post-thumbnail","6":"product_cat-skjonnhets-og-hygieneprodukter","7":"pa_44367_y6ufj3h9-champagne","8":"pa_44367_y6ufj3h9-leopard","9":"pa_44367_y6ufj3h9-rosa","10":"pa_44367_y6ufj3h9-svart","11":"desktop-align-left","12":"tablet-align-left","13":"mobile-align-left","15":"first","16":"instock","17":"shipping-taxable","18":"purchasable","19":"product-type-variable"},"_links":{"self":[{"href":"https:\/\/keluvo.com\/no\/wp-json\/wp\/v2\/product\/17488","targetHints":{"allow":["GET"]}}],"collection":[{"href":"https:\/\/keluvo.com\/no\/wp-json\/wp\/v2\/product"}],"about":[{"href":"https:\/\/keluvo.com\/no\/wp-json\/wp\/v2\/types\/product"}],"replies":[{"embeddable":true,"href":"https:\/\/keluvo.com\/no\/wp-json\/wp\/v2\/comments?post=17488"}],"wp:featuredmedia":[{"embeddable":true,"href":"https:\/\/keluvo.com\/no\/wp-json\/wp\/v2\/media\/17484"}],"wp:attachment":[{"href":"https:\/\/keluvo.com\/no\/wp-json\/wp\/v2\/media?parent=17488"}],"wp:term":[{"taxonomy":"product_brand","embeddable":true,"href":"https:\/\/keluvo.com\/no\/wp-json\/wp\/v2\/product_brand?post=17488"},{"taxonomy":"product_cat","embeddable":true,"href":"https:\/\/keluvo.com\/no\/wp-json\/wp\/v2\/product_cat?post=17488"},{"taxonomy":"product_tag","embeddable":true,"href":"https:\/\/keluvo.com\/no\/wp-json\/wp\/v2\/product_tag?post=17488"}],"curies":[{"name":"wp","href":"https:\/\/api.w.org\/{rel}","templated":true}]}}