{"id":17463,"date":"2025-05-07T15:31:52","date_gmt":"2025-05-07T13:31:52","guid":{"rendered":"https:\/\/keluvo.com\/no\/produkt\/handavtrykk-sett-40-g\/"},"modified":"2025-05-07T15:32:10","modified_gmt":"2025-05-07T13:32:10","slug":"handavtrykk-sett-40-g","status":"publish","type":"product","link":"https:\/\/keluvo.com\/no\/produkt\/handavtrykk-sett-40-g\/","title":{"rendered":"H\u00e5ndavtrykk-sett (40 g)"},"content":{"rendered":"<p style=\"text-align: center\"><b>\ud83d\udc76Skape et minne som varer evig med babyens lille h\u00e5nd- eller fotavtrykk \ud83d\udc63<\/b><\/p>\n<p style=\"text-align: center\"><span style=\"font-weight: 400\">Dette myke og trygge babyleiresettet er en vakker m\u00e5te \u00e5 ta h\u00e5nd- eller fotavtrykk av den nyf\u00f8dte p\u00e5 som et minne. Enten det er babyens f\u00f8rste dager eller en gave til nybakte foreldre, er denne DIY-leiren en enkel og meningsfull m\u00e5te \u00e5 huske de dyrebare sm\u00e5 detaljene p\u00e5.<\/span><\/p>\n<p><img decoding=\"async\" class=\"size-full wp-image-17412 aligncenter\" src=\"https:\/\/keluvo.com\/template\/wp-content\/uploads\/sites\/5\/2025\/05\/babu-ezgif.com-video-to-webp-converter.webp\" alt=\"\" \/><\/p>\n<h2 style=\"text-align: center\">\ud83c\udf1f Hovedfordeler<\/h2>\n<ul>\n<li style=\"font-weight: 400\"><span style=\"font-weight: 400\">\ud83d\udc63 Enkelt \u00e5 lage h\u00e5nd- eller fotavtrykk hjemme<\/span><span style=\"font-weight: 400\"><br \/>\n<\/span><\/li>\n<li style=\"font-weight: 400\"><span style=\"font-weight: 400\">\ud83e\uddfc Myk, glatt, ikke-klebrig leire &#8211; ikke noe s\u00f8l<\/span><span style=\"font-weight: 400\"><br \/>\n<\/span><\/li>\n<li style=\"font-weight: 400\"><span style=\"font-weight: 400\">\ud83c\udf7c Trygg og giftfri for nyf\u00f8dt hud<\/span><span style=\"font-weight: 400\"><br \/>\n<\/span><\/li>\n<li style=\"font-weight: 400\"><span style=\"font-weight: 400\">\ud83c\udf81 Perfekt gave eller minne fra babyshower<\/span><span style=\"font-weight: 400\"><br \/>\n<\/span><\/li>\n<li style=\"font-weight: 400\"><span style=\"font-weight: 400\">\u23f3 Luftt\u00f8rker p\u00e5 24 timer &#8211; ingen baking n\u00f8dvendig<\/span><\/li>\n<li style=\"font-weight: 400\"><span style=\"font-weight: 400\">\ud83d\udce6 Lett og enkel \u00e5 oppbevare eller display<\/span><\/li>\n<\/ul>\n<p><img decoding=\"async\" class=\"size-full wp-image-17414 aligncenter\" src=\"https:\/\/keluvo.com\/template\/wp-content\/uploads\/sites\/5\/2025\/05\/S212343efbfea4c87a096f854eb10cc083.jpg_960x960q75.jpg_.avif\" alt=\"\" \/><\/p>\n<h2 style=\"text-align: center\">\ud83d\udee0\ufe0f Slik bruker du leiren<\/h2>\n<ol>\n<li style=\"font-weight: 400\"><span style=\"font-weight: 400\">\u00c5pne leirepakken.<\/span><span style=\"font-weight: 400\"><br \/>\n<\/span><\/li>\n<li style=\"font-weight: 400\"><span style=\"font-weight: 400\">Trykk forsiktig babyens h\u00e5nd eller fot ned i leiren og la den luftt\u00f8rke i 24 timer p\u00e5 et rent sted.<\/span><\/li>\n<\/ol>\n<h2 style=\"text-align: center\">\ud83d\udccf Produktdetaljer<\/h2>\n<ul>\n<li style=\"font-weight: 400\"><span style=\"font-weight: 400\">Materiale: naturlig kalsiumpulver, vegetabilsk olje, tyggegummi<\/span><span style=\"font-weight: 400\"><br \/>\n<\/span><\/li>\n<li style=\"font-weight: 400\"><span style=\"font-weight: 400\">Vekt: 40 g per pakke<\/span><span style=\"font-weight: 400\"><br \/>\n<\/span><\/li>\n<li style=\"font-weight: 400\"><span style=\"font-weight: 400\">Velegnet for nyf\u00f8dte til 6 m\u00e5neder<\/span><\/li>\n<li style=\"font-weight: 400\"><span style=\"font-weight: 400\">T\u00f8rker naturlig i luft og lys<\/span><\/li>\n<\/ul>\n<h2 style=\"text-align: center\">\ud83d\udce6 Pakken inneholder<\/h2>\n<ul>\n<li style=\"font-weight: 400\"><span style=\"font-weight: 400\">1x pose med fotavtrykksleire til babyen.<\/span><\/li>\n<\/ul>\n<p>&nbsp;<\/p>\n<p>&nbsp;<\/p>\n","protected":false},"excerpt":{"rendered":"<p>\ud83d\udc76Skape et minne som varer evig med babyens lille h\u00e5nd- eller fotavtrykk \ud83d\udc63 Dette myke og trygge babyleiresettet er en [&hellip;]<\/p>\n","protected":false},"featured_media":17459,"comment_status":"open","ping_status":"closed","template":"","meta":{"site-sidebar-layout":"default","site-content-layout":"","ast-site-content-layout":"default","site-content-style":"default","site-sidebar-style":"default","ast-global-header-display":"","ast-banner-title-visibility":"","ast-main-header-display":"","ast-hfb-above-header-display":"","ast-hfb-below-header-display":"","ast-hfb-mobile-header-display":"","site-post-title":"","ast-breadcrumbs-content":"","ast-featured-img":"","footer-sml-layout":"","theme-transparent-header-meta":"default","adv-header-id-meta":"","stick-header-meta":"","header-above-stick-meta":"","header-main-stick-meta":"","header-below-stick-meta":"","astra-migrate-meta-layouts":"set","ast-page-background-enabled":"default","ast-page-background-meta":{"desktop":{"background-color":"var(--ast-global-color-4)","background-image":"","background-repeat":"repeat","background-position":"center center","background-size":"auto","background-attachment":"scroll","background-type":"","background-media":"","overlay-type":"","overlay-color":"","overlay-opacity":"","overlay-gradient":""},"tablet":{"background-color":"","background-image":"","background-repeat":"repeat","background-position":"center center","background-size":"auto","background-attachment":"scroll","background-type":"","background-media":"","overlay-type":"","overlay-color":"","overlay-opacity":"","overlay-gradient":""},"mobile":{"background-color":"","background-image":"","background-repeat":"repeat","background-position":"center center","background-size":"auto","background-attachment":"scroll","background-type":"","background-media":"","overlay-type":"","overlay-color":"","overlay-opacity":"","overlay-gradient":""}},"ast-content-background-meta":{"desktop":{"background-color":"var(--ast-global-color-5)","background-image":"","background-repeat":"repeat","background-position":"center center","background-size":"auto","background-attachment":"scroll","background-type":"","background-media":"","overlay-type":"","overlay-color":"","overlay-opacity":"","overlay-gradient":""},"tablet":{"background-color":"var(--ast-global-color-5)","background-image":"","background-repeat":"repeat","background-position":"center center","background-size":"auto","background-attachment":"scroll","background-type":"","background-media":"","overlay-type":"","overlay-color":"","overlay-opacity":"","overlay-gradient":""},"mobile":{"background-color":"var(--ast-global-color-5)","background-image":"","background-repeat":"repeat","background-position":"center center","background-size":"auto","background-attachment":"scroll","background-type":"","background-media":"","overlay-type":"","overlay-color":"","overlay-opacity":"","overlay-gradient":""}}},"product_brand":[],"product_cat":[990],"product_tag":[],"class_list":{"0":"post-17463","1":"product","2":"type-product","3":"status-publish","4":"has-post-thumbnail","6":"product_cat-leker-barne-og-babyprodukter","7":"pa_20220_ooq5415a-bla","8":"pa_20220_ooq5415a-brun","9":"pa_20220_ooq5415a-gronn","10":"pa_20220_ooq5415a-gul","11":"pa_20220_ooq5415a-hvit","12":"pa_20220_ooq5415a-lilla","13":"pa_20220_ooq5415a-oransje","14":"pa_20220_ooq5415a-rod","15":"pa_20220_ooq5415a-rosa","16":"pa_20220_ooq5415a-svart","17":"desktop-align-left","18":"tablet-align-left","19":"mobile-align-left","21":"first","22":"instock","23":"shipping-taxable","24":"purchasable","25":"product-type-variable"},"_links":{"self":[{"href":"https:\/\/keluvo.com\/no\/wp-json\/wp\/v2\/product\/17463","targetHints":{"allow":["GET"]}}],"collection":[{"href":"https:\/\/keluvo.com\/no\/wp-json\/wp\/v2\/product"}],"about":[{"href":"https:\/\/keluvo.com\/no\/wp-json\/wp\/v2\/types\/product"}],"replies":[{"embeddable":true,"href":"https:\/\/keluvo.com\/no\/wp-json\/wp\/v2\/comments?post=17463"}],"wp:featuredmedia":[{"embeddable":true,"href":"https:\/\/keluvo.com\/no\/wp-json\/wp\/v2\/media\/17459"}],"wp:attachment":[{"href":"https:\/\/keluvo.com\/no\/wp-json\/wp\/v2\/media?parent=17463"}],"wp:term":[{"taxonomy":"product_brand","embeddable":true,"href":"https:\/\/keluvo.com\/no\/wp-json\/wp\/v2\/product_brand?post=17463"},{"taxonomy":"product_cat","embeddable":true,"href":"https:\/\/keluvo.com\/no\/wp-json\/wp\/v2\/product_cat?post=17463"},{"taxonomy":"product_tag","embeddable":true,"href":"https:\/\/keluvo.com\/no\/wp-json\/wp\/v2\/product_tag?post=17463"}],"curies":[{"name":"wp","href":"https:\/\/api.w.org\/{rel}","templated":true}]}}