{"id":17420,"date":"2025-05-07T15:28:35","date_gmt":"2025-05-07T13:28:35","guid":{"rendered":"https:\/\/keluvo.com\/no\/produkt\/stotte-for-vaskemaskin\/"},"modified":"2025-06-02T09:59:45","modified_gmt":"2025-06-02T07:59:45","slug":"stotte-for-vaskemaskin","status":"publish","type":"product","link":"https:\/\/keluvo.com\/no\/produkt\/stotte-for-vaskemaskin\/","title":{"rendered":"St\u00f8tte for vaskemaskin"},"content":{"rendered":"<p style=\"text-align: center;\"><b>Vi presenterer vaskemaskinst\u00f8tten &#8211; din enkle l\u00f8sning for st\u00f8yende, ristende maskiner.<\/b><\/p>\n<p style=\"text-align: center;\"><span style=\"font-weight: 400;\">Disse putene stopper ristingen og holder vaskemaskinen og t\u00f8rketrommelen stille, st\u00f8dig og trygg.<\/span><\/p>\n<p><img decoding=\"async\" class=\"alignnone size-full wp-image-17290 aligncenter\" src=\"https:\/\/keluvo.com\/template\/wp-content\/uploads\/sites\/5\/2025\/05\/Washingmachinesupport-ezgif.com-video-to-webp-converter.webp\" alt=\"\" \/><\/p>\n<h2 style=\"text-align: center;\">Hovedfordeler<\/h2>\n<ul>\n<li style=\"font-weight: 400;\"><span style=\"font-weight: 400;\">Stopper risting og st\u00f8y fra vaskemaskiner<\/span><\/li>\n<li style=\"font-weight: 400;\"><span style=\"font-weight: 400;\">Beskytter gulvet mot riper og merker<\/span><\/li>\n<li style=\"font-weight: 400;\"><span style=\"font-weight: 400;\">Beskytter m\u00f8bler og maskiner fra \u00e5 bevege seg<\/span><\/li>\n<li style=\"font-weight: 400;\"><span style=\"font-weight: 400;\">Passer til de fleste vaskemaskiner, t\u00f8rketromler, senger, bord og stoler<\/span><\/li>\n<li style=\"font-weight: 400;\"><span style=\"font-weight: 400;\">Laget av sterkt, vanntett materiale som varer lenge.<\/span><\/li>\n<\/ul>\n<p><img decoding=\"async\" class=\"alignnone size-full wp-image-17288 aligncenter\" src=\"https:\/\/keluvo.com\/template\/wp-content\/uploads\/sites\/5\/2025\/05\/Sc730dce2c22542e788de6eca1759833bw.jpg_960x960q75.jpg_.jpeg\" alt=\"\" \/><\/p>\n<h2 style=\"text-align: center;\">Hovedtilbud<\/h2>\n<p style=\"text-align: center;\"><span style=\"font-weight: 400;\">Disse sklisikre putene er perfekte for alle som er lei av st\u00f8yende klesvask eller m\u00f8bler som sklir. De holder vaskemaskinen st\u00f8dig, reduserer st\u00f8y og beskytter gulvene dine. Bruk dem ogs\u00e5 under sofaer, bord, senger eller stoler. Rask og enkel \u00e5 bruke &#8211; bare plasser dem under bena!<\/span><\/p>\n<h2 style=\"text-align: center;\">Slik bruker du dem<\/h2>\n<ol>\n<li style=\"font-weight: 400;\"><span style=\"font-weight: 400;\">L\u00f8ft m\u00f8belet eller maskinen litt.<\/span><span style=\"font-weight: 400;\"><br \/>\n<\/span><\/li>\n<li style=\"font-weight: 400;\"><span style=\"font-weight: 400;\">Plasser en pute under hvert ben eller hj\u00f8rne.<\/span><span style=\"font-weight: 400;\"><br \/>\n<\/span><\/li>\n<li style=\"font-weight: 400;\"><span style=\"font-weight: 400;\">La puten gripe tak i gulvet og stoppe bevegelsen.<\/span><span style=\"font-weight: 400;\"><br \/>\n<\/span><\/li>\n<li style=\"font-weight: 400;\"><span style=\"font-weight: 400;\">Nyt et roligere og mer stabilt rom!<\/span><\/li>\n<\/ol>\n<h2 style=\"text-align: center;\">Pakken inneholder<\/h2>\n<ul>\n<li><span style=\"font-weight: 400;\">4\/8\/12\/16x <\/span><span style=\"font-weight: 400;\">vaskemaskinf\u00f8tter pads.<\/span><\/li>\n<\/ul>\n<p>&nbsp;<\/p>\n","protected":false},"excerpt":{"rendered":"<p>Vi presenterer vaskemaskinst\u00f8tten &#8211; din enkle l\u00f8sning for st\u00f8yende, ristende maskiner. Disse putene stopper ristingen og holder vaskemaskinen og t\u00f8rketrommelen [&hellip;]<\/p>\n","protected":false},"featured_media":17416,"comment_status":"open","ping_status":"closed","template":"","meta":{"site-sidebar-layout":"default","site-content-layout":"","ast-site-content-layout":"default","site-content-style":"default","site-sidebar-style":"default","ast-global-header-display":"","ast-banner-title-visibility":"","ast-main-header-display":"","ast-hfb-above-header-display":"","ast-hfb-below-header-display":"","ast-hfb-mobile-header-display":"","site-post-title":"","ast-breadcrumbs-content":"","ast-featured-img":"","footer-sml-layout":"","theme-transparent-header-meta":"default","adv-header-id-meta":"","stick-header-meta":"","header-above-stick-meta":"","header-main-stick-meta":"","header-below-stick-meta":"","astra-migrate-meta-layouts":"set","ast-page-background-enabled":"default","ast-page-background-meta":{"desktop":{"background-color":"var(--ast-global-color-4)","background-image":"","background-repeat":"repeat","background-position":"center center","background-size":"auto","background-attachment":"scroll","background-type":"","background-media":"","overlay-type":"","overlay-color":"","overlay-opacity":"","overlay-gradient":""},"tablet":{"background-color":"","background-image":"","background-repeat":"repeat","background-position":"center center","background-size":"auto","background-attachment":"scroll","background-type":"","background-media":"","overlay-type":"","overlay-color":"","overlay-opacity":"","overlay-gradient":""},"mobile":{"background-color":"","background-image":"","background-repeat":"repeat","background-position":"center center","background-size":"auto","background-attachment":"scroll","background-type":"","background-media":"","overlay-type":"","overlay-color":"","overlay-opacity":"","overlay-gradient":""}},"ast-content-background-meta":{"desktop":{"background-color":"var(--ast-global-color-5)","background-image":"","background-repeat":"repeat","background-position":"center center","background-size":"auto","background-attachment":"scroll","background-type":"","background-media":"","overlay-type":"","overlay-color":"","overlay-opacity":"","overlay-gradient":""},"tablet":{"background-color":"var(--ast-global-color-5)","background-image":"","background-repeat":"repeat","background-position":"center center","background-size":"auto","background-attachment":"scroll","background-type":"","background-media":"","overlay-type":"","overlay-color":"","overlay-opacity":"","overlay-gradient":""},"mobile":{"background-color":"var(--ast-global-color-5)","background-image":"","background-repeat":"repeat","background-position":"center center","background-size":"auto","background-attachment":"scroll","background-type":"","background-media":"","overlay-type":"","overlay-color":"","overlay-opacity":"","overlay-gradient":""}}},"product_brand":[],"product_cat":[993],"product_tag":[],"class_list":{"0":"post-17420","1":"product","2":"type-product","3":"status-publish","4":"has-post-thumbnail","6":"product_cat-skotoy-tilbehor","7":"pa_40594_nqoy986c-4-stk","8":"pa_40594_nqoy986c-8-stk","9":"pa_40594_nqoy986c-12-stk","10":"pa_40594_nqoy986c-16-stk","11":"desktop-align-left","12":"tablet-align-left","13":"mobile-align-left","15":"first","16":"instock","17":"shipping-taxable","18":"purchasable","19":"product-type-variable"},"_links":{"self":[{"href":"https:\/\/keluvo.com\/no\/wp-json\/wp\/v2\/product\/17420","targetHints":{"allow":["GET"]}}],"collection":[{"href":"https:\/\/keluvo.com\/no\/wp-json\/wp\/v2\/product"}],"about":[{"href":"https:\/\/keluvo.com\/no\/wp-json\/wp\/v2\/types\/product"}],"replies":[{"embeddable":true,"href":"https:\/\/keluvo.com\/no\/wp-json\/wp\/v2\/comments?post=17420"}],"wp:featuredmedia":[{"embeddable":true,"href":"https:\/\/keluvo.com\/no\/wp-json\/wp\/v2\/media\/17416"}],"wp:attachment":[{"href":"https:\/\/keluvo.com\/no\/wp-json\/wp\/v2\/media?parent=17420"}],"wp:term":[{"taxonomy":"product_brand","embeddable":true,"href":"https:\/\/keluvo.com\/no\/wp-json\/wp\/v2\/product_brand?post=17420"},{"taxonomy":"product_cat","embeddable":true,"href":"https:\/\/keluvo.com\/no\/wp-json\/wp\/v2\/product_cat?post=17420"},{"taxonomy":"product_tag","embeddable":true,"href":"https:\/\/keluvo.com\/no\/wp-json\/wp\/v2\/product_tag?post=17420"}],"curies":[{"name":"wp","href":"https:\/\/api.w.org\/{rel}","templated":true}]}}