{"id":17367,"date":"2025-05-07T15:25:46","date_gmt":"2025-05-07T13:25:46","guid":{"rendered":"https:\/\/keluvo.com\/no\/produkt\/musikalsk-krus\/"},"modified":"2025-05-07T15:26:09","modified_gmt":"2025-05-07T13:26:09","slug":"musikalsk-krus","status":"publish","type":"product","link":"https:\/\/keluvo.com\/no\/produkt\/musikalsk-krus\/","title":{"rendered":"Musikalsk krus"},"content":{"rendered":"<p style=\"text-align: center\"><span style=\"font-weight: 400\">\u2615<strong>Vi Introduserer Det Musikalske Kruset \u2013 Din Gledelige M\u00e5te \u00c5 Nippe Og Smile P\u00e5 Hver Dag.<\/strong>\ud83c\udfbb<\/span><\/p>\n<p style=\"text-align: center\"><span style=\"font-weight: 400\">Drikk med stil. Dette kule kruset har et morsomt h\u00e5ndtak formet som et musikkinstrument &#8211; perfekt for musikkelskere.<\/span><\/p>\n<p><img decoding=\"async\" class=\"size-full wp-image-17221 aligncenter\" src=\"https:\/\/keluvo.com\/template\/wp-content\/uploads\/sites\/5\/2025\/05\/c1e6f602-6b63-4a20-84a4-951b9528e8a9.webp\" alt=\"\" \/><\/p>\n<h2 style=\"text-align: center\">Hovedfordeler<\/h2>\n<ul>\n<li style=\"font-weight: 400\"><span style=\"font-weight: 400\">Godt til kaffe, te eller andre drikker<\/span><\/li>\n<li style=\"font-weight: 400\"><span style=\"font-weight: 400\">Gj\u00f8r dagen lysere med morsomme musikkvibber<\/span><\/li>\n<li style=\"font-weight: 400\"><span style=\"font-weight: 400\">Sterk og trygg &#8211; laget av keramikk av h\u00f8y kvalitet<\/span><\/li>\n<li style=\"font-weight: 400\"><span style=\"font-weight: 400\">F\u00e5s i morsomme stiler &#8211; velg mellom 14 forskjellige musikkinstrumenter<\/span><\/li>\n<li style=\"font-weight: 400\"><span style=\"font-weight: 400\">God gave til venner, musikere og musikkfans<\/span><\/li>\n<\/ul>\n<p><img decoding=\"async\" class=\"size-full wp-image-17223 aligncenter\" src=\"https:\/\/keluvo.com\/template\/wp-content\/uploads\/sites\/5\/2025\/05\/6b0ad4fb-83d7-4e48-8107-e107537d660f.webp\" alt=\"\" \/><\/p>\n<h2 style=\"text-align: center\">Hovedtilbud<\/h2>\n<p style=\"text-align: center\"><span style=\"font-weight: 400\">Dette kruset er ikke bare til \u00e5 drikke &#8211; det er en liten bit av glede! Enten du er musikkelsker eller bare vil ha et morsomt krus, er dette noe for deg. Med trykk av musikknoter og et spesielt h\u00e5ndtak gir det energi og smil til dagen din. Perfekt til morgener, avslappende kvelder eller morsomme gaver.<\/span><\/p>\n<h2 style=\"text-align: center\">\ud83d\udce6Pakken Inneholder<\/h2>\n<ul>\n<li style=\"font-weight: 400\"><span style=\"font-weight: 400\">1 keramisk musikkrus.<\/span><\/li>\n<\/ul>\n","protected":false},"excerpt":{"rendered":"<p>\u2615Vi Introduserer Det Musikalske Kruset \u2013 Din Gledelige M\u00e5te \u00c5 Nippe Og Smile P\u00e5 Hver Dag.\ud83c\udfbb Drikk med stil. Dette [&hellip;]<\/p>\n","protected":false},"featured_media":17363,"comment_status":"open","ping_status":"closed","template":"","meta":{"site-sidebar-layout":"default","site-content-layout":"","ast-site-content-layout":"default","site-content-style":"default","site-sidebar-style":"default","ast-global-header-display":"","ast-banner-title-visibility":"","ast-main-header-display":"","ast-hfb-above-header-display":"","ast-hfb-below-header-display":"","ast-hfb-mobile-header-display":"","site-post-title":"","ast-breadcrumbs-content":"","ast-featured-img":"","footer-sml-layout":"","theme-transparent-header-meta":"default","adv-header-id-meta":"","stick-header-meta":"","header-above-stick-meta":"","header-main-stick-meta":"","header-below-stick-meta":"","astra-migrate-meta-layouts":"set","ast-page-background-enabled":"default","ast-page-background-meta":{"desktop":{"background-color":"var(--ast-global-color-4)","background-image":"","background-repeat":"repeat","background-position":"center center","background-size":"auto","background-attachment":"scroll","background-type":"","background-media":"","overlay-type":"","overlay-color":"","overlay-opacity":"","overlay-gradient":""},"tablet":{"background-color":"","background-image":"","background-repeat":"repeat","background-position":"center center","background-size":"auto","background-attachment":"scroll","background-type":"","background-media":"","overlay-type":"","overlay-color":"","overlay-opacity":"","overlay-gradient":""},"mobile":{"background-color":"","background-image":"","background-repeat":"repeat","background-position":"center center","background-size":"auto","background-attachment":"scroll","background-type":"","background-media":"","overlay-type":"","overlay-color":"","overlay-opacity":"","overlay-gradient":""}},"ast-content-background-meta":{"desktop":{"background-color":"var(--ast-global-color-5)","background-image":"","background-repeat":"repeat","background-position":"center center","background-size":"auto","background-attachment":"scroll","background-type":"","background-media":"","overlay-type":"","overlay-color":"","overlay-opacity":"","overlay-gradient":""},"tablet":{"background-color":"var(--ast-global-color-5)","background-image":"","background-repeat":"repeat","background-position":"center center","background-size":"auto","background-attachment":"scroll","background-type":"","background-media":"","overlay-type":"","overlay-color":"","overlay-opacity":"","overlay-gradient":""},"mobile":{"background-color":"var(--ast-global-color-5)","background-image":"","background-repeat":"repeat","background-position":"center center","background-size":"auto","background-attachment":"scroll","background-type":"","background-media":"","overlay-type":"","overlay-color":"","overlay-opacity":"","overlay-gradient":""}}},"product_brand":[],"product_cat":[1001],"product_tag":[],"class_list":{"0":"post-17367","1":"product","2":"type-product","3":"status-publish","4":"has-post-thumbnail","6":"product_cat-husholdningsartikler","7":"pa_41909_jmy76cfb-a","8":"pa_41909_jmy76cfb-b","9":"pa_41909_jmy76cfb-c","10":"pa_41909_jmy76cfb-d","11":"pa_41909_jmy76cfb-e","12":"pa_41909_jmy76cfb-f","13":"pa_41909_jmy76cfb-g","14":"pa_41909_jmy76cfb-h","15":"pa_41909_jmy76cfb-i","16":"pa_41909_jmy76cfb-j","17":"pa_41909_jmy76cfb-k","18":"pa_41909_jmy76cfb-l","19":"pa_41909_jmy76cfb-m","20":"pa_41909_jmy76cfb-n","21":"desktop-align-left","22":"tablet-align-left","23":"mobile-align-left","25":"first","26":"instock","27":"shipping-taxable","28":"purchasable","29":"product-type-variable"},"_links":{"self":[{"href":"https:\/\/keluvo.com\/no\/wp-json\/wp\/v2\/product\/17367","targetHints":{"allow":["GET"]}}],"collection":[{"href":"https:\/\/keluvo.com\/no\/wp-json\/wp\/v2\/product"}],"about":[{"href":"https:\/\/keluvo.com\/no\/wp-json\/wp\/v2\/types\/product"}],"replies":[{"embeddable":true,"href":"https:\/\/keluvo.com\/no\/wp-json\/wp\/v2\/comments?post=17367"}],"wp:featuredmedia":[{"embeddable":true,"href":"https:\/\/keluvo.com\/no\/wp-json\/wp\/v2\/media\/17363"}],"wp:attachment":[{"href":"https:\/\/keluvo.com\/no\/wp-json\/wp\/v2\/media?parent=17367"}],"wp:term":[{"taxonomy":"product_brand","embeddable":true,"href":"https:\/\/keluvo.com\/no\/wp-json\/wp\/v2\/product_brand?post=17367"},{"taxonomy":"product_cat","embeddable":true,"href":"https:\/\/keluvo.com\/no\/wp-json\/wp\/v2\/product_cat?post=17367"},{"taxonomy":"product_tag","embeddable":true,"href":"https:\/\/keluvo.com\/no\/wp-json\/wp\/v2\/product_tag?post=17367"}],"curies":[{"name":"wp","href":"https:\/\/api.w.org\/{rel}","templated":true}]}}