{"id":17362,"date":"2025-05-07T15:24:55","date_gmt":"2025-05-07T13:24:55","guid":{"rendered":"https:\/\/keluvo.com\/no\/produkt\/polsemaker\/"},"modified":"2025-05-08T15:48:24","modified_gmt":"2025-05-08T13:48:24","slug":"polsemaker","status":"publish","type":"product","link":"https:\/\/keluvo.com\/no\/produkt\/polsemaker\/","title":{"rendered":"P\u00f8lselager"},"content":{"rendered":"<p style=\"text-align: center;\"><b>\ud83c\udf2dIntroduksjon av p\u00f8lselageren &#8211; ditt enkle verkt\u00f8y for \u00e5 lage ferske, smakfulle p\u00f8lser hjemme.\ud83d\udc69\u200d\ud83c\udf73<\/b><\/p>\n<p style=\"text-align: center;\">Lag p\u00f8lser raskt, ikke noe rot, ikke noe stress &#8211; bare ferskt kj\u00f8tt, enkle trinn og moro for alle.<\/p>\n<p><img decoding=\"async\" class=\"size-full wp-image-17206 aligncenter\" src=\"https:\/\/keluvo.com\/template\/wp-content\/uploads\/sites\/5\/2025\/05\/sausage-ezgif.com-video-to-webp-converter.webp\" alt=\"\" \/><\/p>\n<h2 style=\"text-align: center;\">Hovedfordeler<\/h2>\n<ul>\n<li style=\"font-weight: 400;\"><span style=\"font-weight: 400;\">Sikker \u00e5 bruke &#8211; laget av rustfritt st\u00e5l i matvarekvalitet<\/span><\/li>\n<li style=\"font-weight: 400;\"><span style=\"font-weight: 400;\">Enkelt \u00e5 presse og fylle p\u00f8lser raskt<\/span><\/li>\n<li style=\"font-weight: 400;\"><span style=\"font-weight: 400;\">Ingen glidning &#8211; holder seg p\u00e5 plass mens du jobber<\/span><\/li>\n<li style=\"font-weight: 400;\"><span style=\"font-weight: 400;\">Morsom aktivitet for h\u00f8ytider og familiem\u00e5ltider<\/span><\/li>\n<li style=\"font-weight: 400;\">Leveres med 5 st\u00f8rrelser r\u00f8r for alle typer p\u00f8lser<\/li>\n<\/ul>\n<p><img decoding=\"async\" class=\"size-full wp-image-17211 aligncenter\" src=\"https:\/\/keluvo.com\/template\/wp-content\/uploads\/sites\/5\/2025\/05\/2545a3b5-8c1b-4d42-b0ce-9a691796c09d.webp\" alt=\"\" \/><\/p>\n<h2 style=\"text-align: center;\">\ud83d\udc68\u200d\ud83c\udf73Hovedtilbud<\/h2>\n<p style=\"text-align: center;\"><span style=\"font-weight: 400;\">Denne p\u00f8lsemaskinen hjelper deg med \u00e5 lage ferske, hjemmelagde p\u00f8lser p\u00e5 f\u00e5 minutter. Bare legg til favorittkj\u00f8ttet ditt, trykk og nyt! Den er sterk, trygg og perfekt for familiehygge eller spesielle arrangementer. Med 5 munnstykkest\u00f8rrelser kan du lage tynne p\u00f8lser eller store, saftige p\u00f8lser. Du trenger ikke \u00e5 kj\u00f8pe p\u00f8lser i butikken &#8211; n\u00e5 kan du lage dine egne!<\/span><\/p>\n<h2 style=\"text-align: center;\">\ud83d\udce6Pakken Inneholder<\/h2>\n<ul>\n<li style=\"font-weight: 400;\"><span style=\"font-weight: 400;\">1 p\u00f8lsestoppermaskin.<\/span><\/li>\n<li style=\"font-weight: 400;\"><span style=\"font-weight: 400;\">5 p\u00f8lsefyllingsmunnstykker.<\/span><\/li>\n<\/ul>\n","protected":false},"excerpt":{"rendered":"<p>\ud83c\udf2dIntroduksjon av p\u00f8lselageren &#8211; ditt enkle verkt\u00f8y for \u00e5 lage ferske, smakfulle p\u00f8lser hjemme.\ud83d\udc69\u200d\ud83c\udf73 Lag p\u00f8lser raskt, ikke noe rot, [&hellip;]<\/p>\n","protected":false},"featured_media":17358,"comment_status":"open","ping_status":"closed","template":"","meta":{"site-sidebar-layout":"default","site-content-layout":"","ast-site-content-layout":"default","site-content-style":"default","site-sidebar-style":"default","ast-global-header-display":"","ast-banner-title-visibility":"","ast-main-header-display":"","ast-hfb-above-header-display":"","ast-hfb-below-header-display":"","ast-hfb-mobile-header-display":"","site-post-title":"","ast-breadcrumbs-content":"","ast-featured-img":"","footer-sml-layout":"","theme-transparent-header-meta":"default","adv-header-id-meta":"","stick-header-meta":"","header-above-stick-meta":"","header-main-stick-meta":"","header-below-stick-meta":"","astra-migrate-meta-layouts":"set","ast-page-background-enabled":"default","ast-page-background-meta":{"desktop":{"background-color":"var(--ast-global-color-4)","background-image":"","background-repeat":"repeat","background-position":"center center","background-size":"auto","background-attachment":"scroll","background-type":"","background-media":"","overlay-type":"","overlay-color":"","overlay-opacity":"","overlay-gradient":""},"tablet":{"background-color":"","background-image":"","background-repeat":"repeat","background-position":"center center","background-size":"auto","background-attachment":"scroll","background-type":"","background-media":"","overlay-type":"","overlay-color":"","overlay-opacity":"","overlay-gradient":""},"mobile":{"background-color":"","background-image":"","background-repeat":"repeat","background-position":"center center","background-size":"auto","background-attachment":"scroll","background-type":"","background-media":"","overlay-type":"","overlay-color":"","overlay-opacity":"","overlay-gradient":""}},"ast-content-background-meta":{"desktop":{"background-color":"var(--ast-global-color-5)","background-image":"","background-repeat":"repeat","background-position":"center center","background-size":"auto","background-attachment":"scroll","background-type":"","background-media":"","overlay-type":"","overlay-color":"","overlay-opacity":"","overlay-gradient":""},"tablet":{"background-color":"var(--ast-global-color-5)","background-image":"","background-repeat":"repeat","background-position":"center center","background-size":"auto","background-attachment":"scroll","background-type":"","background-media":"","overlay-type":"","overlay-color":"","overlay-opacity":"","overlay-gradient":""},"mobile":{"background-color":"var(--ast-global-color-5)","background-image":"","background-repeat":"repeat","background-position":"center center","background-size":"auto","background-attachment":"scroll","background-type":"","background-media":"","overlay-type":"","overlay-color":"","overlay-opacity":"","overlay-gradient":""}}},"product_brand":[],"product_cat":[1001],"product_tag":[],"class_list":{"0":"post-17362","1":"product","2":"type-product","3":"status-publish","4":"has-post-thumbnail","6":"product_cat-husholdningsartikler","7":"pa_32277_7r47xz5n-a","8":"pa_32277_7r47xz5n-b","9":"desktop-align-left","10":"tablet-align-left","11":"mobile-align-left","13":"first","14":"instock","15":"shipping-taxable","16":"purchasable","17":"product-type-simple"},"_links":{"self":[{"href":"https:\/\/keluvo.com\/no\/wp-json\/wp\/v2\/product\/17362","targetHints":{"allow":["GET"]}}],"collection":[{"href":"https:\/\/keluvo.com\/no\/wp-json\/wp\/v2\/product"}],"about":[{"href":"https:\/\/keluvo.com\/no\/wp-json\/wp\/v2\/types\/product"}],"replies":[{"embeddable":true,"href":"https:\/\/keluvo.com\/no\/wp-json\/wp\/v2\/comments?post=17362"}],"wp:featuredmedia":[{"embeddable":true,"href":"https:\/\/keluvo.com\/no\/wp-json\/wp\/v2\/media\/17358"}],"wp:attachment":[{"href":"https:\/\/keluvo.com\/no\/wp-json\/wp\/v2\/media?parent=17362"}],"wp:term":[{"taxonomy":"product_brand","embeddable":true,"href":"https:\/\/keluvo.com\/no\/wp-json\/wp\/v2\/product_brand?post=17362"},{"taxonomy":"product_cat","embeddable":true,"href":"https:\/\/keluvo.com\/no\/wp-json\/wp\/v2\/product_cat?post=17362"},{"taxonomy":"product_tag","embeddable":true,"href":"https:\/\/keluvo.com\/no\/wp-json\/wp\/v2\/product_tag?post=17362"}],"curies":[{"name":"wp","href":"https:\/\/api.w.org\/{rel}","templated":true}]}}