{"id":17345,"date":"2025-05-07T15:24:01","date_gmt":"2025-05-07T13:24:01","guid":{"rendered":"https:\/\/keluvo.com\/no\/produkt\/magnetisk-belte\/"},"modified":"2025-06-05T12:20:00","modified_gmt":"2025-06-05T10:20:00","slug":"magnetisk-belte","status":"publish","type":"product","link":"https:\/\/keluvo.com\/no\/produkt\/magnetisk-belte\/","title":{"rendered":"Magnetisk belte"},"content":{"rendered":"<p style=\"text-align: center;\"><strong>\ud83e\uddf2Innf\u00f8ring av magnetbeltet &#8211; din naturlige m\u00e5te \u00e5 lindre ryggsmerter og f\u00f8le deg bedre raskt.\ud83d\udc86\u200d\u2642\ufe0f<\/strong><\/p>\n<p style=\"text-align: center;\">Lindrer smerte, gir st\u00f8tte og f\u00f8les varmt. Lett \u00e5 ha p\u00e5, passer alle st\u00f8rrelser.<\/p>\n<p><img decoding=\"async\" class=\"size-full wp-image-17187 aligncenter\" src=\"https:\/\/keluvo.com\/template\/wp-content\/uploads\/sites\/5\/2025\/05\/belt-ezgif.com-video-to-webp-converter.webp\" alt=\"\" \/><\/p>\n<h2 style=\"text-align: center;\">Hovedfordeler<\/h2>\n<ul>\n<li style=\"font-weight: 400;\"><span style=\"font-weight: 400;\">Lindrer smerter og \u00f8mhet i korsryggen<\/span><\/li>\n<li style=\"font-weight: 400;\"><span style=\"font-weight: 400;\">Varmer midjen, magen og nyrene<\/span><\/li>\n<li style=\"font-weight: 400;\"><span style=\"font-weight: 400;\">\u00d8ker blodgjennomstr\u00f8mningen med 14 sterke magneter<\/span><\/li>\n<li style=\"font-weight: 400;\"><span style=\"font-weight: 400;\">Hjelper mot isjias, muskelspenninger og kramper<\/span><\/li>\n<li style=\"font-weight: 400;\"><span style=\"font-weight: 400;\">Kan til og med bidra til \u00e5 forbrenne ekstra magefett<\/span><\/li>\n<\/ul>\n<p><img decoding=\"async\" class=\"size-full wp-image-17190 aligncenter\" src=\"https:\/\/keluvo.com\/template\/wp-content\/uploads\/sites\/5\/2025\/05\/e50e3527-045c-470b-8f2a-9d67daf6baee.webp\" alt=\"\" \/><\/p>\n<h2 style=\"text-align: center;\">Hovedtilbud<\/h2>\n<p style=\"text-align: center;\"><span style=\"font-weight: 400;\">Dette beltet er perfekt for alle med ryggsmerter eller spenninger. Det klemmer forsiktig rundt korsryggen, varmer kroppen og hjelper musklene til \u00e5 f\u00f8le seg bedre. Med spesielle magneter p\u00e5 innsiden \u00f8ker det blodgjennomstr\u00f8mningen og hjelper kroppen din med \u00e5 leges naturlig. Bruk det hjemme, p\u00e5 jobb eller mens du g\u00e5r tur &#8211; komfort og lindring n\u00e5r som helst, hvor som helst.<\/span><\/p>\n<h2 style=\"text-align: center;\">\ud83d\udce6Pakken inneholder<\/h2>\n<ul>\n<li style=\"font-weight: 400;\"><span style=\"font-weight: 400;\">1 magnetbelte.<\/span><\/li>\n<\/ul>\n","protected":false},"excerpt":{"rendered":"<p>\ud83e\uddf2Innf\u00f8ring av magnetbeltet &#8211; din naturlige m\u00e5te \u00e5 lindre ryggsmerter og f\u00f8le deg bedre raskt.\ud83d\udc86\u200d\u2642\ufe0f Lindrer smerte, gir st\u00f8tte og [&hellip;]<\/p>\n","protected":false},"featured_media":17341,"comment_status":"open","ping_status":"closed","template":"","meta":{"site-sidebar-layout":"default","site-content-layout":"","ast-site-content-layout":"default","site-content-style":"default","site-sidebar-style":"default","ast-global-header-display":"","ast-banner-title-visibility":"","ast-main-header-display":"","ast-hfb-above-header-display":"","ast-hfb-below-header-display":"","ast-hfb-mobile-header-display":"","site-post-title":"","ast-breadcrumbs-content":"","ast-featured-img":"","footer-sml-layout":"","theme-transparent-header-meta":"default","adv-header-id-meta":"","stick-header-meta":"","header-above-stick-meta":"","header-main-stick-meta":"","header-below-stick-meta":"","astra-migrate-meta-layouts":"set","ast-page-background-enabled":"default","ast-page-background-meta":{"desktop":{"background-color":"var(--ast-global-color-4)","background-image":"","background-repeat":"repeat","background-position":"center center","background-size":"auto","background-attachment":"scroll","background-type":"","background-media":"","overlay-type":"","overlay-color":"","overlay-opacity":"","overlay-gradient":""},"tablet":{"background-color":"","background-image":"","background-repeat":"repeat","background-position":"center center","background-size":"auto","background-attachment":"scroll","background-type":"","background-media":"","overlay-type":"","overlay-color":"","overlay-opacity":"","overlay-gradient":""},"mobile":{"background-color":"","background-image":"","background-repeat":"repeat","background-position":"center center","background-size":"auto","background-attachment":"scroll","background-type":"","background-media":"","overlay-type":"","overlay-color":"","overlay-opacity":"","overlay-gradient":""}},"ast-content-background-meta":{"desktop":{"background-color":"var(--ast-global-color-5)","background-image":"","background-repeat":"repeat","background-position":"center center","background-size":"auto","background-attachment":"scroll","background-type":"","background-media":"","overlay-type":"","overlay-color":"","overlay-opacity":"","overlay-gradient":""},"tablet":{"background-color":"var(--ast-global-color-5)","background-image":"","background-repeat":"repeat","background-position":"center center","background-size":"auto","background-attachment":"scroll","background-type":"","background-media":"","overlay-type":"","overlay-color":"","overlay-opacity":"","overlay-gradient":""},"mobile":{"background-color":"var(--ast-global-color-5)","background-image":"","background-repeat":"repeat","background-position":"center center","background-size":"auto","background-attachment":"scroll","background-type":"","background-media":"","overlay-type":"","overlay-color":"","overlay-opacity":"","overlay-gradient":""}}},"product_brand":[],"product_cat":[1001],"product_tag":[],"class_list":{"0":"post-17345","1":"product","2":"type-product","3":"status-publish","4":"has-post-thumbnail","6":"product_cat-husholdningsartikler","7":"pa_19033_5qw0t9ak-2xl-105-118-cm","8":"pa_19033_5qw0t9ak-3xl-115-128-cm","9":"pa_19033_5qw0t9ak-4xl-120-138-cm","10":"pa_19033_5qw0t9ak-l-90-102-cm","11":"pa_19033_5qw0t9ak-m-80-98-cm","12":"pa_19033_5qw0t9ak-xl-100-106-cm","13":"desktop-align-left","14":"tablet-align-left","15":"mobile-align-left","17":"first","18":"instock","19":"shipping-taxable","20":"purchasable","21":"product-type-variable"},"_links":{"self":[{"href":"https:\/\/keluvo.com\/no\/wp-json\/wp\/v2\/product\/17345","targetHints":{"allow":["GET"]}}],"collection":[{"href":"https:\/\/keluvo.com\/no\/wp-json\/wp\/v2\/product"}],"about":[{"href":"https:\/\/keluvo.com\/no\/wp-json\/wp\/v2\/types\/product"}],"replies":[{"embeddable":true,"href":"https:\/\/keluvo.com\/no\/wp-json\/wp\/v2\/comments?post=17345"}],"wp:featuredmedia":[{"embeddable":true,"href":"https:\/\/keluvo.com\/no\/wp-json\/wp\/v2\/media\/17341"}],"wp:attachment":[{"href":"https:\/\/keluvo.com\/no\/wp-json\/wp\/v2\/media?parent=17345"}],"wp:term":[{"taxonomy":"product_brand","embeddable":true,"href":"https:\/\/keluvo.com\/no\/wp-json\/wp\/v2\/product_brand?post=17345"},{"taxonomy":"product_cat","embeddable":true,"href":"https:\/\/keluvo.com\/no\/wp-json\/wp\/v2\/product_cat?post=17345"},{"taxonomy":"product_tag","embeddable":true,"href":"https:\/\/keluvo.com\/no\/wp-json\/wp\/v2\/product_tag?post=17345"}],"curies":[{"name":"wp","href":"https:\/\/api.w.org\/{rel}","templated":true}]}}