{"id":17327,"date":"2025-05-07T15:18:48","date_gmt":"2025-05-07T13:18:48","guid":{"rendered":"https:\/\/keluvo.com\/no\/produkt\/setetrekk\/"},"modified":"2025-09-12T14:06:29","modified_gmt":"2025-09-12T11:06:29","slug":"setetrekk","status":"publish","type":"product","link":"https:\/\/keluvo.com\/no\/produkt\/setetrekk\/","title":{"rendered":"Setetrekk"},"content":{"rendered":"<p style=\"text-align: center;\"><strong>\ud83d\ude97Innf\u00f8rer bilsetetrekk-settet &#8211; en stilig m\u00e5te \u00e5 beskytte setene dine p\u00e5 og holde bilen din ny.<\/strong><\/p>\n<p style=\"text-align: center;\"><span style=\"font-weight: 400;\">beskytter setene dine mot smuss, s\u00f8l og riper, og f\u00e5r bilen din til \u00e5 f\u00f8les mer luksuri\u00f8s og ren.<\/span><\/p>\n<p><img decoding=\"async\" class=\"size-full wp-image-17401 aligncenter\" src=\"https:\/\/keluvo.com\/template\/wp-content\/uploads\/sites\/5\/2025\/05\/5c2de15b-d274-4ecf-a66f-689fb559a93c.webp\" alt=\"\" \/><\/p>\n<h2 style=\"text-align: center;\">Hovedfordeler<\/h2>\n<ul>\n<li style=\"font-weight: 400;\"><span style=\"font-weight: 400;\">Beskytter bilsetene dine mot slitasje<\/span><\/li>\n<li style=\"font-weight: 400;\"><span style=\"font-weight: 400;\">Lett \u00e5 rengj\u00f8re &#8211; bare t\u00f8rk av med en fuktig klut<\/span><\/li>\n<li style=\"font-weight: 400;\"><span style=\"font-weight: 400;\">Mykt, sterkt og vanntett PU-skinn<\/span><\/li>\n<li style=\"font-weight: 400;\"><span style=\"font-weight: 400;\">Gir bilinteri\u00f8ret et stilig, nytt utseende<\/span><\/li>\n<li style=\"font-weight: 400;\"><span style=\"font-weight: 400;\">Sikkert for kollisjonsputer og passer til de fleste bilseter<\/span><\/li>\n<\/ul>\n<p><img decoding=\"async\" class=\"size-full wp-image-17402 aligncenter\" src=\"https:\/\/keluvo.com\/template\/wp-content\/uploads\/sites\/5\/2025\/05\/f88d29eb-c52d-4b2d-b735-28e2300ab27a.webp\" alt=\"\" \/><\/p>\n<h2 style=\"text-align: center;\">Hovedtilbud<\/h2>\n<p style=\"text-align: center;\"><span style=\"font-weight: 400;\">Dette produktet er perfekt for deg som vil ha en ren og stilig bil uten s\u00f8l og rot. Du f\u00e5r glatte, luksuri\u00f8se seter som holder seg beskyttet hver dag. Ingen flere flekker, smuss eller skader &#8211; bare en bedre kj\u00f8retur hver gang du kj\u00f8rer.<\/span><\/p>\n<h2 style=\"text-align: center;\">\u2692Slik Bruker Du Det<\/h2>\n<ol>\n<li style=\"font-weight: 400;\"><span style=\"font-weight: 400;\">Plasser setetrekkene over bilsetene.<\/span><\/li>\n<li style=\"font-weight: 400;\"><span style=\"font-weight: 400;\">Juster dekslene slik at de passer ordentlig.<\/span><\/li>\n<li style=\"font-weight: 400;\"><span style=\"font-weight: 400;\">Ingen verkt\u00f8y trengs &#8211; bare trekk og fest.<\/span><\/li>\n<li style=\"font-weight: 400;\"><span style=\"font-weight: 400;\">Pass p\u00e5 at dekselet sitter godt og lar kollisjonsputen utl\u00f8ses fritt.<\/span><\/li>\n<\/ol>\n<h2 style=\"text-align: center;\">\ud83d\udce6Pakken Inneholder<\/h2>\n<ul>\n<li style=\"font-weight: 400;\"><span style=\"font-weight: 400;\">5 f\u00f8rsteklasses setetrekk i PU-l\u00e6r (2 forseter, 3 bakseter).<\/span><\/li>\n<\/ul>\n<p>&nbsp;<\/p>\n","protected":false},"excerpt":{"rendered":"<p>\ud83d\ude97Innf\u00f8rer bilsetetrekk-settet &#8211; en stilig m\u00e5te \u00e5 beskytte setene dine p\u00e5 og holde bilen din ny. beskytter setene dine mot [&hellip;]<\/p>\n","protected":false},"featured_media":17323,"comment_status":"open","ping_status":"closed","template":"","meta":{"site-sidebar-layout":"default","site-content-layout":"","ast-site-content-layout":"default","site-content-style":"default","site-sidebar-style":"default","ast-global-header-display":"","ast-banner-title-visibility":"","ast-main-header-display":"","ast-hfb-above-header-display":"","ast-hfb-below-header-display":"","ast-hfb-mobile-header-display":"","site-post-title":"","ast-breadcrumbs-content":"","ast-featured-img":"","footer-sml-layout":"","theme-transparent-header-meta":"default","adv-header-id-meta":"","stick-header-meta":"","header-above-stick-meta":"","header-main-stick-meta":"","header-below-stick-meta":"","astra-migrate-meta-layouts":"set","ast-page-background-enabled":"default","ast-page-background-meta":{"desktop":{"background-color":"var(--ast-global-color-4)","background-image":"","background-repeat":"repeat","background-position":"center center","background-size":"auto","background-attachment":"scroll","background-type":"","background-media":"","overlay-type":"","overlay-color":"","overlay-opacity":"","overlay-gradient":""},"tablet":{"background-color":"","background-image":"","background-repeat":"repeat","background-position":"center center","background-size":"auto","background-attachment":"scroll","background-type":"","background-media":"","overlay-type":"","overlay-color":"","overlay-opacity":"","overlay-gradient":""},"mobile":{"background-color":"","background-image":"","background-repeat":"repeat","background-position":"center center","background-size":"auto","background-attachment":"scroll","background-type":"","background-media":"","overlay-type":"","overlay-color":"","overlay-opacity":"","overlay-gradient":""}},"ast-content-background-meta":{"desktop":{"background-color":"var(--ast-global-color-5)","background-image":"","background-repeat":"repeat","background-position":"center center","background-size":"auto","background-attachment":"scroll","background-type":"","background-media":"","overlay-type":"","overlay-color":"","overlay-opacity":"","overlay-gradient":""},"tablet":{"background-color":"var(--ast-global-color-5)","background-image":"","background-repeat":"repeat","background-position":"center center","background-size":"auto","background-attachment":"scroll","background-type":"","background-media":"","overlay-type":"","overlay-color":"","overlay-opacity":"","overlay-gradient":""},"mobile":{"background-color":"var(--ast-global-color-5)","background-image":"","background-repeat":"repeat","background-position":"center center","background-size":"auto","background-attachment":"scroll","background-type":"","background-media":"","overlay-type":"","overlay-color":"","overlay-opacity":"","overlay-gradient":""}}},"product_brand":[],"product_cat":[998],"product_tag":[],"class_list":{"0":"post-17327","1":"product","2":"type-product","3":"status-publish","4":"has-post-thumbnail","6":"product_cat-bilprodukter","7":"pa_28598_d2rvfl9r-bla","8":"pa_28598_d2rvfl9r-brun","9":"pa_28598_d2rvfl9r-rod","10":"pa_28598_d2rvfl9r-svart","11":"desktop-align-left","12":"tablet-align-left","13":"mobile-align-left","15":"first","16":"instock","17":"shipping-taxable","18":"purchasable","19":"product-type-variable"},"_links":{"self":[{"href":"https:\/\/keluvo.com\/no\/wp-json\/wp\/v2\/product\/17327","targetHints":{"allow":["GET"]}}],"collection":[{"href":"https:\/\/keluvo.com\/no\/wp-json\/wp\/v2\/product"}],"about":[{"href":"https:\/\/keluvo.com\/no\/wp-json\/wp\/v2\/types\/product"}],"replies":[{"embeddable":true,"href":"https:\/\/keluvo.com\/no\/wp-json\/wp\/v2\/comments?post=17327"}],"wp:featuredmedia":[{"embeddable":true,"href":"https:\/\/keluvo.com\/no\/wp-json\/wp\/v2\/media\/17323"}],"wp:attachment":[{"href":"https:\/\/keluvo.com\/no\/wp-json\/wp\/v2\/media?parent=17327"}],"wp:term":[{"taxonomy":"product_brand","embeddable":true,"href":"https:\/\/keluvo.com\/no\/wp-json\/wp\/v2\/product_brand?post=17327"},{"taxonomy":"product_cat","embeddable":true,"href":"https:\/\/keluvo.com\/no\/wp-json\/wp\/v2\/product_cat?post=17327"},{"taxonomy":"product_tag","embeddable":true,"href":"https:\/\/keluvo.com\/no\/wp-json\/wp\/v2\/product_tag?post=17327"}],"curies":[{"name":"wp","href":"https:\/\/api.w.org\/{rel}","templated":true}]}}