{"id":16948,"date":"2025-05-02T11:08:19","date_gmt":"2025-05-02T09:08:19","guid":{"rendered":"https:\/\/keluvo.com\/no\/produkt\/moissanittring\/"},"modified":"2025-09-19T17:24:43","modified_gmt":"2025-09-19T14:24:43","slug":"moissanittring","status":"publish","type":"product","link":"https:\/\/keluvo.com\/no\/produkt\/moissanittring\/","title":{"rendered":"Moissanittring"},"content":{"rendered":"<p style=\"text-align: center\"><b>\ud83d\udc8dInnf\u00f8ring av den 4ct ovale moissanittringen &#8211; ditt glitrende symbol p\u00e5 kj\u00e6rlighet og eleganse!\ud83e\udd0d<\/b><\/p>\n<p style=\"text-align: center\"><span style=\"font-weight: 400\">Denne fantastiske solitaire-ringen har en str\u00e5lende moissanittstein som ser ut som en diamant, men som koster mye mindre. Den er vakker, sertifisert og laget for \u00e5 vare.<\/span><\/p>\n<p><img decoding=\"async\" class=\"size-full wp-image-17061 aligncenter\" src=\"https:\/\/keluvo.com\/template\/wp-content\/uploads\/sites\/5\/2025\/05\/Ring-ezgif.com-video-to-webp-converter.webp\" alt=\"\" \/><\/p>\n<h2 style=\"text-align: center\"><b>Hovedfordeler<\/b><\/h2>\n<ul>\n<li style=\"font-weight: 400\"><span style=\"font-weight: 400\">4ct oval moissanitt med <\/span><b>D-fargegrad<\/b><span style=\"font-weight: 400\"> &#8211; ren, lys og fargel\u00f8s.<\/span><span style=\"font-weight: 400\"><br \/>\n<\/span><\/li>\n<li style=\"font-weight: 400\"><b>VVS1 klarhet<\/b><span style=\"font-weight: 400\"> &#8211; nesten feilfri, glitrer fra alle vinkler.<\/span><span style=\"font-weight: 400\"><br \/>\n<\/span><\/li>\n<li style=\"font-weight: 400\"><span style=\"font-weight: 400\">Laget av <strong>rustfritt st\u00e5l<\/strong><\/span><span style=\"font-weight: 400\">\u00a0&#8211; sterk, skinnende og klassisk.<\/span><span style=\"font-weight: 400\"><br \/>\n<\/span><\/li>\n<li style=\"font-weight: 400\"><span style=\"font-weight: 400\">Sertifisert av <\/span><b>GRA<\/b><span style=\"font-weight: 400\"> &#8211; bevis p\u00e5 ekte kvalitet og verdi.<\/span><span style=\"font-weight: 400\"><br \/>\n<\/span><\/li>\n<li style=\"font-weight: 400\"><span style=\"font-weight: 400\">En fantastisk gave til forlovelser, merkedager eller spesielle overraskelser.<\/span><\/li>\n<\/ul>\n<p><img decoding=\"async\" class=\"size-full wp-image-17066 aligncenter\" src=\"https:\/\/keluvo.com\/template\/wp-content\/uploads\/sites\/5\/2025\/05\/main-image-4.jpeg\" alt=\"\" \/><\/p>\n<h2 style=\"text-align: center\">Hvordan dette produktet hjelper deg<\/h2>\n<p style=\"text-align: center\"><span style=\"font-weight: 400\">Den ovale moissanittringen gir skj\u00f8nnhet og briljans uten den h\u00f8ye prisen p\u00e5 en diamant.<\/span><\/p>\n<p style=\"text-align: center\"><span style=\"font-weight: 400\"> Den er perfekt for:<\/span><\/p>\n<ul>\n<li style=\"font-weight: 400\"><span style=\"font-weight: 400\">Frieri til den du elsker<\/span><span style=\"font-weight: 400\"><br \/>\n<\/span><\/li>\n<li style=\"font-weight: 400\"><span style=\"font-weight: 400\">Feir et stort \u00f8yeblikk<\/span><span style=\"font-weight: 400\"><br \/>\n<\/span><\/li>\n<li style=\"font-weight: 400\"><span style=\"font-weight: 400\">Gi en spesiell person en gave de vil sette pris p\u00e5 for alltid.<\/span><\/li>\n<\/ul>\n<h2 style=\"text-align: center\">\ud83d\udce6 Pakken inneholder<\/h2>\n<ul>\n<li><span style=\"font-weight: 400\">1 moissanittring med ovalt snitt.<\/span><span style=\"font-weight: 400\"><br \/>\n<\/span><\/li>\n<\/ul>\n<p>&nbsp;<\/p>\n","protected":false},"excerpt":{"rendered":"<p>\ud83d\udc8dInnf\u00f8ring av den 4ct ovale moissanittringen &#8211; ditt glitrende symbol p\u00e5 kj\u00e6rlighet og eleganse!\ud83e\udd0d Denne fantastiske solitaire-ringen har en str\u00e5lende [&hellip;]<\/p>\n","protected":false},"featured_media":16944,"comment_status":"open","ping_status":"closed","template":"","meta":{"site-sidebar-layout":"default","site-content-layout":"","ast-site-content-layout":"default","site-content-style":"default","site-sidebar-style":"default","ast-global-header-display":"","ast-banner-title-visibility":"","ast-main-header-display":"","ast-hfb-above-header-display":"","ast-hfb-below-header-display":"","ast-hfb-mobile-header-display":"","site-post-title":"","ast-breadcrumbs-content":"","ast-featured-img":"","footer-sml-layout":"","theme-transparent-header-meta":"default","adv-header-id-meta":"","stick-header-meta":"","header-above-stick-meta":"","header-main-stick-meta":"","header-below-stick-meta":"","astra-migrate-meta-layouts":"set","ast-page-background-enabled":"default","ast-page-background-meta":{"desktop":{"background-color":"var(--ast-global-color-4)","background-image":"","background-repeat":"repeat","background-position":"center center","background-size":"auto","background-attachment":"scroll","background-type":"","background-media":"","overlay-type":"","overlay-color":"","overlay-opacity":"","overlay-gradient":""},"tablet":{"background-color":"","background-image":"","background-repeat":"repeat","background-position":"center center","background-size":"auto","background-attachment":"scroll","background-type":"","background-media":"","overlay-type":"","overlay-color":"","overlay-opacity":"","overlay-gradient":""},"mobile":{"background-color":"","background-image":"","background-repeat":"repeat","background-position":"center center","background-size":"auto","background-attachment":"scroll","background-type":"","background-media":"","overlay-type":"","overlay-color":"","overlay-opacity":"","overlay-gradient":""}},"ast-content-background-meta":{"desktop":{"background-color":"var(--ast-global-color-5)","background-image":"","background-repeat":"repeat","background-position":"center center","background-size":"auto","background-attachment":"scroll","background-type":"","background-media":"","overlay-type":"","overlay-color":"","overlay-opacity":"","overlay-gradient":""},"tablet":{"background-color":"var(--ast-global-color-5)","background-image":"","background-repeat":"repeat","background-position":"center center","background-size":"auto","background-attachment":"scroll","background-type":"","background-media":"","overlay-type":"","overlay-color":"","overlay-opacity":"","overlay-gradient":""},"mobile":{"background-color":"var(--ast-global-color-5)","background-image":"","background-repeat":"repeat","background-position":"center center","background-size":"auto","background-attachment":"scroll","background-type":"","background-media":"","overlay-type":"","overlay-color":"","overlay-opacity":"","overlay-gradient":""}}},"product_brand":[],"product_cat":[994],"product_tag":[],"class_list":{"0":"post-16948","1":"product","2":"type-product","3":"status-publish","4":"has-post-thumbnail","6":"product_cat-klaer-til-kvinner","7":"pa_38220_6kjh6y8r-4-148-mm","8":"pa_38220_6kjh6y8r-5-156-mm","9":"pa_38220_6kjh6y8r-6-165-mm","10":"pa_38220_6kjh6y8r-7-173-mm","11":"pa_38220_6kjh6y8r-8-182-mm","12":"pa_38220_6kjh6y8r-9-190-mm","13":"desktop-align-left","14":"tablet-align-left","15":"mobile-align-left","17":"first","18":"instock","19":"shipping-taxable","20":"purchasable","21":"product-type-variable"},"_links":{"self":[{"href":"https:\/\/keluvo.com\/no\/wp-json\/wp\/v2\/product\/16948","targetHints":{"allow":["GET"]}}],"collection":[{"href":"https:\/\/keluvo.com\/no\/wp-json\/wp\/v2\/product"}],"about":[{"href":"https:\/\/keluvo.com\/no\/wp-json\/wp\/v2\/types\/product"}],"replies":[{"embeddable":true,"href":"https:\/\/keluvo.com\/no\/wp-json\/wp\/v2\/comments?post=16948"}],"wp:featuredmedia":[{"embeddable":true,"href":"https:\/\/keluvo.com\/no\/wp-json\/wp\/v2\/media\/16944"}],"wp:attachment":[{"href":"https:\/\/keluvo.com\/no\/wp-json\/wp\/v2\/media?parent=16948"}],"wp:term":[{"taxonomy":"product_brand","embeddable":true,"href":"https:\/\/keluvo.com\/no\/wp-json\/wp\/v2\/product_brand?post=16948"},{"taxonomy":"product_cat","embeddable":true,"href":"https:\/\/keluvo.com\/no\/wp-json\/wp\/v2\/product_cat?post=16948"},{"taxonomy":"product_tag","embeddable":true,"href":"https:\/\/keluvo.com\/no\/wp-json\/wp\/v2\/product_tag?post=16948"}],"curies":[{"name":"wp","href":"https:\/\/api.w.org\/{rel}","templated":true}]}}