{"id":1694,"date":"2024-10-11T18:16:18","date_gmt":"2024-10-11T15:16:18","guid":{"rendered":"https:\/\/keluvo.com\/no\/produkt\/hansker-med-beroringsskjerm\/"},"modified":"2024-10-11T18:58:01","modified_gmt":"2024-10-11T15:58:01","slug":"hansker-med-beroringsskjerm","status":"publish","type":"product","link":"https:\/\/keluvo.com\/no\/produkt\/hansker-med-beroringsskjerm\/","title":{"rendered":"Hansker med ber\u00f8ringsskjerm"},"content":{"rendered":"<h2 style=\"text-align: center;\"><strong>Komfortabelt varm<\/strong><\/h2>\n<p style=\"text-align: center;\">F\u00f4ret med et mykt, isolerende stoff gir hanskene v\u00e5re overlegen varme og komfort, noe som gj\u00f8r dem perfekte for alle aktiviteter i kaldt v\u00e6r.<br \/>\n<img decoding=\"async\" class=\"size-medium wp-image-1020 aligncenter\" src=\"https:\/\/keluvo.com\/template\/wp-content\/uploads\/sites\/5\/2024\/10\/GlovesdescriptionGIF1.webp\" alt=\"\" \/><\/p>\n<h2 style=\"text-align: center;\"><strong>Slitesterke materialer av h\u00f8y kvalitet<\/strong><\/h2>\n<p style=\"text-align: center;\">V\u00e5re hansker er laget av f\u00f8rsteklasses, vannavst\u00f8tende materialer som er utformet for \u00e5 t\u00e5le t\u00f8ffe v\u00e6rforhold samtidig som de er fleksible og komfortable. Hanskene m\u00e5ler 9&#215;24 cm.<\/p>\n<p><img decoding=\"async\" class=\"size-medium wp-image-985 aligncenter\" src=\"https:\/\/keluvo.com\/template\/wp-content\/uploads\/sites\/5\/2024\/10\/66066024-018b-4586-8632-d75d59f53913.png\" alt=\"\" \/><\/p>\n<p>&nbsp;<\/p>\n<h2 style=\"text-align: center;\"><strong>Forbedret grep og kompatibel med ber\u00f8ringsskjerm<\/strong><\/h2>\n<p style=\"text-align: center;\">Med silikonh\u00e5ndflater som gir et sklisikkert grep og et spesielt ber\u00f8ringsf\u00f8lsomt materiale p\u00e5 fingertuppene, kan du h\u00e5ndtere telefonen eller nettbrettet uten problemer med disse hanskene.<\/p>\n<p><img decoding=\"async\" class=\"size-medium wp-image-988 aligncenter\" src=\"https:\/\/keluvo.com\/template\/wp-content\/uploads\/sites\/5\/2024\/10\/fdb8db9f-d55f-4d8c-9571-03299b55f253.webp\" alt=\"\" \/><\/p>\n<p>&nbsp;<\/p>\n","protected":false},"excerpt":{"rendered":"<p>Komfortabelt varm F\u00f4ret med et mykt, isolerende stoff gir hanskene v\u00e5re overlegen varme og komfort, noe som gj\u00f8r dem perfekte [&hellip;]<\/p>\n","protected":false},"featured_media":1691,"comment_status":"open","ping_status":"closed","template":"","meta":{"site-sidebar-layout":"default","site-content-layout":"","ast-site-content-layout":"default","site-content-style":"default","site-sidebar-style":"default","ast-global-header-display":"","ast-banner-title-visibility":"","ast-main-header-display":"","ast-hfb-above-header-display":"","ast-hfb-below-header-display":"","ast-hfb-mobile-header-display":"","site-post-title":"","ast-breadcrumbs-content":"","ast-featured-img":"","footer-sml-layout":"","theme-transparent-header-meta":"default","adv-header-id-meta":"","stick-header-meta":"","header-above-stick-meta":"","header-main-stick-meta":"","header-below-stick-meta":"","astra-migrate-meta-layouts":"set","ast-page-background-enabled":"default","ast-page-background-meta":{"desktop":{"background-color":"var(--ast-global-color-4)","background-image":"","background-repeat":"repeat","background-position":"center center","background-size":"auto","background-attachment":"scroll","background-type":"","background-media":"","overlay-type":"","overlay-color":"","overlay-opacity":"","overlay-gradient":""},"tablet":{"background-color":"","background-image":"","background-repeat":"repeat","background-position":"center center","background-size":"auto","background-attachment":"scroll","background-type":"","background-media":"","overlay-type":"","overlay-color":"","overlay-opacity":"","overlay-gradient":""},"mobile":{"background-color":"","background-image":"","background-repeat":"repeat","background-position":"center center","background-size":"auto","background-attachment":"scroll","background-type":"","background-media":"","overlay-type":"","overlay-color":"","overlay-opacity":"","overlay-gradient":""}},"ast-content-background-meta":{"desktop":{"background-color":"var(--ast-global-color-5)","background-image":"","background-repeat":"repeat","background-position":"center center","background-size":"auto","background-attachment":"scroll","background-type":"","background-media":"","overlay-type":"","overlay-color":"","overlay-opacity":"","overlay-gradient":""},"tablet":{"background-color":"var(--ast-global-color-5)","background-image":"","background-repeat":"repeat","background-position":"center center","background-size":"auto","background-attachment":"scroll","background-type":"","background-media":"","overlay-type":"","overlay-color":"","overlay-opacity":"","overlay-gradient":""},"mobile":{"background-color":"var(--ast-global-color-5)","background-image":"","background-repeat":"repeat","background-position":"center center","background-size":"auto","background-attachment":"scroll","background-type":"","background-media":"","overlay-type":"","overlay-color":"","overlay-opacity":"","overlay-gradient":""}}},"product_brand":[],"product_cat":[15],"product_tag":[],"class_list":{"0":"post-1694","1":"product","2":"type-product","3":"status-publish","4":"has-post-thumbnail","6":"product_cat-uncategorized","7":"pa_9mgenxng-bla","8":"pa_9mgenxng-gra","9":"pa_9mgenxng-rosa","10":"pa_9mgenxng-svart","11":"pa_9mgenxng-svart-gronn","12":"pa_9mgenxng-svart-rosa","13":"pa_bicwhaf8-kvinne","14":"pa_bicwhaf8-mann","15":"desktop-align-left","16":"tablet-align-left","17":"mobile-align-left","19":"first","20":"instock","21":"shipping-taxable","22":"purchasable","23":"product-type-variable","24":"has-default-attributes"},"_links":{"self":[{"href":"https:\/\/keluvo.com\/no\/wp-json\/wp\/v2\/product\/1694","targetHints":{"allow":["GET"]}}],"collection":[{"href":"https:\/\/keluvo.com\/no\/wp-json\/wp\/v2\/product"}],"about":[{"href":"https:\/\/keluvo.com\/no\/wp-json\/wp\/v2\/types\/product"}],"replies":[{"embeddable":true,"href":"https:\/\/keluvo.com\/no\/wp-json\/wp\/v2\/comments?post=1694"}],"wp:featuredmedia":[{"embeddable":true,"href":"https:\/\/keluvo.com\/no\/wp-json\/wp\/v2\/media\/1691"}],"wp:attachment":[{"href":"https:\/\/keluvo.com\/no\/wp-json\/wp\/v2\/media?parent=1694"}],"wp:term":[{"taxonomy":"product_brand","embeddable":true,"href":"https:\/\/keluvo.com\/no\/wp-json\/wp\/v2\/product_brand?post=1694"},{"taxonomy":"product_cat","embeddable":true,"href":"https:\/\/keluvo.com\/no\/wp-json\/wp\/v2\/product_cat?post=1694"},{"taxonomy":"product_tag","embeddable":true,"href":"https:\/\/keluvo.com\/no\/wp-json\/wp\/v2\/product_tag?post=1694"}],"curies":[{"name":"wp","href":"https:\/\/api.w.org\/{rel}","templated":true}]}}