{"id":16930,"date":"2025-05-02T10:55:37","date_gmt":"2025-05-02T08:55:37","guid":{"rendered":"https:\/\/keluvo.com\/no\/produkt\/sminkeboks\/"},"modified":"2025-05-02T10:55:41","modified_gmt":"2025-05-02T08:55:41","slug":"sminkeboks","status":"publish","type":"product","link":"https:\/\/keluvo.com\/no\/produkt\/sminkeboks\/","title":{"rendered":"Sminkeboks"},"content":{"rendered":"<p style=\"text-align: center\"><b>Sminkeboksen &#8211; din kompakte skj\u00f8nnhetskoffert med lys og stil.<\/b><\/p>\n<p style=\"text-align: center\"><span style=\"font-weight: 400\">Denne reisesminkeboksen har et s\u00f8tt design, perfekte oppbevaringsrom og et innebygd LED-speil for perfekt belysning hver gang du glammer deg opp!<\/span><\/p>\n<p><img decoding=\"async\" class=\"size-full wp-image-17145 aligncenter\" src=\"https:\/\/keluvo.com\/template\/wp-content\/uploads\/sites\/5\/2025\/04\/2-17.jpg\" alt=\"\" \/><\/p>\n<h2 style=\"text-align: center\">Hovedfordeler<\/h2>\n<ul>\n<li style=\"font-weight: 400\"><span style=\"font-weight: 400\">Innebygd LED-speil &#8211; velg mellom varmt, naturlig eller kj\u00f8lig lys.<\/span><\/li>\n<li style=\"font-weight: 400\"><span style=\"font-weight: 400\">Kompakt og organisert &#8211; holder orden p\u00e5 sminke og smykker.<\/span><\/li>\n<li style=\"font-weight: 400\"><span style=\"font-weight: 400\">Stilig og sterk &#8211; laget av mykt, slitesterkt skinn.<\/span><\/li>\n<li style=\"font-weight: 400\"><span style=\"font-weight: 400\">Perfekt gave &#8211; leveres i en vakker eske som er enkel \u00e5 gi bort.<\/span><\/li>\n<\/ul>\n<p><img decoding=\"async\" class=\"size-full wp-image-16236 aligncenter\" src=\"https:\/\/keluvo.com\/template\/wp-content\/uploads\/sites\/5\/2025\/04\/318bddd5-9c5f-457a-9d2c-27ea746edb27.webp\" alt=\"\" \/><\/p>\n<h2 style=\"text-align: center\">Slik Hjelper Dette Produktet Deg<\/h2>\n<p style=\"text-align: center\"><b><\/b><span style=\"font-weight: 400\"> Sminkeboksen gj\u00f8r skj\u00f8nnhetsrutinene enklere og mer spesielle.<\/span><\/p>\n<p style=\"text-align: center\"><span style=\"font-weight: 400\"> Den er perfekt for:<\/span><\/p>\n<ul>\n<li style=\"font-weight: 400\"><span style=\"font-weight: 400\">Sminke p\u00e5 farten<\/span><\/li>\n<li style=\"font-weight: 400\"><span style=\"font-weight: 400\">Oppbevaring av skj\u00f8nnhets- og smykkeartikler p\u00e5 ett sted<\/span><\/li>\n<li style=\"font-weight: 400\"><span style=\"font-weight: 400\">Gave til noen du er glad i (eller deg selv!)<\/span><\/li>\n<\/ul>\n<h2 style=\"text-align: center\">Slik Bruker Du Den<\/h2>\n<ol>\n<li style=\"font-weight: 400\"><span style=\"font-weight: 400\">\u00c5pne esken for \u00e5 f\u00e5 tilgang til LED-speilet og oppbevaringsseksjonene.<\/span><\/li>\n<li style=\"font-weight: 400\"><span style=\"font-weight: 400\">Trykk for \u00e5 justere lyset for feilfri sminke hver gang.<\/span><\/li>\n<li style=\"font-weight: 400\"><span style=\"font-weight: 400\">Oppbevar b\u00f8rster, leppestifter, ringer og \u00f8redobber enkelt.<\/span><\/li>\n<li style=\"font-weight: 400\"><span style=\"font-weight: 400\">Lukk og b\u00e6r &#8211; vakker, organisert og reiseklar!<\/span><\/li>\n<\/ol>\n<h2 style=\"text-align: center\">Pakken Inneholder<\/h2>\n<ul>\n<li style=\"font-weight: 400\"><span style=\"font-weight: 400\">1 sminkeboks<\/span><\/li>\n<li style=\"font-weight: 400\"><span style=\"font-weight: 400\">1 innebygd LED-sminkespeil med 3 lysmoduser<\/span><\/li>\n<li style=\"font-weight: 400\"><span style=\"font-weight: 400\">Leveres i en gaveeske (perfekt for gave).<\/span><\/li>\n<\/ul>\n","protected":false},"excerpt":{"rendered":"<p>Sminkeboksen &#8211; din kompakte skj\u00f8nnhetskoffert med lys og stil. Denne reisesminkeboksen har et s\u00f8tt design, perfekte oppbevaringsrom og et innebygd [&hellip;]<\/p>\n","protected":false},"featured_media":16927,"comment_status":"open","ping_status":"closed","template":"","meta":{"site-sidebar-layout":"default","site-content-layout":"","ast-site-content-layout":"default","site-content-style":"default","site-sidebar-style":"default","ast-global-header-display":"","ast-banner-title-visibility":"","ast-main-header-display":"","ast-hfb-above-header-display":"","ast-hfb-below-header-display":"","ast-hfb-mobile-header-display":"","site-post-title":"","ast-breadcrumbs-content":"","ast-featured-img":"","footer-sml-layout":"","theme-transparent-header-meta":"default","adv-header-id-meta":"","stick-header-meta":"","header-above-stick-meta":"","header-main-stick-meta":"","header-below-stick-meta":"","astra-migrate-meta-layouts":"set","ast-page-background-enabled":"default","ast-page-background-meta":{"desktop":{"background-color":"var(--ast-global-color-4)","background-image":"","background-repeat":"repeat","background-position":"center center","background-size":"auto","background-attachment":"scroll","background-type":"","background-media":"","overlay-type":"","overlay-color":"","overlay-opacity":"","overlay-gradient":""},"tablet":{"background-color":"","background-image":"","background-repeat":"repeat","background-position":"center center","background-size":"auto","background-attachment":"scroll","background-type":"","background-media":"","overlay-type":"","overlay-color":"","overlay-opacity":"","overlay-gradient":""},"mobile":{"background-color":"","background-image":"","background-repeat":"repeat","background-position":"center center","background-size":"auto","background-attachment":"scroll","background-type":"","background-media":"","overlay-type":"","overlay-color":"","overlay-opacity":"","overlay-gradient":""}},"ast-content-background-meta":{"desktop":{"background-color":"var(--ast-global-color-5)","background-image":"","background-repeat":"repeat","background-position":"center center","background-size":"auto","background-attachment":"scroll","background-type":"","background-media":"","overlay-type":"","overlay-color":"","overlay-opacity":"","overlay-gradient":""},"tablet":{"background-color":"var(--ast-global-color-5)","background-image":"","background-repeat":"repeat","background-position":"center center","background-size":"auto","background-attachment":"scroll","background-type":"","background-media":"","overlay-type":"","overlay-color":"","overlay-opacity":"","overlay-gradient":""},"mobile":{"background-color":"var(--ast-global-color-5)","background-image":"","background-repeat":"repeat","background-position":"center center","background-size":"auto","background-attachment":"scroll","background-type":"","background-media":"","overlay-type":"","overlay-color":"","overlay-opacity":"","overlay-gradient":""}}},"product_brand":[],"product_cat":[992],"product_tag":[],"class_list":{"0":"post-16930","1":"product","2":"type-product","3":"status-publish","4":"has-post-thumbnail","6":"product_cat-skjonnhets-og-hygieneprodukter","7":"pa_35990_nckta8f3-gronn","8":"pa_35990_nckta8f3-hvit","9":"pa_35990_nckta8f3-rosa","10":"desktop-align-left","11":"tablet-align-left","12":"mobile-align-left","14":"first","15":"instock","16":"shipping-taxable","17":"purchasable","18":"product-type-variable"},"_links":{"self":[{"href":"https:\/\/keluvo.com\/no\/wp-json\/wp\/v2\/product\/16930","targetHints":{"allow":["GET"]}}],"collection":[{"href":"https:\/\/keluvo.com\/no\/wp-json\/wp\/v2\/product"}],"about":[{"href":"https:\/\/keluvo.com\/no\/wp-json\/wp\/v2\/types\/product"}],"replies":[{"embeddable":true,"href":"https:\/\/keluvo.com\/no\/wp-json\/wp\/v2\/comments?post=16930"}],"wp:featuredmedia":[{"embeddable":true,"href":"https:\/\/keluvo.com\/no\/wp-json\/wp\/v2\/media\/16927"}],"wp:attachment":[{"href":"https:\/\/keluvo.com\/no\/wp-json\/wp\/v2\/media?parent=16930"}],"wp:term":[{"taxonomy":"product_brand","embeddable":true,"href":"https:\/\/keluvo.com\/no\/wp-json\/wp\/v2\/product_brand?post=16930"},{"taxonomy":"product_cat","embeddable":true,"href":"https:\/\/keluvo.com\/no\/wp-json\/wp\/v2\/product_cat?post=16930"},{"taxonomy":"product_tag","embeddable":true,"href":"https:\/\/keluvo.com\/no\/wp-json\/wp\/v2\/product_tag?post=16930"}],"curies":[{"name":"wp","href":"https:\/\/api.w.org\/{rel}","templated":true}]}}