{"id":16912,"date":"2025-05-02T10:54:12","date_gmt":"2025-05-02T08:54:12","guid":{"rendered":"https:\/\/keluvo.com\/no\/produkt\/ostehovel\/"},"modified":"2025-10-07T15:31:58","modified_gmt":"2025-10-07T12:31:58","slug":"ostehovel","status":"publish","type":"product","link":"https:\/\/keluvo.com\/no\/produkt\/ostehovel\/","title":{"rendered":"Osteh\u00f8vel"},"content":{"rendered":"<p style=\"text-align: center\"><b>\ud83e\uddc0 Vi introduserer osteh\u00f8velen &#8211; din robuste kj\u00f8kkenhjelper for \u00e5 kutte ost rent og enkelt! \ud83d\udd2a<\/b><\/p>\n<p style=\"text-align: center\"><b><\/b><span style=\"font-weight: 400\">Med denne justerbare osteh\u00f8velen kan du skj\u00e6re ost s\u00e5 tykt eller tynt du vil. Den er sterk, enkel \u00e5 holde og laget for \u00e5 vare!<\/span><\/p>\n<p style=\"text-align: center\"><span style=\"font-weight: 400\"><img decoding=\"async\" class=\"size-full wp-image-16439 aligncenter\" src=\"https:\/\/keluvo.com\/template\/wp-content\/uploads\/sites\/5\/2025\/04\/Cheeseslider-ezgif.com-video-to-webp-converter.webp\" alt=\"\" \/><\/span><\/p>\n<h2 style=\"text-align: center\">Hovedfordeler<\/h2>\n<ul>\n<li style=\"font-weight: 400\"><span style=\"font-weight: 400\">Kutter myk eller hard ost med letthet.<\/span><span style=\"font-weight: 400\"><br \/>\n<\/span><\/li>\n<li style=\"font-weight: 400\"><span style=\"font-weight: 400\">Justerbar design &#8211; skj\u00e6r tykk eller tynn med et enkelt vipp.<\/span><span style=\"font-weight: 400\"><br \/>\n<\/span><\/li>\n<li style=\"font-weight: 400\"><span style=\"font-weight: 400\">Laget av en robust aluminiumslegering og tr\u00e5d i rustfritt st\u00e5l.<\/span><span style=\"font-weight: 400\"><br \/>\n<\/span><\/li>\n<li style=\"font-weight: 400\"><span style=\"font-weight: 400\">Enkel \u00e5 rengj\u00f8re &#8211; bare skyll med s\u00e5pe og vann.<\/span><\/li>\n<li style=\"font-weight: 400\"><span style=\"font-weight: 400\">Perfekt til sm\u00f8rbr\u00f8d, tallerkener eller snacks.<\/span><\/li>\n<\/ul>\n<p><img decoding=\"async\" class=\"size-full wp-image-16443 aligncenter\" src=\"https:\/\/keluvo.com\/template\/wp-content\/uploads\/sites\/5\/2025\/04\/7069d83d-9c74-4816-bb55-15d0cc9b2614.webp\" alt=\"\" \/><\/p>\n<h2 style=\"text-align: center\">Hvordan dette produktet hjelper deg<\/h2>\n<p style=\"text-align: center\"><b><\/b><span style=\"font-weight: 400\"> Osteh\u00f8velen gj\u00f8r det enkelt \u00e5 tilberede perfekte skiver p\u00e5 f\u00e5 sekunder.<\/span><\/p>\n<p style=\"text-align: center\"><span style=\"font-weight: 400\"> Den er perfekt for:<\/span><\/p>\n<ul>\n<li style=\"font-weight: 400\"><span style=\"font-weight: 400\">Raskere tilberedning av sm\u00f8rbr\u00f8d<\/span><span style=\"font-weight: 400\"><br \/>\n<\/span><\/li>\n<li style=\"font-weight: 400\"><span style=\"font-weight: 400\">Laging av fancy ostefat<\/span><\/li>\n<li style=\"font-weight: 400\"><span style=\"font-weight: 400\">Reduserer s\u00f8l og anstrengelser n\u00e5r du skj\u00e6rer ost<\/span><\/li>\n<\/ul>\n<h2 style=\"text-align: center\">Pakken inneholder<\/h2>\n<ul>\n<li style=\"font-weight: 400\"><span style=\"font-weight: 400\">1 justerbar osteh\u00f8vel (med tr\u00e5d i rustfritt st\u00e5l og h\u00e5ndtak med grep).<\/span><\/li>\n<\/ul>\n<p>&nbsp;<\/p>\n<p>&nbsp;<\/p>\n","protected":false},"excerpt":{"rendered":"<p>\ud83e\uddc0 Vi introduserer osteh\u00f8velen &#8211; din robuste kj\u00f8kkenhjelper for \u00e5 kutte ost rent og enkelt! \ud83d\udd2a Med denne justerbare osteh\u00f8velen [&hellip;]<\/p>\n","protected":false},"featured_media":16908,"comment_status":"open","ping_status":"closed","template":"","meta":{"site-sidebar-layout":"default","site-content-layout":"","ast-site-content-layout":"default","site-content-style":"default","site-sidebar-style":"default","ast-global-header-display":"","ast-banner-title-visibility":"","ast-main-header-display":"","ast-hfb-above-header-display":"","ast-hfb-below-header-display":"","ast-hfb-mobile-header-display":"","site-post-title":"","ast-breadcrumbs-content":"","ast-featured-img":"","footer-sml-layout":"","theme-transparent-header-meta":"default","adv-header-id-meta":"","stick-header-meta":"","header-above-stick-meta":"","header-main-stick-meta":"","header-below-stick-meta":"","astra-migrate-meta-layouts":"set","ast-page-background-enabled":"default","ast-page-background-meta":{"desktop":{"background-color":"var(--ast-global-color-4)","background-image":"","background-repeat":"repeat","background-position":"center center","background-size":"auto","background-attachment":"scroll","background-type":"","background-media":"","overlay-type":"","overlay-color":"","overlay-opacity":"","overlay-gradient":""},"tablet":{"background-color":"","background-image":"","background-repeat":"repeat","background-position":"center center","background-size":"auto","background-attachment":"scroll","background-type":"","background-media":"","overlay-type":"","overlay-color":"","overlay-opacity":"","overlay-gradient":""},"mobile":{"background-color":"","background-image":"","background-repeat":"repeat","background-position":"center center","background-size":"auto","background-attachment":"scroll","background-type":"","background-media":"","overlay-type":"","overlay-color":"","overlay-opacity":"","overlay-gradient":""}},"ast-content-background-meta":{"desktop":{"background-color":"var(--ast-global-color-5)","background-image":"","background-repeat":"repeat","background-position":"center center","background-size":"auto","background-attachment":"scroll","background-type":"","background-media":"","overlay-type":"","overlay-color":"","overlay-opacity":"","overlay-gradient":""},"tablet":{"background-color":"var(--ast-global-color-5)","background-image":"","background-repeat":"repeat","background-position":"center center","background-size":"auto","background-attachment":"scroll","background-type":"","background-media":"","overlay-type":"","overlay-color":"","overlay-opacity":"","overlay-gradient":""},"mobile":{"background-color":"var(--ast-global-color-5)","background-image":"","background-repeat":"repeat","background-position":"center center","background-size":"auto","background-attachment":"scroll","background-type":"","background-media":"","overlay-type":"","overlay-color":"","overlay-opacity":"","overlay-gradient":""}}},"product_brand":[],"product_cat":[1001],"product_tag":[],"class_list":{"0":"post-16912","1":"product","2":"type-product","3":"status-publish","4":"has-post-thumbnail","6":"product_cat-husholdningsartikler","7":"desktop-align-left","8":"tablet-align-left","9":"mobile-align-left","11":"first","12":"instock","13":"shipping-taxable","14":"purchasable","15":"product-type-simple"},"_links":{"self":[{"href":"https:\/\/keluvo.com\/no\/wp-json\/wp\/v2\/product\/16912","targetHints":{"allow":["GET"]}}],"collection":[{"href":"https:\/\/keluvo.com\/no\/wp-json\/wp\/v2\/product"}],"about":[{"href":"https:\/\/keluvo.com\/no\/wp-json\/wp\/v2\/types\/product"}],"replies":[{"embeddable":true,"href":"https:\/\/keluvo.com\/no\/wp-json\/wp\/v2\/comments?post=16912"}],"wp:featuredmedia":[{"embeddable":true,"href":"https:\/\/keluvo.com\/no\/wp-json\/wp\/v2\/media\/16908"}],"wp:attachment":[{"href":"https:\/\/keluvo.com\/no\/wp-json\/wp\/v2\/media?parent=16912"}],"wp:term":[{"taxonomy":"product_brand","embeddable":true,"href":"https:\/\/keluvo.com\/no\/wp-json\/wp\/v2\/product_brand?post=16912"},{"taxonomy":"product_cat","embeddable":true,"href":"https:\/\/keluvo.com\/no\/wp-json\/wp\/v2\/product_cat?post=16912"},{"taxonomy":"product_tag","embeddable":true,"href":"https:\/\/keluvo.com\/no\/wp-json\/wp\/v2\/product_tag?post=16912"}],"curies":[{"name":"wp","href":"https:\/\/api.w.org\/{rel}","templated":true}]}}