{"id":16903,"date":"2025-05-02T10:53:41","date_gmt":"2025-05-02T08:53:41","guid":{"rendered":"https:\/\/keluvo.com\/no\/produkt\/sidebord\/"},"modified":"2025-09-12T14:01:34","modified_gmt":"2025-09-12T11:01:34","slug":"sidebord","status":"publish","type":"product","link":"https:\/\/keluvo.com\/no\/produkt\/sidebord\/","title":{"rendered":"Sidebord"},"content":{"rendered":"<p style=\"text-align: center;\"><b>\ud83d\udca1 Vi presenterer det smarte sidebordet &#8211; din stilige og smarte hjelper for alle rom! \ud83d\udc9b<\/b><\/p>\n<p style=\"text-align: center;\">Dette vakre sidebordet gir deg mykt LED-lys, tr\u00e5dl\u00f8s telefonlading og et sterkt, stilig design &#8211; alt i ett!<\/p>\n<p><img decoding=\"async\" class=\"size-full wp-image-16654 aligncenter\" src=\"https:\/\/keluvo.com\/template\/wp-content\/uploads\/sites\/5\/2025\/04\/e1b19d8e-7e15-4028-bc94-d4eba4022859.webp\" alt=\"\" \/><\/p>\n<h2 style=\"text-align: center;\">Hovedfordeler<\/h2>\n<ul>\n<li style=\"font-weight: 400;\"><span style=\"font-weight: 400;\">Innbygd smart LED-lys &#8211; ber\u00f8r for \u00e5 sl\u00e5 p\u00e5, trykk lenge for \u00e5 justere lysstyrken.<\/span><span style=\"font-weight: 400;\"><br \/>\n<\/span><\/li>\n<li style=\"font-weight: 400;\"><span style=\"font-weight: 400;\">Tr\u00e5dl\u00f8s lading &#8211; enkel telefonlading uten rotete kabler (for kompatible telefoner).<\/span><span style=\"font-weight: 400;\"><br \/>\n<\/span><\/li>\n<li style=\"font-weight: 400;\"><span style=\"font-weight: 400;\">Sterkt og stilig &#8211; laget av massivt tre, marmor eller aluminiumsplater og jernrammer.<\/span><span style=\"font-weight: 400;\"><br \/>\n<\/span><\/li>\n<li style=\"font-weight: 400;\"><span style=\"font-weight: 400;\">Rustsikkert og robust &#8211; holder seg vakkert i \u00e5revis.<\/span><\/li>\n<li style=\"font-weight: 400;\"><span style=\"font-weight: 400;\">Ekstra oppbevaring &#8211; valgfrie skuffer i massivt tre for mer plass.<\/span><\/li>\n<\/ul>\n<p><img decoding=\"async\" class=\"size-full wp-image-16659 aligncenter\" src=\"https:\/\/keluvo.com\/template\/wp-content\/uploads\/sites\/5\/2025\/04\/c4da6c17-37cd-4db6-a352-d4fb9c746de0.webp\" alt=\"\" \/><\/p>\n<h2 style=\"text-align: center;\">Hvordan dette produktet hjelper deg<\/h2>\n<p style=\"text-align: center;\"><b><br \/>\n<\/b><span style=\"font-weight: 400;\">Det smarte sidebordet gj\u00f8r soverommet, stuen eller kontoret ditt vakrere og mye smartere.<\/span><\/p>\n<p style=\"text-align: center;\"><span style=\"font-weight: 400;\">Det er perfekt for:<\/span><\/p>\n<ul>\n<li style=\"font-weight: 400;\"><span style=\"font-weight: 400;\">Lyse opp m\u00f8rke kvelder uten skarpe lys<\/span><span style=\"font-weight: 400;\"><br \/>\n<\/span><\/li>\n<li style=\"font-weight: 400;\"><span style=\"font-weight: 400;\">Lade telefonen enkelt mens du hviler<\/span><\/li>\n<li style=\"font-weight: 400;\"><span style=\"font-weight: 400;\">Tilf\u00f8re et moderne, koselig preg til hjemmet<\/span><\/li>\n<\/ul>\n<h2 style=\"text-align: center;\">Pakken inneholder<\/h2>\n<ul>\n<li style=\"font-weight: 400;\"><span style=\"font-weight: 400;\">1 smart sidebord<\/span><\/li>\n<li style=\"font-weight: 400;\"><span style=\"font-weight: 400;\">Innebygd LED-ber\u00f8ringslys.<\/span><\/li>\n<\/ul>\n","protected":false},"excerpt":{"rendered":"<p>\ud83d\udca1 Vi presenterer det smarte sidebordet &#8211; din stilige og smarte hjelper for alle rom! \ud83d\udc9b Dette vakre sidebordet gir [&hellip;]<\/p>\n","protected":false},"featured_media":16899,"comment_status":"open","ping_status":"closed","template":"","meta":{"site-sidebar-layout":"default","site-content-layout":"","ast-site-content-layout":"default","site-content-style":"default","site-sidebar-style":"default","ast-global-header-display":"","ast-banner-title-visibility":"","ast-main-header-display":"","ast-hfb-above-header-display":"","ast-hfb-below-header-display":"","ast-hfb-mobile-header-display":"","site-post-title":"","ast-breadcrumbs-content":"","ast-featured-img":"","footer-sml-layout":"","theme-transparent-header-meta":"default","adv-header-id-meta":"","stick-header-meta":"","header-above-stick-meta":"","header-main-stick-meta":"","header-below-stick-meta":"","astra-migrate-meta-layouts":"set","ast-page-background-enabled":"default","ast-page-background-meta":{"desktop":{"background-color":"var(--ast-global-color-4)","background-image":"","background-repeat":"repeat","background-position":"center center","background-size":"auto","background-attachment":"scroll","background-type":"","background-media":"","overlay-type":"","overlay-color":"","overlay-opacity":"","overlay-gradient":""},"tablet":{"background-color":"","background-image":"","background-repeat":"repeat","background-position":"center center","background-size":"auto","background-attachment":"scroll","background-type":"","background-media":"","overlay-type":"","overlay-color":"","overlay-opacity":"","overlay-gradient":""},"mobile":{"background-color":"","background-image":"","background-repeat":"repeat","background-position":"center center","background-size":"auto","background-attachment":"scroll","background-type":"","background-media":"","overlay-type":"","overlay-color":"","overlay-opacity":"","overlay-gradient":""}},"ast-content-background-meta":{"desktop":{"background-color":"var(--ast-global-color-5)","background-image":"","background-repeat":"repeat","background-position":"center center","background-size":"auto","background-attachment":"scroll","background-type":"","background-media":"","overlay-type":"","overlay-color":"","overlay-opacity":"","overlay-gradient":""},"tablet":{"background-color":"var(--ast-global-color-5)","background-image":"","background-repeat":"repeat","background-position":"center center","background-size":"auto","background-attachment":"scroll","background-type":"","background-media":"","overlay-type":"","overlay-color":"","overlay-opacity":"","overlay-gradient":""},"mobile":{"background-color":"var(--ast-global-color-5)","background-image":"","background-repeat":"repeat","background-position":"center center","background-size":"auto","background-attachment":"scroll","background-type":"","background-media":"","overlay-type":"","overlay-color":"","overlay-opacity":"","overlay-gradient":""}}},"product_brand":[],"product_cat":[1001],"product_tag":[],"class_list":{"0":"post-16903","1":"product","2":"type-product","3":"status-publish","4":"has-post-thumbnail","6":"product_cat-husholdningsartikler","7":"pa_31502_bzzywrag-solv","8":"pa_31502_bzzywrag-valnott","9":"desktop-align-left","10":"tablet-align-left","11":"mobile-align-left","13":"first","14":"instock","15":"shipping-taxable","16":"purchasable","17":"product-type-variable"},"_links":{"self":[{"href":"https:\/\/keluvo.com\/no\/wp-json\/wp\/v2\/product\/16903","targetHints":{"allow":["GET"]}}],"collection":[{"href":"https:\/\/keluvo.com\/no\/wp-json\/wp\/v2\/product"}],"about":[{"href":"https:\/\/keluvo.com\/no\/wp-json\/wp\/v2\/types\/product"}],"replies":[{"embeddable":true,"href":"https:\/\/keluvo.com\/no\/wp-json\/wp\/v2\/comments?post=16903"}],"wp:featuredmedia":[{"embeddable":true,"href":"https:\/\/keluvo.com\/no\/wp-json\/wp\/v2\/media\/16899"}],"wp:attachment":[{"href":"https:\/\/keluvo.com\/no\/wp-json\/wp\/v2\/media?parent=16903"}],"wp:term":[{"taxonomy":"product_brand","embeddable":true,"href":"https:\/\/keluvo.com\/no\/wp-json\/wp\/v2\/product_brand?post=16903"},{"taxonomy":"product_cat","embeddable":true,"href":"https:\/\/keluvo.com\/no\/wp-json\/wp\/v2\/product_cat?post=16903"},{"taxonomy":"product_tag","embeddable":true,"href":"https:\/\/keluvo.com\/no\/wp-json\/wp\/v2\/product_tag?post=16903"}],"curies":[{"name":"wp","href":"https:\/\/api.w.org\/{rel}","templated":true}]}}