{"id":16886,"date":"2025-05-02T10:52:58","date_gmt":"2025-05-02T08:52:58","guid":{"rendered":"https:\/\/keluvo.com\/no\/produkt\/hengende-kroker\/"},"modified":"2025-05-02T10:53:09","modified_gmt":"2025-05-02T08:53:09","slug":"hengende-kroker","status":"publish","type":"product","link":"https:\/\/keluvo.com\/no\/produkt\/hengende-kroker\/","title":{"rendered":"Hengende kroker"},"content":{"rendered":"<p style=\"text-align: center\"><strong>\ud83c\udf31 Vi introduserer de hengende krokene &#8211; en enkel m\u00e5te \u00e5 vanne og stelle plantene p\u00e5 uten \u00e5 klatre! \ud83c\udf3c<\/strong><\/p>\n<p style=\"text-align: center\"><span style=\"font-weight: 400\">Med disse sterke, uttrekkbare krokene kan du trekke plantene dine ned for \u00e5 vanne eller mate dem uten \u00e5 bruke en stige. Rask, trygg og enkel!<\/span><\/p>\n<p><img decoding=\"async\" class=\"size-full wp-image-16665 aligncenter\" src=\"https:\/\/keluvo.com\/template\/wp-content\/uploads\/sites\/5\/2025\/04\/Hanginghook-ezgif.com-video-to-webp-converter.webp\" alt=\"\" \/><\/p>\n<h2 style=\"text-align: center\"><strong>Hovedfordeler<\/strong><\/h2>\n<ul>\n<li style=\"font-weight: 400\"><span style=\"font-weight: 400\">Sterk og holdbar &#8211; t\u00e5ler opptil 15 kg.<\/span><span style=\"font-weight: 400\"><br \/>\n<\/span><\/li>\n<li style=\"font-weight: 400\"><span style=\"font-weight: 400\">Uttrekkbar stropp &#8211; strekker seg opp til 90 cm for enkel rekkevidde.<\/span><span style=\"font-weight: 400\"><br \/>\n<\/span><\/li>\n<li style=\"font-weight: 400\"><span style=\"font-weight: 400\">L\u00e5s i alle h\u00f8yder &#8211; stopper akkurat der du vil.<\/span><span style=\"font-weight: 400\"><br \/>\n<\/span><\/li>\n<li style=\"font-weight: 400\"><span style=\"font-weight: 400\">Perfekt for hengende planter, blomsterkurver og fuglebur.<\/span><\/li>\n<li style=\"font-weight: 400\"><span style=\"font-weight: 400\">Enkel \u00e5 bruke &#8211; bare trekk forsiktig ned for \u00e5 stille inn h\u00f8yden.<\/span><\/li>\n<\/ul>\n<p><img decoding=\"async\" class=\"size-full wp-image-16666 aligncenter\" src=\"https:\/\/keluvo.com\/template\/wp-content\/uploads\/sites\/5\/2025\/04\/dd8a590d-e30b-41c2-a1eb-5377d2d1deeb.webp\" alt=\"\" \/><\/p>\n<h2 style=\"text-align: center\"><strong>Hvordan Dette Produktet Hjelper Deg<\/strong><\/h2>\n<p style=\"text-align: center\"><span style=\"font-weight: 400\">De uttrekkbare hengekrokene gj\u00f8r det enkelt og trygt \u00e5 ta vare p\u00e5 hengeplantene dine.<\/span><\/p>\n<p style=\"text-align: center\"><span style=\"font-weight: 400\"> De er perfekte for:<\/span><\/p>\n<ul>\n<li style=\"font-weight: 400\"><span style=\"font-weight: 400\">Vanning av planter uten \u00e5 dra ut en stige<\/span><span style=\"font-weight: 400\"><br \/>\n<\/span><\/li>\n<li style=\"font-weight: 400\"><span style=\"font-weight: 400\">F\u00f4ring av ampler raskt og enkelt<\/span><\/li>\n<li style=\"font-weight: 400\"><span style=\"font-weight: 400\">Dekorering av hager, balkonger, verandaer og innend\u00f8rsarealer.<\/span><\/li>\n<\/ul>\n<h2 style=\"text-align: center\"><strong>Pakken Inneholder<\/strong><\/h2>\n<ul>\n<li style=\"font-weight: 400\"><span style=\"font-weight: 400\">1 uttrekkbar hengekrok med justerbar nylonstropp.<\/span><\/li>\n<\/ul>\n","protected":false},"excerpt":{"rendered":"<p>\ud83c\udf31 Vi introduserer de hengende krokene &#8211; en enkel m\u00e5te \u00e5 vanne og stelle plantene p\u00e5 uten \u00e5 klatre! \ud83c\udf3c [&hellip;]<\/p>\n","protected":false},"featured_media":16882,"comment_status":"open","ping_status":"closed","template":"","meta":{"site-sidebar-layout":"default","site-content-layout":"","ast-site-content-layout":"default","site-content-style":"default","site-sidebar-style":"default","ast-global-header-display":"","ast-banner-title-visibility":"","ast-main-header-display":"","ast-hfb-above-header-display":"","ast-hfb-below-header-display":"","ast-hfb-mobile-header-display":"","site-post-title":"","ast-breadcrumbs-content":"","ast-featured-img":"","footer-sml-layout":"","theme-transparent-header-meta":"default","adv-header-id-meta":"","stick-header-meta":"","header-above-stick-meta":"","header-main-stick-meta":"","header-below-stick-meta":"","astra-migrate-meta-layouts":"set","ast-page-background-enabled":"default","ast-page-background-meta":{"desktop":{"background-color":"var(--ast-global-color-4)","background-image":"","background-repeat":"repeat","background-position":"center center","background-size":"auto","background-attachment":"scroll","background-type":"","background-media":"","overlay-type":"","overlay-color":"","overlay-opacity":"","overlay-gradient":""},"tablet":{"background-color":"","background-image":"","background-repeat":"repeat","background-position":"center center","background-size":"auto","background-attachment":"scroll","background-type":"","background-media":"","overlay-type":"","overlay-color":"","overlay-opacity":"","overlay-gradient":""},"mobile":{"background-color":"","background-image":"","background-repeat":"repeat","background-position":"center center","background-size":"auto","background-attachment":"scroll","background-type":"","background-media":"","overlay-type":"","overlay-color":"","overlay-opacity":"","overlay-gradient":""}},"ast-content-background-meta":{"desktop":{"background-color":"var(--ast-global-color-5)","background-image":"","background-repeat":"repeat","background-position":"center center","background-size":"auto","background-attachment":"scroll","background-type":"","background-media":"","overlay-type":"","overlay-color":"","overlay-opacity":"","overlay-gradient":""},"tablet":{"background-color":"var(--ast-global-color-5)","background-image":"","background-repeat":"repeat","background-position":"center center","background-size":"auto","background-attachment":"scroll","background-type":"","background-media":"","overlay-type":"","overlay-color":"","overlay-opacity":"","overlay-gradient":""},"mobile":{"background-color":"var(--ast-global-color-5)","background-image":"","background-repeat":"repeat","background-position":"center center","background-size":"auto","background-attachment":"scroll","background-type":"","background-media":"","overlay-type":"","overlay-color":"","overlay-opacity":"","overlay-gradient":""}}},"product_brand":[],"product_cat":[1001],"product_tag":[],"class_list":{"0":"post-16886","1":"product","2":"type-product","3":"status-publish","4":"has-post-thumbnail","6":"product_cat-husholdningsartikler","7":"pa_22312_inb6zxyl-hvit","8":"pa_22312_inb6zxyl-svart","9":"pa_22312_pg2srjbg-1-stk","10":"pa_22312_pg2srjbg-2-stk","11":"pa_22312_pg2srjbg-4-stk","12":"desktop-align-left","13":"tablet-align-left","14":"mobile-align-left","16":"first","17":"instock","18":"shipping-taxable","19":"purchasable","20":"product-type-variable","21":"has-default-attributes"},"_links":{"self":[{"href":"https:\/\/keluvo.com\/no\/wp-json\/wp\/v2\/product\/16886","targetHints":{"allow":["GET"]}}],"collection":[{"href":"https:\/\/keluvo.com\/no\/wp-json\/wp\/v2\/product"}],"about":[{"href":"https:\/\/keluvo.com\/no\/wp-json\/wp\/v2\/types\/product"}],"replies":[{"embeddable":true,"href":"https:\/\/keluvo.com\/no\/wp-json\/wp\/v2\/comments?post=16886"}],"wp:featuredmedia":[{"embeddable":true,"href":"https:\/\/keluvo.com\/no\/wp-json\/wp\/v2\/media\/16882"}],"wp:attachment":[{"href":"https:\/\/keluvo.com\/no\/wp-json\/wp\/v2\/media?parent=16886"}],"wp:term":[{"taxonomy":"product_brand","embeddable":true,"href":"https:\/\/keluvo.com\/no\/wp-json\/wp\/v2\/product_brand?post=16886"},{"taxonomy":"product_cat","embeddable":true,"href":"https:\/\/keluvo.com\/no\/wp-json\/wp\/v2\/product_cat?post=16886"},{"taxonomy":"product_tag","embeddable":true,"href":"https:\/\/keluvo.com\/no\/wp-json\/wp\/v2\/product_tag?post=16886"}],"curies":[{"name":"wp","href":"https:\/\/api.w.org\/{rel}","templated":true}]}}