{"id":16815,"date":"2025-05-02T10:48:31","date_gmt":"2025-05-02T08:48:31","guid":{"rendered":"https:\/\/keluvo.com\/no\/produkt\/mobelhjul\/"},"modified":"2025-05-02T10:48:38","modified_gmt":"2025-05-02T08:48:38","slug":"mobelhjul","status":"publish","type":"product","link":"https:\/\/keluvo.com\/no\/produkt\/mobelhjul\/","title":{"rendered":"M\u00f8belhjul"},"content":{"rendered":"<p style=\"text-align: center\"><b>\ud83c\udfe0 Vi introduserer m\u00f8belhjulene &#8211; din smidig bevegelige hjelper for enkel oppbevaring! \ud83d\udecc<\/b><\/p>\n<p style=\"text-align: center\"><span style=\"font-weight: 400\">Disse sm\u00e5, men sterke hjulene festes rett p\u00e5 oppbevaringsbokser, hyller eller kasser. Flytt tingene dine uten \u00e5 l\u00f8fte &#8211; bare rull dem!<\/span><\/p>\n<p><img decoding=\"async\" class=\"size-full wp-image-16941 aligncenter\" src=\"https:\/\/keluvo.com\/template\/wp-content\/uploads\/sites\/5\/2025\/05\/wheeel-ezgif.com-video-to-webp-converter.webp\" alt=\"\" \/><\/p>\n<h2 style=\"text-align: center\"><strong>Hovedfordeler<\/strong><\/h2>\n<ul>\n<li style=\"font-weight: 400\"><span style=\"font-weight: 400\">Selvklebende hjul &#8211; ingen verkt\u00f8y eller skruer trengs.<\/span><span style=\"font-weight: 400\"><br \/>\n<\/span><\/li>\n<li style=\"font-weight: 400\"><span style=\"font-weight: 400\">Ruller jevnt og stille &#8211; ikke mer sleping eller l\u00f8fting.<\/span><span style=\"font-weight: 400\"><br \/>\n<\/span><\/li>\n<li style=\"font-weight: 400\"><span style=\"font-weight: 400\">Laget av sterkt ABS og rustfritt st\u00e5l &#8211; bygget for \u00e5 vare.<\/span><span style=\"font-weight: 400\"><br \/>\n<\/span><\/li>\n<li style=\"font-weight: 400\"><span style=\"font-weight: 400\">Trygt og enkelt \u00e5 bruke &#8211; avrundede kanter skader ikke hendene dine.<\/span><\/li>\n<li style=\"font-weight: 400\"><span style=\"font-weight: 400\">Fungerer p\u00e5 mange overflater &#8211; plastkasser, skuffer under sengen, hyller og mer.<\/span><\/li>\n<\/ul>\n<p><img decoding=\"async\" class=\"size-full wp-image-16943 aligncenter\" src=\"https:\/\/keluvo.com\/template\/wp-content\/uploads\/sites\/5\/2025\/05\/b0c5bb40-ea69-44eb-86e9-c8733ec39cbc.webp\" alt=\"\" \/><\/p>\n<h2 style=\"text-align: center\"><strong>Hvordan Dette Produktet Hjelper Deg<\/strong><\/h2>\n<p style=\"text-align: center\"><span style=\"font-weight: 400\">De selvklebende m\u00f8belhjulene hjelper deg med \u00e5 gj\u00f8re enhver oppbevaringsboks om til en mobil boks p\u00e5 f\u00e5 sekunder.<\/span><\/p>\n<p style=\"text-align: center\"><span style=\"font-weight: 400\"> De er perfekte for:<\/span><\/p>\n<ul>\n<li style=\"font-weight: 400\"><span style=\"font-weight: 400\">Flytting av tunge kasser uten \u00e5 skade ryggen<\/span><span style=\"font-weight: 400\"><br \/>\n<\/span><\/li>\n<li style=\"font-weight: 400\"><span style=\"font-weight: 400\">Flytting av oppbevaring fra under senger eller hyller<\/span><\/li>\n<li style=\"font-weight: 400\"><span style=\"font-weight: 400\">Gj\u00f8r rengj\u00f8ring og organisering enklere.<\/span><\/li>\n<\/ul>\n<h2 style=\"text-align: center\"><strong>Pakken Inneholder<\/strong><\/h2>\n<ul>\n<li style=\"font-weight: 400\"><span style=\"font-weight: 400\">4\/8\/12\/16\u00d7 selvklebende m\u00f8belhjul (St\u00f8rrelse: 4,5 cm x 2,8 cm x 1,4 cm).<\/span><\/li>\n<\/ul>\n<p>&nbsp;<\/p>\n","protected":false},"excerpt":{"rendered":"<p>\ud83c\udfe0 Vi introduserer m\u00f8belhjulene &#8211; din smidig bevegelige hjelper for enkel oppbevaring! \ud83d\udecc Disse sm\u00e5, men sterke hjulene festes rett [&hellip;]<\/p>\n","protected":false},"featured_media":16811,"comment_status":"open","ping_status":"closed","template":"","meta":{"site-sidebar-layout":"default","site-content-layout":"","ast-site-content-layout":"default","site-content-style":"default","site-sidebar-style":"default","ast-global-header-display":"","ast-banner-title-visibility":"","ast-main-header-display":"","ast-hfb-above-header-display":"","ast-hfb-below-header-display":"","ast-hfb-mobile-header-display":"","site-post-title":"","ast-breadcrumbs-content":"","ast-featured-img":"","footer-sml-layout":"","theme-transparent-header-meta":"default","adv-header-id-meta":"","stick-header-meta":"","header-above-stick-meta":"","header-main-stick-meta":"","header-below-stick-meta":"","astra-migrate-meta-layouts":"set","ast-page-background-enabled":"default","ast-page-background-meta":{"desktop":{"background-color":"var(--ast-global-color-4)","background-image":"","background-repeat":"repeat","background-position":"center center","background-size":"auto","background-attachment":"scroll","background-type":"","background-media":"","overlay-type":"","overlay-color":"","overlay-opacity":"","overlay-gradient":""},"tablet":{"background-color":"","background-image":"","background-repeat":"repeat","background-position":"center center","background-size":"auto","background-attachment":"scroll","background-type":"","background-media":"","overlay-type":"","overlay-color":"","overlay-opacity":"","overlay-gradient":""},"mobile":{"background-color":"","background-image":"","background-repeat":"repeat","background-position":"center center","background-size":"auto","background-attachment":"scroll","background-type":"","background-media":"","overlay-type":"","overlay-color":"","overlay-opacity":"","overlay-gradient":""}},"ast-content-background-meta":{"desktop":{"background-color":"var(--ast-global-color-5)","background-image":"","background-repeat":"repeat","background-position":"center center","background-size":"auto","background-attachment":"scroll","background-type":"","background-media":"","overlay-type":"","overlay-color":"","overlay-opacity":"","overlay-gradient":""},"tablet":{"background-color":"var(--ast-global-color-5)","background-image":"","background-repeat":"repeat","background-position":"center center","background-size":"auto","background-attachment":"scroll","background-type":"","background-media":"","overlay-type":"","overlay-color":"","overlay-opacity":"","overlay-gradient":""},"mobile":{"background-color":"var(--ast-global-color-5)","background-image":"","background-repeat":"repeat","background-position":"center center","background-size":"auto","background-attachment":"scroll","background-type":"","background-media":"","overlay-type":"","overlay-color":"","overlay-opacity":"","overlay-gradient":""}}},"product_brand":[],"product_cat":[1001],"product_tag":[],"class_list":{"0":"post-16815","1":"product","2":"type-product","3":"status-publish","4":"has-post-thumbnail","6":"product_cat-husholdningsartikler","7":"pa_18874_28hxd6jc-4-stk","8":"pa_18874_28hxd6jc-8-stk","9":"pa_18874_28hxd6jc-12-stk","10":"pa_18874_28hxd6jc-16-stk","11":"desktop-align-left","12":"tablet-align-left","13":"mobile-align-left","15":"first","16":"instock","17":"shipping-taxable","18":"purchasable","19":"product-type-variable"},"_links":{"self":[{"href":"https:\/\/keluvo.com\/no\/wp-json\/wp\/v2\/product\/16815","targetHints":{"allow":["GET"]}}],"collection":[{"href":"https:\/\/keluvo.com\/no\/wp-json\/wp\/v2\/product"}],"about":[{"href":"https:\/\/keluvo.com\/no\/wp-json\/wp\/v2\/types\/product"}],"replies":[{"embeddable":true,"href":"https:\/\/keluvo.com\/no\/wp-json\/wp\/v2\/comments?post=16815"}],"wp:featuredmedia":[{"embeddable":true,"href":"https:\/\/keluvo.com\/no\/wp-json\/wp\/v2\/media\/16811"}],"wp:attachment":[{"href":"https:\/\/keluvo.com\/no\/wp-json\/wp\/v2\/media?parent=16815"}],"wp:term":[{"taxonomy":"product_brand","embeddable":true,"href":"https:\/\/keluvo.com\/no\/wp-json\/wp\/v2\/product_brand?post=16815"},{"taxonomy":"product_cat","embeddable":true,"href":"https:\/\/keluvo.com\/no\/wp-json\/wp\/v2\/product_cat?post=16815"},{"taxonomy":"product_tag","embeddable":true,"href":"https:\/\/keluvo.com\/no\/wp-json\/wp\/v2\/product_tag?post=16815"}],"curies":[{"name":"wp","href":"https:\/\/api.w.org\/{rel}","templated":true}]}}