{"id":16800,"date":"2025-05-02T10:45:15","date_gmt":"2025-05-02T08:45:15","guid":{"rendered":"https:\/\/keluvo.com\/no\/produkt\/oyenbrynsblyant\/"},"modified":"2025-07-11T18:10:28","modified_gmt":"2025-07-11T16:10:28","slug":"oyenbrynsblyant","status":"publish","type":"product","link":"https:\/\/keluvo.com\/no\/produkt\/oyenbrynsblyant\/","title":{"rendered":"\u00d8yenbrynsblyant"},"content":{"rendered":"<p style=\"text-align: center;\"><b>\ud83d\udc84 Vi presenterer 4-punkts \u00f8yenbrynsblyant &#8211; din enkle vei til perfekte, naturlige bryn hver dag! \ud83e\udd0e<\/b><\/p>\n<p style=\"text-align: center;\">Denne \u00f8yenbrynsblyanten har et smart design med fire spisser som gj\u00f8r det enkelt \u00e5 tegne brynh\u00e5r som ser ekte ut. Den er rask, smidig og holder hele dagen!<\/p>\n<p><img decoding=\"async\" class=\"size-full wp-image-16736 aligncenter\" src=\"https:\/\/keluvo.com\/template\/wp-content\/uploads\/sites\/5\/2025\/05\/eyebrowpencil-ezgif.com-video-to-webp-converter.webp\" alt=\"\" \/><\/p>\n<h2 style=\"text-align: center;\">Hovedfordeler<\/h2>\n<ul>\n<li style=\"font-weight: 400;\"><b>Naturlig utseende<\/b><span style=\"font-weight: 400;\"> \u2013 skaper myke, fyldige bryn som ser ekte ut.<\/span><span style=\"font-weight: 400;\"><br \/>\n<\/span><\/li>\n<li style=\"font-weight: 400;\"><b>4-punkts gaffeldesign<\/b><span style=\"font-weight: 400;\"> \u2013 tegner fine linjer som smelter sammen med de ekte brynh\u00e5rene.<\/span><span style=\"font-weight: 400;\"><br \/>\n<\/span><\/li>\n<li style=\"font-weight: 400;\"><b>Kladde- og svettebestandig<\/b><span style=\"font-weight: 400;\"> \u2013 sitter p\u00e5 hele dagen, selv under trening eller i regn.<\/span><span style=\"font-weight: 400;\"><br \/>\n<\/span><\/li>\n<li style=\"font-weight: 400;\"><b>Enkel \u00e5 fjerne<\/b><span style=\"font-weight: 400;\"> \u2013 t\u00f8rkes av med sminkefjerner eller renseolje.<\/span><\/li>\n<li style=\"font-weight: 400;\"><span style=\"font-weight: 400;\"><b style=\"font-style: inherit;\">Fungerer for alle brynformer<\/b><span style=\"font-weight: 400;\"> \u2013 perfekt for tynne, tykke, buede eller rette bryn.<\/span><\/span><\/li>\n<\/ul>\n<p><img decoding=\"async\" class=\"size-full wp-image-16738 aligncenter\" src=\"https:\/\/keluvo.com\/template\/wp-content\/uploads\/sites\/5\/2025\/05\/fd3c597e-954d-4ae3-8bf0-d4d54abbce40.webp\" alt=\"\" \/><\/p>\n<h2 style=\"text-align: center;\">Hvordan dette produktet hjelper deg<b><br \/>\n<\/b><\/h2>\n<p style=\"text-align: center;\"><span style=\"font-weight: 400;\">4-punkts \u00f8yenbrynsblyanten er verkt\u00f8yet du trenger for \u00e5 f\u00e5 raske, rene og vakre bryn.<\/span><\/p>\n<p style=\"text-align: center;\"><span style=\"font-weight: 400;\"> Den er perfekt for:<\/span><\/p>\n<ul>\n<li style=\"font-weight: 400;\"><span style=\"font-weight: 400;\">Nybegynnere eller proffer som vil ha enkle, problemfrie bryn<\/span><span style=\"font-weight: 400;\"><br \/>\n<\/span><\/li>\n<li style=\"font-weight: 400;\"><span style=\"font-weight: 400;\">Holde brynene skarpe fra morgen til kveld<\/span><\/li>\n<li style=\"font-weight: 400;\"><span style=\"font-weight: 400;\">Match din naturlige h\u00e5rfarge med 5 nyanser.<\/span><\/li>\n<\/ul>\n<h2 style=\"text-align: center;\">Pakken inkluderer<\/h2>\n<ul>\n<li style=\"font-weight: 400;\"><span style=\"font-weight: 400;\">1, 2, 4x 4-punkts \u00f8yenbrynspenn.<\/span><\/li>\n<\/ul>\n","protected":false},"excerpt":{"rendered":"<p>\ud83d\udc84 Vi presenterer 4-punkts \u00f8yenbrynsblyant &#8211; din enkle vei til perfekte, naturlige bryn hver dag! \ud83e\udd0e Denne \u00f8yenbrynsblyanten har et [&hellip;]<\/p>\n","protected":false},"featured_media":16796,"comment_status":"open","ping_status":"closed","template":"","meta":{"site-sidebar-layout":"default","site-content-layout":"","ast-site-content-layout":"default","site-content-style":"default","site-sidebar-style":"default","ast-global-header-display":"","ast-banner-title-visibility":"","ast-main-header-display":"","ast-hfb-above-header-display":"","ast-hfb-below-header-display":"","ast-hfb-mobile-header-display":"","site-post-title":"","ast-breadcrumbs-content":"","ast-featured-img":"","footer-sml-layout":"","theme-transparent-header-meta":"default","adv-header-id-meta":"","stick-header-meta":"","header-above-stick-meta":"","header-main-stick-meta":"","header-below-stick-meta":"","astra-migrate-meta-layouts":"set","ast-page-background-enabled":"default","ast-page-background-meta":{"desktop":{"background-color":"var(--ast-global-color-4)","background-image":"","background-repeat":"repeat","background-position":"center center","background-size":"auto","background-attachment":"scroll","background-type":"","background-media":"","overlay-type":"","overlay-color":"","overlay-opacity":"","overlay-gradient":""},"tablet":{"background-color":"","background-image":"","background-repeat":"repeat","background-position":"center center","background-size":"auto","background-attachment":"scroll","background-type":"","background-media":"","overlay-type":"","overlay-color":"","overlay-opacity":"","overlay-gradient":""},"mobile":{"background-color":"","background-image":"","background-repeat":"repeat","background-position":"center center","background-size":"auto","background-attachment":"scroll","background-type":"","background-media":"","overlay-type":"","overlay-color":"","overlay-opacity":"","overlay-gradient":""}},"ast-content-background-meta":{"desktop":{"background-color":"var(--ast-global-color-5)","background-image":"","background-repeat":"repeat","background-position":"center center","background-size":"auto","background-attachment":"scroll","background-type":"","background-media":"","overlay-type":"","overlay-color":"","overlay-opacity":"","overlay-gradient":""},"tablet":{"background-color":"var(--ast-global-color-5)","background-image":"","background-repeat":"repeat","background-position":"center center","background-size":"auto","background-attachment":"scroll","background-type":"","background-media":"","overlay-type":"","overlay-color":"","overlay-opacity":"","overlay-gradient":""},"mobile":{"background-color":"var(--ast-global-color-5)","background-image":"","background-repeat":"repeat","background-position":"center center","background-size":"auto","background-attachment":"scroll","background-type":"","background-media":"","overlay-type":"","overlay-color":"","overlay-opacity":"","overlay-gradient":""}}},"product_brand":[],"product_cat":[992],"product_tag":[],"class_list":{"0":"post-16800","1":"product","2":"type-product","3":"status-publish","4":"has-post-thumbnail","6":"product_cat-skjonnhets-og-hygieneprodukter","7":"pa_22262_tf3vg0t5-brun","8":"pa_22262_tf3vg0t5-lysebrun","9":"pa_22262_tf3vg0t5-morkebrun","10":"pa_22262_tf3vg0t5-rodbrun","11":"pa_22262_tf3vg0t5-svart","12":"desktop-align-left","13":"tablet-align-left","14":"mobile-align-left","16":"first","17":"instock","18":"shipping-taxable","19":"purchasable","20":"product-type-variable","21":"has-default-attributes"},"_links":{"self":[{"href":"https:\/\/keluvo.com\/no\/wp-json\/wp\/v2\/product\/16800","targetHints":{"allow":["GET"]}}],"collection":[{"href":"https:\/\/keluvo.com\/no\/wp-json\/wp\/v2\/product"}],"about":[{"href":"https:\/\/keluvo.com\/no\/wp-json\/wp\/v2\/types\/product"}],"replies":[{"embeddable":true,"href":"https:\/\/keluvo.com\/no\/wp-json\/wp\/v2\/comments?post=16800"}],"wp:featuredmedia":[{"embeddable":true,"href":"https:\/\/keluvo.com\/no\/wp-json\/wp\/v2\/media\/16796"}],"wp:attachment":[{"href":"https:\/\/keluvo.com\/no\/wp-json\/wp\/v2\/media?parent=16800"}],"wp:term":[{"taxonomy":"product_brand","embeddable":true,"href":"https:\/\/keluvo.com\/no\/wp-json\/wp\/v2\/product_brand?post=16800"},{"taxonomy":"product_cat","embeddable":true,"href":"https:\/\/keluvo.com\/no\/wp-json\/wp\/v2\/product_cat?post=16800"},{"taxonomy":"product_tag","embeddable":true,"href":"https:\/\/keluvo.com\/no\/wp-json\/wp\/v2\/product_tag?post=16800"}],"curies":[{"name":"wp","href":"https:\/\/api.w.org\/{rel}","templated":true}]}}