{"id":1680,"date":"2024-10-11T18:15:04","date_gmt":"2024-10-11T15:15:04","guid":{"rendered":"https:\/\/keluvo.com\/no\/produkt\/pledd\/"},"modified":"2024-10-11T18:19:27","modified_gmt":"2024-10-11T15:19:27","slug":"pledd","status":"publish","type":"product","link":"https:\/\/keluvo.com\/no\/produkt\/pledd\/","title":{"rendered":"Pledd"},"content":{"rendered":"<h2 style=\"text-align: center\"><strong>Slitestyrke m\u00f8ter kvalitet<\/strong><\/h2>\n<p style=\"text-align: center\">Pleddet v\u00e5rt er laget av materialer av h\u00f8y kvalitet, noe som sikrer lang holdbarhet. Det kan vaskes i maskin for enkel pleie og forblir mykt og vakkert etter hver vask.<\/p>\n<p><img decoding=\"async\" class=\"size-medium wp-image-967 aligncenter\" src=\"https:\/\/keluvo.com\/template\/wp-content\/uploads\/sites\/5\/2024\/10\/beff2fc2-5634-4f4a-b36f-474e0f7d8b94.webp\" alt=\"\" \/><\/p>\n<h2 style=\"text-align: center\"><strong>Kunstneriske og sjarmerende design<\/strong><\/h2>\n<p style=\"text-align: center\">Hver side av teppet har et unikt m\u00f8nster av fugler, blomster og stjerner som tilf\u00f8rer et snev av eleganse og sjarm til ethvert milj\u00f8.<\/p>\n<\/p>\n<p><img decoding=\"async\" class=\"size-medium wp-image-975 aligncenter\" src=\"https:\/\/keluvo.com\/template\/wp-content\/uploads\/sites\/5\/2024\/10\/description_images_22.webp\" alt=\"\" \/><\/p>\n<p>&nbsp;<\/p>\n<\/p>\n<h2 style=\"text-align: center\"><strong>Komfortabelt utformet<\/strong><\/h2>\n<p>Tilvirket av mykt gasbind i 100 % bomull, er dette teppet sk\u00e5nsomt mot sensitiv hud og gir optimal komfort.<img decoding=\"async\" class=\"size-medium wp-image-969 aligncenter\" src=\"https:\/\/keluvo.com\/template\/wp-content\/uploads\/sites\/5\/2024\/10\/85a93708-bb26-43ce-acdd-1efd9e8333d5.webp\" alt=\"\" \/><\/p>\n","protected":false},"excerpt":{"rendered":"<p>Slitestyrke m\u00f8ter kvalitet Pleddet v\u00e5rt er laget av materialer av h\u00f8y kvalitet, noe som sikrer lang holdbarhet. Det kan vaskes [&hellip;]<\/p>\n","protected":false},"featured_media":1676,"comment_status":"open","ping_status":"closed","template":"","meta":{"site-sidebar-layout":"default","site-content-layout":"","ast-site-content-layout":"default","site-content-style":"default","site-sidebar-style":"default","ast-global-header-display":"","ast-banner-title-visibility":"","ast-main-header-display":"","ast-hfb-above-header-display":"","ast-hfb-below-header-display":"","ast-hfb-mobile-header-display":"","site-post-title":"","ast-breadcrumbs-content":"","ast-featured-img":"","footer-sml-layout":"","theme-transparent-header-meta":"default","adv-header-id-meta":"","stick-header-meta":"","header-above-stick-meta":"","header-main-stick-meta":"","header-below-stick-meta":"","astra-migrate-meta-layouts":"set","ast-page-background-enabled":"default","ast-page-background-meta":{"desktop":{"background-color":"var(--ast-global-color-4)","background-image":"","background-repeat":"repeat","background-position":"center center","background-size":"auto","background-attachment":"scroll","background-type":"","background-media":"","overlay-type":"","overlay-color":"","overlay-opacity":"","overlay-gradient":""},"tablet":{"background-color":"","background-image":"","background-repeat":"repeat","background-position":"center center","background-size":"auto","background-attachment":"scroll","background-type":"","background-media":"","overlay-type":"","overlay-color":"","overlay-opacity":"","overlay-gradient":""},"mobile":{"background-color":"","background-image":"","background-repeat":"repeat","background-position":"center center","background-size":"auto","background-attachment":"scroll","background-type":"","background-media":"","overlay-type":"","overlay-color":"","overlay-opacity":"","overlay-gradient":""}},"ast-content-background-meta":{"desktop":{"background-color":"var(--ast-global-color-5)","background-image":"","background-repeat":"repeat","background-position":"center center","background-size":"auto","background-attachment":"scroll","background-type":"","background-media":"","overlay-type":"","overlay-color":"","overlay-opacity":"","overlay-gradient":""},"tablet":{"background-color":"var(--ast-global-color-5)","background-image":"","background-repeat":"repeat","background-position":"center center","background-size":"auto","background-attachment":"scroll","background-type":"","background-media":"","overlay-type":"","overlay-color":"","overlay-opacity":"","overlay-gradient":""},"mobile":{"background-color":"var(--ast-global-color-5)","background-image":"","background-repeat":"repeat","background-position":"center center","background-size":"auto","background-attachment":"scroll","background-type":"","background-media":"","overlay-type":"","overlay-color":"","overlay-opacity":"","overlay-gradient":""}}},"product_brand":[],"product_cat":[15],"product_tag":[],"class_list":{"0":"post-1680","1":"product","2":"type-product","3":"status-publish","4":"has-post-thumbnail","6":"product_cat-uncategorized","7":"pa_tkfjb768-hel-150-x-200-cm","8":"pa_tkfjb768-king-230-x-250-cm","9":"pa_tkfjb768-queen-200-x-230-cm","10":"desktop-align-left","11":"tablet-align-left","12":"mobile-align-left","14":"first","15":"instock","16":"shipping-taxable","17":"purchasable","18":"product-type-variable"},"_links":{"self":[{"href":"https:\/\/keluvo.com\/no\/wp-json\/wp\/v2\/product\/1680","targetHints":{"allow":["GET"]}}],"collection":[{"href":"https:\/\/keluvo.com\/no\/wp-json\/wp\/v2\/product"}],"about":[{"href":"https:\/\/keluvo.com\/no\/wp-json\/wp\/v2\/types\/product"}],"replies":[{"embeddable":true,"href":"https:\/\/keluvo.com\/no\/wp-json\/wp\/v2\/comments?post=1680"}],"wp:featuredmedia":[{"embeddable":true,"href":"https:\/\/keluvo.com\/no\/wp-json\/wp\/v2\/media\/1676"}],"wp:attachment":[{"href":"https:\/\/keluvo.com\/no\/wp-json\/wp\/v2\/media?parent=1680"}],"wp:term":[{"taxonomy":"product_brand","embeddable":true,"href":"https:\/\/keluvo.com\/no\/wp-json\/wp\/v2\/product_brand?post=1680"},{"taxonomy":"product_cat","embeddable":true,"href":"https:\/\/keluvo.com\/no\/wp-json\/wp\/v2\/product_cat?post=1680"},{"taxonomy":"product_tag","embeddable":true,"href":"https:\/\/keluvo.com\/no\/wp-json\/wp\/v2\/product_tag?post=1680"}],"curies":[{"name":"wp","href":"https:\/\/api.w.org\/{rel}","templated":true}]}}